{"id":1874,"date":"2019-02-28T19:18:30","date_gmt":"2019-02-28T18:18:30","guid":{"rendered":"http:\/\/agora.xtec.cat\/ceip-marinada-barcelona\/?page_id=1874"},"modified":"2019-02-28T19:18:30","modified_gmt":"2019-02-28T18:18:30","slug":"programa-cicle-inicial","status":"publish","type":"page","link":"https:\/\/agora.xtec.cat\/ceip-marinada-barcelona\/projecte-educatiu\/programa-cicle-inicial\/","title":{"rendered":"Programa Cicle Inicial"},"content":{"rendered":"<h4><strong>Programes de promoci\u00f3 de la salut a les escoles<\/strong><\/h4>\n<h4>Pla de consum de fruita<\/h4>\n<p>Des de ja fa uns anys la nostra escola participa en el Pla de consum de fruita impulsat per als Departaments\u00a0d\u2019Agricultura, Salut i Ensenyament en el marc d\u2019una iniciativa de la Uni\u00f3 Europea.<\/p>\n<p>El pla consisteix a\u00a0<strong>distribuir gratu\u00eftament fruita i verdura fresca a tots els alumnes de l\u2019escola, aproximadament quatre dies al mes<\/strong>.<\/p>\n<p><strong>El dia que hi ha fruita a l\u2019escola NO CAL PORTAR ESMORZAR DE CASA<\/strong>. El pla \u00e9s per a tothom, i per aix\u00f2 es demana no dur altres tipologies d\u2019esmorzar. Amb aquesta iniciativa s\u2019impulsen h\u00e0bits saludables de consum de fruita, con\u00e8ixer varietats de fruita que habitualment no es consumeixen a casa, i aprendre a consumir correctament les diferents fruites (pelar-les adequadament, rentar-les, etc.).<\/p>\n<p><strong>Els objectius s\u00f3n:<\/strong><\/p>\n<ul>\n<li>Oferir fruita gratu\u00efta en els esmorzars dins del centre escolar.<\/li>\n<li>Informar sobre els beneficis de incrementar el consum de fruites i verdures, i sobre la seva diversitat, caracter\u00edstiques, producci\u00f3, l\u2019estacionalitat, etc.<\/li>\n<li>Proposar el consum de fruites com una alternativa excel\u00b7lent al consum d\u2019altres aliments amb menys qualitat nutricional.<\/li>\n<\/ul>\n<p>Es pret\u00e9n potenciar accions que afavoreixin la salut dels infants, com ara augmentar el consum de fruites i verdures, fruita seca, llegums, aigua i joc actiu. I reduir el consum llaminadures, begudes refrescants, brioxeria i videojocs sedentaris.<\/p>\n<p><a href=\"https:\/\/agora.xtec.cat\/ceip-marinada-barcelona\/wp-content\/uploads\/usu1756\/2019\/02\/fruita.jpg\"><img loading=\"lazy\" decoding=\"async\" class=\"wp-image-1870 aligncenter\" src=\"https:\/\/agora.xtec.cat\/ceip-marinada-barcelona\/wp-content\/uploads\/usu1756\/2019\/02\/fruita.jpg\" alt=\"\" width=\"280\" height=\"279\" srcset=\"https:\/\/agora.xtec.cat\/ceip-marinada-barcelona\/wp-content\/uploads\/usu1756\/2019\/02\/fruita.jpg 478w, https:\/\/agora.xtec.cat\/ceip-marinada-barcelona\/wp-content\/uploads\/usu1756\/2019\/02\/fruita-150x150.jpg 150w, https:\/\/agora.xtec.cat\/ceip-marinada-barcelona\/wp-content\/uploads\/usu1756\/2019\/02\/fruita-300x300.jpg 300w\" sizes=\"auto, (max-width: 280px) 100vw, 280px\" \/><\/a><\/p>\n<h6><a href=\"http:\/\/agricultura.gencat.cat\/ca\/ambits\/alimentacio\/fruita-llet-escoles\/llet-escoles\/\">http:\/\/agricultura.gencat.cat\/ca\/ambits\/alimentacio\/fruita-llet-escoles\/llet-escoles\/<\/a><\/h6>\n<h4>Pla de consum de la llet<\/h4>\n<p>Des de fa dos anys la nostra escola participa en el Pla de consum de la llet impulsat tamb\u00e9 per als Departaments\u00a0d\u2019Agricultura, Salut i Ensenyament en el marc d\u2019una iniciativa de la Uni\u00f3 Europea.<\/p>\n<p>Es tracta d\u2019oferir llet gratu\u00efta en els esmorzars del centre escolar.<\/p>\n<p>Els objectius s\u00f3n:<\/p>\n<ul>\n<li>Augmentar la sensibilitzaci\u00f3 per una\u00a0<strong>bona alimentaci\u00f3<\/strong>i la transmissi\u00f3 de conductes d&#8217;h\u00e0bits saludables a trav\u00e9s de la\u00a0<strong>distribuci\u00f3 de llet sencera UHT<\/strong>\u00a0.<\/li>\n<li>Donar a con\u00e8ixer el paper de la llet com a\u00a0<strong>aliment important<\/strong>(o de consum diari) dins d&#8217;una\u00a0<strong>alimentaci\u00f3 variada i saludable<\/strong>, i de les seves propietats nutricionals.<\/li>\n<li>Implicar tota la comunitat educativa (alumnat, docents i fam\u00edlies), perqu\u00e8 els h\u00e0bits alimentaris adquirits en la inf\u00e0ncia s\u00f3n\u00a0<strong>decisius en el comportament alimentari en l&#8217;edat adulta<\/strong>.<\/li>\n<\/ul>\n<p><a href=\"https:\/\/agora.xtec.cat\/ceip-marinada-barcelona\/wp-content\/uploads\/usu1756\/2019\/02\/llet.jpg\"><img loading=\"lazy\" decoding=\"async\" class=\"wp-image-1871 aligncenter\" src=\"https:\/\/agora.xtec.cat\/ceip-marinada-barcelona\/wp-content\/uploads\/usu1756\/2019\/02\/llet.jpg\" alt=\"\" width=\"279\" height=\"278\" srcset=\"https:\/\/agora.xtec.cat\/ceip-marinada-barcelona\/wp-content\/uploads\/usu1756\/2019\/02\/llet.jpg 467w, https:\/\/agora.xtec.cat\/ceip-marinada-barcelona\/wp-content\/uploads\/usu1756\/2019\/02\/llet-150x150.jpg 150w, https:\/\/agora.xtec.cat\/ceip-marinada-barcelona\/wp-content\/uploads\/usu1756\/2019\/02\/llet-300x300.jpg 300w\" sizes=\"auto, (max-width: 279px) 100vw, 279px\" \/><\/a><\/p>\n<h6><a href=\"http:\/\/agricultura.gencat.cat\/ca\/ambits\/alimentacio\/fruita-llet-escoles\/llet-escoles\/\">http:\/\/agricultura.gencat.cat\/ca\/ambits\/alimentacio\/fruita-llet-escoles\/llet-escoles\/<\/a><\/h6>\n<p><strong>\u00a0<\/strong><\/p>\n<h4><strong>Dents fortes i sanes<\/strong><\/h4>\n<p>Els alumnes de 1r participen en el projecte que fa l\u2019Ag\u00e8ncia de Salut P\u00fablica de Catalunya (ASPCAT) amb l\u2019objectiu fomentar el raspallat de les dents com un h\u00e0bit de la salut bucodental essencial per a la prevenci\u00f3 de la c\u00e0ries i altres malalties de la boca.<\/p>\n<p>Perqu\u00e8 els infants aprenguin i consolidin l\u2019h\u00e0bit del raspallat dental, fan un taller on se\u2019ls explica com han de raspallar-se\u00a0 les dents correctament i que adquireixin aquest h\u00e0bit de salut bucodental per a la resta de la vida. Tamb\u00e9 se\u2019ls regala un estoig d\u2019higiene bucodental que inclou un raspall de dents i un tub de pasta fluorada.<\/p>\n<h4><strong>Jocs cooperatius<\/strong><\/h4>\n<p>\u00c9s una activitat adre\u00e7ada als alumnes de cicle inicial.<\/p>\n<p>Els alumnes de 1r participen cada curs d\u2019aquesta jornada juntament a altres escoles.<\/p>\n<p>A\u00a0 trav\u00e9s de diferents jocs cooperatius, els nens i nenes han de comunicar-se i cooperar per superar els diferents reptes, fomentant actituds solid\u00e0ries i de respecte vers els altres, l\u2019entorn i els materials.<\/p>\n<p>\u00c9s una activitat coordinada entre el professorat d\u2019Educaci\u00f3 F\u00edsica dels centres participants i el professorat i alumnat de Cicles formatius de l\u2019Institut Vall d\u2019Hebron.<\/p>\n<h4><strong>Apr\u00e8n a nedar:<\/strong><\/h4>\n<p style=\"text-align: center;\"><a href=\"https:\/\/agora.xtec.cat\/ceip-marinada-barcelona\/wp-content\/uploads\/usu1756\/2019\/02\/ja-nedo.jpg\"><img loading=\"lazy\" decoding=\"async\" class=\"alignnone  wp-image-1876\" src=\"https:\/\/agora.xtec.cat\/ceip-marinada-barcelona\/wp-content\/uploads\/usu1756\/2019\/02\/ja-nedo.jpg\" alt=\"\" width=\"150\" height=\"150\" srcset=\"https:\/\/agora.xtec.cat\/ceip-marinada-barcelona\/wp-content\/uploads\/usu1756\/2019\/02\/ja-nedo.jpg 180w, https:\/\/agora.xtec.cat\/ceip-marinada-barcelona\/wp-content\/uploads\/usu1756\/2019\/02\/ja-nedo-150x150.jpg 150w\" sizes=\"auto, (max-width: 150px) 100vw, 150px\" \/><\/a><\/p>\n<p>Aprofitant la campanya\u00a0\u201cJa nedo\u201d,\u00a0 organitzada per l\u2019Ajuntament de Barcelona, la nostra escola porta a terme dins l\u2019horari escolar l\u2019activitat de nataci\u00f3 amb els alumnes de\u00a01r\u00a0 de Prim\u00e0ria\u00a0a la piscina coberta de Eurofitness\u00a0 Artesania.<\/p>\n<p>L\u2019activitat a la piscina permet experimentar noves possibilitats motrius per assolir els primers despla\u00e7aments aut\u00f2noms en el medi aqu\u00e0tic.<\/p>\n<p>Juntament amb l\u2019objectiu d\u2019ensenyar a nedar als nens i nenes participants, el programa, des de la seva vessant m\u00e9s pedag\u00f2gica, es va proposar tamb\u00e9 com a objectius:<\/p>\n<ul>\n<li>Recon\u00e8ixer el medi aqu\u00e0tic com un dels elements imprescindibles pel desenvolupament motriu a l\u2019educaci\u00f3 prim\u00e0ria.<\/li>\n<li>Oferir la possibilitat d\u2019aprenentatge i experi\u00e8ncia motriu de l\u2019activitat aqu\u00e0tica a l\u2019alumnat al que anava dirigit.<\/li>\n<li>Donar suport als centres, equips de professorat i fam\u00edlies per millorar la implicaci\u00f3 i el reconeixement de l\u2019activitat aqu\u00e0tica en l\u2019educaci\u00f3 dels nens i nenes.<\/li>\n<\/ul>\n<h4>Dansa Ara<\/h4>\n<p>Dansa Ara \u00e9s un gran esdeveniment de dansa contempor\u00e0nia organitzat per l\u2019Institut Barcelona Esports i adre\u00e7at a l\u2019alumnat de 2n de Prim\u00e0ria. Vol promocionar l\u2019aprenentatge de les habilitats r\u00edtmiques i art\u00edstiques dels infants mitjan\u00e7ant la dansa contempor\u00e0nia.<br \/>\nDespr\u00e9s del treball d\u2019aprenentatge d\u2019un repertori de danses amb el professorat d\u2019Educaci\u00f3 Musical i d\u2019Educaci\u00f3 F\u00edsica al centre educatiu, l\u2019alumnat participa a una jornada de dansa en la qual els nens i les nenes s\u00f3n protagonistes d\u2019un gran espectacle de dansa contempor\u00e0nia. L\u2019esdeveniment es fa en un dels espais m\u00e9s emblem\u00e0tics de Barcelona, el Palau Sant Jordi.<\/p>\n<p>El llenguatge corporal de la dansa vertebra una acci\u00f3 inclusiva en qu\u00e8 han participatm\u00e9s de 80.000 nens de segon de prim\u00e0ria durant m\u00e9s de 25 anys, des del curs 1992-93<\/p>\n<h4><strong>Jocs Florals escolars<\/strong><\/h4>\n<p>Aquesta activitat \u00e9s a c\u00e0rrec del CRP de Nou Barris i el Districte de Nou Barris.<\/p>\n<p>Els Jocs Florals escolars pretenen potenciar l \u0301escriptura i la creativitat liter\u00e0ria en l \u0301alumnat. \u00c9s una activitat adre\u00e7ada a tot l\u2019alumnat de prim\u00e0ria i secund\u00e0ria.<\/p>\n<p>La nostra escola participa de manera activa en aquesta activitat amb produccions fetes per l\u2019alumnat de 2n a 6\u00e8.<\/p>\n<p>Cada any es fa una selecci\u00f3 de les millors produccions i es porten al concurs literari\u00a0 que organitza el Districte de Nou Barris.<\/p>\n<h4><strong>Bibliomaleta cicle inicial de prim\u00e0ria<\/strong><\/h4>\n<p>El CRP (centre de recursos pedag\u00f2gics) de Nou Barris ens deixa en pr\u00e9stec, cada curs, unes maletes amb una selecci\u00f3 de llibres de literatura infantil perqu\u00e8 tots els nens i nenes de cicle inicial puguin gaudir d\u2019ells durant un mes.<\/p>\n<p>L\u2019objectiu principal \u00e9s facilitar recursos als centres educatius per potenciar i dinamitzar el gust per a la lectura.<\/p>\n<h4><strong>Bibliomaleta de llibres de ci\u00e8ncia <\/strong><\/h4>\n<p>El CRP (centre de recursos pedag\u00f2gics) de Nou Barris ens deixa en pr\u00e9stec, cada curs, unes maletes amb una selecci\u00f3 de llibres al voltant de diferents tem\u00e0tiques cient\u00edfiques apropiats per a tots els cicles de prim\u00e0ria perqu\u00e8 tots els nens i nenes puguin gaudir d\u2019ells durant un mes.<\/p>\n<p>L\u2019objectiu principal \u00e9s facilitar recursos als centres educatius per fomentar una mirada din\u00e0mica i experimental de la ci\u00e8ncia, per potenciar el gust per ella.<\/p>\n<h4><strong>Maleta pedag\u00f2gica de les emocions<\/strong><\/h4>\n<p>El CRP (centre de recursos pedag\u00f2gics) de Nou Barris ens deixa en pr\u00e9stec, cada curs, una maleta amb una selecci\u00f3 de materials: llibres, objectes, l\u00e0mines, etc., acompanyades d\u2019una guia de propostes did\u00e0ctiques per fer a l\u2019aula. La finalitat \u00e9s facilitar que l\u2019alumne prengui consci\u00e8ncia de les seves emocions, les reconegui, les relacioni amb diferents situacions viscudes i vagi adonant-se de les seves pr\u00f2pies actituds i possibles formes de superaci\u00f3. L\u2019objectiu principal \u00e9s facilitar recursos als centres educatius, que ajudin a tractar amb els alumnes q\u00fcestions emocionals b\u00e0siques (por, tristesa, f\u00e0stic, enuig, alegria, sorpresa, amor)<\/p>\n<h4><strong>Maleta toquem les mates <\/strong><\/h4>\n<p>El CRP (centre de recursos pedag\u00f2gics) de Nou Barris ens deixa en pr\u00e9stec, cada curs, una maleta amb una selecci\u00f3 de materials, principalment jocs, adient al Cicle Inicial de prim\u00e0ria on poder treballar les matem\u00e0tiques d\u2019una forma m\u00e9s l\u00fadica, atractiva i motivadora. Els jocs estan pensats perqu\u00e8 desenvolupin: la capacitat de concentraci\u00f3, de reflexi\u00f3, el raonament i el pensament l\u00f2gic, les estrat\u00e8gies i la coordinaci\u00f3; aix\u00ed com : el treball cooperatiu, el respecte, l\u2019autonomia, la presa de decisions.<\/p>\n<p>Dins d\u2019aquesta maleta trobem jocs com: Chocolate Fix, Dobble kids,\u00a0 Camelot junior, Speed cups, Katamino, Sardines, Tantrix , Magnetic polydrom, Cuboro, Tanca la caixa,\u00a0 Castle logix i Kappla.<\/p>\n","protected":false},"excerpt":{"rendered":"<p>Programes de promoci\u00f3 de la salut a les escoles<br \/>\nPla de consum de fruita<br \/>\nDes de ja fa uns anys la nostra escola participa en el Pla de consum de fruita impulsat per als Departaments\u00a0d\u2019Agricultura, Salut i Ensenyament en el marc d\u2019una iniciativa de la Uni\u00f3 Europea.<br \/>\nEl&hellip;  <a href=\"https:\/\/agora.xtec.cat\/ceip-marinada-barcelona\/projecte-educatiu\/programa-cicle-inicial\/\" title=\"Read Programa Cicle Inicial\">Llegeix m\u00e9s\u00bb<\/a><\/p>\n","protected":false},"author":1,"featured_media":0,"parent":64,"menu_order":60,"comment_status":"closed","ping_status":"closed","template":"","meta":{"_bbp_topic_count":0,"_bbp_reply_count":0,"_bbp_total_topic_count":0,"_bbp_total_reply_count":0,"_bbp_voice_count":0,"_bbp_anonymous_reply_count":0,"_bbp_topic_count_hidden":0,"_bbp_reply_count_hidden":0,"_bbp_forum_subforum_count":0,"footnotes":""},"class_list":["post-1874","page","type-page","status-publish","hentry"],"post_mailing_queue_ids":[],"_links":{"self":[{"href":"https:\/\/agora.xtec.cat\/ceip-marinada-barcelona\/wp-json\/wp\/v2\/pages\/1874","targetHints":{"allow":["GET"]}}],"collection":[{"href":"https:\/\/agora.xtec.cat\/ceip-marinada-barcelona\/wp-json\/wp\/v2\/pages"}],"about":[{"href":"https:\/\/agora.xtec.cat\/ceip-marinada-barcelona\/wp-json\/wp\/v2\/types\/page"}],"author":[{"embeddable":true,"href":"https:\/\/agora.xtec.cat\/ceip-marinada-barcelona\/wp-json\/wp\/v2\/users\/1"}],"replies":[{"embeddable":true,"href":"https:\/\/agora.xtec.cat\/ceip-marinada-barcelona\/wp-json\/wp\/v2\/comments?post=1874"}],"version-history":[{"count":2,"href":"https:\/\/agora.xtec.cat\/ceip-marinada-barcelona\/wp-json\/wp\/v2\/pages\/1874\/revisions"}],"predecessor-version":[{"id":1877,"href":"https:\/\/agora.xtec.cat\/ceip-marinada-barcelona\/wp-json\/wp\/v2\/pages\/1874\/revisions\/1877"}],"up":[{"embeddable":true,"href":"https:\/\/agora.xtec.cat\/ceip-marinada-barcelona\/wp-json\/wp\/v2\/pages\/64"}],"wp:attachment":[{"href":"https:\/\/agora.xtec.cat\/ceip-marinada-barcelona\/wp-json\/wp\/v2\/media?parent=1874"}],"curies":[{"name":"wp","href":"https:\/\/api.w.org\/{rel}","templated":true}]}}