{"id":87,"date":"2014-09-18T14:28:12","date_gmt":"2014-09-18T13:28:12","guid":{"rendered":"http:\/\/agora.xtec.cat\/ceip-marenostrum-barcelona\/?page_id=87"},"modified":"2022-09-15T16:17:14","modified_gmt":"2022-09-15T14:17:14","slug":"nivells","status":"publish","type":"page","link":"https:\/\/agora.xtec.cat\/ceip-marenostrum-barcelona\/nivells\/","title":{"rendered":"Nivells"},"content":{"rendered":"<p>De P3 a 6\u00e8 cada nivell t\u00e9 una p\u00e0gina pr\u00f2pia.<\/p>\n<p>Cada grup classe ja ha triat el seu nom:<\/p>\n<table style=\"width: 409px; height: 329px;\">\n<tbody>\n<tr style=\"height: 174px;\">\n<td style=\"width: 403px; height: 174px;\" colspan=\"2\">\n<h4>CICLE INFANTIL: Animals<\/h4>\n<h4>P3 Ocells<\/h4>\n<h4>P4 Animals de mar<\/h4>\n<h4>P5 Mam\u00edfers<\/h4>\n<\/td>\n<\/tr>\n<tr style=\"height: 31px;\">\n<td style=\"width: 161px; height: 31px;\">Blauets<\/td>\n<td style=\"width: 240px; height: 31px;\">Mar B.<\/td>\n<\/tr>\n<tr style=\"height: 31px;\">\n<td style=\"width: 161px; height: 31px;\">Gavines<\/td>\n<td style=\"width: 240px; height: 31px;\">Alma M.<\/td>\n<\/tr>\n<tr>\n<td style=\"width: 161px;\"><span style=\"background-color: #ffffff;\">Estrelles de mar<\/span><\/td>\n<td style=\"width: 240px;\">Mari B.<\/td>\n<\/tr>\n<tr style=\"height: 31px;\">\n<td style=\"width: 161px; height: 31px;\">Cavallets de mar<\/td>\n<td style=\"width: 240px; height: 31px;\">Marta M.<\/td>\n<\/tr>\n<tr style=\"height: 31px;\">\n<td style=\"width: 161px; height: 31px;\">Goril\u00b7les<\/td>\n<td style=\"width: 240px; height: 31px;\">Imma G. Sonia G.<\/td>\n<\/tr>\n<tr>\n<td style=\"width: 161px;\">Lleopards<\/td>\n<td style=\"width: 240px;\">Xose M.<\/td>\n<\/tr>\n<tr style=\"height: 31px;\">\n<td style=\"width: 403px; height: 31px;\" colspan=\"2\">\n<h4>CICLE MITJANS: Planeta Terra<\/h4>\n<h4>1r Accidents geogr\u00e0fics<\/h4>\n<h4>2n Ciutats<\/h4>\n<h4>3r Hidrosfera<\/h4>\n<\/td>\n<\/tr>\n<tr>\n<td style=\"width: 161px;\">Etna<\/td>\n<td style=\"width: 240px;\">Iris N.<\/td>\n<\/tr>\n<tr>\n<td style=\"width: 161px;\">Krakota<\/td>\n<td style=\"width: 240px;\">Bego\u00f1a M.<\/td>\n<\/tr>\n<tr>\n<td style=\"width: 161px;\">Roma<\/td>\n<td style=\"width: 240px;\">Cristina P.<\/td>\n<\/tr>\n<tr>\n<td style=\"width: 161px;\">Par\u00eds<\/td>\n<td style=\"width: 240px;\">Javi C.<\/td>\n<\/tr>\n<tr>\n<td style=\"width: 161px;\">Oce\u00e0 Pac\u00edfic<\/td>\n<td style=\"width: 240px;\">Marc O.<\/td>\n<\/tr>\n<tr>\n<td style=\"width: 161px;\">Igua\u00e7\u00fa<\/td>\n<td style=\"width: 240px;\">Sonia C.<\/td>\n<\/tr>\n<tr>\n<td style=\"width: 403px;\" colspan=\"2\">\n<h4>CICLE GRANS: Personatges rellevants<\/h4>\n<h4>4t: Literatura<\/h4>\n<h4>5\u00e8: Ci\u00e8ncia<\/h4>\n<h4>6\u00e8: Drets humans<\/h4>\n<\/td>\n<\/tr>\n<tr>\n<td style=\"width: 161px;\">Jules Verne<\/td>\n<td style=\"width: 240px;\">Maria A.<\/td>\n<\/tr>\n<tr>\n<td style=\"width: 161px;\">Francisco Ib\u00e1\u00f1ez<\/td>\n<td style=\"width: 240px;\">Laura F. Mireia M.<\/td>\n<\/tr>\n<tr>\n<td style=\"width: 161px;\">Ada Lovelace<\/td>\n<td style=\"width: 240px;\">Ester H.<\/td>\n<\/tr>\n<tr>\n<td style=\"width: 161px;\">Mary Anning<\/td>\n<td style=\"width: 240px;\">Carme M.<\/td>\n<\/tr>\n<tr>\n<td style=\"width: 161px;\">Irena Sendler<\/td>\n<td style=\"width: 240px;\">M\u00aa Jes\u00fas V.<\/td>\n<\/tr>\n<tr>\n<td style=\"width: 161px;\">Mahatma Gandhi<\/td>\n<td style=\"width: 240px;\">Ingrid S.<\/td>\n<\/tr>\n<\/tbody>\n<\/table>\n","protected":false},"excerpt":{"rendered":"<p>De P3 a 6\u00e8 cada nivell t\u00e9 una p\u00e0gina pr\u00f2pia.<br \/>\nCada grup classe ja ha triat el seu nom:<\/p>\n<p>CICLE INFANTIL: Animals<br \/>\nP3 Ocells<br \/>\nP4 Animals de mar<br \/>\nP5 Mam\u00edfers<\/p>\n<p>Blauets<br \/>\nMar B.<\/p>\n<p>Gavines<br \/>\nAlma M.<\/p>\n<p>Estrelles de mar<br \/>\nMari B.<\/p>\n<p>Cavallets de mar<br \/>\nMarta M.<\/p>\n<p>Goril\u00b7les<br \/>\nImma G. Sonia G.<\/p>\n<p>Lleopards<br \/>\nXose M.<\/p>\n<p>CICLE MITJANS: Planeta Terra<br \/>\n1r Accidents geogr\u00e0fics<br \/>\n2n Ciutats<br \/>\n3r Hidrosfera<\/p>\n<p>Etna<br \/>\nIris N.<\/p>\n<p>Krakota<br \/>\nBego\u00f1a&hellip;  <a href=\"https:\/\/agora.xtec.cat\/ceip-marenostrum-barcelona\/nivells\/\" title=\"Read Nivells\">Llegeix m\u00e9s\u00bb<\/a><\/p>\n","protected":false},"author":1,"featured_media":0,"parent":0,"menu_order":0,"comment_status":"closed","ping_status":"closed","template":"page-templates\/side-menu.php","meta":{"_bbp_topic_count":0,"_bbp_reply_count":0,"_bbp_total_topic_count":0,"_bbp_total_reply_count":0,"_bbp_voice_count":0,"_bbp_anonymous_reply_count":0,"_bbp_topic_count_hidden":0,"_bbp_reply_count_hidden":0,"_bbp_forum_subforum_count":0,"footnotes":""},"class_list":["post-87","page","type-page","status-publish","hentry"],"post_mailing_queue_ids":[],"_links":{"self":[{"href":"https:\/\/agora.xtec.cat\/ceip-marenostrum-barcelona\/wp-json\/wp\/v2\/pages\/87","targetHints":{"allow":["GET"]}}],"collection":[{"href":"https:\/\/agora.xtec.cat\/ceip-marenostrum-barcelona\/wp-json\/wp\/v2\/pages"}],"about":[{"href":"https:\/\/agora.xtec.cat\/ceip-marenostrum-barcelona\/wp-json\/wp\/v2\/types\/page"}],"author":[{"embeddable":true,"href":"https:\/\/agora.xtec.cat\/ceip-marenostrum-barcelona\/wp-json\/wp\/v2\/users\/1"}],"replies":[{"embeddable":true,"href":"https:\/\/agora.xtec.cat\/ceip-marenostrum-barcelona\/wp-json\/wp\/v2\/comments?post=87"}],"version-history":[{"count":4,"href":"https:\/\/agora.xtec.cat\/ceip-marenostrum-barcelona\/wp-json\/wp\/v2\/pages\/87\/revisions"}],"predecessor-version":[{"id":1202,"href":"https:\/\/agora.xtec.cat\/ceip-marenostrum-barcelona\/wp-json\/wp\/v2\/pages\/87\/revisions\/1202"}],"wp:attachment":[{"href":"https:\/\/agora.xtec.cat\/ceip-marenostrum-barcelona\/wp-json\/wp\/v2\/media?parent=87"}],"curies":[{"name":"wp","href":"https:\/\/api.w.org\/{rel}","templated":true}]}}