{"id":667,"date":"2020-09-21T12:01:29","date_gmt":"2020-09-21T10:01:29","guid":{"rendered":"https:\/\/agora.xtec.cat\/ceip-marenostrum-barcelona\/?page_id=667"},"modified":"2021-03-05T13:14:21","modified_gmt":"2021-03-05T12:14:21","slug":"nofc","status":"publish","type":"page","link":"https:\/\/agora.xtec.cat\/ceip-marenostrum-barcelona\/nofc\/","title":{"rendered":"NOFC"},"content":{"rendered":"<p>La Llei d\u2019educaci\u00f3 de Catalunya (LEC) estableix que un dels principis organitzatius pel qual s\u2019ha de regir el sistema educatiu ha de ser el de l\u2019autonomia de cada centre. Aix\u00ed doncs, la present Normativa d\u2019Organitzaci\u00f3 i Funcionament de Centre ha estat elaborada per l\u2019Equip Directiu amb l\u2019aportaci\u00f3 de criteris i propostes per part dels docents, degudament aprovat en sessi\u00f3 de Claustre, i t\u00e9 el suport del Consell Escolar, d\u2019acord amb la normativa vigent.<\/p>\n<p><strong><em>Podeu accedir a la seva lectura clicant sobre la imatge.<\/em><\/strong><\/p>\n<p><a href=\"https:\/\/drive.google.com\/file\/d\/1Jp4FxnKUjRtLSEGGTz8z8opXZwigmsCA\/view?usp=sharing\"><img loading=\"lazy\" decoding=\"async\" class=\"alignnone wp-image-684\" src=\"https:\/\/agora.xtec.cat\/ceip-marenostrum-barcelona\/wp-content\/uploads\/usu2239\/2020\/09\/nofc.png\" alt=\"\" width=\"457\" height=\"141\" srcset=\"https:\/\/agora.xtec.cat\/ceip-marenostrum-barcelona\/wp-content\/uploads\/usu2239\/2020\/09\/nofc.png 512w, https:\/\/agora.xtec.cat\/ceip-marenostrum-barcelona\/wp-content\/uploads\/usu2239\/2020\/09\/nofc-300x93.png 300w\" sizes=\"auto, (max-width: 457px) 100vw, 457px\" \/><\/a><\/p>\n<p>&nbsp;<\/p>\n","protected":false},"excerpt":{"rendered":"<p>La Llei d\u2019educaci\u00f3 de Catalunya (LEC) estableix que un dels principis organitzatius pel qual s\u2019ha de regir el sistema educatiu ha de ser el de l\u2019autonomia de cada centre. Aix\u00ed doncs, la present Normativa d\u2019Organitzaci\u00f3 i Funcionament de Centre ha estat elaborada per l\u2019Equip Directiu&hellip;  <a href=\"https:\/\/agora.xtec.cat\/ceip-marenostrum-barcelona\/nofc\/\" title=\"Read NOFC\">Llegeix m\u00e9s\u00bb<\/a><\/p>\n","protected":false},"author":1,"featured_media":0,"parent":0,"menu_order":0,"comment_status":"closed","ping_status":"closed","template":"","meta":{"_bbp_topic_count":0,"_bbp_reply_count":0,"_bbp_total_topic_count":0,"_bbp_total_reply_count":0,"_bbp_voice_count":0,"_bbp_anonymous_reply_count":0,"_bbp_topic_count_hidden":0,"_bbp_reply_count_hidden":0,"_bbp_forum_subforum_count":0,"footnotes":""},"class_list":["post-667","page","type-page","status-publish","hentry"],"post_mailing_queue_ids":[],"_links":{"self":[{"href":"https:\/\/agora.xtec.cat\/ceip-marenostrum-barcelona\/wp-json\/wp\/v2\/pages\/667","targetHints":{"allow":["GET"]}}],"collection":[{"href":"https:\/\/agora.xtec.cat\/ceip-marenostrum-barcelona\/wp-json\/wp\/v2\/pages"}],"about":[{"href":"https:\/\/agora.xtec.cat\/ceip-marenostrum-barcelona\/wp-json\/wp\/v2\/types\/page"}],"author":[{"embeddable":true,"href":"https:\/\/agora.xtec.cat\/ceip-marenostrum-barcelona\/wp-json\/wp\/v2\/users\/1"}],"replies":[{"embeddable":true,"href":"https:\/\/agora.xtec.cat\/ceip-marenostrum-barcelona\/wp-json\/wp\/v2\/comments?post=667"}],"version-history":[{"count":3,"href":"https:\/\/agora.xtec.cat\/ceip-marenostrum-barcelona\/wp-json\/wp\/v2\/pages\/667\/revisions"}],"predecessor-version":[{"id":917,"href":"https:\/\/agora.xtec.cat\/ceip-marenostrum-barcelona\/wp-json\/wp\/v2\/pages\/667\/revisions\/917"}],"wp:attachment":[{"href":"https:\/\/agora.xtec.cat\/ceip-marenostrum-barcelona\/wp-json\/wp\/v2\/media?parent=667"}],"curies":[{"name":"wp","href":"https:\/\/api.w.org\/{rel}","templated":true}]}}