{"id":34,"date":"2014-09-18T12:32:18","date_gmt":"2014-09-18T12:32:18","guid":{"rendered":"http:\/\/agora.xtec.cat\/ceip-mare-deu-horta-ivars\/?page_id=34"},"modified":"2026-03-11T13:07:10","modified_gmt":"2026-03-11T12:07:10","slug":"oferta-educativa","status":"publish","type":"page","link":"https:\/\/agora.xtec.cat\/ceip-mare-deu-horta-ivars\/lescola\/oferta-educativa\/","title":{"rendered":"METODOLOGIES D&#8217;APRENENTATGE"},"content":{"rendered":"<table style=\"width: 133.759%; height: 1068px;\">\n<tbody>\n<tr style=\"height: 253px;\">\n<td style=\"width: 33.459%; height: 253px;\"><strong><span style=\"color: #339966;\">SOM ESCOLA VERDA<\/span><\/strong><\/td>\n<td style=\"width: 65.8812%; height: 253px;\">FEM COMPOSTATGEFEM HORT\n<p>VETLLEM PER UNA ALIMENTACI\u00d3 SALUDABLE: ESMORZEM FRUITA<\/p>\n<p>VETLLEM PEL NOSTRE PLANETA<\/p>\n<p>CUIDEM EL NOSTRE ENTORN<\/p>\n<p>COMIT\u00c8 AMBIENTAL I ECODELEGATS<\/p>\n<\/td>\n<\/tr>\n<tr style=\"height: 213px;\">\n<td style=\"width: 33.459%; height: 213px;\"><strong><span style=\"color: #993366;\">LA LLENGUA com a base d&#8217;aprenentatge, diversitat i respecte<\/span><\/strong>\n<p style=\"text-align: center;\"><strong><span style=\"color: #993366;\">ANGL\u00c8S<\/span><\/strong><\/p>\n<p><strong><span style=\"color: #cc99ff;\">ESCOLA GEP (GENERACI\u00d3 PLURILING\u00dcE)<\/span><\/strong><\/p>\n<\/td>\n<td style=\"width: 65.8812%; height: 213px;\">PSICOMOTRICITAT\u00a0 INFANTIL\n<p>PHYSICAL EDUCATION<\/p>\n<p>LLENGUA ANGLESA DES D&#8217;EDUCACI\u00d3 INFANTIL<\/p>\n<p>SPEAKING TIME<\/p>\n<p>RELACIONS AMB ESCOLES ESTRANGERES: ETWINNING<\/p>\n<\/td>\n<\/tr>\n<tr style=\"height: 95px;\">\n<td style=\"width: 33.459%; height: 95px;\"><strong><span style=\"color: #3366ff;\">PROJECTES DE MEDI<\/span><\/strong><\/td>\n<td style=\"width: 65.8812%; height: 95px;\">RELACI\u00d3 AMB L&#8217;ENTORN\n<p>TREBALL GLOBALITZAT<\/p>\n<p>SORTIDES I APRENENTATGE VIVENCIAL<\/p>\n<p>INVESTIGACI\u00d3 I M\u00c8TODE CIENT\u00cdFIC<\/p>\n<\/td>\n<\/tr>\n<tr style=\"height: 68px;\">\n<td style=\"width: 33.459%; height: 68px;\"><strong><span style=\"color: #3366ff;\">PROJECTE PATI<\/span><\/strong><\/td>\n<td style=\"width: 65.8812%; height: 68px;\">EL PATI COM A ESPAI D&#8217;APRENENTATGE<\/td>\n<\/tr>\n<tr style=\"height: 31px;\">\n<td style=\"width: 33.459%; height: 31px;\"><strong><span style=\"color: #ffcc99;\">LLIBRE DE TEXT I QUADERNS DE TREBALL<\/span><\/strong><\/td>\n<td style=\"width: 65.8812%; height: 31px;\">MATEM\u00c0TIQUES I LLENG\u00dcES<\/td>\n<\/tr>\n<tr style=\"height: 31px;\">\n<td style=\"width: 33.459%; height: 31px;\"><strong><span style=\"color: #003366;\">RACONS<\/span><\/strong><\/td>\n<td style=\"width: 65.8812%; height: 31px;\">CATAL\u00c0, MATEM\u00c0TIQUES I ANGL\u00c8S<\/td>\n<\/tr>\n<tr style=\"height: 46px;\">\n<td style=\"width: 33.459%; height: 46px;\"><strong><span style=\"color: #003366;\">ROB\u00d2TICA I PENSAMENT COMPUTACIONAL<\/span><\/strong><\/td>\n<td style=\"width: 65.8812%; height: 46px;\">JOCS DE PROGRAMACI\u00d3, TALEBOT, LEGO, CODEY-ROCKEY, SCRATCH, MICROBIT<\/td>\n<\/tr>\n<tr style=\"height: 31px;\">\n<td style=\"width: 33.459%; height: 31px;\"><strong><span style=\"color: #ff6600;\">STEAM (CMNS)<\/span><\/strong><\/td>\n<td style=\"width: 65.8812%; height: 31px;\">CI\u00c8NCIA-TECNOLOGIA-ENGINYERIA-ART-MATEM\u00c0TIQUES<\/td>\n<\/tr>\n<tr style=\"height: 46px;\">\n<td style=\"width: 33.459%; height: 46px;\"><strong><span style=\"color: #ff6600;\">TALLERS EXTERNS<\/span><\/strong><\/td>\n<td style=\"width: 65.8812%; height: 46px;\">M\u00daSICA, ASSOLIMENT DE CONEIXEMENTS DIVERSOS<\/td>\n<\/tr>\n<tr style=\"height: 46px;\">\n<td style=\"width: 33.459%; height: 46px;\"><strong><span style=\"color: #99cc00;\">ACTUACIONS CONJUNTES ESCOLA -AULA DE M\u00daSICA D&#8217;IVARS-COLLA GEGANTERA -AJUNTAMENT<\/span><\/strong>PROGRAMA D&#8217;INNOVACI\u00d3: <strong>araART<\/strong>\n<p style=\"text-align: center;\"><strong>&#8220;TOQUEM-ART&#8221;<\/strong><\/p>\n<\/td>\n<td style=\"width: 65.8812%; height: 46px;\">APRENEM A TOCAR EL FLABIOL DE GRALLA I LA GRALLA (4t a 6\u00e8)L&#8217;ART COM A EINA EDUCATIVA EN TOTES LES ETAPES<\/td>\n<\/tr>\n<tr style=\"height: 31px;\">\n<td style=\"width: 33.459%; height: 31px;\"><strong><span style=\"color: #ff99cc;\">RELACI\u00d3 AMB ENTORN<\/span><\/strong><\/td>\n<td style=\"width: 65.8812%; height: 31px;\">AFA-FAM\u00cdLIES, AJUNTAMENT, BITLLES, ESTANY, COOPERATIVA, MARIA MERC\u00c8 MAR\u00c7AL, AULA DE\u00a0 MUNICIPAL DE M\u00daSICA, CENTRE DE SERVEIS, CAI<\/td>\n<\/tr>\n<tr style=\"height: 31px;\">\n<td style=\"width: 33.459%; height: 31px;\"><strong><span style=\"color: #ff9900;\">BIBLIOTECA I SEP<\/span><\/strong><\/td>\n<td style=\"width: 65.8812%; height: 31px;\">DISPONIBILITAT DE 12H A 12:45H (dilluns i dimarts)<\/td>\n<\/tr>\n<tr style=\"height: 46px;\">\n<td style=\"width: 33.459%; height: 46px;\"><strong><span style=\"color: #800000;\">DIN\u00c0MICA EDUCATIVA COMARCAL<\/span><\/strong><\/td>\n<td style=\"width: 65.8812%; height: 46px;\">PREMI DE POESIA &#8220;EL SOL DEL PLA&#8221;, JORNADA ESPORTIVA, ENGLIHS DAY, CANTATA COMARCAL I FIRA DE ROB\u00d2TICA<\/td>\n<\/tr>\n<tr style=\"height: 31px;\">\n<td style=\"width: 33.459%; height: 31px;\"><strong style=\"background-color: #f9f9f9;\"><span style=\"color: #993300;\">RELIGI\u00d3\/ TEATRE<\/span><\/strong><\/td>\n<td style=\"width: 65.8812%; height: 31px;\"><span style=\"background-color: #f9f9f9;\">PRIM\u00c0RIA<\/span><\/td>\n<\/tr>\n<tr style=\"height: 23px;\">\n<td style=\"width: 33.459%; height: 23px;\"><span style=\"color: #0000ff;\"><strong style=\"background-color: #f9f9f9;\">ACTIVITATS EXTRAESCOLARS &#8211; AFA<\/strong><\/span><\/td>\n<td style=\"width: 65.8812%; height: 23px;\"><span style=\"background-color: #f9f9f9;\">ANGL\u00c8S, BALLS MODERNS, R\u00cdTMICA, HOQUEI, PATINATGE, MECANOGRAFIA<\/span><\/td>\n<\/tr>\n<tr style=\"height: 23px;\">\n<td style=\"width: 33.459%; text-align: left; height: 23px;\"><strong><span style=\"color: #666699;\">SERVEIS<\/span><\/strong><\/td>\n<td style=\"width: 65.8812%; height: 23px;\"><span style=\"background-color: #f9f9f9; color: #000000;\">TRANSPORT ESCOLAR ALUMNES DE VALLVERD I MENJADOR\u00a0<\/span><\/td>\n<\/tr>\n<\/tbody>\n<\/table>\n\n\n<p><\/p>\n","protected":false},"excerpt":{"rendered":"<p>SOM ESCOLA VERDA FEM COMPOSTATGEFEM HORT VETLLEM PER UNA ALIMENTACI\u00d3 SALUDABLE: ESMORZEM FRUITA VETLLEM PEL NOSTRE PLANETA CUIDEM EL NOSTRE ENTORN COMIT\u00c8 AMBIENTAL I ECODELEGATS LA LLENGUA com a base d&#8217;aprenentatge, diversitat i respecte ANGL\u00c8S ESCOLA GEP (GENERACI\u00d3 PLURILING\u00dcE) PSICOMOTRICITAT\u00a0 INFANTIL PHYSICAL EDUCATION LLENGUA ANGLESA DES D&#8217;EDUCACI\u00d3 INFANTIL SPEAKING TIME RELACIONS AMB ESCOLES ESTRANGERES: ETWINNING [&hellip;]<\/p>\n","protected":false},"author":2,"featured_media":0,"parent":22,"menu_order":60,"comment_status":"closed","ping_status":"closed","template":"page-templates\/side-menu.php","meta":{"_bbp_topic_count":0,"_bbp_reply_count":0,"_bbp_total_topic_count":0,"_bbp_total_reply_count":0,"_bbp_voice_count":0,"_bbp_anonymous_reply_count":0,"_bbp_topic_count_hidden":0,"_bbp_reply_count_hidden":0,"_bbp_forum_subforum_count":0,"site-sidebar-layout":"default","site-content-layout":"","ast-site-content-layout":"","site-content-style":"default","site-sidebar-style":"default","ast-global-header-display":"","ast-banner-title-visibility":"","ast-main-header-display":"","ast-hfb-above-header-display":"","ast-hfb-below-header-display":"","ast-hfb-mobile-header-display":"","site-post-title":"","ast-breadcrumbs-content":"","ast-featured-img":"","footer-sml-layout":"","theme-transparent-header-meta":"","adv-header-id-meta":"","stick-header-meta":"","header-above-stick-meta":"","header-main-stick-meta":"","header-below-stick-meta":"","astra-migrate-meta-layouts":"default","ast-page-background-enabled":"default","ast-page-background-meta":{"desktop":{"background-color":"var(--ast-global-color-4)","background-image":"","background-repeat":"repeat","background-position":"center center","background-size":"auto","background-attachment":"scroll","background-type":"","background-media":"","overlay-type":"","overlay-color":"","overlay-opacity":"","overlay-gradient":""},"tablet":{"background-color":"","background-image":"","background-repeat":"repeat","background-position":"center center","background-size":"auto","background-attachment":"scroll","background-type":"","background-media":"","overlay-type":"","overlay-color":"","overlay-opacity":"","overlay-gradient":""},"mobile":{"background-color":"","background-image":"","background-repeat":"repeat","background-position":"center center","background-size":"auto","background-attachment":"scroll","background-type":"","background-media":"","overlay-type":"","overlay-color":"","overlay-opacity":"","overlay-gradient":""}},"ast-content-background-meta":{"desktop":{"background-color":"var(--ast-global-color-5)","background-image":"","background-repeat":"repeat","background-position":"center center","background-size":"auto","background-attachment":"scroll","background-type":"","background-media":"","overlay-type":"","overlay-color":"","overlay-opacity":"","overlay-gradient":""},"tablet":{"background-color":"var(--ast-global-color-5)","background-image":"","background-repeat":"repeat","background-position":"center center","background-size":"auto","background-attachment":"scroll","background-type":"","background-media":"","overlay-type":"","overlay-color":"","overlay-opacity":"","overlay-gradient":""},"mobile":{"background-color":"var(--ast-global-color-5)","background-image":"","background-repeat":"repeat","background-position":"center center","background-size":"auto","background-attachment":"scroll","background-type":"","background-media":"","overlay-type":"","overlay-color":"","overlay-opacity":"","overlay-gradient":""}},"footnotes":""},"class_list":["post-34","page","type-page","status-publish","hentry"],"post_mailing_queue_ids":[],"_links":{"self":[{"href":"https:\/\/agora.xtec.cat\/ceip-mare-deu-horta-ivars\/wp-json\/wp\/v2\/pages\/34","targetHints":{"allow":["GET"]}}],"collection":[{"href":"https:\/\/agora.xtec.cat\/ceip-mare-deu-horta-ivars\/wp-json\/wp\/v2\/pages"}],"about":[{"href":"https:\/\/agora.xtec.cat\/ceip-mare-deu-horta-ivars\/wp-json\/wp\/v2\/types\/page"}],"author":[{"embeddable":true,"href":"https:\/\/agora.xtec.cat\/ceip-mare-deu-horta-ivars\/wp-json\/wp\/v2\/users\/2"}],"replies":[{"embeddable":true,"href":"https:\/\/agora.xtec.cat\/ceip-mare-deu-horta-ivars\/wp-json\/wp\/v2\/comments?post=34"}],"version-history":[{"count":6,"href":"https:\/\/agora.xtec.cat\/ceip-mare-deu-horta-ivars\/wp-json\/wp\/v2\/pages\/34\/revisions"}],"predecessor-version":[{"id":4237,"href":"https:\/\/agora.xtec.cat\/ceip-mare-deu-horta-ivars\/wp-json\/wp\/v2\/pages\/34\/revisions\/4237"}],"up":[{"embeddable":true,"href":"https:\/\/agora.xtec.cat\/ceip-mare-deu-horta-ivars\/wp-json\/wp\/v2\/pages\/22"}],"wp:attachment":[{"href":"https:\/\/agora.xtec.cat\/ceip-mare-deu-horta-ivars\/wp-json\/wp\/v2\/media?parent=34"}],"curies":[{"name":"wp","href":"https:\/\/api.w.org\/{rel}","templated":true}]}}