{"id":2997,"date":"2022-07-14T12:28:52","date_gmt":"2022-07-14T10:28:52","guid":{"rendered":"https:\/\/agora.xtec.cat\/ceip-mare-deu-horta-ivars\/?page_id=2997"},"modified":"2023-05-25T10:34:30","modified_gmt":"2023-05-25T08:34:30","slug":"araart-toquem-art-2","status":"publish","type":"page","link":"https:\/\/agora.xtec.cat\/ceip-mare-deu-horta-ivars\/araart-toquem-art-2\/","title":{"rendered":"araART: &#8220;TOQUEM-ART&#8221;"},"content":{"rendered":"<p>Des del programa d\u2019innovaci\u00f3 araART s&#8217;ha creat el mapa de centres participants <a href=\"https:\/\/www.google.com\/maps\/d\/u\/0\/viewer?mid=1NJU-HV3UOjbyQ6D0fN_QpwV6I0YGZvs&amp;ll=41.627926912270866%2C1.5095010963901956&amp;z=8\">(enlla\u00e7 al mapa)<\/a>.<\/p>\n<p>Enlla\u00e7 <a href=\"https:\/\/sites.google.com\/xtec.cat\/toquem-art?usp=sharing\">ARAART.<\/a><\/p>\n<p><strong>DISSENY I PLANIFICACI\u00d3 DEL PROJECTE TOQUEM-ART<\/strong><\/p>\n<table style=\"border-collapse: collapse; width: 100%;\">\n<tbody>\n<tr>\n<td style=\"width: 50%;\"><img loading=\"lazy\" decoding=\"async\" class=\"aligncenter wp-image-3329\" src=\"https:\/\/agora.xtec.cat\/ceip-mare-deu-horta-ivars\/wp-content\/uploads\/usu201\/2023\/03\/16-05-22_Disseny-i-planificacio-del-projecte-araArt_25001801_page-0001.jpg\" alt=\"\" width=\"578\" height=\"817\" srcset=\"https:\/\/agora.xtec.cat\/ceip-mare-deu-horta-ivars\/wp-content\/uploads\/usu201\/2023\/03\/16-05-22_Disseny-i-planificacio-del-projecte-araArt_25001801_page-0001.jpg 1241w, https:\/\/agora.xtec.cat\/ceip-mare-deu-horta-ivars\/wp-content\/uploads\/usu201\/2023\/03\/16-05-22_Disseny-i-planificacio-del-projecte-araArt_25001801_page-0001-212x300.jpg 212w, https:\/\/agora.xtec.cat\/ceip-mare-deu-horta-ivars\/wp-content\/uploads\/usu201\/2023\/03\/16-05-22_Disseny-i-planificacio-del-projecte-araArt_25001801_page-0001-724x1024.jpg 724w, https:\/\/agora.xtec.cat\/ceip-mare-deu-horta-ivars\/wp-content\/uploads\/usu201\/2023\/03\/16-05-22_Disseny-i-planificacio-del-projecte-araArt_25001801_page-0001-768x1086.jpg 768w, https:\/\/agora.xtec.cat\/ceip-mare-deu-horta-ivars\/wp-content\/uploads\/usu201\/2023\/03\/16-05-22_Disseny-i-planificacio-del-projecte-araArt_25001801_page-0001-1086x1536.jpg 1086w\" sizes=\"auto, (max-width: 578px) 100vw, 578px\" \/><\/td>\n<td style=\"width: 50%;\"><img loading=\"lazy\" decoding=\"async\" class=\"aligncenter wp-image-3330\" src=\"https:\/\/agora.xtec.cat\/ceip-mare-deu-horta-ivars\/wp-content\/uploads\/usu201\/2023\/03\/16-05-22_Disseny-i-planificacio-del-projecte-araArt_25001801_page-0002.jpg\" alt=\"\" width=\"575\" height=\"812\" srcset=\"https:\/\/agora.xtec.cat\/ceip-mare-deu-horta-ivars\/wp-content\/uploads\/usu201\/2023\/03\/16-05-22_Disseny-i-planificacio-del-projecte-araArt_25001801_page-0002.jpg 1241w, https:\/\/agora.xtec.cat\/ceip-mare-deu-horta-ivars\/wp-content\/uploads\/usu201\/2023\/03\/16-05-22_Disseny-i-planificacio-del-projecte-araArt_25001801_page-0002-212x300.jpg 212w, https:\/\/agora.xtec.cat\/ceip-mare-deu-horta-ivars\/wp-content\/uploads\/usu201\/2023\/03\/16-05-22_Disseny-i-planificacio-del-projecte-araArt_25001801_page-0002-724x1024.jpg 724w, https:\/\/agora.xtec.cat\/ceip-mare-deu-horta-ivars\/wp-content\/uploads\/usu201\/2023\/03\/16-05-22_Disseny-i-planificacio-del-projecte-araArt_25001801_page-0002-768x1086.jpg 768w, https:\/\/agora.xtec.cat\/ceip-mare-deu-horta-ivars\/wp-content\/uploads\/usu201\/2023\/03\/16-05-22_Disseny-i-planificacio-del-projecte-araArt_25001801_page-0002-1086x1536.jpg 1086w\" sizes=\"auto, (max-width: 575px) 100vw, 575px\" \/><\/td>\n<\/tr>\n<\/tbody>\n<\/table>\n<p><strong>CONVENI DE COL\u00b7LABORACI\u00d3 AMB LES DIFERENTS ENTITAS CULTURALS<\/strong><\/p>\n<table style=\"border-collapse: collapse; width: 100%;\">\n<tbody>\n<tr>\n<td style=\"width: 50%;\"><img loading=\"lazy\" decoding=\"async\" class=\"aligncenter size-full wp-image-3332\" src=\"https:\/\/agora.xtec.cat\/ceip-mare-deu-horta-ivars\/wp-content\/uploads\/usu201\/2023\/03\/26-04-22_Conveni-collaboracio-entitats-araArt_25001801_page-0001.jpg\" alt=\"\" width=\"1240\" height=\"1755\" srcset=\"https:\/\/agora.xtec.cat\/ceip-mare-deu-horta-ivars\/wp-content\/uploads\/usu201\/2023\/03\/26-04-22_Conveni-collaboracio-entitats-araArt_25001801_page-0001.jpg 1240w, https:\/\/agora.xtec.cat\/ceip-mare-deu-horta-ivars\/wp-content\/uploads\/usu201\/2023\/03\/26-04-22_Conveni-collaboracio-entitats-araArt_25001801_page-0001-212x300.jpg 212w, https:\/\/agora.xtec.cat\/ceip-mare-deu-horta-ivars\/wp-content\/uploads\/usu201\/2023\/03\/26-04-22_Conveni-collaboracio-entitats-araArt_25001801_page-0001-724x1024.jpg 724w, https:\/\/agora.xtec.cat\/ceip-mare-deu-horta-ivars\/wp-content\/uploads\/usu201\/2023\/03\/26-04-22_Conveni-collaboracio-entitats-araArt_25001801_page-0001-768x1087.jpg 768w, https:\/\/agora.xtec.cat\/ceip-mare-deu-horta-ivars\/wp-content\/uploads\/usu201\/2023\/03\/26-04-22_Conveni-collaboracio-entitats-araArt_25001801_page-0001-1085x1536.jpg 1085w\" sizes=\"auto, (max-width: 1240px) 100vw, 1240px\" \/><\/td>\n<td style=\"width: 50%;\"><img loading=\"lazy\" decoding=\"async\" class=\"aligncenter size-full wp-image-3333\" src=\"https:\/\/agora.xtec.cat\/ceip-mare-deu-horta-ivars\/wp-content\/uploads\/usu201\/2023\/03\/26-04-22_Conveni-collaboracio-entitats-araArt_25001801_page-0002.jpg\" alt=\"\" width=\"1240\" height=\"1755\" srcset=\"https:\/\/agora.xtec.cat\/ceip-mare-deu-horta-ivars\/wp-content\/uploads\/usu201\/2023\/03\/26-04-22_Conveni-collaboracio-entitats-araArt_25001801_page-0002.jpg 1240w, https:\/\/agora.xtec.cat\/ceip-mare-deu-horta-ivars\/wp-content\/uploads\/usu201\/2023\/03\/26-04-22_Conveni-collaboracio-entitats-araArt_25001801_page-0002-212x300.jpg 212w, https:\/\/agora.xtec.cat\/ceip-mare-deu-horta-ivars\/wp-content\/uploads\/usu201\/2023\/03\/26-04-22_Conveni-collaboracio-entitats-araArt_25001801_page-0002-724x1024.jpg 724w, https:\/\/agora.xtec.cat\/ceip-mare-deu-horta-ivars\/wp-content\/uploads\/usu201\/2023\/03\/26-04-22_Conveni-collaboracio-entitats-araArt_25001801_page-0002-768x1087.jpg 768w, https:\/\/agora.xtec.cat\/ceip-mare-deu-horta-ivars\/wp-content\/uploads\/usu201\/2023\/03\/26-04-22_Conveni-collaboracio-entitats-araArt_25001801_page-0002-1085x1536.jpg 1085w\" sizes=\"auto, (max-width: 1240px) 100vw, 1240px\" \/><\/td>\n<\/tr>\n<\/tbody>\n<\/table>\n","protected":false},"excerpt":{"rendered":"<p>Des del programa d\u2019innovaci\u00f3 araART s&#8217;ha creat el mapa de centres participants (enlla\u00e7 al mapa). Enlla\u00e7 ARAART. DISSENY I PLANIFICACI\u00d3 DEL PROJECTE TOQUEM-ART CONVENI DE COL\u00b7LABORACI\u00d3 AMB LES DIFERENTS ENTITAS CULTURALS<\/p>\n","protected":false},"author":1,"featured_media":0,"parent":0,"menu_order":0,"comment_status":"closed","ping_status":"closed","template":"","meta":{"_bbp_topic_count":0,"_bbp_reply_count":0,"_bbp_total_topic_count":0,"_bbp_total_reply_count":0,"_bbp_voice_count":0,"_bbp_anonymous_reply_count":0,"_bbp_topic_count_hidden":0,"_bbp_reply_count_hidden":0,"_bbp_forum_subforum_count":0,"site-sidebar-layout":"default","site-content-layout":"","ast-site-content-layout":"","site-content-style":"default","site-sidebar-style":"default","ast-global-header-display":"","ast-banner-title-visibility":"","ast-main-header-display":"","ast-hfb-above-header-display":"","ast-hfb-below-header-display":"","ast-hfb-mobile-header-display":"","site-post-title":"","ast-breadcrumbs-content":"","ast-featured-img":"","footer-sml-layout":"","theme-transparent-header-meta":"","adv-header-id-meta":"","stick-header-meta":"","header-above-stick-meta":"","header-main-stick-meta":"","header-below-stick-meta":"","astra-migrate-meta-layouts":"default","ast-page-background-enabled":"default","ast-page-background-meta":{"desktop":{"background-color":"var(--ast-global-color-4)","background-image":"","background-repeat":"repeat","background-position":"center center","background-size":"auto","background-attachment":"scroll","background-type":"","background-media":"","overlay-type":"","overlay-color":"","overlay-opacity":"","overlay-gradient":""},"tablet":{"background-color":"","background-image":"","background-repeat":"repeat","background-position":"center center","background-size":"auto","background-attachment":"scroll","background-type":"","background-media":"","overlay-type":"","overlay-color":"","overlay-opacity":"","overlay-gradient":""},"mobile":{"background-color":"","background-image":"","background-repeat":"repeat","background-position":"center center","background-size":"auto","background-attachment":"scroll","background-type":"","background-media":"","overlay-type":"","overlay-color":"","overlay-opacity":"","overlay-gradient":""}},"ast-content-background-meta":{"desktop":{"background-color":"var(--ast-global-color-5)","background-image":"","background-repeat":"repeat","background-position":"center center","background-size":"auto","background-attachment":"scroll","background-type":"","background-media":"","overlay-type":"","overlay-color":"","overlay-opacity":"","overlay-gradient":""},"tablet":{"background-color":"var(--ast-global-color-5)","background-image":"","background-repeat":"repeat","background-position":"center center","background-size":"auto","background-attachment":"scroll","background-type":"","background-media":"","overlay-type":"","overlay-color":"","overlay-opacity":"","overlay-gradient":""},"mobile":{"background-color":"var(--ast-global-color-5)","background-image":"","background-repeat":"repeat","background-position":"center center","background-size":"auto","background-attachment":"scroll","background-type":"","background-media":"","overlay-type":"","overlay-color":"","overlay-opacity":"","overlay-gradient":""}},"footnotes":""},"class_list":["post-2997","page","type-page","status-publish","hentry"],"post_mailing_queue_ids":[],"_links":{"self":[{"href":"https:\/\/agora.xtec.cat\/ceip-mare-deu-horta-ivars\/wp-json\/wp\/v2\/pages\/2997","targetHints":{"allow":["GET"]}}],"collection":[{"href":"https:\/\/agora.xtec.cat\/ceip-mare-deu-horta-ivars\/wp-json\/wp\/v2\/pages"}],"about":[{"href":"https:\/\/agora.xtec.cat\/ceip-mare-deu-horta-ivars\/wp-json\/wp\/v2\/types\/page"}],"author":[{"embeddable":true,"href":"https:\/\/agora.xtec.cat\/ceip-mare-deu-horta-ivars\/wp-json\/wp\/v2\/users\/1"}],"replies":[{"embeddable":true,"href":"https:\/\/agora.xtec.cat\/ceip-mare-deu-horta-ivars\/wp-json\/wp\/v2\/comments?post=2997"}],"version-history":[{"count":4,"href":"https:\/\/agora.xtec.cat\/ceip-mare-deu-horta-ivars\/wp-json\/wp\/v2\/pages\/2997\/revisions"}],"predecessor-version":[{"id":3456,"href":"https:\/\/agora.xtec.cat\/ceip-mare-deu-horta-ivars\/wp-json\/wp\/v2\/pages\/2997\/revisions\/3456"}],"wp:attachment":[{"href":"https:\/\/agora.xtec.cat\/ceip-mare-deu-horta-ivars\/wp-json\/wp\/v2\/media?parent=2997"}],"curies":[{"name":"wp","href":"https:\/\/api.w.org\/{rel}","templated":true}]}}