{"id":28,"date":"2014-09-18T12:29:35","date_gmt":"2014-09-18T12:29:35","guid":{"rendered":"http:\/\/agora.xtec.cat\/ceip-mare-deu-horta-ivars\/?page_id=28"},"modified":"2026-03-11T12:47:49","modified_gmt":"2026-03-11T11:47:49","slug":"consell-escolar","status":"publish","type":"page","link":"https:\/\/agora.xtec.cat\/ceip-mare-deu-horta-ivars\/lescola\/consell-escolar\/","title":{"rendered":"Consell escolar"},"content":{"rendered":"<table style=\"height: 678px;\" width=\"488\">\n<tbody>\n<tr>\n<td style=\"width: 240px;\"><strong>EQUIP DIRECTIU<\/strong><\/td>\n<td style=\"width: 240px;\"><\/td>\n<\/tr>\n<tr>\n<td style=\"width: 240px;\">Directora<\/td>\n<td style=\"width: 240px;\">MARTA MINGUET VIDAL<\/td>\n<\/tr>\n<tr>\n<td style=\"width: 240px;\">Cap d&#8217;estudis<\/td>\n<td style=\"width: 240px;\">LAURA OGANDO GUITART<\/td>\n<\/tr>\n<tr>\n<td style=\"width: 240px;\">Secret\u00e0ria<\/td>\n<td style=\"width: 240px;\">MAICA BALCELLS TEIXID\u00d3<\/td>\n<\/tr>\n<tr>\n<td style=\"width: 240px;\"><\/td>\n<td style=\"width: 240px;\"><\/td>\n<\/tr>\n<tr>\n<td style=\"width: 240px;\"><strong>REPRESENTANTS SECTOR FAM\u00cdLIES<\/strong><\/td>\n<td style=\"width: 240px;\">IMANE EL KATTABI<\/td>\n<\/tr>\n<tr>\n<td style=\"width: 240px;\"><\/td>\n<td style=\"width: 240px;\">ANDREU ISAN<\/td>\n<\/tr>\n<tr>\n<td style=\"width: 240px;\"><\/td>\n<td style=\"width: 240px;\">LLU\u00cdS BECH SEGARRA<\/td>\n<\/tr>\n<tr>\n<td style=\"width: 240px;\"><\/td>\n<td style=\"width: 240px;\">ESTHER BADIA\u00a0 S\u00c1EZ<\/td>\n<\/tr>\n<tr>\n<td style=\"width: 240px;\"><\/td>\n<td style=\"width: 240px;\"><\/td>\n<\/tr>\n<tr>\n<td style=\"width: 240px;\"><strong>REPRESENTANT AMPA<\/strong><\/td>\n<td style=\"width: 240px;\">MARTA AMEN\u00d3S<\/td>\n<\/tr>\n<tr>\n<td style=\"width: 240px;\"><\/td>\n<td style=\"width: 240px;\"><\/td>\n<\/tr>\n<tr>\n<td style=\"width: 240px;\"><strong>REPRESENTANT AJUNTAMENT<\/strong><\/td>\n<td style=\"width: 240px;\">SHAUNA BAWN<\/td>\n<\/tr>\n<tr>\n<td style=\"width: 240px;\"><\/td>\n<td style=\"width: 240px;\"><\/td>\n<\/tr>\n<tr>\n<td style=\"width: 240px;\"><strong>REPRESENTANT PAS<\/strong><\/td>\n<td style=\"width: 240px;\">MONTSE RIBES FARR\u00c9<\/td>\n<\/tr>\n<tr>\n<td style=\"width: 240px;\"><\/td>\n<td style=\"width: 240px;\"><\/td>\n<\/tr>\n<tr>\n<td style=\"width: 240px;\"><strong>REPRESENTANTS MESTRES<\/strong><\/td>\n<td style=\"width: 240px;\">DOLORS COLL SOL\u00c9<\/td>\n<\/tr>\n<tr>\n<td style=\"width: 240px;\"><\/td>\n<td style=\"width: 240px;\">ROSA ALDOM\u00c0 SI\u00d3<\/td>\n<\/tr>\n<tr>\n<td style=\"width: 240px;\"><\/td>\n<td style=\"width: 240px;\">VANESSA CRISTINA TOM\u00c0S CEBALLOS<\/td>\n<\/tr>\n<tr>\n<td style=\"width: 240px;\"><\/td>\n<td style=\"width: 240px;\">LAURA GAMERO G\u00c1ZQUEZ<\/td>\n<\/tr>\n<tr>\n<td style=\"width: 240px;\">REPRESENTANT COEDUCACI\u00d3<\/td>\n<td style=\"width: 240px;\">MARC DE LA FUENTE ARTIGUES<\/td>\n<\/tr>\n<tr>\n<td style=\"width: 240px;\"><\/td>\n<td style=\"width: 240px;\"><\/td>\n<\/tr>\n<tr>\n<td style=\"width: 240px;\"><strong>COMISSI\u00d3 ECON\u00d2MICA<\/strong><\/td>\n<td style=\"width: 240px;\">MARTA MINGUET VIDALLAURA OGANDO GUITART<\/p>\n<p>MAICA BALCELLS TEIXID\u00d3<\/p>\n<p>ANDREU ISAN<\/td>\n<\/tr>\n<\/tbody>\n<\/table>\n<p>Una vegada concl\u00f2s el proc\u00e9s electoral per la renovaci\u00f3 dels membres del consell escolar, aquest ha quedat integrat per les persones exposades a la graella.<\/p>\n","protected":false},"excerpt":{"rendered":"<p>EQUIP DIRECTIU Directora MARTA MINGUET VIDAL Cap d&#8217;estudis LAURA OGANDO GUITART Secret\u00e0ria MAICA BALCELLS TEIXID\u00d3 REPRESENTANTS SECTOR FAM\u00cdLIES IMANE EL KATTABI ANDREU ISAN LLU\u00cdS BECH SEGARRA ESTHER BADIA\u00a0 S\u00c1EZ REPRESENTANT AMPA MARTA AMEN\u00d3S REPRESENTANT AJUNTAMENT SHAUNA BAWN REPRESENTANT PAS MONTSE RIBES FARR\u00c9 REPRESENTANTS MESTRES DOLORS COLL SOL\u00c9 ROSA ALDOM\u00c0 SI\u00d3 VANESSA CRISTINA TOM\u00c0S CEBALLOS LAURA [&hellip;]<\/p>\n","protected":false},"author":2,"featured_media":0,"parent":22,"menu_order":30,"comment_status":"closed","ping_status":"closed","template":"page-templates\/side-menu.php","meta":{"_bbp_topic_count":0,"_bbp_reply_count":0,"_bbp_total_topic_count":0,"_bbp_total_reply_count":0,"_bbp_voice_count":0,"_bbp_anonymous_reply_count":0,"_bbp_topic_count_hidden":0,"_bbp_reply_count_hidden":0,"_bbp_forum_subforum_count":0,"site-sidebar-layout":"default","site-content-layout":"","ast-site-content-layout":"","site-content-style":"default","site-sidebar-style":"default","ast-global-header-display":"","ast-banner-title-visibility":"","ast-main-header-display":"","ast-hfb-above-header-display":"","ast-hfb-below-header-display":"","ast-hfb-mobile-header-display":"","site-post-title":"","ast-breadcrumbs-content":"","ast-featured-img":"","footer-sml-layout":"","theme-transparent-header-meta":"","adv-header-id-meta":"","stick-header-meta":"","header-above-stick-meta":"","header-main-stick-meta":"","header-below-stick-meta":"","astra-migrate-meta-layouts":"default","ast-page-background-enabled":"default","ast-page-background-meta":{"desktop":{"background-color":"var(--ast-global-color-4)","background-image":"","background-repeat":"repeat","background-position":"center center","background-size":"auto","background-attachment":"scroll","background-type":"","background-media":"","overlay-type":"","overlay-color":"","overlay-opacity":"","overlay-gradient":""},"tablet":{"background-color":"","background-image":"","background-repeat":"repeat","background-position":"center center","background-size":"auto","background-attachment":"scroll","background-type":"","background-media":"","overlay-type":"","overlay-color":"","overlay-opacity":"","overlay-gradient":""},"mobile":{"background-color":"","background-image":"","background-repeat":"repeat","background-position":"center center","background-size":"auto","background-attachment":"scroll","background-type":"","background-media":"","overlay-type":"","overlay-color":"","overlay-opacity":"","overlay-gradient":""}},"ast-content-background-meta":{"desktop":{"background-color":"var(--ast-global-color-5)","background-image":"","background-repeat":"repeat","background-position":"center center","background-size":"auto","background-attachment":"scroll","background-type":"","background-media":"","overlay-type":"","overlay-color":"","overlay-opacity":"","overlay-gradient":""},"tablet":{"background-color":"var(--ast-global-color-5)","background-image":"","background-repeat":"repeat","background-position":"center center","background-size":"auto","background-attachment":"scroll","background-type":"","background-media":"","overlay-type":"","overlay-color":"","overlay-opacity":"","overlay-gradient":""},"mobile":{"background-color":"var(--ast-global-color-5)","background-image":"","background-repeat":"repeat","background-position":"center center","background-size":"auto","background-attachment":"scroll","background-type":"","background-media":"","overlay-type":"","overlay-color":"","overlay-opacity":"","overlay-gradient":""}},"footnotes":""},"class_list":["post-28","page","type-page","status-publish","hentry"],"post_mailing_queue_ids":[],"_links":{"self":[{"href":"https:\/\/agora.xtec.cat\/ceip-mare-deu-horta-ivars\/wp-json\/wp\/v2\/pages\/28","targetHints":{"allow":["GET"]}}],"collection":[{"href":"https:\/\/agora.xtec.cat\/ceip-mare-deu-horta-ivars\/wp-json\/wp\/v2\/pages"}],"about":[{"href":"https:\/\/agora.xtec.cat\/ceip-mare-deu-horta-ivars\/wp-json\/wp\/v2\/types\/page"}],"author":[{"embeddable":true,"href":"https:\/\/agora.xtec.cat\/ceip-mare-deu-horta-ivars\/wp-json\/wp\/v2\/users\/2"}],"replies":[{"embeddable":true,"href":"https:\/\/agora.xtec.cat\/ceip-mare-deu-horta-ivars\/wp-json\/wp\/v2\/comments?post=28"}],"version-history":[{"count":5,"href":"https:\/\/agora.xtec.cat\/ceip-mare-deu-horta-ivars\/wp-json\/wp\/v2\/pages\/28\/revisions"}],"predecessor-version":[{"id":4233,"href":"https:\/\/agora.xtec.cat\/ceip-mare-deu-horta-ivars\/wp-json\/wp\/v2\/pages\/28\/revisions\/4233"}],"up":[{"embeddable":true,"href":"https:\/\/agora.xtec.cat\/ceip-mare-deu-horta-ivars\/wp-json\/wp\/v2\/pages\/22"}],"wp:attachment":[{"href":"https:\/\/agora.xtec.cat\/ceip-mare-deu-horta-ivars\/wp-json\/wp\/v2\/media?parent=28"}],"curies":[{"name":"wp","href":"https:\/\/api.w.org\/{rel}","templated":true}]}}