{"id":22,"date":"2014-09-18T12:19:57","date_gmt":"2014-09-18T12:19:57","guid":{"rendered":"http:\/\/agora.xtec.cat\/ceip-mare-deu-horta-ivars\/?page_id=22"},"modified":"2021-03-11T16:21:52","modified_gmt":"2021-03-11T15:21:52","slug":"lescola","status":"publish","type":"page","link":"https:\/\/agora.xtec.cat\/ceip-mare-deu-horta-ivars\/lescola\/","title":{"rendered":"L&#8217;ESCOLA, recepci\u00f3 i rebuda"},"content":{"rendered":"<p><img loading=\"lazy\" decoding=\"async\" class=\"wp-image-1662 alignleft\" src=\"https:\/\/agora.xtec.cat\/ceip-mare-deu-horta-ivars\/wp-content\/uploads\/usu201\/2020\/10\/Mural-Erik-2.jpg\" alt=\"\" width=\"506\" height=\"396\" srcset=\"https:\/\/agora.xtec.cat\/ceip-mare-deu-horta-ivars\/wp-content\/uploads\/usu201\/2020\/10\/Mural-Erik-2.jpg 1494w, https:\/\/agora.xtec.cat\/ceip-mare-deu-horta-ivars\/wp-content\/uploads\/usu201\/2020\/10\/Mural-Erik-2-300x235.jpg 300w, https:\/\/agora.xtec.cat\/ceip-mare-deu-horta-ivars\/wp-content\/uploads\/usu201\/2020\/10\/Mural-Erik-2-768x601.jpg 768w, https:\/\/agora.xtec.cat\/ceip-mare-deu-horta-ivars\/wp-content\/uploads\/usu201\/2020\/10\/Mural-Erik-2-1024x802.jpg 1024w\" sizes=\"auto, (max-width: 506px) 100vw, 506px\" \/><\/p>\n<p>Obra de l&#8217;artista ivarsenc <strong>ERIK SCHMITZ<\/strong>, el mural va n\u00e9ixer a partir del projecte que es va treballar el curs 19-20<strong> &#8220;No pot ser&#8221;<\/strong> que es va dedicar a la influ\u00e8ncia que tenen les noves tecnologies en la nostra vida. Es reflecteixen en el mural els cinc pilars que fonamenten el Projecte Educatiu de Centre (PEC). \u00c9s una presentaci\u00f3 de l&#8217;escola que combina la part tecnol\u00f2gica amb el territori i la natura.<\/p>\n<p><strong>TERRITORI<\/strong> perqu\u00e8 hem de saber estimar el nostre entorn i si no el coneixem, dif\u00edcilment el podrem estimar.<\/p>\n<p><strong>EDUCACI\u00d3<\/strong> perqu\u00e8 \u00e9s la nostra tasca com a docents, sempre amb l&#8217;acompanyament de les fam\u00edlies.<\/p>\n<p><strong>FUTUR<\/strong> perqu\u00e8 l&#8217;escola \u00e9s el fonament d&#8217;alguna cosa que encara ha de venir, per\u00f2 constitueix un principi i una base per enlairar-se a altres objectius.<\/p>\n<p>Aquest mural s&#8217;ha fet realitat gr\u00e0cies a la col\u00b7laboraci\u00f3 de l&#8217;AMPA de l&#8217;escola.<\/p>\n<p>&nbsp;<\/p>\n<p>&nbsp;<\/p>\n<p>&nbsp;<\/p>\n<p style=\"font-family: 'Helvetica Neue', Helvetica, Helvetica, Arial, sans-serif; font-size: 16px;\"><img loading=\"lazy\" decoding=\"async\" class=\"wp-image-1878 alignleft\" src=\"https:\/\/agora.xtec.cat\/ceip-mare-deu-horta-ivars\/wp-content\/uploads\/usu201\/2021\/03\/1615200981334.jpg\" alt=\"\" width=\"499\" height=\"414\" srcset=\"https:\/\/agora.xtec.cat\/ceip-mare-deu-horta-ivars\/wp-content\/uploads\/usu201\/2021\/03\/1615200981334.jpg 3120w, https:\/\/agora.xtec.cat\/ceip-mare-deu-horta-ivars\/wp-content\/uploads\/usu201\/2021\/03\/1615200981334-300x250.jpg 300w, https:\/\/agora.xtec.cat\/ceip-mare-deu-horta-ivars\/wp-content\/uploads\/usu201\/2021\/03\/1615200981334-768x637.jpg 768w, https:\/\/agora.xtec.cat\/ceip-mare-deu-horta-ivars\/wp-content\/uploads\/usu201\/2021\/03\/1615200981334-1024x849.jpg 1024w\" sizes=\"auto, (max-width: 499px) 100vw, 499px\" \/><\/p>\n<p style=\"font-family: 'Helvetica Neue', Helvetica, Helvetica, Arial, sans-serif; font-size: 16px;\">La imatge de l&#8217;<strong>Estany<\/strong>, un entorn natural tan proper a la nostra escola, i la poesia de la <strong>Maria Merc\u00e8 Mar\u00e7al<\/strong>, poetessa ivarsenca, culminen el vest\u00edbul que ofereix al visitant una pinzellada clarificadora de la identitat de la nostra escola.<\/p>\n<p>&nbsp;<\/p>\n","protected":false},"excerpt":{"rendered":"<p>Obra de l&#8217;artista ivarsenc ERIK SCHMITZ, el mural va n\u00e9ixer a partir del projecte que es va treballar el curs 19-20 &#8220;No pot ser&#8221; que es va dedicar a la influ\u00e8ncia que tenen les noves tecnologies en la nostra vida. Es reflecteixen en el mural els cinc pilars que fonamenten el Projecte Educatiu de Centre [&hellip;]<\/p>\n","protected":false},"author":2,"featured_media":0,"parent":0,"menu_order":0,"comment_status":"closed","ping_status":"closed","template":"page-templates\/side-menu.php","meta":{"_bbp_topic_count":0,"_bbp_reply_count":0,"_bbp_total_topic_count":0,"_bbp_total_reply_count":0,"_bbp_voice_count":0,"_bbp_anonymous_reply_count":0,"_bbp_topic_count_hidden":0,"_bbp_reply_count_hidden":0,"_bbp_forum_subforum_count":0,"site-sidebar-layout":"default","site-content-layout":"","ast-site-content-layout":"","site-content-style":"default","site-sidebar-style":"default","ast-global-header-display":"","ast-banner-title-visibility":"","ast-main-header-display":"","ast-hfb-above-header-display":"","ast-hfb-below-header-display":"","ast-hfb-mobile-header-display":"","site-post-title":"","ast-breadcrumbs-content":"","ast-featured-img":"","footer-sml-layout":"","theme-transparent-header-meta":"","adv-header-id-meta":"","stick-header-meta":"","header-above-stick-meta":"","header-main-stick-meta":"","header-below-stick-meta":"","astra-migrate-meta-layouts":"default","ast-page-background-enabled":"default","ast-page-background-meta":{"desktop":{"background-color":"var(--ast-global-color-4)","background-image":"","background-repeat":"repeat","background-position":"center center","background-size":"auto","background-attachment":"scroll","background-type":"","background-media":"","overlay-type":"","overlay-color":"","overlay-opacity":"","overlay-gradient":""},"tablet":{"background-color":"","background-image":"","background-repeat":"repeat","background-position":"center center","background-size":"auto","background-attachment":"scroll","background-type":"","background-media":"","overlay-type":"","overlay-color":"","overlay-opacity":"","overlay-gradient":""},"mobile":{"background-color":"","background-image":"","background-repeat":"repeat","background-position":"center center","background-size":"auto","background-attachment":"scroll","background-type":"","background-media":"","overlay-type":"","overlay-color":"","overlay-opacity":"","overlay-gradient":""}},"ast-content-background-meta":{"desktop":{"background-color":"var(--ast-global-color-5)","background-image":"","background-repeat":"repeat","background-position":"center center","background-size":"auto","background-attachment":"scroll","background-type":"","background-media":"","overlay-type":"","overlay-color":"","overlay-opacity":"","overlay-gradient":""},"tablet":{"background-color":"var(--ast-global-color-5)","background-image":"","background-repeat":"repeat","background-position":"center center","background-size":"auto","background-attachment":"scroll","background-type":"","background-media":"","overlay-type":"","overlay-color":"","overlay-opacity":"","overlay-gradient":""},"mobile":{"background-color":"var(--ast-global-color-5)","background-image":"","background-repeat":"repeat","background-position":"center center","background-size":"auto","background-attachment":"scroll","background-type":"","background-media":"","overlay-type":"","overlay-color":"","overlay-opacity":"","overlay-gradient":""}},"footnotes":""},"class_list":["post-22","page","type-page","status-publish","hentry"],"post_mailing_queue_ids":[],"_links":{"self":[{"href":"https:\/\/agora.xtec.cat\/ceip-mare-deu-horta-ivars\/wp-json\/wp\/v2\/pages\/22","targetHints":{"allow":["GET"]}}],"collection":[{"href":"https:\/\/agora.xtec.cat\/ceip-mare-deu-horta-ivars\/wp-json\/wp\/v2\/pages"}],"about":[{"href":"https:\/\/agora.xtec.cat\/ceip-mare-deu-horta-ivars\/wp-json\/wp\/v2\/types\/page"}],"author":[{"embeddable":true,"href":"https:\/\/agora.xtec.cat\/ceip-mare-deu-horta-ivars\/wp-json\/wp\/v2\/users\/2"}],"replies":[{"embeddable":true,"href":"https:\/\/agora.xtec.cat\/ceip-mare-deu-horta-ivars\/wp-json\/wp\/v2\/comments?post=22"}],"version-history":[{"count":3,"href":"https:\/\/agora.xtec.cat\/ceip-mare-deu-horta-ivars\/wp-json\/wp\/v2\/pages\/22\/revisions"}],"predecessor-version":[{"id":446,"href":"https:\/\/agora.xtec.cat\/ceip-mare-deu-horta-ivars\/wp-json\/wp\/v2\/pages\/22\/revisions\/446"}],"wp:attachment":[{"href":"https:\/\/agora.xtec.cat\/ceip-mare-deu-horta-ivars\/wp-json\/wp\/v2\/media?parent=22"}],"curies":[{"name":"wp","href":"https:\/\/api.w.org\/{rel}","templated":true}]}}