{"id":214,"date":"2015-09-03T20:48:31","date_gmt":"2015-09-03T19:48:31","guid":{"rendered":"http:\/\/agora.xtec.cat\/ceip-mare-deu-horta-ivars\/?page_id=214"},"modified":"2025-09-30T16:24:21","modified_gmt":"2025-09-30T14:24:21","slug":"claustre-de-mestres","status":"publish","type":"page","link":"https:\/\/agora.xtec.cat\/ceip-mare-deu-horta-ivars\/claustre-de-mestres\/","title":{"rendered":"Claustre de mestres 25-26"},"content":{"rendered":"<p><img loading=\"lazy\" decoding=\"async\" class=\"aligncenter size-full wp-image-4016\" src=\"https:\/\/agora.xtec.cat\/ceip-mare-deu-horta-ivars\/wp-content\/uploads\/usu201\/2025\/09\/IMG-20250905-WA0000.jpg\" alt=\"\" width=\"1200\" height=\"1600\" srcset=\"https:\/\/agora.xtec.cat\/ceip-mare-deu-horta-ivars\/wp-content\/uploads\/usu201\/2025\/09\/IMG-20250905-WA0000.jpg 1200w, https:\/\/agora.xtec.cat\/ceip-mare-deu-horta-ivars\/wp-content\/uploads\/usu201\/2025\/09\/IMG-20250905-WA0000-225x300.jpg 225w, https:\/\/agora.xtec.cat\/ceip-mare-deu-horta-ivars\/wp-content\/uploads\/usu201\/2025\/09\/IMG-20250905-WA0000-768x1024.jpg 768w, https:\/\/agora.xtec.cat\/ceip-mare-deu-horta-ivars\/wp-content\/uploads\/usu201\/2025\/09\/IMG-20250905-WA0000-1152x1536.jpg 1152w\" sizes=\"auto, (max-width: 1200px) 100vw, 1200px\" \/><\/p>\n<p>&nbsp;<\/p>\n<p><strong>EQUIP DIRECTIU<\/strong><\/p>\n<p><em><strong>Directora<\/strong> &#8211; <\/em><em>Marta Minguet Vidal<\/em><\/p>\n<p><em><strong>Cap d&#8217;estudis<\/strong> &#8211; <em style=\"font-family: inherit; font-size: 1em;\">Laura Ogando Guitart<\/em><\/em><\/p>\n<p><em><strong>Secret\u00e0ria <\/strong><\/em><em style=\"font-family: inherit; font-size: 1em;\">&#8211; Maica Balcells Teixid\u00f3<\/em><em style=\"font-family: inherit; font-size: 1em;\">\u00a0<\/em><\/p>\n<p>&nbsp;<\/p>\n<p><strong>EDUCACI\u00d3 INFANTIL<\/strong><\/p>\n<p><em><strong>I3<\/strong> &#8211; <em style=\"font-family: inherit; font-size: 1em;\">Dolors Coll Sol\u00e9<\/em><\/em><\/p>\n<p><em><strong>I4\u00a0 <\/strong><\/em><em style=\"font-family: inherit; font-size: 1em;\">&#8211; Marta Segarra<\/em><\/p>\n<p><em><strong>I5<\/strong> &#8211;<\/em><em style=\"font-family: inherit; font-size: 1em;\"> Cristina Botigu\u00e9<\/em><\/p>\n<p><em><strong>Suport<\/strong><\/em> &#8211; <em style=\"font-family: inherit; font-size: 1em;\"> Maica Balcells Teixid\u00f3<\/em><\/p>\n<p>&nbsp;<\/p>\n<p><strong>EDUCACI\u00d3 PRIM\u00c0RIA<br \/>\n<\/strong><\/p>\n<p><strong>CICLE INICIAL<\/strong><\/p>\n<p><em><strong>1r\u00a0 <\/strong><\/em><em>&#8211;<em style=\"font-family: inherit; font-size: 1em;\"><i>Anna Guillaumet Gil<\/i><\/em><\/em><\/p>\n<p><em><strong>2n<\/strong><\/em><em style=\"font-family: inherit; font-size: 1em;\"><i> &#8211; Vanessa Tom\u00e0s Ceballos<\/i><\/em><\/p>\n<p><strong>CICLE MITJ\u00c0<\/strong><\/p>\n<p><em><strong>3r\u00a0<\/strong>&#8211; Laura Gamero\u00a0<\/em><\/p>\n<p><em><strong>4t<\/strong> &#8211; Sandra Vera Mantas\u00a0<\/em><\/p>\n<p><strong>CICLE SUPERIOR<\/strong><\/p>\n<p><strong>5\u00e8\u00a0<\/strong>&#8211;<i> Nat\u00e0lia Escobedo<\/i><\/p>\n<p><strong>6\u00e8\u00a0<\/strong>&#8211; <em>S\u00f2nia Carnic\u00e9 Calder\u00f3n<\/em><em>\u00a0<\/em><\/p>\n<p><strong>ESPECIALISTES<\/strong><\/p>\n<p><strong>Psicomotricitat \/ Educaci\u00f3 F\u00edsica <\/strong>&#8211; <em>Cl\u00e0udia Rub\u00ed\/ Rosa Aldom\u00e0<\/em><\/p>\n<p><em><strong>Angl\u00e8s Educaci\u00f3 Infantil i 1r Cicle &#8211; <\/strong><i> <em style=\"font-family: inherit; font-size: 1em;\">Laura Ogando Guitart<\/em><\/i><\/em><\/p>\n<p><strong>Angl\u00e8s 2n i 3r Cicle<\/strong>\u00a0<i>&#8211; <em>Rosa Aldom\u00e0 Si\u00f3<\/em><\/i><\/p>\n<p><strong>M\u00fasica <\/strong>&#8211;\u00a0<em>Vanessa Tom\u00e0s<\/em> Ceballos<em><br \/>\n<\/em><\/p>\n<p><strong>Religi\u00f3<\/strong> <em>&#8211; Marc Lafuente<\/em><\/p>\n<p><strong>Educaci\u00f3 Especial<\/strong> &#8211; Laura Gamero<i>\u00a0<\/i><\/p>\n<p>&nbsp;<\/p>\n<ul style=\"list-style-type: disc;\">\n<li><strong>Psicopedagoga EAP<\/strong> &#8211; Judit Pons<\/li>\n<li><strong>PAS<\/strong> &#8211; Montse Ribes Farr\u00e9<\/li>\n<li><strong>Treballadora social<\/strong> &#8211; Empar Gin\u00e9 Comalada<\/li>\n<li><strong>Monitores menjador<\/strong> &#8211; Judit Gim\u00e9nez, Meryem El Bouah i Montse Garcia<\/li>\n<li><strong>Vetlladores &#8211; <\/strong>Gl\u00f2ria Vargas Escol\u00e0<\/li>\n<\/ul>\n<p>&nbsp;<\/p>\n<p>&nbsp;<\/p>\n<p>&nbsp;<\/p>\n<p>&nbsp;<\/p>\n<p>&nbsp;<\/p>\n<p>&nbsp;<\/p>\n<p>&nbsp;<\/p>\n<p>&nbsp;<\/p>\n<p>&nbsp;<\/p>\n","protected":false},"excerpt":{"rendered":"<p>&nbsp; EQUIP DIRECTIU Directora &#8211; Marta Minguet Vidal Cap d&#8217;estudis &#8211; Laura Ogando Guitart Secret\u00e0ria &#8211; Maica Balcells Teixid\u00f3\u00a0 &nbsp; EDUCACI\u00d3 INFANTIL I3 &#8211; Dolors Coll Sol\u00e9 I4\u00a0 &#8211; Marta Segarra I5 &#8211; Cristina Botigu\u00e9 Suport &#8211; Maica Balcells Teixid\u00f3 &nbsp; EDUCACI\u00d3 PRIM\u00c0RIA CICLE INICIAL 1r\u00a0 &#8211;Anna Guillaumet Gil 2n &#8211; Vanessa Tom\u00e0s Ceballos CICLE [&hellip;]<\/p>\n","protected":false},"author":1,"featured_media":0,"parent":0,"menu_order":0,"comment_status":"closed","ping_status":"closed","template":"","meta":{"_bbp_topic_count":0,"_bbp_reply_count":0,"_bbp_total_topic_count":0,"_bbp_total_reply_count":0,"_bbp_voice_count":0,"_bbp_anonymous_reply_count":0,"_bbp_topic_count_hidden":0,"_bbp_reply_count_hidden":0,"_bbp_forum_subforum_count":0,"site-sidebar-layout":"default","site-content-layout":"","ast-site-content-layout":"","site-content-style":"default","site-sidebar-style":"default","ast-global-header-display":"","ast-banner-title-visibility":"","ast-main-header-display":"","ast-hfb-above-header-display":"","ast-hfb-below-header-display":"","ast-hfb-mobile-header-display":"","site-post-title":"","ast-breadcrumbs-content":"","ast-featured-img":"","footer-sml-layout":"","theme-transparent-header-meta":"","adv-header-id-meta":"","stick-header-meta":"","header-above-stick-meta":"","header-main-stick-meta":"","header-below-stick-meta":"","astra-migrate-meta-layouts":"default","ast-page-background-enabled":"default","ast-page-background-meta":{"desktop":{"background-color":"var(--ast-global-color-4)","background-image":"","background-repeat":"repeat","background-position":"center center","background-size":"auto","background-attachment":"scroll","background-type":"","background-media":"","overlay-type":"","overlay-color":"","overlay-opacity":"","overlay-gradient":""},"tablet":{"background-color":"","background-image":"","background-repeat":"repeat","background-position":"center center","background-size":"auto","background-attachment":"scroll","background-type":"","background-media":"","overlay-type":"","overlay-color":"","overlay-opacity":"","overlay-gradient":""},"mobile":{"background-color":"","background-image":"","background-repeat":"repeat","background-position":"center center","background-size":"auto","background-attachment":"scroll","background-type":"","background-media":"","overlay-type":"","overlay-color":"","overlay-opacity":"","overlay-gradient":""}},"ast-content-background-meta":{"desktop":{"background-color":"var(--ast-global-color-5)","background-image":"","background-repeat":"repeat","background-position":"center center","background-size":"auto","background-attachment":"scroll","background-type":"","background-media":"","overlay-type":"","overlay-color":"","overlay-opacity":"","overlay-gradient":""},"tablet":{"background-color":"var(--ast-global-color-5)","background-image":"","background-repeat":"repeat","background-position":"center center","background-size":"auto","background-attachment":"scroll","background-type":"","background-media":"","overlay-type":"","overlay-color":"","overlay-opacity":"","overlay-gradient":""},"mobile":{"background-color":"var(--ast-global-color-5)","background-image":"","background-repeat":"repeat","background-position":"center center","background-size":"auto","background-attachment":"scroll","background-type":"","background-media":"","overlay-type":"","overlay-color":"","overlay-opacity":"","overlay-gradient":""}},"footnotes":""},"class_list":["post-214","page","type-page","status-publish","hentry"],"post_mailing_queue_ids":[],"_links":{"self":[{"href":"https:\/\/agora.xtec.cat\/ceip-mare-deu-horta-ivars\/wp-json\/wp\/v2\/pages\/214","targetHints":{"allow":["GET"]}}],"collection":[{"href":"https:\/\/agora.xtec.cat\/ceip-mare-deu-horta-ivars\/wp-json\/wp\/v2\/pages"}],"about":[{"href":"https:\/\/agora.xtec.cat\/ceip-mare-deu-horta-ivars\/wp-json\/wp\/v2\/types\/page"}],"author":[{"embeddable":true,"href":"https:\/\/agora.xtec.cat\/ceip-mare-deu-horta-ivars\/wp-json\/wp\/v2\/users\/1"}],"replies":[{"embeddable":true,"href":"https:\/\/agora.xtec.cat\/ceip-mare-deu-horta-ivars\/wp-json\/wp\/v2\/comments?post=214"}],"version-history":[{"count":6,"href":"https:\/\/agora.xtec.cat\/ceip-mare-deu-horta-ivars\/wp-json\/wp\/v2\/pages\/214\/revisions"}],"predecessor-version":[{"id":4052,"href":"https:\/\/agora.xtec.cat\/ceip-mare-deu-horta-ivars\/wp-json\/wp\/v2\/pages\/214\/revisions\/4052"}],"wp:attachment":[{"href":"https:\/\/agora.xtec.cat\/ceip-mare-deu-horta-ivars\/wp-json\/wp\/v2\/media?parent=214"}],"curies":[{"name":"wp","href":"https:\/\/api.w.org\/{rel}","templated":true}]}}