{"id":84,"date":"2022-11-25T11:12:31","date_gmt":"2022-11-25T10:12:31","guid":{"rendered":"http:\/\/agora.xtec.cat\/ceip-marcel-li-moragas\/?page_id=84"},"modified":"2025-11-13T10:39:23","modified_gmt":"2025-11-13T09:39:23","slug":"activitats-extraescolars","status":"publish","type":"page","link":"https:\/\/agora.xtec.cat\/ceip-marcel-li-moragas\/activitats-extraescolars\/","title":{"rendered":"Activitats extraescolars"},"content":{"rendered":"<p>L&#8217;escola ofereix, a trav\u00e9s de l&#8217;AMPA, diferents activitats extraescolars en horari de migdia (12:40h &#8211; 14:50h) i de tarda (16:30h &#8211; 17:30h).<\/p>\n<p>Per qualsevol dubte o suggeriment us podeu adre\u00e7ar al seg\u00fcent correu electr\u00f2nic: <strong>extraescolarsmarcel.limoragas@gmail.com<\/strong>.<\/p>\n<p>Aqu\u00ed us deixem la taula d&#8217;activitats, preus i dies a la setmana de les activitats que oferim:<\/p>\n<table style=\"border-collapse: collapse; width: 98.6734%; height: 334px;\">\n<tbody>\n<tr style=\"height: 36px;\">\n<td style=\"width: 25%; text-align: center; height: 36px;\"><strong>ACTIVITAT<\/strong><\/td>\n<td style=\"width: 25%; text-align: center; height: 36px;\"><strong>CURSOS<\/strong><\/td>\n<td style=\"width: 25%; text-align: center; height: 36px;\"><strong>PREU MENSUAL<\/strong><\/td>\n<td style=\"width: 25%; text-align: center; height: 36px;\"><strong>DIES A LA SETMANA<\/strong><\/td>\n<\/tr>\n<tr style=\"height: 36px;\">\n<td style=\"width: 25%; height: 36px; text-align: center;\">ANGL\u00c8S<\/td>\n<td style=\"width: 25%; height: 36px; text-align: center;\">I4 a 6\u00e8<\/td>\n<td style=\"width: 25%; height: 36px; text-align: center;\">45,10\u20ac\/mes i material 35\u20ac\/any<\/td>\n<td style=\"width: 25%; height: 36px; text-align: center;\">2<\/td>\n<\/tr>\n<tr style=\"height: 36px;\">\n<td style=\"width: 25%; height: 36px; text-align: center;\">ANGL\u00c8S<\/td>\n<td style=\"width: 25%; height: 36px; text-align: center;\">de 1r a 6\u00e8<\/td>\n<td style=\"width: 25%; height: 36px; text-align: center;\">42,30\u20ac\/mes i material 35\u20ac\/any<\/td>\n<td style=\"width: 25%; height: 36px; text-align: center;\">2<\/td>\n<\/tr>\n<tr style=\"height: 36px;\">\n<td style=\"width: 25%; height: 36px; text-align: center;\">ESCACS<\/td>\n<td style=\"width: 25%; height: 36px; text-align: center;\">de 2on a 6\u00e8<\/td>\n<td style=\"width: 25%; height: 36px; text-align: center;\">27,50\u20ac\/mes i material 20\u20ac\/any<\/td>\n<td style=\"width: 25%; height: 36px; text-align: center;\">1<\/td>\n<\/tr>\n<tr style=\"height: 36px;\">\n<td style=\"width: 25%; height: 36px; text-align: center;\">JUDO<\/td>\n<td style=\"width: 25%; height: 36px; text-align: center;\">de 1r a 6\u00e8<\/td>\n<td style=\"width: 25%; height: 36px; text-align: center;\">25,00\u20ac<\/td>\n<td style=\"width: 25%; height: 36px; text-align: center;\">1<\/td>\n<\/tr>\n<tr style=\"height: 36px;\">\n<td style=\"width: 25%; height: 36px; text-align: center;\">ESPORT 4<\/td>\n<td style=\"width: 25%; height: 36px; text-align: center;\">1r-2n \/ 3r-4t<\/td>\n<td style=\"width: 25%; height: 36px; text-align: center;\">10\u20ac<\/td>\n<td style=\"width: 25%; height: 36px; text-align: center;\">2<\/td>\n<\/tr>\n<tr style=\"height: 36px;\">\n<td style=\"width: 25%; height: 36px; text-align: center;\">FUTBOL SALA<\/td>\n<td style=\"width: 25%; height: 36px; text-align: center;\">5\u00e8-6\u00e8<\/td>\n<td style=\"width: 25%; height: 36px; text-align: center;\">10\u20ac<\/td>\n<td style=\"width: 25%; height: 36px; text-align: center;\">2<\/td>\n<\/tr>\n<\/tbody>\n<\/table>\n<table style=\"border-collapse: collapse; width: 100.145%; height: 183px;\">\n<tbody>\n<tr style=\"height: 32px;\">\n<td style=\"width: 25%; text-align: center; height: 32px;\">ExperimentArt<\/td>\n<td style=\"width: 25%; text-align: center; height: 32px;\">I3 &#8211; I5\u00a0 1r-6\u00e9 \u00e8<\/td>\n<td style=\"width: 25%; text-align: center; height: 32px;\">17\u20ac<\/td>\n<td style=\"width: 25%; text-align: center; height: 32px;\">1<\/td>\n<\/tr>\n<tr style=\"height: 32px;\">\n<td style=\"width: 25%; text-align: center; height: 32px;\">BALLEM!!<\/td>\n<td style=\"width: 25%; text-align: center; height: 32px;\">I3-I5 1r-6\u00e8<\/td>\n<td style=\"width: 25%; text-align: center; height: 32px;\">17\u20ac<\/td>\n<td style=\"width: 25%; text-align: center; height: 32px;\">1<\/td>\n<\/tr>\n<tr style=\"height: 32px;\">\n<td style=\"width: 25%; text-align: center; height: 35px;\">INICIACI\u00d3 SPORT<\/td>\n<td style=\"width: 25%; text-align: center; height: 35px;\">I3-I5<\/td>\n<td style=\"width: 25%; text-align: center; height: 35px;\">17\u20ac<\/td>\n<td style=\"width: 25%; text-align: center; height: 35px;\">2<\/td>\n<\/tr>\n<tr style=\"height: 32px;\">\n<td style=\"width: 25%; text-align: center; height: 32px;\">PATINATGE<\/td>\n<td style=\"width: 25%; text-align: center; height: 32px;\">I3-I5 1r-6\u00e8<\/td>\n<td style=\"width: 25%; text-align: center; height: 32px;\">17\u20ac<\/td>\n<td style=\"width: 25%; text-align: center; height: 32px;\">2<\/td>\n<\/tr>\n<tr style=\"height: 52px;\">\n<td style=\"width: 25%; text-align: center; height: 52px;\">MINI CHEF<\/td>\n<td style=\"width: 25%; text-align: center; height: 52px;\">I3-I5<\/td>\n<td style=\"width: 25%; text-align: center; height: 52px;\">17\u20ac AL MES I 20\u20ac\/ANY DE MATERIAL<\/td>\n<td style=\"width: 25%; text-align: center; height: 52px;\">1<\/td>\n<\/tr>\n<tr>\n<td style=\"width: 25%; text-align: center;\">MASTER CHEF<\/td>\n<td style=\"width: 25%; text-align: center;\">1r-6\u00e8<\/td>\n<td style=\"width: 25%; text-align: center;\">17\u20ac AL MES I 20\u20ac\/ANY DE MATERIAL<\/td>\n<td style=\"width: 25%; text-align: center;\">1<\/td>\n<\/tr>\n<tr>\n<td style=\"width: 25%; text-align: center;\">ROB\u00d2TICA<\/td>\n<td style=\"width: 25%; text-align: center;\">1r-6\u00e8<\/td>\n<td style=\"width: 25%; text-align: center;\">17\u20ac<\/td>\n<td style=\"width: 25%; text-align: center;\">1<\/td>\n<\/tr>\n<\/tbody>\n<\/table>\n<p>Els partits de Futbol Sala es jugar\u00e1n els divendres a la tarda, entre les 18:00h i les 19.00h.<\/p>\n<p>(Dissabte esport A4) matins de 09:15 a 11:00<\/p>\n","protected":false},"excerpt":{"rendered":"<p>L&#8217;escola ofereix, a trav\u00e9s de l&#8217;AMPA, diferents activitats extraescolars en horari de migdia (12:40h &#8211; 14:50h) i de tarda (16:30h &#8211; 17:30h). Per qualsevol dubte o suggeriment us podeu adre\u00e7ar al seg\u00fcent correu electr\u00f2nic: extraescolarsmarcel.limoragas@gmail.com. Aqu\u00ed us deixem la taula d&#8217;activitats, preus i dies a la setmana de les activitats que oferim: ACTIVITAT CURSOS PREU [&hellip;]<\/p>\n","protected":false},"author":1,"featured_media":0,"parent":0,"menu_order":1,"comment_status":"closed","ping_status":"closed","template":"","meta":{"_bbp_topic_count":0,"_bbp_reply_count":0,"_bbp_total_topic_count":0,"_bbp_total_reply_count":0,"_bbp_voice_count":0,"_bbp_anonymous_reply_count":0,"_bbp_topic_count_hidden":0,"_bbp_reply_count_hidden":0,"_bbp_forum_subforum_count":0,"site-sidebar-layout":"default","site-content-layout":"","ast-site-content-layout":"default","site-content-style":"default","site-sidebar-style":"default","ast-global-header-display":"","ast-banner-title-visibility":"","ast-main-header-display":"","ast-hfb-above-header-display":"","ast-hfb-below-header-display":"","ast-hfb-mobile-header-display":"","site-post-title":"","ast-breadcrumbs-content":"","ast-featured-img":"","footer-sml-layout":"","theme-transparent-header-meta":"default","adv-header-id-meta":"","stick-header-meta":"","header-above-stick-meta":"","header-main-stick-meta":"","header-below-stick-meta":"","astra-migrate-meta-layouts":"set","ast-page-background-enabled":"default","ast-page-background-meta":{"desktop":{"background-color":"var(--ast-global-color-4)","background-image":"","background-repeat":"repeat","background-position":"center center","background-size":"auto","background-attachment":"scroll","background-type":"","background-media":"","overlay-type":"","overlay-color":"","overlay-opacity":"","overlay-gradient":""},"tablet":{"background-color":"","background-image":"","background-repeat":"repeat","background-position":"center center","background-size":"auto","background-attachment":"scroll","background-type":"","background-media":"","overlay-type":"","overlay-color":"","overlay-opacity":"","overlay-gradient":""},"mobile":{"background-color":"","background-image":"","background-repeat":"repeat","background-position":"center center","background-size":"auto","background-attachment":"scroll","background-type":"","background-media":"","overlay-type":"","overlay-color":"","overlay-opacity":"","overlay-gradient":""}},"ast-content-background-meta":{"desktop":{"background-color":"var(--ast-global-color-5)","background-image":"","background-repeat":"repeat","background-position":"center center","background-size":"auto","background-attachment":"scroll","background-type":"","background-media":"","overlay-type":"","overlay-color":"","overlay-opacity":"","overlay-gradient":""},"tablet":{"background-color":"var(--ast-global-color-5)","background-image":"","background-repeat":"repeat","background-position":"center center","background-size":"auto","background-attachment":"scroll","background-type":"","background-media":"","overlay-type":"","overlay-color":"","overlay-opacity":"","overlay-gradient":""},"mobile":{"background-color":"var(--ast-global-color-5)","background-image":"","background-repeat":"repeat","background-position":"center center","background-size":"auto","background-attachment":"scroll","background-type":"","background-media":"","overlay-type":"","overlay-color":"","overlay-opacity":"","overlay-gradient":""}},"footnotes":""},"class_list":["post-84","page","type-page","status-publish","hentry"],"post_mailing_queue_ids":[],"_links":{"self":[{"href":"https:\/\/agora.xtec.cat\/ceip-marcel-li-moragas\/wp-json\/wp\/v2\/pages\/84","targetHints":{"allow":["GET"]}}],"collection":[{"href":"https:\/\/agora.xtec.cat\/ceip-marcel-li-moragas\/wp-json\/wp\/v2\/pages"}],"about":[{"href":"https:\/\/agora.xtec.cat\/ceip-marcel-li-moragas\/wp-json\/wp\/v2\/types\/page"}],"author":[{"embeddable":true,"href":"https:\/\/agora.xtec.cat\/ceip-marcel-li-moragas\/wp-json\/wp\/v2\/users\/1"}],"replies":[{"embeddable":true,"href":"https:\/\/agora.xtec.cat\/ceip-marcel-li-moragas\/wp-json\/wp\/v2\/comments?post=84"}],"version-history":[{"count":5,"href":"https:\/\/agora.xtec.cat\/ceip-marcel-li-moragas\/wp-json\/wp\/v2\/pages\/84\/revisions"}],"predecessor-version":[{"id":4058,"href":"https:\/\/agora.xtec.cat\/ceip-marcel-li-moragas\/wp-json\/wp\/v2\/pages\/84\/revisions\/4058"}],"wp:attachment":[{"href":"https:\/\/agora.xtec.cat\/ceip-marcel-li-moragas\/wp-json\/wp\/v2\/media?parent=84"}],"curies":[{"name":"wp","href":"https:\/\/api.w.org\/{rel}","templated":true}]}}