{"id":82,"date":"2014-09-18T14:10:51","date_gmt":"2014-09-18T13:10:51","guid":{"rendered":"http:\/\/agora.xtec.cat\/ceip-marcel-li-moragas\/?page_id=82"},"modified":"2025-02-14T09:30:17","modified_gmt":"2025-02-14T08:30:17","slug":"casal-destiu","status":"publish","type":"page","link":"https:\/\/agora.xtec.cat\/ceip-marcel-li-moragas\/casal-destiu\/","title":{"rendered":"Casal d&#8217;estiu"},"content":{"rendered":"<p>L&#8217;AMPA, a trav\u00e9s de l&#8217;empresa de lleure PAIDOESPORT S.L., ofereix a les fam\u00edlies el seu servei per organitzar el per\u00edode de vacances dels infants (setmana santa i estiu).<\/p>\n<p>PAIDO, proposa continguts creatius i pedag\u00f2gics per a nens i nenes entre 3 i 12 anys. Un espai on podran experimentar un gran nombre d&#8217;activitats de diferents tipus (activitats de lleure i esport, tallers manuals, experimentaci\u00f3, sortides pel municipi, jocs d&#8217;aigua) de manera divertida, enriquidora i apassionant.<\/p>\n<p>A m\u00e9s a m\u00e9s, de complir tots els protocols i mesures de seguretat establertes.<\/p>\n<ul style=\"list-style-type: circle;\">\n<li><a href=\"https:\/\/paido.org\/casal-de-primavera-2023\/\">Inscripci\u00f3 Casal de Primavera<\/a><\/li>\n<li><a href=\"https:\/\/paido.org\/casal-destiu-marcel%c2%b7li-moragas-2\/\">Inscripci\u00f3 Casal d&#8217;Estiu<\/a><\/li>\n<\/ul>\n<p><a href=\"https:\/\/paido.org\/\"><img loading=\"lazy\" decoding=\"async\" class=\"alignnone wp-image-1136\" src=\"https:\/\/agora.xtec.cat\/ceip-marcel-li-moragas\/wp-content\/uploads\/usu2333\/2023\/02\/Captura1.png\" alt=\"\" width=\"1139\" height=\"699\" srcset=\"https:\/\/agora.xtec.cat\/ceip-marcel-li-moragas\/wp-content\/uploads\/usu2333\/2023\/02\/Captura1.png 492w, https:\/\/agora.xtec.cat\/ceip-marcel-li-moragas\/wp-content\/uploads\/usu2333\/2023\/02\/Captura1-300x184.png 300w\" sizes=\"auto, (max-width: 1139px) 100vw, 1139px\" \/><\/a><\/p>\n","protected":false},"excerpt":{"rendered":"<p>L&#8217;AMPA, a trav\u00e9s de l&#8217;empresa de lleure PAIDOESPORT S.L., ofereix a les fam\u00edlies el seu servei per organitzar el per\u00edode de vacances dels infants (setmana santa i estiu). PAIDO, proposa continguts creatius i pedag\u00f2gics per a nens i nenes entre 3 i 12 anys. Un espai on podran experimentar un gran nombre d&#8217;activitats de diferents [&hellip;]<\/p>\n","protected":false},"author":1,"featured_media":0,"parent":0,"menu_order":50,"comment_status":"closed","ping_status":"closed","template":"page-templates\/side-menu.php","meta":{"_bbp_topic_count":0,"_bbp_reply_count":0,"_bbp_total_topic_count":0,"_bbp_total_reply_count":0,"_bbp_voice_count":0,"_bbp_anonymous_reply_count":0,"_bbp_topic_count_hidden":0,"_bbp_reply_count_hidden":0,"_bbp_forum_subforum_count":0,"site-sidebar-layout":"default","site-content-layout":"","ast-site-content-layout":"","site-content-style":"default","site-sidebar-style":"default","ast-global-header-display":"","ast-banner-title-visibility":"","ast-main-header-display":"","ast-hfb-above-header-display":"","ast-hfb-below-header-display":"","ast-hfb-mobile-header-display":"","site-post-title":"","ast-breadcrumbs-content":"","ast-featured-img":"","footer-sml-layout":"","theme-transparent-header-meta":"","adv-header-id-meta":"","stick-header-meta":"","header-above-stick-meta":"","header-main-stick-meta":"","header-below-stick-meta":"","astra-migrate-meta-layouts":"default","ast-page-background-enabled":"default","ast-page-background-meta":{"desktop":{"background-color":"var(--ast-global-color-4)","background-image":"","background-repeat":"repeat","background-position":"center center","background-size":"auto","background-attachment":"scroll","background-type":"","background-media":"","overlay-type":"","overlay-color":"","overlay-opacity":"","overlay-gradient":""},"tablet":{"background-color":"","background-image":"","background-repeat":"repeat","background-position":"center center","background-size":"auto","background-attachment":"scroll","background-type":"","background-media":"","overlay-type":"","overlay-color":"","overlay-opacity":"","overlay-gradient":""},"mobile":{"background-color":"","background-image":"","background-repeat":"repeat","background-position":"center center","background-size":"auto","background-attachment":"scroll","background-type":"","background-media":"","overlay-type":"","overlay-color":"","overlay-opacity":"","overlay-gradient":""}},"ast-content-background-meta":{"desktop":{"background-color":"var(--ast-global-color-5)","background-image":"","background-repeat":"repeat","background-position":"center center","background-size":"auto","background-attachment":"scroll","background-type":"","background-media":"","overlay-type":"","overlay-color":"","overlay-opacity":"","overlay-gradient":""},"tablet":{"background-color":"var(--ast-global-color-5)","background-image":"","background-repeat":"repeat","background-position":"center center","background-size":"auto","background-attachment":"scroll","background-type":"","background-media":"","overlay-type":"","overlay-color":"","overlay-opacity":"","overlay-gradient":""},"mobile":{"background-color":"var(--ast-global-color-5)","background-image":"","background-repeat":"repeat","background-position":"center center","background-size":"auto","background-attachment":"scroll","background-type":"","background-media":"","overlay-type":"","overlay-color":"","overlay-opacity":"","overlay-gradient":""}},"footnotes":""},"class_list":["post-82","page","type-page","status-publish","hentry"],"post_mailing_queue_ids":[],"_links":{"self":[{"href":"https:\/\/agora.xtec.cat\/ceip-marcel-li-moragas\/wp-json\/wp\/v2\/pages\/82","targetHints":{"allow":["GET"]}}],"collection":[{"href":"https:\/\/agora.xtec.cat\/ceip-marcel-li-moragas\/wp-json\/wp\/v2\/pages"}],"about":[{"href":"https:\/\/agora.xtec.cat\/ceip-marcel-li-moragas\/wp-json\/wp\/v2\/types\/page"}],"author":[{"embeddable":true,"href":"https:\/\/agora.xtec.cat\/ceip-marcel-li-moragas\/wp-json\/wp\/v2\/users\/1"}],"replies":[{"embeddable":true,"href":"https:\/\/agora.xtec.cat\/ceip-marcel-li-moragas\/wp-json\/wp\/v2\/comments?post=82"}],"version-history":[{"count":6,"href":"https:\/\/agora.xtec.cat\/ceip-marcel-li-moragas\/wp-json\/wp\/v2\/pages\/82\/revisions"}],"predecessor-version":[{"id":1014,"href":"https:\/\/agora.xtec.cat\/ceip-marcel-li-moragas\/wp-json\/wp\/v2\/pages\/82\/revisions\/1014"}],"wp:attachment":[{"href":"https:\/\/agora.xtec.cat\/ceip-marcel-li-moragas\/wp-json\/wp\/v2\/media?parent=82"}],"curies":[{"name":"wp","href":"https:\/\/api.w.org\/{rel}","templated":true}]}}