{"id":759,"date":"2023-01-23T12:27:59","date_gmt":"2023-01-23T11:27:59","guid":{"rendered":"https:\/\/agora.xtec.cat\/ceip-marcel-li-moragas\/?page_id=759"},"modified":"2025-10-07T10:54:10","modified_gmt":"2025-10-07T08:54:10","slug":"especialistes","status":"publish","type":"page","link":"https:\/\/agora.xtec.cat\/ceip-marcel-li-moragas\/claustre-3\/especialistes\/","title":{"rendered":"Especialistes i Equip Directiu"},"content":{"rendered":"<pre><\/pre>\n<table style=\"border-collapse: collapse; width: 100%; height: 901px;\">\n<tbody>\n<tr style=\"height: 293px;\">\n<td style=\"width: 39.1389%; text-align: center; height: 81px;\"><strong>Angl\u00e8s<\/strong><\/p>\n<p><a href=\"https:\/\/agora.xtec.cat\/ceip-marcel-li-moragas\/wp-content\/uploads\/usu2333\/2025\/09\/Mary-Sanchez-scaled.jpg\"><img loading=\"lazy\" decoding=\"async\" class=\"wp-image-3810 alignleft\" src=\"https:\/\/agora.xtec.cat\/ceip-marcel-li-moragas\/wp-content\/uploads\/usu2333\/2025\/09\/Mary-Sanchez-scaled.jpg\" alt=\"\" width=\"144\" height=\"192\" srcset=\"https:\/\/agora.xtec.cat\/ceip-marcel-li-moragas\/wp-content\/uploads\/usu2333\/2025\/09\/Mary-Sanchez-scaled.jpg 1920w, https:\/\/agora.xtec.cat\/ceip-marcel-li-moragas\/wp-content\/uploads\/usu2333\/2025\/09\/Mary-Sanchez-225x300.jpg 225w, https:\/\/agora.xtec.cat\/ceip-marcel-li-moragas\/wp-content\/uploads\/usu2333\/2025\/09\/Mary-Sanchez-768x1024.jpg 768w, https:\/\/agora.xtec.cat\/ceip-marcel-li-moragas\/wp-content\/uploads\/usu2333\/2025\/09\/Mary-Sanchez-1152x1536.jpg 1152w, https:\/\/agora.xtec.cat\/ceip-marcel-li-moragas\/wp-content\/uploads\/usu2333\/2025\/09\/Mary-Sanchez-1536x2048.jpg 1536w\" sizes=\"auto, (max-width: 144px) 100vw, 144px\" \/><\/a><a href=\"https:\/\/agora.xtec.cat\/ceip-marcel-li-moragas\/wp-content\/uploads\/usu2333\/2025\/09\/Elianne-scaled.jpeg\"><img loading=\"lazy\" decoding=\"async\" class=\"wp-image-3811 alignright\" src=\"https:\/\/agora.xtec.cat\/ceip-marcel-li-moragas\/wp-content\/uploads\/usu2333\/2025\/09\/Elianne-scaled.jpeg\" alt=\"\" width=\"140\" height=\"196\" srcset=\"https:\/\/agora.xtec.cat\/ceip-marcel-li-moragas\/wp-content\/uploads\/usu2333\/2025\/09\/Elianne-scaled.jpeg 1833w, https:\/\/agora.xtec.cat\/ceip-marcel-li-moragas\/wp-content\/uploads\/usu2333\/2025\/09\/Elianne-215x300.jpeg 215w, https:\/\/agora.xtec.cat\/ceip-marcel-li-moragas\/wp-content\/uploads\/usu2333\/2025\/09\/Elianne-733x1024.jpeg 733w, https:\/\/agora.xtec.cat\/ceip-marcel-li-moragas\/wp-content\/uploads\/usu2333\/2025\/09\/Elianne-768x1073.jpeg 768w, https:\/\/agora.xtec.cat\/ceip-marcel-li-moragas\/wp-content\/uploads\/usu2333\/2025\/09\/Elianne-1100x1536.jpeg 1100w, https:\/\/agora.xtec.cat\/ceip-marcel-li-moragas\/wp-content\/uploads\/usu2333\/2025\/09\/Elianne-1466x2048.jpeg 1466w\" sizes=\"auto, (max-width: 140px) 100vw, 140px\" \/><\/a><\/p>\n<p>&nbsp;<\/p>\n<p>&nbsp;<\/p>\n<p>&nbsp;<\/p>\n<p>&nbsp;<\/p>\n<p><strong><span style=\"color: #008080;\">Mary S\u00e1nchez i Eliana Salesi<\/span><\/strong><\/td>\n<td style=\"text-align: center; height: 81px; width: 22.9922%;\"><strong>Ed. F\u00edsica<\/strong><\/p>\n<p><a href=\"https:\/\/agora.xtec.cat\/ceip-marcel-li-moragas\/wp-content\/uploads\/usu2333\/2025\/02\/Felipe-Campos.jpg\"><img loading=\"lazy\" decoding=\"async\" class=\"alignnone wp-image-3430\" src=\"https:\/\/agora.xtec.cat\/ceip-marcel-li-moragas\/wp-content\/uploads\/usu2333\/2025\/02\/Felipe-Campos.jpg\" alt=\"\" width=\"236\" height=\"235\" srcset=\"https:\/\/agora.xtec.cat\/ceip-marcel-li-moragas\/wp-content\/uploads\/usu2333\/2025\/02\/Felipe-Campos.jpg 1506w, https:\/\/agora.xtec.cat\/ceip-marcel-li-moragas\/wp-content\/uploads\/usu2333\/2025\/02\/Felipe-Campos-300x298.jpg 300w, https:\/\/agora.xtec.cat\/ceip-marcel-li-moragas\/wp-content\/uploads\/usu2333\/2025\/02\/Felipe-Campos-1024x1017.jpg 1024w, https:\/\/agora.xtec.cat\/ceip-marcel-li-moragas\/wp-content\/uploads\/usu2333\/2025\/02\/Felipe-Campos-150x150.jpg 150w, https:\/\/agora.xtec.cat\/ceip-marcel-li-moragas\/wp-content\/uploads\/usu2333\/2025\/02\/Felipe-Campos-768x763.jpg 768w\" sizes=\"auto, (max-width: 236px) 100vw, 236px\" \/><\/a><\/p>\n<p><strong><span style=\"color: #008080;\">Felipe Campos<\/span><\/strong><\/td>\n<td style=\"width: 30.2146%; text-align: center; height: 81px;\"><strong>Religi\u00f3<\/strong><\/p>\n<p><strong><a href=\"https:\/\/agora.xtec.cat\/ceip-marcel-li-moragas\/wp-content\/uploads\/usu2333\/2024\/01\/fcc309fd-1eb5-409e-9c2f-c0d9dce057fc.jpg\"><img loading=\"lazy\" decoding=\"async\" class=\"alignnone wp-image-1982\" src=\"https:\/\/agora.xtec.cat\/ceip-marcel-li-moragas\/wp-content\/uploads\/usu2333\/2024\/01\/fcc309fd-1eb5-409e-9c2f-c0d9dce057fc.jpg\" alt=\"\" width=\"187\" height=\"226\" srcset=\"https:\/\/agora.xtec.cat\/ceip-marcel-li-moragas\/wp-content\/uploads\/usu2333\/2024\/01\/fcc309fd-1eb5-409e-9c2f-c0d9dce057fc.jpg 1147w, https:\/\/agora.xtec.cat\/ceip-marcel-li-moragas\/wp-content\/uploads\/usu2333\/2024\/01\/fcc309fd-1eb5-409e-9c2f-c0d9dce057fc-249x300.jpg 249w, https:\/\/agora.xtec.cat\/ceip-marcel-li-moragas\/wp-content\/uploads\/usu2333\/2024\/01\/fcc309fd-1eb5-409e-9c2f-c0d9dce057fc-849x1024.jpg 849w, https:\/\/agora.xtec.cat\/ceip-marcel-li-moragas\/wp-content\/uploads\/usu2333\/2024\/01\/fcc309fd-1eb5-409e-9c2f-c0d9dce057fc-768x927.jpg 768w\" sizes=\"auto, (max-width: 187px) 100vw, 187px\" \/><\/a><\/strong><\/p>\n<p><strong><span style=\"color: #008080;\">Marta Pascual<\/span><\/strong><\/td>\n<\/tr>\n<tr style=\"height: 289px;\">\n<td style=\"text-align: center; height: 253px; width: 39.1389%;\"><strong>M\u00fasica<\/strong><\/p>\n<p><img loading=\"lazy\" decoding=\"async\" class=\"alignnone wp-image-806\" src=\"https:\/\/agora.xtec.cat\/ceip-marcel-li-moragas\/wp-content\/uploads\/usu2333\/2023\/01\/Beatriz-Rodriguez-768x1024.jpg\" alt=\"\" width=\"167\" height=\"222\" srcset=\"https:\/\/agora.xtec.cat\/ceip-marcel-li-moragas\/wp-content\/uploads\/usu2333\/2023\/01\/Beatriz-Rodriguez-768x1024.jpg 768w, https:\/\/agora.xtec.cat\/ceip-marcel-li-moragas\/wp-content\/uploads\/usu2333\/2023\/01\/Beatriz-Rodriguez-225x300.jpg 225w, https:\/\/agora.xtec.cat\/ceip-marcel-li-moragas\/wp-content\/uploads\/usu2333\/2023\/01\/Beatriz-Rodriguez-1152x1536.jpg 1152w, https:\/\/agora.xtec.cat\/ceip-marcel-li-moragas\/wp-content\/uploads\/usu2333\/2023\/01\/Beatriz-Rodriguez.jpg 1200w\" sizes=\"auto, (max-width: 167px) 100vw, 167px\" \/><\/p>\n<p style=\"text-align: left;\"><strong><span style=\"color: #008080;\">\u00a0 \u00a0 \u00a0 \u00a0 \u00a0 \u00a0 \u00a0 \u00a0 Beatriz Rodr\u00edguez i Natalia Soro<\/span><\/strong><\/p>\n<\/td>\n<td style=\"text-align: center; width: 53.2068%; height: 253px;\" colspan=\"2\">&nbsp;<\/p>\n<p><strong>Educaci\u00f3 Inclusiva<\/strong><\/p>\n<p><a href=\"https:\/\/agora.xtec.cat\/ceip-marcel-li-moragas\/wp-content\/uploads\/usu2333\/2025\/10\/Laura-Rivera-e1759826693908.jpeg\"><img loading=\"lazy\" decoding=\"async\" class=\"wp-image-3827 alignleft\" src=\"https:\/\/agora.xtec.cat\/ceip-marcel-li-moragas\/wp-content\/uploads\/usu2333\/2025\/10\/Laura-Rivera-e1759826693908.jpeg\" alt=\"\" width=\"122\" height=\"199\" srcset=\"https:\/\/agora.xtec.cat\/ceip-marcel-li-moragas\/wp-content\/uploads\/usu2333\/2025\/10\/Laura-Rivera-e1759826693908.jpeg 885w, https:\/\/agora.xtec.cat\/ceip-marcel-li-moragas\/wp-content\/uploads\/usu2333\/2025\/10\/Laura-Rivera-e1759826693908-184x300.jpeg 184w, https:\/\/agora.xtec.cat\/ceip-marcel-li-moragas\/wp-content\/uploads\/usu2333\/2025\/10\/Laura-Rivera-e1759826693908-627x1024.jpeg 627w, https:\/\/agora.xtec.cat\/ceip-marcel-li-moragas\/wp-content\/uploads\/usu2333\/2025\/10\/Laura-Rivera-e1759826693908-768x1255.jpeg 768w\" sizes=\"auto, (max-width: 122px) 100vw, 122px\" \/><\/a><a href=\"https:\/\/agora.xtec.cat\/ceip-marcel-li-moragas\/wp-content\/uploads\/usu2333\/2023\/01\/IMG_4730-rotated.jpg\"><img loading=\"lazy\" decoding=\"async\" class=\"wp-image-869 alignright\" src=\"https:\/\/agora.xtec.cat\/ceip-marcel-li-moragas\/wp-content\/uploads\/usu2333\/2023\/01\/IMG_4730-rotated.jpg\" alt=\"\" width=\"145\" height=\"193\" srcset=\"https:\/\/agora.xtec.cat\/ceip-marcel-li-moragas\/wp-content\/uploads\/usu2333\/2023\/01\/IMG_4730-rotated.jpg 240w, https:\/\/agora.xtec.cat\/ceip-marcel-li-moragas\/wp-content\/uploads\/usu2333\/2023\/01\/IMG_4730-225x300.jpg 225w\" sizes=\"auto, (max-width: 145px) 100vw, 145px\" \/><\/a><\/p>\n<p><img loading=\"lazy\" decoding=\"async\" class=\"wp-image-3416 alignnone\" src=\"https:\/\/agora.xtec.cat\/ceip-marcel-li-moragas\/wp-content\/uploads\/usu2333\/2025\/02\/Laia-Baro-e1759827067215.jpg\" alt=\"\" width=\"133\" height=\"221\" srcset=\"https:\/\/agora.xtec.cat\/ceip-marcel-li-moragas\/wp-content\/uploads\/usu2333\/2025\/02\/Laia-Baro-e1759827067215.jpg 963w, https:\/\/agora.xtec.cat\/ceip-marcel-li-moragas\/wp-content\/uploads\/usu2333\/2025\/02\/Laia-Baro-e1759827067215-181x300.jpg 181w, https:\/\/agora.xtec.cat\/ceip-marcel-li-moragas\/wp-content\/uploads\/usu2333\/2025\/02\/Laia-Baro-e1759827067215-616x1024.jpg 616w, https:\/\/agora.xtec.cat\/ceip-marcel-li-moragas\/wp-content\/uploads\/usu2333\/2025\/02\/Laia-Baro-e1759827067215-768x1276.jpg 768w, https:\/\/agora.xtec.cat\/ceip-marcel-li-moragas\/wp-content\/uploads\/usu2333\/2025\/02\/Laia-Baro-e1759827067215-924x1536.jpg 924w\" sizes=\"auto, (max-width: 133px) 100vw, 133px\" \/><span style=\"color: #008080;\"><strong>\u00a0<\/strong><\/span><\/p>\n<p><span style=\"color: #008080;\"><strong>Laura Rivera, Laia Bar\u00f3 i Victoria Garz\u00f3n\u00a0<\/strong><\/span><\/td>\n<\/tr>\n<tr style=\"height: 297px;\">\n<td style=\"width: 39.1389%; text-align: center; height: 251px;\"><strong>Tutora SIEI<\/strong><\/p>\n<p><strong><a href=\"https:\/\/agora.xtec.cat\/ceip-marcel-li-moragas\/wp-content\/uploads\/usu2333\/2023\/01\/Ainhoa-Miranda.jpg\"><img loading=\"lazy\" decoding=\"async\" class=\"alignnone wp-image-791\" src=\"https:\/\/agora.xtec.cat\/ceip-marcel-li-moragas\/wp-content\/uploads\/usu2333\/2023\/01\/Ainhoa-Miranda.jpg\" alt=\"\" width=\"129\" height=\"229\" srcset=\"https:\/\/agora.xtec.cat\/ceip-marcel-li-moragas\/wp-content\/uploads\/usu2333\/2023\/01\/Ainhoa-Miranda.jpg 576w, https:\/\/agora.xtec.cat\/ceip-marcel-li-moragas\/wp-content\/uploads\/usu2333\/2023\/01\/Ainhoa-Miranda-169x300.jpg 169w\" sizes=\"auto, (max-width: 129px) 100vw, 129px\" \/><\/a><a href=\"https:\/\/agora.xtec.cat\/ceip-marcel-li-moragas\/wp-content\/uploads\/usu2333\/2025\/09\/Estefania-Espin-1-scaled.jpg\"><img loading=\"lazy\" decoding=\"async\" class=\"wp-image-3812 alignright\" src=\"https:\/\/agora.xtec.cat\/ceip-marcel-li-moragas\/wp-content\/uploads\/usu2333\/2025\/09\/Estefania-Espin-1-scaled.jpg\" alt=\"\" width=\"164\" height=\"219\" srcset=\"https:\/\/agora.xtec.cat\/ceip-marcel-li-moragas\/wp-content\/uploads\/usu2333\/2025\/09\/Estefania-Espin-1-scaled.jpg 1923w, https:\/\/agora.xtec.cat\/ceip-marcel-li-moragas\/wp-content\/uploads\/usu2333\/2025\/09\/Estefania-Espin-1-225x300.jpg 225w, https:\/\/agora.xtec.cat\/ceip-marcel-li-moragas\/wp-content\/uploads\/usu2333\/2025\/09\/Estefania-Espin-1-769x1024.jpg 769w, https:\/\/agora.xtec.cat\/ceip-marcel-li-moragas\/wp-content\/uploads\/usu2333\/2025\/09\/Estefania-Espin-1-768x1022.jpg 768w, https:\/\/agora.xtec.cat\/ceip-marcel-li-moragas\/wp-content\/uploads\/usu2333\/2025\/09\/Estefania-Espin-1-1154x1536.jpg 1154w, https:\/\/agora.xtec.cat\/ceip-marcel-li-moragas\/wp-content\/uploads\/usu2333\/2025\/09\/Estefania-Espin-1-1538x2048.jpg 1538w\" sizes=\"auto, (max-width: 164px) 100vw, 164px\" \/><\/a><\/strong><\/p>\n<p><span style=\"color: #008080;\"><strong>Ainhoa Miranda i Estefania Esp\u00edn<\/strong><\/span><\/td>\n<td style=\"text-align: center; height: 251px; width: 22.9922%;\"><strong>Educadora SIEI<\/strong><\/p>\n<p><a href=\"https:\/\/agora.xtec.cat\/ceip-marcel-li-moragas\/wp-content\/uploads\/usu2333\/2025\/02\/Susana-Bravo.jpg\"><img loading=\"lazy\" decoding=\"async\" class=\"alignnone wp-image-3431\" src=\"https:\/\/agora.xtec.cat\/ceip-marcel-li-moragas\/wp-content\/uploads\/usu2333\/2025\/02\/Susana-Bravo.jpg\" alt=\"\" width=\"186\" height=\"248\" srcset=\"https:\/\/agora.xtec.cat\/ceip-marcel-li-moragas\/wp-content\/uploads\/usu2333\/2025\/02\/Susana-Bravo.jpg 1200w, https:\/\/agora.xtec.cat\/ceip-marcel-li-moragas\/wp-content\/uploads\/usu2333\/2025\/02\/Susana-Bravo-225x300.jpg 225w, https:\/\/agora.xtec.cat\/ceip-marcel-li-moragas\/wp-content\/uploads\/usu2333\/2025\/02\/Susana-Bravo-768x1024.jpg 768w, https:\/\/agora.xtec.cat\/ceip-marcel-li-moragas\/wp-content\/uploads\/usu2333\/2025\/02\/Susana-Bravo-1152x1536.jpg 1152w\" sizes=\"auto, (max-width: 186px) 100vw, 186px\" \/><\/a><\/p>\n<p><span style=\"color: #008080;\"><strong>Susana Bravo<\/strong><\/span><\/td>\n<td style=\"width: 30.2146%; text-align: center; height: 251px;\"><strong>Vetlladores<\/strong><\/p>\n<p><img loading=\"lazy\" decoding=\"async\" class=\"alignnone wp-image-1174\" src=\"https:\/\/agora.xtec.cat\/ceip-marcel-li-moragas\/wp-content\/uploads\/usu2333\/2023\/02\/IMG_4736-1-rotated.jpg\" alt=\"\" width=\"157\" height=\"209\" srcset=\"https:\/\/agora.xtec.cat\/ceip-marcel-li-moragas\/wp-content\/uploads\/usu2333\/2023\/02\/IMG_4736-1-rotated.jpg 240w, https:\/\/agora.xtec.cat\/ceip-marcel-li-moragas\/wp-content\/uploads\/usu2333\/2023\/02\/IMG_4736-1-225x300.jpg 225w\" sizes=\"auto, (max-width: 157px) 100vw, 157px\" \/><a href=\"https:\/\/agora.xtec.cat\/ceip-marcel-li-moragas\/wp-content\/uploads\/usu2333\/2025\/02\/Miriam.jpg\"><img loading=\"lazy\" decoding=\"async\" class=\"wp-image-3452 alignnone\" src=\"https:\/\/agora.xtec.cat\/ceip-marcel-li-moragas\/wp-content\/uploads\/usu2333\/2025\/02\/Miriam.jpg\" alt=\"\" width=\"153\" height=\"187\" srcset=\"https:\/\/agora.xtec.cat\/ceip-marcel-li-moragas\/wp-content\/uploads\/usu2333\/2025\/02\/Miriam.jpg 844w, https:\/\/agora.xtec.cat\/ceip-marcel-li-moragas\/wp-content\/uploads\/usu2333\/2025\/02\/Miriam-246x300.jpg 246w, https:\/\/agora.xtec.cat\/ceip-marcel-li-moragas\/wp-content\/uploads\/usu2333\/2025\/02\/Miriam-841x1024.jpg 841w, https:\/\/agora.xtec.cat\/ceip-marcel-li-moragas\/wp-content\/uploads\/usu2333\/2025\/02\/Miriam-768x935.jpg 768w\" sizes=\"auto, (max-width: 153px) 100vw, 153px\" \/><\/a><\/p>\n<p><span style=\"color: #008080;\"><b style=\"color: #008080;\">Mari Carmen, <\/b><span style=\"color: #008080;\"><b>M\u00edriam<\/b><\/span><b style=\"color: #008080;\"> D\u00edaz i Samira Moussaouri<\/b><\/span><\/td>\n<\/tr>\n<tr style=\"height: 316px;\">\n<td style=\"width: 39.1389%; text-align: center; height: 316px;\"><strong>Director<\/strong><\/p>\n<p><a href=\"https:\/\/agora.xtec.cat\/ceip-marcel-li-moragas\/wp-content\/uploads\/usu2333\/2023\/01\/Raul-Perez-scaled.jpg\"><img loading=\"lazy\" decoding=\"async\" class=\"alignnone wp-image-804\" src=\"https:\/\/agora.xtec.cat\/ceip-marcel-li-moragas\/wp-content\/uploads\/usu2333\/2023\/01\/Raul-Perez-768x1024.jpg\" alt=\"\" width=\"182\" height=\"243\" srcset=\"https:\/\/agora.xtec.cat\/ceip-marcel-li-moragas\/wp-content\/uploads\/usu2333\/2023\/01\/Raul-Perez-768x1024.jpg 768w, https:\/\/agora.xtec.cat\/ceip-marcel-li-moragas\/wp-content\/uploads\/usu2333\/2023\/01\/Raul-Perez-225x300.jpg 225w, https:\/\/agora.xtec.cat\/ceip-marcel-li-moragas\/wp-content\/uploads\/usu2333\/2023\/01\/Raul-Perez-1152x1536.jpg 1152w, https:\/\/agora.xtec.cat\/ceip-marcel-li-moragas\/wp-content\/uploads\/usu2333\/2023\/01\/Raul-Perez-1536x2048.jpg 1536w, https:\/\/agora.xtec.cat\/ceip-marcel-li-moragas\/wp-content\/uploads\/usu2333\/2023\/01\/Raul-Perez-scaled.jpg 1920w\" sizes=\"auto, (max-width: 182px) 100vw, 182px\" \/><\/a><\/p>\n<p><span style=\"color: #008080;\"><strong>Ra\u00fal P\u00e9rez<\/strong><\/span><\/td>\n<td style=\"width: 22.9922%; text-align: center; height: 316px;\"><strong>Cap d&#8217;estudis<\/strong><\/p>\n<p><a href=\"https:\/\/agora.xtec.cat\/ceip-marcel-li-moragas\/wp-content\/uploads\/usu2333\/2023\/01\/Marina-Urda.jpg\"><img loading=\"lazy\" decoding=\"async\" class=\"alignnone wp-image-811\" src=\"https:\/\/agora.xtec.cat\/ceip-marcel-li-moragas\/wp-content\/uploads\/usu2333\/2023\/01\/Marina-Urda.jpg\" alt=\"\" width=\"174\" height=\"232\" srcset=\"https:\/\/agora.xtec.cat\/ceip-marcel-li-moragas\/wp-content\/uploads\/usu2333\/2023\/01\/Marina-Urda.jpg 469w, https:\/\/agora.xtec.cat\/ceip-marcel-li-moragas\/wp-content\/uploads\/usu2333\/2023\/01\/Marina-Urda-225x300.jpg 225w\" sizes=\"auto, (max-width: 174px) 100vw, 174px\" \/><\/a><\/p>\n<p><span style=\"color: #008080;\"><strong>Marina Urda Somoza<\/strong><\/span><\/td>\n<td style=\"width: 30.2146%; text-align: center; height: 316px;\"><strong>Secret\u00e0ria<\/strong><\/p>\n<p><a href=\"https:\/\/agora.xtec.cat\/ceip-marcel-li-moragas\/wp-content\/uploads\/usu2333\/2023\/02\/sketch-1675413489985-1.png\"><img loading=\"lazy\" decoding=\"async\" class=\"alignnone wp-image-947\" src=\"https:\/\/agora.xtec.cat\/ceip-marcel-li-moragas\/wp-content\/uploads\/usu2333\/2023\/02\/sketch-1675413489985-1-577x1024.png\" alt=\"\" width=\"136\" height=\"242\" srcset=\"https:\/\/agora.xtec.cat\/ceip-marcel-li-moragas\/wp-content\/uploads\/usu2333\/2023\/02\/sketch-1675413489985-1-577x1024.png 577w, https:\/\/agora.xtec.cat\/ceip-marcel-li-moragas\/wp-content\/uploads\/usu2333\/2023\/02\/sketch-1675413489985-1-169x300.png 169w, https:\/\/agora.xtec.cat\/ceip-marcel-li-moragas\/wp-content\/uploads\/usu2333\/2023\/02\/sketch-1675413489985-1-768x1363.png 768w, https:\/\/agora.xtec.cat\/ceip-marcel-li-moragas\/wp-content\/uploads\/usu2333\/2023\/02\/sketch-1675413489985-1-865x1536.png 865w, https:\/\/agora.xtec.cat\/ceip-marcel-li-moragas\/wp-content\/uploads\/usu2333\/2023\/02\/sketch-1675413489985-1.png 1080w\" sizes=\"auto, (max-width: 136px) 100vw, 136px\" \/><\/a><\/p>\n<p><span style=\"color: #008080;\"><a style=\"color: #008080;\" href=\"https:\/\/agora.xtec.cat\/ceip-marcel-li-moragas\/wp-content\/uploads\/usu2333\/2023\/02\/sketch-1675413489985-1.png\"><strong>Mireia Amrani<\/strong><\/a><\/span><\/p>\n<p>&nbsp;<\/td>\n<\/tr>\n<\/tbody>\n<\/table>\n<p>&nbsp;<\/p>\n","protected":false},"excerpt":{"rendered":"<p>Angl\u00e8s &nbsp; &nbsp; &nbsp; &nbsp; Mary S\u00e1nchez i Eliana Salesi Ed. F\u00edsica Felipe Campos Religi\u00f3 Marta Pascual M\u00fasica \u00a0 \u00a0 \u00a0 \u00a0 \u00a0 \u00a0 \u00a0 \u00a0 Beatriz Rodr\u00edguez i Natalia Soro &nbsp; Educaci\u00f3 Inclusiva \u00a0 Laura Rivera, Laia Bar\u00f3 i Victoria Garz\u00f3n\u00a0 Tutora SIEI Ainhoa Miranda i Estefania Esp\u00edn Educadora SIEI Susana Bravo Vetlladores Mari [&hellip;]<\/p>\n","protected":false},"author":1,"featured_media":0,"parent":814,"menu_order":0,"comment_status":"closed","ping_status":"closed","template":"","meta":{"_bbp_topic_count":0,"_bbp_reply_count":0,"_bbp_total_topic_count":0,"_bbp_total_reply_count":0,"_bbp_voice_count":0,"_bbp_anonymous_reply_count":0,"_bbp_topic_count_hidden":0,"_bbp_reply_count_hidden":0,"_bbp_forum_subforum_count":0,"site-sidebar-layout":"default","site-content-layout":"","ast-site-content-layout":"default","site-content-style":"default","site-sidebar-style":"default","ast-global-header-display":"","ast-banner-title-visibility":"","ast-main-header-display":"","ast-hfb-above-header-display":"","ast-hfb-below-header-display":"","ast-hfb-mobile-header-display":"","site-post-title":"","ast-breadcrumbs-content":"","ast-featured-img":"","footer-sml-layout":"","theme-transparent-header-meta":"default","adv-header-id-meta":"","stick-header-meta":"","header-above-stick-meta":"","header-main-stick-meta":"","header-below-stick-meta":"","astra-migrate-meta-layouts":"set","ast-page-background-enabled":"default","ast-page-background-meta":{"desktop":{"background-color":"var(--ast-global-color-4)","background-image":"","background-repeat":"repeat","background-position":"center center","background-size":"auto","background-attachment":"scroll","background-type":"","background-media":"","overlay-type":"","overlay-color":"","overlay-opacity":"","overlay-gradient":""},"tablet":{"background-color":"","background-image":"","background-repeat":"repeat","background-position":"center center","background-size":"auto","background-attachment":"scroll","background-type":"","background-media":"","overlay-type":"","overlay-color":"","overlay-opacity":"","overlay-gradient":""},"mobile":{"background-color":"","background-image":"","background-repeat":"repeat","background-position":"center center","background-size":"auto","background-attachment":"scroll","background-type":"","background-media":"","overlay-type":"","overlay-color":"","overlay-opacity":"","overlay-gradient":""}},"ast-content-background-meta":{"desktop":{"background-color":"var(--ast-global-color-5)","background-image":"","background-repeat":"repeat","background-position":"center center","background-size":"auto","background-attachment":"scroll","background-type":"","background-media":"","overlay-type":"","overlay-color":"","overlay-opacity":"","overlay-gradient":""},"tablet":{"background-color":"var(--ast-global-color-5)","background-image":"","background-repeat":"repeat","background-position":"center center","background-size":"auto","background-attachment":"scroll","background-type":"","background-media":"","overlay-type":"","overlay-color":"","overlay-opacity":"","overlay-gradient":""},"mobile":{"background-color":"var(--ast-global-color-5)","background-image":"","background-repeat":"repeat","background-position":"center center","background-size":"auto","background-attachment":"scroll","background-type":"","background-media":"","overlay-type":"","overlay-color":"","overlay-opacity":"","overlay-gradient":""}},"footnotes":""},"class_list":["post-759","page","type-page","status-publish","hentry"],"post_mailing_queue_ids":[],"_links":{"self":[{"href":"https:\/\/agora.xtec.cat\/ceip-marcel-li-moragas\/wp-json\/wp\/v2\/pages\/759","targetHints":{"allow":["GET"]}}],"collection":[{"href":"https:\/\/agora.xtec.cat\/ceip-marcel-li-moragas\/wp-json\/wp\/v2\/pages"}],"about":[{"href":"https:\/\/agora.xtec.cat\/ceip-marcel-li-moragas\/wp-json\/wp\/v2\/types\/page"}],"author":[{"embeddable":true,"href":"https:\/\/agora.xtec.cat\/ceip-marcel-li-moragas\/wp-json\/wp\/v2\/users\/1"}],"replies":[{"embeddable":true,"href":"https:\/\/agora.xtec.cat\/ceip-marcel-li-moragas\/wp-json\/wp\/v2\/comments?post=759"}],"version-history":[{"count":6,"href":"https:\/\/agora.xtec.cat\/ceip-marcel-li-moragas\/wp-json\/wp\/v2\/pages\/759\/revisions"}],"predecessor-version":[{"id":3834,"href":"https:\/\/agora.xtec.cat\/ceip-marcel-li-moragas\/wp-json\/wp\/v2\/pages\/759\/revisions\/3834"}],"up":[{"embeddable":true,"href":"https:\/\/agora.xtec.cat\/ceip-marcel-li-moragas\/wp-json\/wp\/v2\/pages\/814"}],"wp:attachment":[{"href":"https:\/\/agora.xtec.cat\/ceip-marcel-li-moragas\/wp-json\/wp\/v2\/media?parent=759"}],"curies":[{"name":"wp","href":"https:\/\/api.w.org\/{rel}","templated":true}]}}