{"id":758,"date":"2023-01-23T12:27:59","date_gmt":"2023-01-23T11:27:59","guid":{"rendered":"https:\/\/agora.xtec.cat\/ceip-marcel-li-moragas\/?page_id=758"},"modified":"2025-09-23T13:10:12","modified_gmt":"2025-09-23T11:10:12","slug":"comunitat-grans","status":"publish","type":"page","link":"https:\/\/agora.xtec.cat\/ceip-marcel-li-moragas\/claustre-3\/comunitat-grans\/","title":{"rendered":"Comunitat Grans"},"content":{"rendered":"<table style=\"border-collapse: collapse; width: 98.8587%; height: 1014px;\">\n<tbody>\n<tr style=\"height: 32px;\">\n<td style=\"width: 100.088%; text-align: center; height: 32px;\" colspan=\"4\"><\/td>\n<\/tr>\n<tr>\n<td style=\"width: 17.3837%; text-align: center;\">4t A<\/td>\n<td style=\"width: 35.6454%; text-align: center;\">&nbsp;<\/p>\n<p><a href=\"https:\/\/agora.xtec.cat\/ceip-marcel-li-moragas\/wp-content\/uploads\/usu2333\/2025\/09\/Mireia-Badell.jpg\"><img loading=\"lazy\" decoding=\"async\" class=\"aligncenter wp-image-3798\" src=\"https:\/\/agora.xtec.cat\/ceip-marcel-li-moragas\/wp-content\/uploads\/usu2333\/2025\/09\/Mireia-Badell.jpg\" alt=\"\" width=\"226\" height=\"302\" srcset=\"https:\/\/agora.xtec.cat\/ceip-marcel-li-moragas\/wp-content\/uploads\/usu2333\/2025\/09\/Mireia-Badell.jpg 1200w, https:\/\/agora.xtec.cat\/ceip-marcel-li-moragas\/wp-content\/uploads\/usu2333\/2025\/09\/Mireia-Badell-225x300.jpg 225w, https:\/\/agora.xtec.cat\/ceip-marcel-li-moragas\/wp-content\/uploads\/usu2333\/2025\/09\/Mireia-Badell-768x1024.jpg 768w, https:\/\/agora.xtec.cat\/ceip-marcel-li-moragas\/wp-content\/uploads\/usu2333\/2025\/09\/Mireia-Badell-1152x1536.jpg 1152w\" sizes=\"auto, (max-width: 226px) 100vw, 226px\" \/><\/a><\/p>\n<p><span style=\"color: #008080;\"><strong>Mireia Badell<\/strong><\/span><\/td>\n<td style=\"width: 18.7006%; text-align: center;\"><span style=\"color: #000000;\">4t B<\/span><\/td>\n<td style=\"width: 28.3583%; text-align: center;\">&nbsp;<\/p>\n<p><a href=\"https:\/\/agora.xtec.cat\/ceip-marcel-li-moragas\/wp-content\/uploads\/usu2333\/2025\/09\/anabel.jpg\"><img loading=\"lazy\" decoding=\"async\" class=\"aligncenter size-full wp-image-3799\" src=\"https:\/\/agora.xtec.cat\/ceip-marcel-li-moragas\/wp-content\/uploads\/usu2333\/2025\/09\/anabel.jpg\" alt=\"\" width=\"240\" height=\"320\" srcset=\"https:\/\/agora.xtec.cat\/ceip-marcel-li-moragas\/wp-content\/uploads\/usu2333\/2025\/09\/anabel.jpg 240w, https:\/\/agora.xtec.cat\/ceip-marcel-li-moragas\/wp-content\/uploads\/usu2333\/2025\/09\/anabel-225x300.jpg 225w\" sizes=\"auto, (max-width: 240px) 100vw, 240px\" \/><\/a><\/p>\n<p><strong><span style=\"color: #008080;\">Anabel Giral<\/span><\/strong><\/td>\n<\/tr>\n<tr style=\"height: 246px;\">\n<td style=\"width: 17.3837%; text-align: center; height: 246px;\">5\u00e8 A<\/td>\n<td style=\"width: 35.6454%; text-align: center; height: 246px;\"><a href=\"https:\/\/agora.xtec.cat\/ceip-marcel-li-moragas\/wp-content\/uploads\/usu2333\/2025\/02\/Sergi-Gimeno.jpg\"><img loading=\"lazy\" decoding=\"async\" class=\"wp-image-3418 alignleft\" src=\"https:\/\/agora.xtec.cat\/ceip-marcel-li-moragas\/wp-content\/uploads\/usu2333\/2025\/02\/Sergi-Gimeno.jpg\" alt=\"\" width=\"140\" height=\"179\" srcset=\"https:\/\/agora.xtec.cat\/ceip-marcel-li-moragas\/wp-content\/uploads\/usu2333\/2025\/02\/Sergi-Gimeno.jpg 1459w, https:\/\/agora.xtec.cat\/ceip-marcel-li-moragas\/wp-content\/uploads\/usu2333\/2025\/02\/Sergi-Gimeno-235x300.jpg 235w, https:\/\/agora.xtec.cat\/ceip-marcel-li-moragas\/wp-content\/uploads\/usu2333\/2025\/02\/Sergi-Gimeno-803x1024.jpg 803w, https:\/\/agora.xtec.cat\/ceip-marcel-li-moragas\/wp-content\/uploads\/usu2333\/2025\/02\/Sergi-Gimeno-768x980.jpg 768w, https:\/\/agora.xtec.cat\/ceip-marcel-li-moragas\/wp-content\/uploads\/usu2333\/2025\/02\/Sergi-Gimeno-1204x1536.jpg 1204w\" sizes=\"auto, (max-width: 140px) 100vw, 140px\" \/><\/a><a href=\"https:\/\/agora.xtec.cat\/ceip-marcel-li-moragas\/wp-content\/uploads\/usu2333\/2025\/09\/Marta-Ramos-scaled.jpg\"><img loading=\"lazy\" decoding=\"async\" class=\"wp-image-3796 alignright\" src=\"https:\/\/agora.xtec.cat\/ceip-marcel-li-moragas\/wp-content\/uploads\/usu2333\/2025\/09\/Marta-Ramos-scaled.jpg\" alt=\"\" width=\"127\" height=\"226\" srcset=\"https:\/\/agora.xtec.cat\/ceip-marcel-li-moragas\/wp-content\/uploads\/usu2333\/2025\/09\/Marta-Ramos-scaled.jpg 1440w, https:\/\/agora.xtec.cat\/ceip-marcel-li-moragas\/wp-content\/uploads\/usu2333\/2025\/09\/Marta-Ramos-169x300.jpg 169w, https:\/\/agora.xtec.cat\/ceip-marcel-li-moragas\/wp-content\/uploads\/usu2333\/2025\/09\/Marta-Ramos-576x1024.jpg 576w, https:\/\/agora.xtec.cat\/ceip-marcel-li-moragas\/wp-content\/uploads\/usu2333\/2025\/09\/Marta-Ramos-768x1365.jpg 768w, https:\/\/agora.xtec.cat\/ceip-marcel-li-moragas\/wp-content\/uploads\/usu2333\/2025\/09\/Marta-Ramos-864x1536.jpg 864w, https:\/\/agora.xtec.cat\/ceip-marcel-li-moragas\/wp-content\/uploads\/usu2333\/2025\/09\/Marta-Ramos-1152x2048.jpg 1152w\" sizes=\"auto, (max-width: 127px) 100vw, 127px\" \/><\/a><\/p>\n<p><span style=\"color: #008080;\"><strong>\u00a0<\/strong><\/span><\/p>\n<p>&nbsp;<\/p>\n<p>&nbsp;<\/p>\n<p>&nbsp;<\/p>\n<p>&nbsp;<\/p>\n<p><span style=\"color: #008080;\"><strong>Sergi Gimeno i Marta Ramos<\/strong><\/span><\/td>\n<td style=\"width: 18.7006%; text-align: center; height: 246px;\"><span style=\"color: #000000;\">\u00a0 \u00a05\u00e8 B<\/span><\/td>\n<td style=\"width: 28.3583%; text-align: center; height: 246px;\"><a href=\"https:\/\/agora.xtec.cat\/ceip-marcel-li-moragas\/wp-content\/uploads\/usu2333\/2025\/09\/silvia.jpg\"><img loading=\"lazy\" decoding=\"async\" class=\"aligncenter size-full wp-image-3797\" src=\"https:\/\/agora.xtec.cat\/ceip-marcel-li-moragas\/wp-content\/uploads\/usu2333\/2025\/09\/silvia.jpg\" alt=\"\" width=\"240\" height=\"320\" srcset=\"https:\/\/agora.xtec.cat\/ceip-marcel-li-moragas\/wp-content\/uploads\/usu2333\/2025\/09\/silvia.jpg 240w, https:\/\/agora.xtec.cat\/ceip-marcel-li-moragas\/wp-content\/uploads\/usu2333\/2025\/09\/silvia-225x300.jpg 225w\" sizes=\"auto, (max-width: 240px) 100vw, 240px\" \/><\/a><\/p>\n<p><span style=\"color: #008080;\"><strong>Silvia Barquero<\/strong><\/span><\/td>\n<\/tr>\n<tr style=\"height: 391px;\">\n<td style=\"width: 17.3837%; text-align: center; height: 391px;\">6\u00e8 A<\/td>\n<td style=\"width: 35.6454%; text-align: center; height: 391px;\"><span style=\"color: #008080;\"><a style=\"color: #008080;\" href=\"https:\/\/agora.xtec.cat\/ceip-marcel-li-moragas\/wp-content\/uploads\/usu2333\/2023\/01\/IMG_4728-rotated.jpg\"><img loading=\"lazy\" decoding=\"async\" class=\" wp-image-872 aligncenter\" src=\"https:\/\/agora.xtec.cat\/ceip-marcel-li-moragas\/wp-content\/uploads\/usu2333\/2023\/01\/IMG_4728-rotated.jpg\" alt=\"\" width=\"218\" height=\"291\" srcset=\"https:\/\/agora.xtec.cat\/ceip-marcel-li-moragas\/wp-content\/uploads\/usu2333\/2023\/01\/IMG_4728-rotated.jpg 240w, https:\/\/agora.xtec.cat\/ceip-marcel-li-moragas\/wp-content\/uploads\/usu2333\/2023\/01\/IMG_4728-225x300.jpg 225w\" sizes=\"auto, (max-width: 218px) 100vw, 218px\" \/><\/a><\/span><\/p>\n<p><span style=\"color: #008080;\"><strong>Lorena Mart\u00ednez<\/strong><\/span><\/td>\n<td style=\"width: 18.7006%; text-align: center; height: 391px;\"><span style=\"color: #000000;\">6\u00e8 B<\/span><\/td>\n<td style=\"width: 28.3583%; text-align: center; height: 391px;\"><span style=\"color: #008080;\"><a style=\"color: #008080;\" href=\"https:\/\/agora.xtec.cat\/ceip-marcel-li-moragas\/wp-content\/uploads\/usu2333\/2024\/01\/IMG_5564-1-1-scaled.jpg\"><img loading=\"lazy\" decoding=\"async\" class=\"wp-image-1905 aligncenter\" src=\"https:\/\/agora.xtec.cat\/ceip-marcel-li-moragas\/wp-content\/uploads\/usu2333\/2024\/01\/IMG_5564-1-1-scaled.jpg\" alt=\"\" width=\"214\" height=\"286\" srcset=\"https:\/\/agora.xtec.cat\/ceip-marcel-li-moragas\/wp-content\/uploads\/usu2333\/2024\/01\/IMG_5564-1-1-scaled.jpg 1920w, https:\/\/agora.xtec.cat\/ceip-marcel-li-moragas\/wp-content\/uploads\/usu2333\/2024\/01\/IMG_5564-1-1-225x300.jpg 225w, https:\/\/agora.xtec.cat\/ceip-marcel-li-moragas\/wp-content\/uploads\/usu2333\/2024\/01\/IMG_5564-1-1-768x1024.jpg 768w, https:\/\/agora.xtec.cat\/ceip-marcel-li-moragas\/wp-content\/uploads\/usu2333\/2024\/01\/IMG_5564-1-1-1152x1536.jpg 1152w, https:\/\/agora.xtec.cat\/ceip-marcel-li-moragas\/wp-content\/uploads\/usu2333\/2024\/01\/IMG_5564-1-1-1536x2048.jpg 1536w\" sizes=\"auto, (max-width: 214px) 100vw, 214px\" \/><\/a><\/span><\/p>\n<p><span style=\"color: #008080;\"><strong>Melody L\u00f3pez<\/strong><\/span><\/td>\n<\/tr>\n<\/tbody>\n<\/table>\n","protected":false},"excerpt":{"rendered":"<p>4t A &nbsp; Mireia Badell 4t B &nbsp; Anabel Giral 5\u00e8 A \u00a0 &nbsp; &nbsp; &nbsp; &nbsp; Sergi Gimeno i Marta Ramos \u00a0 \u00a05\u00e8 B Silvia Barquero 6\u00e8 A Lorena Mart\u00ednez 6\u00e8 B Melody L\u00f3pez<\/p>\n","protected":false},"author":1,"featured_media":0,"parent":814,"menu_order":0,"comment_status":"closed","ping_status":"closed","template":"","meta":{"_bbp_topic_count":0,"_bbp_reply_count":0,"_bbp_total_topic_count":0,"_bbp_total_reply_count":0,"_bbp_voice_count":0,"_bbp_anonymous_reply_count":0,"_bbp_topic_count_hidden":0,"_bbp_reply_count_hidden":0,"_bbp_forum_subforum_count":0,"site-sidebar-layout":"default","site-content-layout":"","ast-site-content-layout":"default","site-content-style":"default","site-sidebar-style":"default","ast-global-header-display":"","ast-banner-title-visibility":"","ast-main-header-display":"","ast-hfb-above-header-display":"","ast-hfb-below-header-display":"","ast-hfb-mobile-header-display":"","site-post-title":"","ast-breadcrumbs-content":"","ast-featured-img":"","footer-sml-layout":"","theme-transparent-header-meta":"default","adv-header-id-meta":"","stick-header-meta":"","header-above-stick-meta":"","header-main-stick-meta":"","header-below-stick-meta":"","astra-migrate-meta-layouts":"set","ast-page-background-enabled":"default","ast-page-background-meta":{"desktop":{"background-color":"var(--ast-global-color-4)","background-image":"","background-repeat":"repeat","background-position":"center center","background-size":"auto","background-attachment":"scroll","background-type":"","background-media":"","overlay-type":"","overlay-color":"","overlay-opacity":"","overlay-gradient":""},"tablet":{"background-color":"","background-image":"","background-repeat":"repeat","background-position":"center center","background-size":"auto","background-attachment":"scroll","background-type":"","background-media":"","overlay-type":"","overlay-color":"","overlay-opacity":"","overlay-gradient":""},"mobile":{"background-color":"","background-image":"","background-repeat":"repeat","background-position":"center center","background-size":"auto","background-attachment":"scroll","background-type":"","background-media":"","overlay-type":"","overlay-color":"","overlay-opacity":"","overlay-gradient":""}},"ast-content-background-meta":{"desktop":{"background-color":"var(--ast-global-color-5)","background-image":"","background-repeat":"repeat","background-position":"center center","background-size":"auto","background-attachment":"scroll","background-type":"","background-media":"","overlay-type":"","overlay-color":"","overlay-opacity":"","overlay-gradient":""},"tablet":{"background-color":"var(--ast-global-color-5)","background-image":"","background-repeat":"repeat","background-position":"center center","background-size":"auto","background-attachment":"scroll","background-type":"","background-media":"","overlay-type":"","overlay-color":"","overlay-opacity":"","overlay-gradient":""},"mobile":{"background-color":"var(--ast-global-color-5)","background-image":"","background-repeat":"repeat","background-position":"center center","background-size":"auto","background-attachment":"scroll","background-type":"","background-media":"","overlay-type":"","overlay-color":"","overlay-opacity":"","overlay-gradient":""}},"footnotes":""},"class_list":["post-758","page","type-page","status-publish","hentry"],"post_mailing_queue_ids":[],"_links":{"self":[{"href":"https:\/\/agora.xtec.cat\/ceip-marcel-li-moragas\/wp-json\/wp\/v2\/pages\/758","targetHints":{"allow":["GET"]}}],"collection":[{"href":"https:\/\/agora.xtec.cat\/ceip-marcel-li-moragas\/wp-json\/wp\/v2\/pages"}],"about":[{"href":"https:\/\/agora.xtec.cat\/ceip-marcel-li-moragas\/wp-json\/wp\/v2\/types\/page"}],"author":[{"embeddable":true,"href":"https:\/\/agora.xtec.cat\/ceip-marcel-li-moragas\/wp-json\/wp\/v2\/users\/1"}],"replies":[{"embeddable":true,"href":"https:\/\/agora.xtec.cat\/ceip-marcel-li-moragas\/wp-json\/wp\/v2\/comments?post=758"}],"version-history":[{"count":6,"href":"https:\/\/agora.xtec.cat\/ceip-marcel-li-moragas\/wp-json\/wp\/v2\/pages\/758\/revisions"}],"predecessor-version":[{"id":3815,"href":"https:\/\/agora.xtec.cat\/ceip-marcel-li-moragas\/wp-json\/wp\/v2\/pages\/758\/revisions\/3815"}],"up":[{"embeddable":true,"href":"https:\/\/agora.xtec.cat\/ceip-marcel-li-moragas\/wp-json\/wp\/v2\/pages\/814"}],"wp:attachment":[{"href":"https:\/\/agora.xtec.cat\/ceip-marcel-li-moragas\/wp-json\/wp\/v2\/media?parent=758"}],"curies":[{"name":"wp","href":"https:\/\/api.w.org\/{rel}","templated":true}]}}