{"id":757,"date":"2023-01-23T12:27:59","date_gmt":"2023-01-23T11:27:59","guid":{"rendered":"https:\/\/agora.xtec.cat\/ceip-marcel-li-moragas\/?page_id=757"},"modified":"2025-09-23T12:37:17","modified_gmt":"2025-09-23T10:37:17","slug":"comunitat-mitjans","status":"publish","type":"page","link":"https:\/\/agora.xtec.cat\/ceip-marcel-li-moragas\/claustre-3\/comunitat-mitjans\/","title":{"rendered":"Comunitat Mitjans"},"content":{"rendered":"<table style=\"border-collapse: collapse; width: 100%; height: 793px;\">\n<tbody>\n<tr style=\"height: 32px;\">\n<td style=\"width: 100%; text-align: center; height: 32px;\" colspan=\"4\"><\/td>\n<\/tr>\n<tr style=\"height: 315px;\">\n<td style=\"width: 17.9719%; text-align: center; height: 115px;\"><strong>1rA<\/strong><\/td>\n<td style=\"width: 35.4418%; text-align: center; height: 115px;\">&nbsp;<\/p>\n<p><a href=\"https:\/\/agora.xtec.cat\/ceip-marcel-li-moragas\/wp-content\/uploads\/usu2333\/2025\/09\/Marta-Fernandez.jpg\"><img loading=\"lazy\" decoding=\"async\" class=\"aligncenter wp-image-3801\" src=\"https:\/\/agora.xtec.cat\/ceip-marcel-li-moragas\/wp-content\/uploads\/usu2333\/2025\/09\/Marta-Fernandez.jpg\" alt=\"\" width=\"192\" height=\"256\" srcset=\"https:\/\/agora.xtec.cat\/ceip-marcel-li-moragas\/wp-content\/uploads\/usu2333\/2025\/09\/Marta-Fernandez.jpg 1200w, https:\/\/agora.xtec.cat\/ceip-marcel-li-moragas\/wp-content\/uploads\/usu2333\/2025\/09\/Marta-Fernandez-225x300.jpg 225w, https:\/\/agora.xtec.cat\/ceip-marcel-li-moragas\/wp-content\/uploads\/usu2333\/2025\/09\/Marta-Fernandez-768x1024.jpg 768w, https:\/\/agora.xtec.cat\/ceip-marcel-li-moragas\/wp-content\/uploads\/usu2333\/2025\/09\/Marta-Fernandez-1152x1536.jpg 1152w\" sizes=\"auto, (max-width: 192px) 100vw, 192px\" \/><\/a><br \/>\n<span style=\"color: #008080;\"><strong>Marta Fern\u00e1ndez<\/strong><\/span><\/td>\n<td style=\"width: 18.3735%; text-align: center; height: 115px;\">&nbsp;<\/p>\n<p><strong>1rB<\/strong><\/td>\n<td style=\"width: 28.2128%; text-align: center; height: 115px;\">&nbsp;<\/p>\n<p><a href=\"https:\/\/agora.xtec.cat\/ceip-marcel-li-moragas\/wp-content\/uploads\/usu2333\/2025\/09\/Fani.jpeg\"><img loading=\"lazy\" decoding=\"async\" class=\"aligncenter wp-image-3802\" src=\"https:\/\/agora.xtec.cat\/ceip-marcel-li-moragas\/wp-content\/uploads\/usu2333\/2025\/09\/Fani.jpeg\" alt=\"\" width=\"174\" height=\"286\" srcset=\"https:\/\/agora.xtec.cat\/ceip-marcel-li-moragas\/wp-content\/uploads\/usu2333\/2025\/09\/Fani.jpeg 646w, https:\/\/agora.xtec.cat\/ceip-marcel-li-moragas\/wp-content\/uploads\/usu2333\/2025\/09\/Fani-182x300.jpeg 182w, https:\/\/agora.xtec.cat\/ceip-marcel-li-moragas\/wp-content\/uploads\/usu2333\/2025\/09\/Fani-622x1024.jpeg 622w\" sizes=\"auto, (max-width: 174px) 100vw, 174px\" \/><\/a><\/p>\n<p><span style=\"color: #008080;\"><strong>Fani Muros<\/strong><\/span><\/td>\n<\/tr>\n<tr style=\"height: 321px;\">\n<td style=\"width: 17.9719%; text-align: center; height: 321px;\"><strong>2nA<\/strong><\/td>\n<td style=\"width: 35.4418%; text-align: center; height: 321px;\"><a href=\"https:\/\/agora.xtec.cat\/ceip-marcel-li-moragas\/wp-content\/uploads\/usu2333\/2024\/01\/IMG_5568-1-scaled.jpg\"><img loading=\"lazy\" decoding=\"async\" class=\"aligncenter wp-image-1902\" src=\"https:\/\/agora.xtec.cat\/ceip-marcel-li-moragas\/wp-content\/uploads\/usu2333\/2024\/01\/IMG_5568-1-scaled.jpg\" alt=\"\" width=\"216\" height=\"288\" srcset=\"https:\/\/agora.xtec.cat\/ceip-marcel-li-moragas\/wp-content\/uploads\/usu2333\/2024\/01\/IMG_5568-1-scaled.jpg 1920w, https:\/\/agora.xtec.cat\/ceip-marcel-li-moragas\/wp-content\/uploads\/usu2333\/2024\/01\/IMG_5568-1-225x300.jpg 225w, https:\/\/agora.xtec.cat\/ceip-marcel-li-moragas\/wp-content\/uploads\/usu2333\/2024\/01\/IMG_5568-1-768x1024.jpg 768w, https:\/\/agora.xtec.cat\/ceip-marcel-li-moragas\/wp-content\/uploads\/usu2333\/2024\/01\/IMG_5568-1-1152x1536.jpg 1152w, https:\/\/agora.xtec.cat\/ceip-marcel-li-moragas\/wp-content\/uploads\/usu2333\/2024\/01\/IMG_5568-1-1536x2048.jpg 1536w\" sizes=\"auto, (max-width: 216px) 100vw, 216px\" \/><\/a><\/p>\n<p><span style=\"color: #008080;\"><strong>Sandra Escudero<\/strong><\/span><\/td>\n<td style=\"width: 18.3735%; text-align: center; height: 321px;\"><strong>2nB<\/strong><\/td>\n<td style=\"width: 28.2128%; text-align: center; height: 321px;\"><a href=\"https:\/\/agora.xtec.cat\/ceip-marcel-li-moragas\/wp-content\/uploads\/usu2333\/2025\/09\/Natalia-Aldecoa.jpeg\"><img loading=\"lazy\" decoding=\"async\" class=\"aligncenter size-full wp-image-3803\" src=\"https:\/\/agora.xtec.cat\/ceip-marcel-li-moragas\/wp-content\/uploads\/usu2333\/2025\/09\/Natalia-Aldecoa.jpeg\" alt=\"\" width=\"563\" height=\"580\" srcset=\"https:\/\/agora.xtec.cat\/ceip-marcel-li-moragas\/wp-content\/uploads\/usu2333\/2025\/09\/Natalia-Aldecoa.jpeg 563w, https:\/\/agora.xtec.cat\/ceip-marcel-li-moragas\/wp-content\/uploads\/usu2333\/2025\/09\/Natalia-Aldecoa-291x300.jpeg 291w\" sizes=\"auto, (max-width: 563px) 100vw, 563px\" \/><\/a><\/p>\n<p><span style=\"color: #008080;\"><strong>Natalia Aldecoa<\/strong><\/span><\/td>\n<\/tr>\n<tr style=\"height: 325px;\">\n<td style=\"width: 17.9719%; text-align: center; height: 325px;\"><strong>3rA<\/strong><\/td>\n<td style=\"width: 35.4418%; text-align: center; height: 325px;\"><a href=\"https:\/\/agora.xtec.cat\/ceip-marcel-li-moragas\/wp-content\/uploads\/usu2333\/2023\/01\/Mariana-Lopez.jpg\"><img loading=\"lazy\" decoding=\"async\" class=\"aligncenter wp-image-797\" src=\"https:\/\/agora.xtec.cat\/ceip-marcel-li-moragas\/wp-content\/uploads\/usu2333\/2023\/01\/Mariana-Lopez.jpg\" alt=\"\" width=\"226\" height=\"261\" srcset=\"https:\/\/agora.xtec.cat\/ceip-marcel-li-moragas\/wp-content\/uploads\/usu2333\/2023\/01\/Mariana-Lopez.jpg 1319w, https:\/\/agora.xtec.cat\/ceip-marcel-li-moragas\/wp-content\/uploads\/usu2333\/2023\/01\/Mariana-Lopez-260x300.jpg 260w, https:\/\/agora.xtec.cat\/ceip-marcel-li-moragas\/wp-content\/uploads\/usu2333\/2023\/01\/Mariana-Lopez-887x1024.jpg 887w, https:\/\/agora.xtec.cat\/ceip-marcel-li-moragas\/wp-content\/uploads\/usu2333\/2023\/01\/Mariana-Lopez-768x886.jpg 768w\" sizes=\"auto, (max-width: 226px) 100vw, 226px\" \/><\/a><\/p>\n<p><span style=\"color: #008080;\"><strong>Mariana L\u00f3pez<\/strong><\/span><\/td>\n<td style=\"width: 18.3735%; text-align: center; height: 325px;\"><strong>3rB<\/strong><\/td>\n<td style=\"width: 28.2128%; text-align: center; height: 325px;\"><a href=\"https:\/\/agora.xtec.cat\/ceip-marcel-li-moragas\/wp-content\/uploads\/usu2333\/2025\/09\/Marina-Urda.jpg\"><img loading=\"lazy\" decoding=\"async\" class=\"aligncenter wp-image-3804\" src=\"https:\/\/agora.xtec.cat\/ceip-marcel-li-moragas\/wp-content\/uploads\/usu2333\/2025\/09\/Marina-Urda.jpg\" alt=\"\" width=\"190\" height=\"253\" srcset=\"https:\/\/agora.xtec.cat\/ceip-marcel-li-moragas\/wp-content\/uploads\/usu2333\/2025\/09\/Marina-Urda.jpg 469w, https:\/\/agora.xtec.cat\/ceip-marcel-li-moragas\/wp-content\/uploads\/usu2333\/2025\/09\/Marina-Urda-225x300.jpg 225w\" sizes=\"auto, (max-width: 190px) 100vw, 190px\" \/><\/a><\/p>\n<p><span style=\"color: #008080;\"><strong>Roc\u00edo \u00c1vila \/ Marina U.<\/strong><\/span><\/td>\n<\/tr>\n<\/tbody>\n<\/table>\n","protected":false},"excerpt":{"rendered":"<p>1rA &nbsp; Marta Fern\u00e1ndez &nbsp; 1rB &nbsp; Fani Muros 2nA Sandra Escudero 2nB Natalia Aldecoa 3rA Mariana L\u00f3pez 3rB Roc\u00edo \u00c1vila \/ Marina U.<\/p>\n","protected":false},"author":1,"featured_media":0,"parent":814,"menu_order":0,"comment_status":"closed","ping_status":"closed","template":"","meta":{"_bbp_topic_count":0,"_bbp_reply_count":0,"_bbp_total_topic_count":0,"_bbp_total_reply_count":0,"_bbp_voice_count":0,"_bbp_anonymous_reply_count":0,"_bbp_topic_count_hidden":0,"_bbp_reply_count_hidden":0,"_bbp_forum_subforum_count":0,"site-sidebar-layout":"default","site-content-layout":"","ast-site-content-layout":"default","site-content-style":"default","site-sidebar-style":"default","ast-global-header-display":"","ast-banner-title-visibility":"","ast-main-header-display":"","ast-hfb-above-header-display":"","ast-hfb-below-header-display":"","ast-hfb-mobile-header-display":"","site-post-title":"","ast-breadcrumbs-content":"","ast-featured-img":"","footer-sml-layout":"","theme-transparent-header-meta":"default","adv-header-id-meta":"","stick-header-meta":"","header-above-stick-meta":"","header-main-stick-meta":"","header-below-stick-meta":"","astra-migrate-meta-layouts":"set","ast-page-background-enabled":"default","ast-page-background-meta":{"desktop":{"background-color":"var(--ast-global-color-4)","background-image":"","background-repeat":"repeat","background-position":"center center","background-size":"auto","background-attachment":"scroll","background-type":"","background-media":"","overlay-type":"","overlay-color":"","overlay-opacity":"","overlay-gradient":""},"tablet":{"background-color":"","background-image":"","background-repeat":"repeat","background-position":"center center","background-size":"auto","background-attachment":"scroll","background-type":"","background-media":"","overlay-type":"","overlay-color":"","overlay-opacity":"","overlay-gradient":""},"mobile":{"background-color":"","background-image":"","background-repeat":"repeat","background-position":"center center","background-size":"auto","background-attachment":"scroll","background-type":"","background-media":"","overlay-type":"","overlay-color":"","overlay-opacity":"","overlay-gradient":""}},"ast-content-background-meta":{"desktop":{"background-color":"var(--ast-global-color-5)","background-image":"","background-repeat":"repeat","background-position":"center center","background-size":"auto","background-attachment":"scroll","background-type":"","background-media":"","overlay-type":"","overlay-color":"","overlay-opacity":"","overlay-gradient":""},"tablet":{"background-color":"var(--ast-global-color-5)","background-image":"","background-repeat":"repeat","background-position":"center center","background-size":"auto","background-attachment":"scroll","background-type":"","background-media":"","overlay-type":"","overlay-color":"","overlay-opacity":"","overlay-gradient":""},"mobile":{"background-color":"var(--ast-global-color-5)","background-image":"","background-repeat":"repeat","background-position":"center center","background-size":"auto","background-attachment":"scroll","background-type":"","background-media":"","overlay-type":"","overlay-color":"","overlay-opacity":"","overlay-gradient":""}},"footnotes":""},"class_list":["post-757","page","type-page","status-publish","hentry"],"post_mailing_queue_ids":[],"_links":{"self":[{"href":"https:\/\/agora.xtec.cat\/ceip-marcel-li-moragas\/wp-json\/wp\/v2\/pages\/757","targetHints":{"allow":["GET"]}}],"collection":[{"href":"https:\/\/agora.xtec.cat\/ceip-marcel-li-moragas\/wp-json\/wp\/v2\/pages"}],"about":[{"href":"https:\/\/agora.xtec.cat\/ceip-marcel-li-moragas\/wp-json\/wp\/v2\/types\/page"}],"author":[{"embeddable":true,"href":"https:\/\/agora.xtec.cat\/ceip-marcel-li-moragas\/wp-json\/wp\/v2\/users\/1"}],"replies":[{"embeddable":true,"href":"https:\/\/agora.xtec.cat\/ceip-marcel-li-moragas\/wp-json\/wp\/v2\/comments?post=757"}],"version-history":[{"count":6,"href":"https:\/\/agora.xtec.cat\/ceip-marcel-li-moragas\/wp-json\/wp\/v2\/pages\/757\/revisions"}],"predecessor-version":[{"id":3806,"href":"https:\/\/agora.xtec.cat\/ceip-marcel-li-moragas\/wp-json\/wp\/v2\/pages\/757\/revisions\/3806"}],"up":[{"embeddable":true,"href":"https:\/\/agora.xtec.cat\/ceip-marcel-li-moragas\/wp-json\/wp\/v2\/pages\/814"}],"wp:attachment":[{"href":"https:\/\/agora.xtec.cat\/ceip-marcel-li-moragas\/wp-json\/wp\/v2\/media?parent=757"}],"curies":[{"name":"wp","href":"https:\/\/api.w.org\/{rel}","templated":true}]}}