{"id":756,"date":"2023-01-23T12:27:59","date_gmt":"2023-01-23T11:27:59","guid":{"rendered":"https:\/\/agora.xtec.cat\/ceip-marcel-li-moragas\/?page_id=756"},"modified":"2025-09-23T13:23:39","modified_gmt":"2025-09-23T11:23:39","slug":"comunitat-petits","status":"publish","type":"page","link":"https:\/\/agora.xtec.cat\/ceip-marcel-li-moragas\/claustre-3\/comunitat-petits\/","title":{"rendered":"Comunitat Petits"},"content":{"rendered":"<pre><\/pre>\n<table style=\"border-collapse: collapse; width: 100%; height: 160px;\">\n<tbody>\n<tr style=\"height: 32px;\">\n<td style=\"width: 100%; text-align: center; height: 32px;\" colspan=\"4\"><\/td>\n<\/tr>\n<tr style=\"height: 32px;\">\n<td style=\"width: 17.2466%; text-align: center; height: 32px;\"><strong>I3 A<\/strong><\/td>\n<td style=\"width: 35.7991%; text-align: center; height: 32px;\"><span style=\"color: #008080;\"><strong><a href=\"https:\/\/agora.xtec.cat\/ceip-marcel-li-moragas\/wp-content\/uploads\/usu2333\/2023\/01\/Angela-Sole.jpg\"><img loading=\"lazy\" decoding=\"async\" class=\"alignnone wp-image-787\" src=\"https:\/\/agora.xtec.cat\/ceip-marcel-li-moragas\/wp-content\/uploads\/usu2333\/2023\/01\/Angela-Sole-768x1024.jpg\" alt=\"\" width=\"141\" height=\"188\" srcset=\"https:\/\/agora.xtec.cat\/ceip-marcel-li-moragas\/wp-content\/uploads\/usu2333\/2023\/01\/Angela-Sole-768x1024.jpg 768w, https:\/\/agora.xtec.cat\/ceip-marcel-li-moragas\/wp-content\/uploads\/usu2333\/2023\/01\/Angela-Sole-225x300.jpg 225w, https:\/\/agora.xtec.cat\/ceip-marcel-li-moragas\/wp-content\/uploads\/usu2333\/2023\/01\/Angela-Sole-1152x1536.jpg 1152w, https:\/\/agora.xtec.cat\/ceip-marcel-li-moragas\/wp-content\/uploads\/usu2333\/2023\/01\/Angela-Sole.jpg 1200w\" sizes=\"auto, (max-width: 141px) 100vw, 141px\" \/><\/a><a href=\"https:\/\/agora.xtec.cat\/ceip-marcel-li-moragas\/wp-content\/uploads\/usu2333\/2023\/02\/sketch-1675413514008-1.png\">\u00a0 \u00a0<\/a><\/strong><\/span><\/p>\n<p><span style=\"color: #008080;\"><strong>\u00c1ngela Sol\u00e9<\/strong><\/span><\/td>\n<td style=\"width: 14.0894%; text-align: center; height: 32px;\"><strong>I3 B<\/strong><\/td>\n<td style=\"width: 32.8649%; text-align: center; height: 32px;\"><span style=\"color: #008080;\"><strong><a href=\"https:\/\/agora.xtec.cat\/ceip-marcel-li-moragas\/wp-content\/uploads\/usu2333\/2023\/01\/montse-artigas.png\"><img loading=\"lazy\" decoding=\"async\" class=\"alignnone wp-image-788\" src=\"https:\/\/agora.xtec.cat\/ceip-marcel-li-moragas\/wp-content\/uploads\/usu2333\/2023\/01\/montse-artigas.png\" alt=\"\" width=\"143\" height=\"194\" \/><\/a><\/strong><\/span><\/p>\n<p><span style=\"color: #008080;\"><strong>Montse Artigas<\/strong><\/span><\/td>\n<\/tr>\n<tr style=\"height: 32px;\">\n<td style=\"width: 17.2466%; text-align: center; height: 32px;\"><strong>I4 A<\/strong><\/td>\n<td style=\"width: 35.7991%; text-align: center; height: 32px;\"><span style=\"color: #008080;\"><strong><img loading=\"lazy\" decoding=\"async\" class=\"\" src=\"https:\/\/agora.xtec.cat\/ceip-marcel-li-moragas\/wp-content\/uploads\/usu2333\/2023\/01\/IMG_4712-rotated.jpg\" width=\"157\" height=\"209\" \/><\/strong><\/span><\/p>\n<p><span style=\"color: #008080;\"><strong>Laura Rodr\u00edguez<\/strong><\/span><\/td>\n<td style=\"width: 14.0894%; text-align: center; height: 32px;\"><strong>I4 B<\/strong><\/td>\n<td style=\"width: 32.8649%; text-align: center; height: 32px;\"><img loading=\"lazy\" decoding=\"async\" class=\"alignnone wp-image-3425\" src=\"https:\/\/agora.xtec.cat\/ceip-marcel-li-moragas\/wp-content\/uploads\/usu2333\/2025\/02\/Noelia-Zafrilla.jpg\" alt=\"\" width=\"163\" height=\"183\" srcset=\"https:\/\/agora.xtec.cat\/ceip-marcel-li-moragas\/wp-content\/uploads\/usu2333\/2025\/02\/Noelia-Zafrilla.jpg 1424w, https:\/\/agora.xtec.cat\/ceip-marcel-li-moragas\/wp-content\/uploads\/usu2333\/2025\/02\/Noelia-Zafrilla-267x300.jpg 267w, https:\/\/agora.xtec.cat\/ceip-marcel-li-moragas\/wp-content\/uploads\/usu2333\/2025\/02\/Noelia-Zafrilla-911x1024.jpg 911w, https:\/\/agora.xtec.cat\/ceip-marcel-li-moragas\/wp-content\/uploads\/usu2333\/2025\/02\/Noelia-Zafrilla-768x863.jpg 768w, https:\/\/agora.xtec.cat\/ceip-marcel-li-moragas\/wp-content\/uploads\/usu2333\/2025\/02\/Noelia-Zafrilla-1367x1536.jpg 1367w\" sizes=\"auto, (max-width: 163px) 100vw, 163px\" \/><\/p>\n<p><span style=\"color: #008080;\"><strong>Noelia Zafrilla\u00a0<\/strong><\/span><\/td>\n<\/tr>\n<tr style=\"height: 32px;\">\n<td style=\"width: 17.2466%; text-align: center; height: 32px;\"><strong>I5 A<\/strong><\/td>\n<td style=\"width: 35.7991%; text-align: center; height: 32px;\"><span style=\"color: #008080;\"><strong><a href=\"https:\/\/agora.xtec.cat\/ceip-marcel-li-moragas\/wp-content\/uploads\/usu2333\/2023\/01\/Angela-Sole.jpg\"><img loading=\"lazy\" decoding=\"async\" class=\"\" src=\"https:\/\/agora.xtec.cat\/ceip-marcel-li-moragas\/wp-content\/uploads\/usu2333\/2023\/02\/sketch-1675413514008-1-1024x1024.png\" width=\"183\" height=\"183\" \/><\/a><\/strong><\/span><\/p>\n<p><span style=\"color: #000000;\"><strong><span style=\"color: #000000;\">\u00a0<\/span><span style=\"color: #008080;\">Carol Amrani<\/span><\/strong><\/span><\/td>\n<td style=\"width: 14.0894%; text-align: center; height: 32px;\"><strong>I5 B<\/strong><\/td>\n<td style=\"width: 32.8649%; text-align: center; height: 32px;\"><span style=\"color: #008080;\"><strong><img loading=\"lazy\" decoding=\"async\" class=\"alignnone wp-image-947\" src=\"https:\/\/agora.xtec.cat\/ceip-marcel-li-moragas\/wp-content\/uploads\/usu2333\/2023\/02\/sketch-1675413489985-1-577x1024.png\" alt=\"\" width=\"114\" height=\"202\" srcset=\"https:\/\/agora.xtec.cat\/ceip-marcel-li-moragas\/wp-content\/uploads\/usu2333\/2023\/02\/sketch-1675413489985-1-577x1024.png 577w, https:\/\/agora.xtec.cat\/ceip-marcel-li-moragas\/wp-content\/uploads\/usu2333\/2023\/02\/sketch-1675413489985-1-169x300.png 169w, https:\/\/agora.xtec.cat\/ceip-marcel-li-moragas\/wp-content\/uploads\/usu2333\/2023\/02\/sketch-1675413489985-1-768x1363.png 768w, https:\/\/agora.xtec.cat\/ceip-marcel-li-moragas\/wp-content\/uploads\/usu2333\/2023\/02\/sketch-1675413489985-1-865x1536.png 865w, https:\/\/agora.xtec.cat\/ceip-marcel-li-moragas\/wp-content\/uploads\/usu2333\/2023\/02\/sketch-1675413489985-1.png 1080w\" sizes=\"auto, (max-width: 114px) 100vw, 114px\" \/><\/strong><img loading=\"lazy\" decoding=\"async\" class=\"alignnone wp-image-800\" src=\"https:\/\/agora.xtec.cat\/ceip-marcel-li-moragas\/wp-content\/uploads\/usu2333\/2023\/01\/Sara-Ginesta-scaled-e1706090937917.jpg\" alt=\"\" width=\"145\" height=\"171\" srcset=\"https:\/\/agora.xtec.cat\/ceip-marcel-li-moragas\/wp-content\/uploads\/usu2333\/2023\/01\/Sara-Ginesta-scaled-e1706090937917.jpg 1917w, https:\/\/agora.xtec.cat\/ceip-marcel-li-moragas\/wp-content\/uploads\/usu2333\/2023\/01\/Sara-Ginesta-scaled-e1706090937917-255x300.jpg 255w, https:\/\/agora.xtec.cat\/ceip-marcel-li-moragas\/wp-content\/uploads\/usu2333\/2023\/01\/Sara-Ginesta-scaled-e1706090937917-870x1024.jpg 870w, https:\/\/agora.xtec.cat\/ceip-marcel-li-moragas\/wp-content\/uploads\/usu2333\/2023\/01\/Sara-Ginesta-scaled-e1706090937917-768x904.jpg 768w, https:\/\/agora.xtec.cat\/ceip-marcel-li-moragas\/wp-content\/uploads\/usu2333\/2023\/01\/Sara-Ginesta-scaled-e1706090937917-1305x1536.jpg 1305w, https:\/\/agora.xtec.cat\/ceip-marcel-li-moragas\/wp-content\/uploads\/usu2333\/2023\/01\/Sara-Ginesta-scaled-e1706090937917-1739x2048.jpg 1739w\" sizes=\"auto, (max-width: 145px) 100vw, 145px\" \/><\/span><\/p>\n<p><span style=\"color: #008080;\"><strong>Mireia Amrani i Sara Ginesta<\/strong><\/span><\/td>\n<\/tr>\n<tr style=\"height: 32px;\">\n<td style=\"width: 17.2466%; text-align: center; height: 32px;\"><strong>TEI<\/strong><\/td>\n<td style=\"width: 35.7991%; text-align: center; height: 32px;\"><a href=\"https:\/\/agora.xtec.cat\/ceip-marcel-li-moragas\/wp-content\/uploads\/usu2333\/2025\/09\/MaCarmen-Peinador.jpg\"><img loading=\"lazy\" decoding=\"async\" class=\"aligncenter wp-image-3807\" src=\"https:\/\/agora.xtec.cat\/ceip-marcel-li-moragas\/wp-content\/uploads\/usu2333\/2025\/09\/MaCarmen-Peinador.jpg\" alt=\"\" width=\"140\" height=\"186\" srcset=\"https:\/\/agora.xtec.cat\/ceip-marcel-li-moragas\/wp-content\/uploads\/usu2333\/2025\/09\/MaCarmen-Peinador.jpg 1536w, https:\/\/agora.xtec.cat\/ceip-marcel-li-moragas\/wp-content\/uploads\/usu2333\/2025\/09\/MaCarmen-Peinador-226x300.jpg 226w, https:\/\/agora.xtec.cat\/ceip-marcel-li-moragas\/wp-content\/uploads\/usu2333\/2025\/09\/MaCarmen-Peinador-771x1024.jpg 771w, https:\/\/agora.xtec.cat\/ceip-marcel-li-moragas\/wp-content\/uploads\/usu2333\/2025\/09\/MaCarmen-Peinador-768x1020.jpg 768w, https:\/\/agora.xtec.cat\/ceip-marcel-li-moragas\/wp-content\/uploads\/usu2333\/2025\/09\/MaCarmen-Peinador-1157x1536.jpg 1157w\" sizes=\"auto, (max-width: 140px) 100vw, 140px\" \/><\/a><br \/>\n<span style=\"color: #008080;\"><strong>M\u00ba Carmen Peinador<\/strong><\/span><\/td>\n<td style=\"width: 14.0894%; text-align: center; height: 32px;\"><strong>Refor\u00e7 Petits<\/strong><\/td>\n<td style=\"width: 32.8649%; text-align: center; height: 32px;\"><a href=\"https:\/\/agora.xtec.cat\/ceip-marcel-li-moragas\/wp-content\/uploads\/usu2333\/2025\/02\/Jenifer-Lopez.jpg\"><img loading=\"lazy\" decoding=\"async\" class=\"alignnone wp-image-3466\" src=\"https:\/\/agora.xtec.cat\/ceip-marcel-li-moragas\/wp-content\/uploads\/usu2333\/2025\/02\/Jenifer-Lopez.jpg\" alt=\"\" width=\"128\" height=\"171\" srcset=\"https:\/\/agora.xtec.cat\/ceip-marcel-li-moragas\/wp-content\/uploads\/usu2333\/2025\/02\/Jenifer-Lopez.jpg 1536w, https:\/\/agora.xtec.cat\/ceip-marcel-li-moragas\/wp-content\/uploads\/usu2333\/2025\/02\/Jenifer-Lopez-225x300.jpg 225w, https:\/\/agora.xtec.cat\/ceip-marcel-li-moragas\/wp-content\/uploads\/usu2333\/2025\/02\/Jenifer-Lopez-768x1024.jpg 768w, https:\/\/agora.xtec.cat\/ceip-marcel-li-moragas\/wp-content\/uploads\/usu2333\/2025\/02\/Jenifer-Lopez-1152x1536.jpg 1152w\" sizes=\"auto, (max-width: 128px) 100vw, 128px\" \/><\/a><\/p>\n<p><span style=\"color: #008080;\"><strong>\u00a0 \u00a0Jenifer L\u00f3pez<\/strong><\/span><\/td>\n<\/tr>\n<\/tbody>\n<\/table>\n","protected":false},"excerpt":{"rendered":"<p>I3 A \u00a0 \u00a0 \u00c1ngela Sol\u00e9 I3 B Montse Artigas I4 A Laura Rodr\u00edguez I4 B Noelia Zafrilla\u00a0 I5 A \u00a0Carol Amrani I5 B Mireia Amrani i Sara Ginesta TEI M\u00ba Carmen Peinador Refor\u00e7 Petits \u00a0 \u00a0Jenifer L\u00f3pez<\/p>\n","protected":false},"author":1,"featured_media":0,"parent":814,"menu_order":0,"comment_status":"closed","ping_status":"closed","template":"","meta":{"_bbp_topic_count":0,"_bbp_reply_count":0,"_bbp_total_topic_count":0,"_bbp_total_reply_count":0,"_bbp_voice_count":0,"_bbp_anonymous_reply_count":0,"_bbp_topic_count_hidden":0,"_bbp_reply_count_hidden":0,"_bbp_forum_subforum_count":0,"site-sidebar-layout":"default","site-content-layout":"","ast-site-content-layout":"default","site-content-style":"default","site-sidebar-style":"default","ast-global-header-display":"","ast-banner-title-visibility":"","ast-main-header-display":"","ast-hfb-above-header-display":"","ast-hfb-below-header-display":"","ast-hfb-mobile-header-display":"","site-post-title":"","ast-breadcrumbs-content":"","ast-featured-img":"","footer-sml-layout":"","theme-transparent-header-meta":"default","adv-header-id-meta":"","stick-header-meta":"","header-above-stick-meta":"","header-main-stick-meta":"","header-below-stick-meta":"","astra-migrate-meta-layouts":"set","ast-page-background-enabled":"default","ast-page-background-meta":{"desktop":{"background-color":"var(--ast-global-color-4)","background-image":"","background-repeat":"repeat","background-position":"center center","background-size":"auto","background-attachment":"scroll","background-type":"","background-media":"","overlay-type":"","overlay-color":"","overlay-opacity":"","overlay-gradient":""},"tablet":{"background-color":"","background-image":"","background-repeat":"repeat","background-position":"center center","background-size":"auto","background-attachment":"scroll","background-type":"","background-media":"","overlay-type":"","overlay-color":"","overlay-opacity":"","overlay-gradient":""},"mobile":{"background-color":"","background-image":"","background-repeat":"repeat","background-position":"center center","background-size":"auto","background-attachment":"scroll","background-type":"","background-media":"","overlay-type":"","overlay-color":"","overlay-opacity":"","overlay-gradient":""}},"ast-content-background-meta":{"desktop":{"background-color":"var(--ast-global-color-5)","background-image":"","background-repeat":"repeat","background-position":"center center","background-size":"auto","background-attachment":"scroll","background-type":"","background-media":"","overlay-type":"","overlay-color":"","overlay-opacity":"","overlay-gradient":""},"tablet":{"background-color":"var(--ast-global-color-5)","background-image":"","background-repeat":"repeat","background-position":"center center","background-size":"auto","background-attachment":"scroll","background-type":"","background-media":"","overlay-type":"","overlay-color":"","overlay-opacity":"","overlay-gradient":""},"mobile":{"background-color":"var(--ast-global-color-5)","background-image":"","background-repeat":"repeat","background-position":"center center","background-size":"auto","background-attachment":"scroll","background-type":"","background-media":"","overlay-type":"","overlay-color":"","overlay-opacity":"","overlay-gradient":""}},"footnotes":""},"class_list":["post-756","page","type-page","status-publish","hentry"],"post_mailing_queue_ids":[],"_links":{"self":[{"href":"https:\/\/agora.xtec.cat\/ceip-marcel-li-moragas\/wp-json\/wp\/v2\/pages\/756","targetHints":{"allow":["GET"]}}],"collection":[{"href":"https:\/\/agora.xtec.cat\/ceip-marcel-li-moragas\/wp-json\/wp\/v2\/pages"}],"about":[{"href":"https:\/\/agora.xtec.cat\/ceip-marcel-li-moragas\/wp-json\/wp\/v2\/types\/page"}],"author":[{"embeddable":true,"href":"https:\/\/agora.xtec.cat\/ceip-marcel-li-moragas\/wp-json\/wp\/v2\/users\/1"}],"replies":[{"embeddable":true,"href":"https:\/\/agora.xtec.cat\/ceip-marcel-li-moragas\/wp-json\/wp\/v2\/comments?post=756"}],"version-history":[{"count":6,"href":"https:\/\/agora.xtec.cat\/ceip-marcel-li-moragas\/wp-json\/wp\/v2\/pages\/756\/revisions"}],"predecessor-version":[{"id":3819,"href":"https:\/\/agora.xtec.cat\/ceip-marcel-li-moragas\/wp-json\/wp\/v2\/pages\/756\/revisions\/3819"}],"up":[{"embeddable":true,"href":"https:\/\/agora.xtec.cat\/ceip-marcel-li-moragas\/wp-json\/wp\/v2\/pages\/814"}],"wp:attachment":[{"href":"https:\/\/agora.xtec.cat\/ceip-marcel-li-moragas\/wp-json\/wp\/v2\/media?parent=756"}],"curies":[{"name":"wp","href":"https:\/\/api.w.org\/{rel}","templated":true}]}}