{"id":73,"date":"2022-11-25T12:15:51","date_gmt":"2022-11-25T11:15:51","guid":{"rendered":"http:\/\/agora.xtec.cat\/ceip-marcel-li-moragas\/?page_id=73"},"modified":"2025-10-24T10:48:16","modified_gmt":"2025-10-24T08:48:16","slug":"menjador-escolar","status":"publish","type":"page","link":"https:\/\/agora.xtec.cat\/ceip-marcel-li-moragas\/serveis\/menjador-escolar\/","title":{"rendered":"Menjador escolar"},"content":{"rendered":"<p>La nostra escola disposa de cuina pr\u00f2pia i <strong>el menjar s&#8217;elabora<\/strong>\u00a0amb productes de proximitat, de temporada, amb oli d&#8217;oliva, productes ecol\u00f2gics, frescs i amb les m\u00e0ximes garanties d&#8217;higiene i qualitat (inspeccionat pel Departament de Sanitat de la Generalitat de Catalunya).<\/p>\n<p>Els men\u00fas estan elaborats a partir de les necessitats nutricionals dels infants i adaptats per aquells alumnes que tenen algun tipus de patologia, al\u00b7l\u00e8rgia o intoler\u00e0ncia, com tamb\u00e9 per raons culturals.<\/p>\n<p>El servei de menjador d&#8217;enguany \u00e9s gestionat per l&#8217;empresa\u00a0<strong>TENO MENJADORS, S.L.<\/strong><\/p>\n<p>L&#8217;AMPA de l&#8217;escola compta amb una subvenci\u00f3 anual de l&#8217;ajuntament que destina a l&#8217;espai del migdia per donar suport als infants de la nostra SIEI.<\/p>\n<ul style=\"list-style-type: circle;\">\n<li><strong><a href=\"https:\/\/www.teno.cat\/ca\/formulari-d-acces\">ACC\u00c9S FAM\u00cdLIES<\/a>\u00a0<\/strong><\/li>\n<\/ul>\n<p><strong>L&#8217;horari<\/strong> durant tot el curs \u00e9s de <strong>12:30 a 15:00 h.<\/strong>\u00a0Compr\u00e8n el dinar i les activitats d&#8217;esbarjo i joc, portades a terme per\u00a0<strong>monitores i monitors amb experi\u00e8ncia<\/strong>\u00a0en el m\u00f3n educatiu i el lleure.<\/p>\n<p>Quotes per alumne i dia:<\/p>\n<p>Alumnes\u00a0<strong>fixos: 7.12 \u20ac<\/strong><\/p>\n<p>Alumnes i<strong> eventuals: 7.83 \u20ac<\/strong><\/p>\n<p>La coordinadora de menjador \u00e9s\u00a0<strong>Vanessa Barbero<\/strong>\u00a0i podeu contactar amb ella trucant al tel\u00e8fon\u00a0<strong>662 940 062<\/strong>\u00a0o mitjan\u00e7ant el correu electr\u00f2nic:\u00a0<strong>menjadormarcel.limoragas@gmail.com\u00a0<\/strong><\/p>\n<p>&nbsp;<\/p>\n<p>&nbsp;<\/p>\n<p style=\"text-align: justify;\"><a href=\"https:\/\/www.instagram.com\/tenomenjadors\/\"><img loading=\"lazy\" decoding=\"async\" class=\"wp-image-1180\" src=\"https:\/\/agora.xtec.cat\/ceip-marcel-li-moragas\/wp-content\/uploads\/usu2333\/2023\/02\/Instagram.jpg\" alt=\"\" width=\"34\" height=\"34\" srcset=\"https:\/\/agora.xtec.cat\/ceip-marcel-li-moragas\/wp-content\/uploads\/usu2333\/2023\/02\/Instagram.jpg 225w, https:\/\/agora.xtec.cat\/ceip-marcel-li-moragas\/wp-content\/uploads\/usu2333\/2023\/02\/Instagram-150x150.jpg 150w\" sizes=\"auto, (max-width: 34px) 100vw, 34px\" \/><\/a><a href=\"https:\/\/www.gavaciutat.cat\/es\/portada\"><img loading=\"lazy\" decoding=\"async\" class=\"wp-image-1631 alignright\" src=\"https:\/\/agora.xtec.cat\/ceip-marcel-li-moragas\/wp-content\/uploads\/usu2333\/2023\/09\/images.png\" alt=\"\" width=\"85\" height=\"106\" \/><\/a><a href=\"https:\/\/www.cuinacatalana.eu\/\"><img loading=\"lazy\" decoding=\"async\" class=\"alignright wp-image-1030\" src=\"https:\/\/agora.xtec.cat\/ceip-marcel-li-moragas\/wp-content\/uploads\/usu2333\/2023\/02\/cuina-catalana-logo-1024x666.jpg\" alt=\"\" width=\"119\" height=\"77\" srcset=\"https:\/\/agora.xtec.cat\/ceip-marcel-li-moragas\/wp-content\/uploads\/usu2333\/2023\/02\/cuina-catalana-logo-1024x666.jpg 1024w, https:\/\/agora.xtec.cat\/ceip-marcel-li-moragas\/wp-content\/uploads\/usu2333\/2023\/02\/cuina-catalana-logo-300x195.jpg 300w, https:\/\/agora.xtec.cat\/ceip-marcel-li-moragas\/wp-content\/uploads\/usu2333\/2023\/02\/cuina-catalana-logo-768x499.jpg 768w, https:\/\/agora.xtec.cat\/ceip-marcel-li-moragas\/wp-content\/uploads\/usu2333\/2023\/02\/cuina-catalana-logo.jpg 1200w\" sizes=\"auto, (max-width: 119px) 100vw, 119px\" \/><\/a><a href=\"https:\/\/www.teno.cat\/ca\/\"><img loading=\"lazy\" decoding=\"async\" class=\"wp-image-1031 alignright\" src=\"https:\/\/agora.xtec.cat\/ceip-marcel-li-moragas\/wp-content\/uploads\/usu2333\/2023\/02\/Teno_Logo_Net-1024x819.jpg\" alt=\"\" width=\"131\" height=\"105\" srcset=\"https:\/\/agora.xtec.cat\/ceip-marcel-li-moragas\/wp-content\/uploads\/usu2333\/2023\/02\/Teno_Logo_Net-1024x819.jpg 1024w, https:\/\/agora.xtec.cat\/ceip-marcel-li-moragas\/wp-content\/uploads\/usu2333\/2023\/02\/Teno_Logo_Net-300x240.jpg 300w, https:\/\/agora.xtec.cat\/ceip-marcel-li-moragas\/wp-content\/uploads\/usu2333\/2023\/02\/Teno_Logo_Net-768x615.jpg 768w, https:\/\/agora.xtec.cat\/ceip-marcel-li-moragas\/wp-content\/uploads\/usu2333\/2023\/02\/Teno_Logo_Net.jpg 1181w\" sizes=\"auto, (max-width: 131px) 100vw, 131px\" \/><\/a><\/p>\n","protected":false},"excerpt":{"rendered":"<p>La nostra escola disposa de cuina pr\u00f2pia i el menjar s&#8217;elabora\u00a0amb productes de proximitat, de temporada, amb oli d&#8217;oliva, productes ecol\u00f2gics, frescs i amb les m\u00e0ximes garanties d&#8217;higiene i qualitat (inspeccionat pel Departament de Sanitat de la Generalitat de Catalunya). Els men\u00fas estan elaborats a partir de les necessitats nutricionals dels infants i adaptats per [&hellip;]<\/p>\n","protected":false},"author":1,"featured_media":0,"parent":66,"menu_order":30,"comment_status":"closed","ping_status":"closed","template":"","meta":{"_bbp_topic_count":0,"_bbp_reply_count":0,"_bbp_total_topic_count":0,"_bbp_total_reply_count":0,"_bbp_voice_count":0,"_bbp_anonymous_reply_count":0,"_bbp_topic_count_hidden":0,"_bbp_reply_count_hidden":0,"_bbp_forum_subforum_count":0,"site-sidebar-layout":"default","site-content-layout":"","ast-site-content-layout":"default","site-content-style":"default","site-sidebar-style":"default","ast-global-header-display":"","ast-banner-title-visibility":"","ast-main-header-display":"","ast-hfb-above-header-display":"","ast-hfb-below-header-display":"","ast-hfb-mobile-header-display":"","site-post-title":"","ast-breadcrumbs-content":"","ast-featured-img":"","footer-sml-layout":"","theme-transparent-header-meta":"default","adv-header-id-meta":"","stick-header-meta":"","header-above-stick-meta":"","header-main-stick-meta":"","header-below-stick-meta":"","astra-migrate-meta-layouts":"set","ast-page-background-enabled":"default","ast-page-background-meta":{"desktop":{"background-color":"var(--ast-global-color-4)","background-image":"","background-repeat":"repeat","background-position":"center center","background-size":"auto","background-attachment":"scroll","background-type":"","background-media":"","overlay-type":"","overlay-color":"","overlay-opacity":"","overlay-gradient":""},"tablet":{"background-color":"","background-image":"","background-repeat":"repeat","background-position":"center center","background-size":"auto","background-attachment":"scroll","background-type":"","background-media":"","overlay-type":"","overlay-color":"","overlay-opacity":"","overlay-gradient":""},"mobile":{"background-color":"","background-image":"","background-repeat":"repeat","background-position":"center center","background-size":"auto","background-attachment":"scroll","background-type":"","background-media":"","overlay-type":"","overlay-color":"","overlay-opacity":"","overlay-gradient":""}},"ast-content-background-meta":{"desktop":{"background-color":"var(--ast-global-color-5)","background-image":"","background-repeat":"repeat","background-position":"center center","background-size":"auto","background-attachment":"scroll","background-type":"","background-media":"","overlay-type":"","overlay-color":"","overlay-opacity":"","overlay-gradient":""},"tablet":{"background-color":"var(--ast-global-color-5)","background-image":"","background-repeat":"repeat","background-position":"center center","background-size":"auto","background-attachment":"scroll","background-type":"","background-media":"","overlay-type":"","overlay-color":"","overlay-opacity":"","overlay-gradient":""},"mobile":{"background-color":"var(--ast-global-color-5)","background-image":"","background-repeat":"repeat","background-position":"center center","background-size":"auto","background-attachment":"scroll","background-type":"","background-media":"","overlay-type":"","overlay-color":"","overlay-opacity":"","overlay-gradient":""}},"footnotes":""},"class_list":["post-73","page","type-page","status-publish","hentry"],"post_mailing_queue_ids":[],"_links":{"self":[{"href":"https:\/\/agora.xtec.cat\/ceip-marcel-li-moragas\/wp-json\/wp\/v2\/pages\/73","targetHints":{"allow":["GET"]}}],"collection":[{"href":"https:\/\/agora.xtec.cat\/ceip-marcel-li-moragas\/wp-json\/wp\/v2\/pages"}],"about":[{"href":"https:\/\/agora.xtec.cat\/ceip-marcel-li-moragas\/wp-json\/wp\/v2\/types\/page"}],"author":[{"embeddable":true,"href":"https:\/\/agora.xtec.cat\/ceip-marcel-li-moragas\/wp-json\/wp\/v2\/users\/1"}],"replies":[{"embeddable":true,"href":"https:\/\/agora.xtec.cat\/ceip-marcel-li-moragas\/wp-json\/wp\/v2\/comments?post=73"}],"version-history":[{"count":7,"href":"https:\/\/agora.xtec.cat\/ceip-marcel-li-moragas\/wp-json\/wp\/v2\/pages\/73\/revisions"}],"predecessor-version":[{"id":3957,"href":"https:\/\/agora.xtec.cat\/ceip-marcel-li-moragas\/wp-json\/wp\/v2\/pages\/73\/revisions\/3957"}],"up":[{"embeddable":true,"href":"https:\/\/agora.xtec.cat\/ceip-marcel-li-moragas\/wp-json\/wp\/v2\/pages\/66"}],"wp:attachment":[{"href":"https:\/\/agora.xtec.cat\/ceip-marcel-li-moragas\/wp-json\/wp\/v2\/media?parent=73"}],"curies":[{"name":"wp","href":"https:\/\/api.w.org\/{rel}","templated":true}]}}