{"id":4364,"date":"2026-04-07T10:09:07","date_gmt":"2026-04-07T08:09:07","guid":{"rendered":"https:\/\/agora.xtec.cat\/ceip-marcel-li-moragas\/?page_id=4364"},"modified":"2026-04-07T10:30:24","modified_gmt":"2026-04-07T08:30:24","slug":"llibre-blanc-de-les-llengues-maternes","status":"publish","type":"page","link":"https:\/\/agora.xtec.cat\/ceip-marcel-li-moragas\/documents-de-centre\/llibre-blanc-de-les-llengues-maternes\/","title":{"rendered":"Llibre Blanc de les Lleng\u00fces Maternes"},"content":{"rendered":"<p dir=\"ltr\">Bon dia,<\/p>\n<p>&nbsp;<\/p>\n<p dir=\"ltr\">M\u00e9s tard del que ens hauria agradat, us lliurem finalment el Llibre Blanc de les Lleng\u00fces Maternes del vostre centre. M\u00e9s endavant, us farem arribar el llibre del municipi.<\/p>\n<p>&nbsp;<\/p>\n<p dir=\"ltr\">Aquest llibre ha estat el fruit de la col\u00b7laboraci\u00f3 estreta de tots els integrants del seminari de Coordinadors\/es de Llengua i Cohesi\u00f3 Social de la zona. A ells i elles volem agrair especialment la seva implicaci\u00f3, per\u00f2 tamb\u00e9 la de direccions, tutors\/es, fam\u00edlies i alumnat que han facilitat el proc\u00e9s de gravaci\u00f3 dels \u00e0udios en les diferents lleng\u00fces maternes.<\/p>\n<p>&nbsp;<\/p>\n<p dir=\"ltr\">Esperem que sigui un instrument \u00fatil per enfortir el valor de la interculturalitat en la nostra comunitat educativa, en aquest cas visibilitzant la riquesa ling\u00fc\u00edstica que compartim. De moment, anem pensant en l&#8217;edici\u00f3 del 2027, perqu\u00e8 les lleng\u00fces, com les persones, no paren mai quietes. Acceptarem de bon grat qualsevol proposta per enriquir aquest futur llibre.<\/p>\n<p dir=\"ltr\"><a href=\"https:\/\/agora.xtec.cat\/ceip-marcel-li-moragas\/wp-content\/uploads\/usu2333\/2026\/04\/LLIBRE-BLANC-LLENGUES-MATERNES-ESCOLA-MARCEL\u00b7LI-MORAGAS.pdf\">LLIBRE BLANC LLENG\u00dcES MATERNES ESCOLA MARCEL\u00b7L\u00cd MORAGAS<\/a><\/p>\n","protected":false},"excerpt":{"rendered":"<p>Bon dia, &nbsp; M\u00e9s tard del que ens hauria agradat, us lliurem finalment el Llibre Blanc de les Lleng\u00fces Maternes del vostre centre. M\u00e9s endavant, us farem arribar el llibre del municipi. &nbsp; Aquest llibre ha estat el fruit de la col\u00b7laboraci\u00f3 estreta de tots els integrants del seminari de Coordinadors\/es de Llengua i Cohesi\u00f3 [&hellip;]<\/p>\n","protected":false},"author":1,"featured_media":0,"parent":4368,"menu_order":6,"comment_status":"closed","ping_status":"closed","template":"","meta":{"_bbp_topic_count":0,"_bbp_reply_count":0,"_bbp_total_topic_count":0,"_bbp_total_reply_count":0,"_bbp_voice_count":0,"_bbp_anonymous_reply_count":0,"_bbp_topic_count_hidden":0,"_bbp_reply_count_hidden":0,"_bbp_forum_subforum_count":0,"site-sidebar-layout":"default","site-content-layout":"","ast-site-content-layout":"default","site-content-style":"default","site-sidebar-style":"default","ast-global-header-display":"","ast-banner-title-visibility":"","ast-main-header-display":"","ast-hfb-above-header-display":"","ast-hfb-below-header-display":"","ast-hfb-mobile-header-display":"","site-post-title":"","ast-breadcrumbs-content":"","ast-featured-img":"","footer-sml-layout":"","theme-transparent-header-meta":"default","adv-header-id-meta":"","stick-header-meta":"","header-above-stick-meta":"","header-main-stick-meta":"","header-below-stick-meta":"","astra-migrate-meta-layouts":"set","ast-page-background-enabled":"default","ast-page-background-meta":{"desktop":{"background-color":"var(--ast-global-color-4)","background-image":"","background-repeat":"repeat","background-position":"center center","background-size":"auto","background-attachment":"scroll","background-type":"","background-media":"","overlay-type":"","overlay-color":"","overlay-opacity":"","overlay-gradient":""},"tablet":{"background-color":"","background-image":"","background-repeat":"repeat","background-position":"center center","background-size":"auto","background-attachment":"scroll","background-type":"","background-media":"","overlay-type":"","overlay-color":"","overlay-opacity":"","overlay-gradient":""},"mobile":{"background-color":"","background-image":"","background-repeat":"repeat","background-position":"center center","background-size":"auto","background-attachment":"scroll","background-type":"","background-media":"","overlay-type":"","overlay-color":"","overlay-opacity":"","overlay-gradient":""}},"ast-content-background-meta":{"desktop":{"background-color":"var(--ast-global-color-5)","background-image":"","background-repeat":"repeat","background-position":"center center","background-size":"auto","background-attachment":"scroll","background-type":"","background-media":"","overlay-type":"","overlay-color":"","overlay-opacity":"","overlay-gradient":""},"tablet":{"background-color":"var(--ast-global-color-5)","background-image":"","background-repeat":"repeat","background-position":"center center","background-size":"auto","background-attachment":"scroll","background-type":"","background-media":"","overlay-type":"","overlay-color":"","overlay-opacity":"","overlay-gradient":""},"mobile":{"background-color":"var(--ast-global-color-5)","background-image":"","background-repeat":"repeat","background-position":"center center","background-size":"auto","background-attachment":"scroll","background-type":"","background-media":"","overlay-type":"","overlay-color":"","overlay-opacity":"","overlay-gradient":""}},"footnotes":""},"class_list":["post-4364","page","type-page","status-publish","hentry"],"post_mailing_queue_ids":[],"_links":{"self":[{"href":"https:\/\/agora.xtec.cat\/ceip-marcel-li-moragas\/wp-json\/wp\/v2\/pages\/4364","targetHints":{"allow":["GET"]}}],"collection":[{"href":"https:\/\/agora.xtec.cat\/ceip-marcel-li-moragas\/wp-json\/wp\/v2\/pages"}],"about":[{"href":"https:\/\/agora.xtec.cat\/ceip-marcel-li-moragas\/wp-json\/wp\/v2\/types\/page"}],"author":[{"embeddable":true,"href":"https:\/\/agora.xtec.cat\/ceip-marcel-li-moragas\/wp-json\/wp\/v2\/users\/1"}],"replies":[{"embeddable":true,"href":"https:\/\/agora.xtec.cat\/ceip-marcel-li-moragas\/wp-json\/wp\/v2\/comments?post=4364"}],"version-history":[{"count":2,"href":"https:\/\/agora.xtec.cat\/ceip-marcel-li-moragas\/wp-json\/wp\/v2\/pages\/4364\/revisions"}],"predecessor-version":[{"id":4371,"href":"https:\/\/agora.xtec.cat\/ceip-marcel-li-moragas\/wp-json\/wp\/v2\/pages\/4364\/revisions\/4371"}],"up":[{"embeddable":true,"href":"https:\/\/agora.xtec.cat\/ceip-marcel-li-moragas\/wp-json\/wp\/v2\/pages\/4368"}],"wp:attachment":[{"href":"https:\/\/agora.xtec.cat\/ceip-marcel-li-moragas\/wp-json\/wp\/v2\/media?parent=4364"}],"curies":[{"name":"wp","href":"https:\/\/api.w.org\/{rel}","templated":true}]}}