{"id":34,"date":"2022-11-24T12:33:18","date_gmt":"2022-11-24T11:33:18","guid":{"rendered":"http:\/\/agora.xtec.cat\/ceip-marcel-li-moragas\/?page_id=34"},"modified":"2025-11-13T12:38:59","modified_gmt":"2025-11-13T11:38:59","slug":"oferta-educativa","status":"publish","type":"page","link":"https:\/\/agora.xtec.cat\/ceip-marcel-li-moragas\/lescola\/oferta-educativa\/","title":{"rendered":"Oferta educativa"},"content":{"rendered":"<p>Som una escola d\u2019Educaci\u00f3 Infantil (I3, I4 i I5) i Prim\u00e0ria (1r-6\u00e8).<\/p>\n<p><a href=\"https:\/\/agora.xtec.cat\/ceip-marcel-li-moragas\/wp-content\/uploads\/usu2333\/2023\/01\/IMG_4674-1-rotated.jpg\"><img loading=\"lazy\" decoding=\"async\" class=\"alignnone wp-image-862\" src=\"https:\/\/agora.xtec.cat\/ceip-marcel-li-moragas\/wp-content\/uploads\/usu2333\/2023\/01\/IMG_4674-1-rotated.jpg\" alt=\"\" width=\"183\" height=\"244\" srcset=\"https:\/\/agora.xtec.cat\/ceip-marcel-li-moragas\/wp-content\/uploads\/usu2333\/2023\/01\/IMG_4674-1-rotated.jpg 240w, https:\/\/agora.xtec.cat\/ceip-marcel-li-moragas\/wp-content\/uploads\/usu2333\/2023\/01\/IMG_4674-1-225x300.jpg 225w\" sizes=\"auto, (max-width: 183px) 100vw, 183px\" \/><\/a><\/p>\n<p>En aquesta taula es mostra quants grups tenim per etapa i nivell:<\/p>\n<table style=\"border-collapse: collapse; width: 100%;\">\n<tbody>\n<tr>\n<td style=\"width: 50%;\">I3<\/td>\n<td style=\"width: 50%;\">2 grups<\/td>\n<\/tr>\n<tr>\n<td style=\"width: 50%;\">I4<\/td>\n<td style=\"width: 50%;\">2 grups<\/td>\n<\/tr>\n<tr>\n<td style=\"width: 50%;\">I5<\/td>\n<td style=\"width: 50%;\">2 grups<\/td>\n<\/tr>\n<tr>\n<td style=\"width: 50%;\">1r<\/td>\n<td style=\"width: 50%;\">2 grups<\/td>\n<\/tr>\n<tr>\n<td style=\"width: 50%;\">2n<\/td>\n<td style=\"width: 50%;\">2 grups<\/td>\n<\/tr>\n<tr>\n<td style=\"width: 50%;\">3r<\/td>\n<td style=\"width: 50%;\">2 grups<\/td>\n<\/tr>\n<tr>\n<td style=\"width: 50%;\">4t<\/td>\n<td style=\"width: 50%;\">2 grups<\/td>\n<\/tr>\n<tr>\n<td style=\"width: 50%;\">5\u00e8<\/td>\n<td style=\"width: 50%;\">2 grups<\/td>\n<\/tr>\n<tr>\n<td style=\"width: 50%;\">6\u00e8<\/td>\n<td style=\"width: 50%;\">2 grups<\/td>\n<\/tr>\n<\/tbody>\n<\/table>\n","protected":false},"excerpt":{"rendered":"<p>Som una escola d\u2019Educaci\u00f3 Infantil (I3, I4 i I5) i Prim\u00e0ria (1r-6\u00e8). En aquesta taula es mostra quants grups tenim per etapa i nivell: I3 2 grups I4 2 grups I5 2 grups 1r 2 grups 2n 2 grups 3r 2 grups 4t 2 grups 5\u00e8 2 grups 6\u00e8 2 grups<\/p>\n","protected":false},"author":1,"featured_media":0,"parent":22,"menu_order":6,"comment_status":"closed","ping_status":"closed","template":"","meta":{"_bbp_topic_count":0,"_bbp_reply_count":0,"_bbp_total_topic_count":0,"_bbp_total_reply_count":0,"_bbp_voice_count":0,"_bbp_anonymous_reply_count":0,"_bbp_topic_count_hidden":0,"_bbp_reply_count_hidden":0,"_bbp_forum_subforum_count":0,"site-sidebar-layout":"default","site-content-layout":"","ast-site-content-layout":"default","site-content-style":"default","site-sidebar-style":"default","ast-global-header-display":"","ast-banner-title-visibility":"","ast-main-header-display":"","ast-hfb-above-header-display":"","ast-hfb-below-header-display":"","ast-hfb-mobile-header-display":"","site-post-title":"","ast-breadcrumbs-content":"","ast-featured-img":"","footer-sml-layout":"","theme-transparent-header-meta":"default","adv-header-id-meta":"","stick-header-meta":"","header-above-stick-meta":"","header-main-stick-meta":"","header-below-stick-meta":"","astra-migrate-meta-layouts":"set","ast-page-background-enabled":"default","ast-page-background-meta":{"desktop":{"background-color":"var(--ast-global-color-4)","background-image":"","background-repeat":"repeat","background-position":"center center","background-size":"auto","background-attachment":"scroll","background-type":"","background-media":"","overlay-type":"","overlay-color":"","overlay-opacity":"","overlay-gradient":""},"tablet":{"background-color":"","background-image":"","background-repeat":"repeat","background-position":"center center","background-size":"auto","background-attachment":"scroll","background-type":"","background-media":"","overlay-type":"","overlay-color":"","overlay-opacity":"","overlay-gradient":""},"mobile":{"background-color":"","background-image":"","background-repeat":"repeat","background-position":"center center","background-size":"auto","background-attachment":"scroll","background-type":"","background-media":"","overlay-type":"","overlay-color":"","overlay-opacity":"","overlay-gradient":""}},"ast-content-background-meta":{"desktop":{"background-color":"var(--ast-global-color-5)","background-image":"","background-repeat":"repeat","background-position":"center center","background-size":"auto","background-attachment":"scroll","background-type":"","background-media":"","overlay-type":"","overlay-color":"","overlay-opacity":"","overlay-gradient":""},"tablet":{"background-color":"var(--ast-global-color-5)","background-image":"","background-repeat":"repeat","background-position":"center center","background-size":"auto","background-attachment":"scroll","background-type":"","background-media":"","overlay-type":"","overlay-color":"","overlay-opacity":"","overlay-gradient":""},"mobile":{"background-color":"var(--ast-global-color-5)","background-image":"","background-repeat":"repeat","background-position":"center center","background-size":"auto","background-attachment":"scroll","background-type":"","background-media":"","overlay-type":"","overlay-color":"","overlay-opacity":"","overlay-gradient":""}},"footnotes":""},"class_list":["post-34","page","type-page","status-publish","hentry"],"post_mailing_queue_ids":[],"_links":{"self":[{"href":"https:\/\/agora.xtec.cat\/ceip-marcel-li-moragas\/wp-json\/wp\/v2\/pages\/34","targetHints":{"allow":["GET"]}}],"collection":[{"href":"https:\/\/agora.xtec.cat\/ceip-marcel-li-moragas\/wp-json\/wp\/v2\/pages"}],"about":[{"href":"https:\/\/agora.xtec.cat\/ceip-marcel-li-moragas\/wp-json\/wp\/v2\/types\/page"}],"author":[{"embeddable":true,"href":"https:\/\/agora.xtec.cat\/ceip-marcel-li-moragas\/wp-json\/wp\/v2\/users\/1"}],"replies":[{"embeddable":true,"href":"https:\/\/agora.xtec.cat\/ceip-marcel-li-moragas\/wp-json\/wp\/v2\/comments?post=34"}],"version-history":[{"count":7,"href":"https:\/\/agora.xtec.cat\/ceip-marcel-li-moragas\/wp-json\/wp\/v2\/pages\/34\/revisions"}],"predecessor-version":[{"id":4059,"href":"https:\/\/agora.xtec.cat\/ceip-marcel-li-moragas\/wp-json\/wp\/v2\/pages\/34\/revisions\/4059"}],"up":[{"embeddable":true,"href":"https:\/\/agora.xtec.cat\/ceip-marcel-li-moragas\/wp-json\/wp\/v2\/pages\/22"}],"wp:attachment":[{"href":"https:\/\/agora.xtec.cat\/ceip-marcel-li-moragas\/wp-json\/wp\/v2\/media?parent=34"}],"curies":[{"name":"wp","href":"https:\/\/api.w.org\/{rel}","templated":true}]}}