{"id":3339,"date":"2025-02-13T10:05:42","date_gmt":"2025-02-13T09:05:42","guid":{"rendered":"https:\/\/agora.xtec.cat\/ceip-marcel-li-moragas\/?page_id=3339"},"modified":"2025-02-13T12:27:45","modified_gmt":"2025-02-13T11:27:45","slug":"llegim-en-parella-uab","status":"publish","type":"page","link":"https:\/\/agora.xtec.cat\/ceip-marcel-li-moragas\/projecte-educatiu\/llegim-en-parella-uab\/","title":{"rendered":"Llegim en parella &#8211; UAB"},"content":{"rendered":"<p><a href=\"https:\/\/agora.xtec.cat\/ceip-marcel-li-moragas\/wp-content\/uploads\/usu2333\/2025\/02\/llegim-en-parella.jpg\"><img loading=\"lazy\" decoding=\"async\" class=\"size-full wp-image-3342 aligncenter\" src=\"https:\/\/agora.xtec.cat\/ceip-marcel-li-moragas\/wp-content\/uploads\/usu2333\/2025\/02\/llegim-en-parella.jpg\" alt=\"\" width=\"750\" height=\"188\" srcset=\"https:\/\/agora.xtec.cat\/ceip-marcel-li-moragas\/wp-content\/uploads\/usu2333\/2025\/02\/llegim-en-parella.jpg 750w, https:\/\/agora.xtec.cat\/ceip-marcel-li-moragas\/wp-content\/uploads\/usu2333\/2025\/02\/llegim-en-parella-300x75.jpg 300w\" sizes=\"auto, (max-width: 750px) 100vw, 750px\" \/><\/a><\/p>\n<p>&nbsp;<\/p>\n<p style=\"text-align: justify;\">El programa comen\u00e7a amb un proc\u00e9s d\u2019informaci\u00f3 i formaci\u00f3 inicial dels agents involucrats en el seu desenvolupament a l\u2019aula (alumnat i fam\u00edlies). En aquesta formaci\u00f3 inicial, es donen a con\u00e8ixer els objectius, els fonaments conceptuals i les caracter\u00edstiques del desenvolupament del programa, i es fa la presentaci\u00f3 dels materials.<\/p>\n<p style=\"text-align: justify;\">En segon lloc, i despr\u00e9s d\u2019una prova inicial de comprensi\u00f3 lectora i una d\u2019expressi\u00f3 escrita, el professorat fa les parelles de treball, tenint en compte els nivells de compet\u00e8ncia de l\u2019alumnat i altres aspectes psicosocials.<\/p>\n<p style=\"text-align: justify;\">Seguidament, durant dotze setmanes, a ra\u00f3 de dues sessions per setmana, es desenvolupa el programa a les aules, seguint l\u2019estructura d\u2019interacci\u00f3 que marca el full d\u2019activitats. El full d\u2019activitats es compon d\u2019un text d\u2019una font original precedit d\u2019unes preguntes per a activar coneixements previs, fer hip\u00f2tesis, etc. A continuaci\u00f3 del text, hi tenim les preguntes de comprensi\u00f3 lectora en els seus tres nivells de dificultat (literals, d\u2019infer\u00e8ncia i d\u2019opini\u00f3 cr\u00edtica) i d\u2019una tasca d\u2019escriptura, que especifica l\u2019\u00fas que en farem dels textos escrits per l\u2019alumnat, aix\u00ed com el destinatari.<\/p>\n<p style=\"text-align: justify;\">Cap al final del programa, es proposa als tutors que pensin en els temes que agraden als tutorats, per tal de triar un text i elaborar ells mateixos un full d\u2019activitats.<\/p>\n<p>&nbsp;<\/p>\n<p style=\"text-align: justify;\">L\u2019avaluaci\u00f3 es duu a terme a partir de diversos elements:<\/p>\n<ul class=\"wp-block-list\">\n<li style=\"text-align: justify;\">Avaluaci\u00f3 inicial i final sobre comprensi\u00f3 lectora i expressi\u00f3 escrita.<\/li>\n<li style=\"text-align: justify;\">Pauta d\u2019autoavaluaci\u00f3 en parella.<\/li>\n<li style=\"text-align: justify;\">Portafolis o carpeta d\u2019aprenentatge de l\u2019alumnat.<\/li>\n<li style=\"text-align: justify;\">Fulls d\u2019activitats elaborats per l\u2019alumnat tutor.<\/li>\n<li style=\"text-align: justify;\">Registre d\u2019observacions del professorat.<\/li>\n<li style=\"text-align: justify;\">Diari de sessions familiars.<\/li>\n<\/ul>\n","protected":false},"excerpt":{"rendered":"<p>&nbsp; El programa comen\u00e7a amb un proc\u00e9s d\u2019informaci\u00f3 i formaci\u00f3 inicial dels agents involucrats en el seu desenvolupament a l\u2019aula (alumnat i fam\u00edlies). En aquesta formaci\u00f3 inicial, es donen a con\u00e8ixer els objectius, els fonaments conceptuals i les caracter\u00edstiques del desenvolupament del programa, i es fa la presentaci\u00f3 dels materials. En segon lloc, i despr\u00e9s [&hellip;]<\/p>\n","protected":false},"author":1,"featured_media":0,"parent":64,"menu_order":2,"comment_status":"closed","ping_status":"closed","template":"page-templates\/side-menu.php","meta":{"_bbp_topic_count":0,"_bbp_reply_count":0,"_bbp_total_topic_count":0,"_bbp_total_reply_count":0,"_bbp_voice_count":0,"_bbp_anonymous_reply_count":0,"_bbp_topic_count_hidden":0,"_bbp_reply_count_hidden":0,"_bbp_forum_subforum_count":0,"site-sidebar-layout":"default","site-content-layout":"","ast-site-content-layout":"","site-content-style":"default","site-sidebar-style":"default","ast-global-header-display":"","ast-banner-title-visibility":"","ast-main-header-display":"","ast-hfb-above-header-display":"","ast-hfb-below-header-display":"","ast-hfb-mobile-header-display":"","site-post-title":"","ast-breadcrumbs-content":"","ast-featured-img":"","footer-sml-layout":"","theme-transparent-header-meta":"","adv-header-id-meta":"","stick-header-meta":"","header-above-stick-meta":"","header-main-stick-meta":"","header-below-stick-meta":"","astra-migrate-meta-layouts":"default","ast-page-background-enabled":"default","ast-page-background-meta":{"desktop":{"background-color":"var(--ast-global-color-4)","background-image":"","background-repeat":"repeat","background-position":"center center","background-size":"auto","background-attachment":"scroll","background-type":"","background-media":"","overlay-type":"","overlay-color":"","overlay-opacity":"","overlay-gradient":""},"tablet":{"background-color":"","background-image":"","background-repeat":"repeat","background-position":"center center","background-size":"auto","background-attachment":"scroll","background-type":"","background-media":"","overlay-type":"","overlay-color":"","overlay-opacity":"","overlay-gradient":""},"mobile":{"background-color":"","background-image":"","background-repeat":"repeat","background-position":"center center","background-size":"auto","background-attachment":"scroll","background-type":"","background-media":"","overlay-type":"","overlay-color":"","overlay-opacity":"","overlay-gradient":""}},"ast-content-background-meta":{"desktop":{"background-color":"var(--ast-global-color-5)","background-image":"","background-repeat":"repeat","background-position":"center center","background-size":"auto","background-attachment":"scroll","background-type":"","background-media":"","overlay-type":"","overlay-color":"","overlay-opacity":"","overlay-gradient":""},"tablet":{"background-color":"var(--ast-global-color-5)","background-image":"","background-repeat":"repeat","background-position":"center center","background-size":"auto","background-attachment":"scroll","background-type":"","background-media":"","overlay-type":"","overlay-color":"","overlay-opacity":"","overlay-gradient":""},"mobile":{"background-color":"var(--ast-global-color-5)","background-image":"","background-repeat":"repeat","background-position":"center center","background-size":"auto","background-attachment":"scroll","background-type":"","background-media":"","overlay-type":"","overlay-color":"","overlay-opacity":"","overlay-gradient":""}},"footnotes":""},"class_list":["post-3339","page","type-page","status-publish","hentry"],"post_mailing_queue_ids":[],"_links":{"self":[{"href":"https:\/\/agora.xtec.cat\/ceip-marcel-li-moragas\/wp-json\/wp\/v2\/pages\/3339","targetHints":{"allow":["GET"]}}],"collection":[{"href":"https:\/\/agora.xtec.cat\/ceip-marcel-li-moragas\/wp-json\/wp\/v2\/pages"}],"about":[{"href":"https:\/\/agora.xtec.cat\/ceip-marcel-li-moragas\/wp-json\/wp\/v2\/types\/page"}],"author":[{"embeddable":true,"href":"https:\/\/agora.xtec.cat\/ceip-marcel-li-moragas\/wp-json\/wp\/v2\/users\/1"}],"replies":[{"embeddable":true,"href":"https:\/\/agora.xtec.cat\/ceip-marcel-li-moragas\/wp-json\/wp\/v2\/comments?post=3339"}],"version-history":[{"count":4,"href":"https:\/\/agora.xtec.cat\/ceip-marcel-li-moragas\/wp-json\/wp\/v2\/pages\/3339\/revisions"}],"predecessor-version":[{"id":3373,"href":"https:\/\/agora.xtec.cat\/ceip-marcel-li-moragas\/wp-json\/wp\/v2\/pages\/3339\/revisions\/3373"}],"up":[{"embeddable":true,"href":"https:\/\/agora.xtec.cat\/ceip-marcel-li-moragas\/wp-json\/wp\/v2\/pages\/64"}],"wp:attachment":[{"href":"https:\/\/agora.xtec.cat\/ceip-marcel-li-moragas\/wp-json\/wp\/v2\/media?parent=3339"}],"curies":[{"name":"wp","href":"https:\/\/api.w.org\/{rel}","templated":true}]}}