{"id":3247,"date":"2025-02-07T12:17:07","date_gmt":"2025-02-07T11:17:07","guid":{"rendered":"https:\/\/agora.xtec.cat\/ceip-marcel-li-moragas\/?page_id=3247"},"modified":"2025-11-04T08:21:44","modified_gmt":"2025-11-04T07:21:44","slug":"sisme-gas","status":"publish","type":"page","link":"https:\/\/agora.xtec.cat\/ceip-marcel-li-moragas\/projecte-educatiu\/sisme-gas\/","title":{"rendered":"SISME GASOL"},"content":{"rendered":"<p style=\"text-align: center;\"><a href=\"https:\/\/agora.xtec.cat\/ceip-marcel-li-moragas\/wp-content\/uploads\/usu2333\/2025\/10\/DOCUMENT-DESCRIPTIU-SISME_-2023-2024.pdf\">DOCUMENT DESCRIPTIU SISME<\/a><\/p>\n<p>&nbsp;<\/p>\n<p data-start=\"232\" data-end=\"346\">Aquest mes d\u2019octubre l&#8217;estudi escolar SISME inicia el <strong data-start=\"264\" data-end=\"299\">butllet\u00ed de la Gasol Foundation<\/strong>.<\/p>\n<p data-start=\"353\" data-end=\"526\">L\u2019objectiu \u00e9s compartir recursos i iniciatives per promoure h\u00e0bits saludables a les escoles, fomentant una educaci\u00f3 basada en el benestar, la inclusi\u00f3 i la sostenibilitat.<\/p>\n<p data-start=\"533\" data-end=\"685\">Us convidem a con\u00e8ixer la nova campanya <strong><em data-start=\"573\" data-end=\"600\">\u201cAlimentemos otro ma\u00f1ana\u201d<\/em><\/strong> i a sumar-vos a aquest moviment per un futur m\u00e9s saludable per a tots els infants.<\/p>\n<div class=\"ast-oembed-container \" style=\"height: 100%;\"><iframe loading=\"lazy\" title=\"\ud83c\udf7d Campa\u00f1a &#039;Alimentemos otro ma\u00f1ana&#039;\" width=\"500\" height=\"281\" src=\"https:\/\/www.youtube.com\/embed\/VAwEzwn6i8U?feature=oembed\" frameborder=\"0\" allow=\"accelerometer; autoplay; clipboard-write; encrypted-media; gyroscope; picture-in-picture; web-share\" referrerpolicy=\"strict-origin-when-cross-origin\" allowfullscreen><\/iframe><\/div>\n","protected":false},"excerpt":{"rendered":"<p>DOCUMENT DESCRIPTIU SISME &nbsp; Aquest mes d\u2019octubre l&#8217;estudi escolar SISME inicia el butllet\u00ed de la Gasol Foundation. L\u2019objectiu \u00e9s compartir recursos i iniciatives per promoure h\u00e0bits saludables a les escoles, fomentant una educaci\u00f3 basada en el benestar, la inclusi\u00f3 i la sostenibilitat. Us convidem a con\u00e8ixer la nova campanya \u201cAlimentemos otro ma\u00f1ana\u201d i a sumar-vos [&hellip;]<\/p>\n","protected":false},"author":1,"featured_media":0,"parent":64,"menu_order":7,"comment_status":"closed","ping_status":"closed","template":"","meta":{"_bbp_topic_count":0,"_bbp_reply_count":0,"_bbp_total_topic_count":0,"_bbp_total_reply_count":0,"_bbp_voice_count":0,"_bbp_anonymous_reply_count":0,"_bbp_topic_count_hidden":0,"_bbp_reply_count_hidden":0,"_bbp_forum_subforum_count":0,"site-sidebar-layout":"default","site-content-layout":"","ast-site-content-layout":"default","site-content-style":"default","site-sidebar-style":"default","ast-global-header-display":"","ast-banner-title-visibility":"","ast-main-header-display":"","ast-hfb-above-header-display":"","ast-hfb-below-header-display":"","ast-hfb-mobile-header-display":"","site-post-title":"","ast-breadcrumbs-content":"","ast-featured-img":"","footer-sml-layout":"","theme-transparent-header-meta":"default","adv-header-id-meta":"","stick-header-meta":"","header-above-stick-meta":"","header-main-stick-meta":"","header-below-stick-meta":"","astra-migrate-meta-layouts":"set","ast-page-background-enabled":"default","ast-page-background-meta":{"desktop":{"background-color":"var(--ast-global-color-4)","background-image":"","background-repeat":"repeat","background-position":"center center","background-size":"auto","background-attachment":"scroll","background-type":"","background-media":"","overlay-type":"","overlay-color":"","overlay-opacity":"","overlay-gradient":""},"tablet":{"background-color":"","background-image":"","background-repeat":"repeat","background-position":"center center","background-size":"auto","background-attachment":"scroll","background-type":"","background-media":"","overlay-type":"","overlay-color":"","overlay-opacity":"","overlay-gradient":""},"mobile":{"background-color":"","background-image":"","background-repeat":"repeat","background-position":"center center","background-size":"auto","background-attachment":"scroll","background-type":"","background-media":"","overlay-type":"","overlay-color":"","overlay-opacity":"","overlay-gradient":""}},"ast-content-background-meta":{"desktop":{"background-color":"var(--ast-global-color-5)","background-image":"","background-repeat":"repeat","background-position":"center center","background-size":"auto","background-attachment":"scroll","background-type":"","background-media":"","overlay-type":"","overlay-color":"","overlay-opacity":"","overlay-gradient":""},"tablet":{"background-color":"var(--ast-global-color-5)","background-image":"","background-repeat":"repeat","background-position":"center center","background-size":"auto","background-attachment":"scroll","background-type":"","background-media":"","overlay-type":"","overlay-color":"","overlay-opacity":"","overlay-gradient":""},"mobile":{"background-color":"var(--ast-global-color-5)","background-image":"","background-repeat":"repeat","background-position":"center center","background-size":"auto","background-attachment":"scroll","background-type":"","background-media":"","overlay-type":"","overlay-color":"","overlay-opacity":"","overlay-gradient":""}},"footnotes":""},"class_list":["post-3247","page","type-page","status-publish","hentry"],"post_mailing_queue_ids":[],"_links":{"self":[{"href":"https:\/\/agora.xtec.cat\/ceip-marcel-li-moragas\/wp-json\/wp\/v2\/pages\/3247","targetHints":{"allow":["GET"]}}],"collection":[{"href":"https:\/\/agora.xtec.cat\/ceip-marcel-li-moragas\/wp-json\/wp\/v2\/pages"}],"about":[{"href":"https:\/\/agora.xtec.cat\/ceip-marcel-li-moragas\/wp-json\/wp\/v2\/types\/page"}],"author":[{"embeddable":true,"href":"https:\/\/agora.xtec.cat\/ceip-marcel-li-moragas\/wp-json\/wp\/v2\/users\/1"}],"replies":[{"embeddable":true,"href":"https:\/\/agora.xtec.cat\/ceip-marcel-li-moragas\/wp-json\/wp\/v2\/comments?post=3247"}],"version-history":[{"count":6,"href":"https:\/\/agora.xtec.cat\/ceip-marcel-li-moragas\/wp-json\/wp\/v2\/pages\/3247\/revisions"}],"predecessor-version":[{"id":4029,"href":"https:\/\/agora.xtec.cat\/ceip-marcel-li-moragas\/wp-json\/wp\/v2\/pages\/3247\/revisions\/4029"}],"up":[{"embeddable":true,"href":"https:\/\/agora.xtec.cat\/ceip-marcel-li-moragas\/wp-json\/wp\/v2\/pages\/64"}],"wp:attachment":[{"href":"https:\/\/agora.xtec.cat\/ceip-marcel-li-moragas\/wp-json\/wp\/v2\/media?parent=3247"}],"curies":[{"name":"wp","href":"https:\/\/api.w.org\/{rel}","templated":true}]}}