{"id":3241,"date":"2025-02-07T12:15:47","date_gmt":"2025-02-07T11:15:47","guid":{"rendered":"https:\/\/agora.xtec.cat\/ceip-marcel-li-moragas\/?page_id=3241"},"modified":"2025-02-13T10:40:00","modified_gmt":"2025-02-13T09:40:00","slug":"fiction-express","status":"publish","type":"page","link":"https:\/\/agora.xtec.cat\/ceip-marcel-li-moragas\/projecte-educatiu\/fiction-express\/","title":{"rendered":"Fiction Express"},"content":{"rendered":"<p><a href=\"https:\/\/agora.xtec.cat\/ceip-marcel-li-moragas\/wp-content\/uploads\/usu2333\/2025\/02\/Logo-fe-353w-1.png\"><img loading=\"lazy\" decoding=\"async\" class=\" wp-image-3320 aligncenter\" src=\"https:\/\/agora.xtec.cat\/ceip-marcel-li-moragas\/wp-content\/uploads\/usu2333\/2025\/02\/Logo-fe-353w-1.png\" alt=\"\" width=\"391\" height=\"180\" srcset=\"https:\/\/agora.xtec.cat\/ceip-marcel-li-moragas\/wp-content\/uploads\/usu2333\/2025\/02\/Logo-fe-353w-1.png 353w, https:\/\/agora.xtec.cat\/ceip-marcel-li-moragas\/wp-content\/uploads\/usu2333\/2025\/02\/Logo-fe-353w-1-300x139.png 300w\" sizes=\"auto, (max-width: 391px) 100vw, 391px\" \/><\/a><\/p>\n<p style=\"text-align: justify;\"><span style=\"color: #ff9900;\"><strong>Fiction Express<\/strong><\/span> \u00e9s una plataforma de lectura interactiva, que permet als infants llegir i aprendre de forma divertida via el poder de la participaci\u00f3.<\/p>\n<p style=\"text-align: justify;\">Cada 8 setmanes es publiquen <strong><span style=\"color: #ff9900;\">3 llibres diferents<\/span><\/strong>, setmanalment i per cap\u00edtols. Deixem que els lectors <span style=\"color: #ff9900;\"><strong>decidint l\u2019argument<\/strong><\/span>, el qual decidiran via vots i decisions tomades en grup, interactuant amb el llibre i l&#8217;escriptor d&#8217;aquest.<\/p>\n<p>&nbsp;<\/p>\n<h2 style=\"text-align: center;\"><strong><span style=\"color: #ff9900;\">Com funciona?<\/span><\/strong><\/h2>\n<p>Fiction Express est\u00e0 dissenyat per fomentar l&#8217;aprenentatge i millora de la compressi\u00f3 lectora, transformant la lectura en una activitat interactiva i divertida pels infants. El proc\u00e9s de Fiction Express est\u00e0 dividit en parts:<\/p>\n<h3 style=\"text-align: center;\"><span style=\"color: #00ccff;\">1.<\/span> Llegeix el cap\u00edtol<\/h3>\n<h3 style=\"text-align: center;\"><span style=\"color: #00ccff;\">2.<\/span> Vota l&#8217;argument<\/h3>\n<h3 style=\"text-align: center;\"><span style=\"color: #00ccff;\">3.<\/span> Fes el Quiz<\/h3>\n<h3 style=\"text-align: center;\"><span style=\"color: #00ccff;\">4.<\/span> Parla amb l&#8217;autor<\/h3>\n<h3 style=\"text-align: center;\"><span style=\"color: #00ccff;\">5.<\/span> Gaudeix de les activitats<\/h3>\n<p>&nbsp;<\/p>\n<p>En conclusi\u00f3, Fiction Express \u00e9s una plataforma ideal per fomentar la lectura en els infants, tenint un <span style=\"color: #ff9900;\"><strong>seguiment individualitzat<\/strong><\/span> dels alumnes, per facilitar el treball del docent amb els nivells de cada alumne.<\/p>\n","protected":false},"excerpt":{"rendered":"<p>Fiction Express \u00e9s una plataforma de lectura interactiva, que permet als infants llegir i aprendre de forma divertida via el poder de la participaci\u00f3. Cada 8 setmanes es publiquen 3 llibres diferents, setmanalment i per cap\u00edtols. Deixem que els lectors decidint l\u2019argument, el qual decidiran via vots i decisions tomades en grup, interactuant amb el [&hellip;]<\/p>\n","protected":false},"author":1,"featured_media":0,"parent":64,"menu_order":4,"comment_status":"closed","ping_status":"closed","template":"page-templates\/side-menu.php","meta":{"_bbp_topic_count":0,"_bbp_reply_count":0,"_bbp_total_topic_count":0,"_bbp_total_reply_count":0,"_bbp_voice_count":0,"_bbp_anonymous_reply_count":0,"_bbp_topic_count_hidden":0,"_bbp_reply_count_hidden":0,"_bbp_forum_subforum_count":0,"site-sidebar-layout":"default","site-content-layout":"","ast-site-content-layout":"","site-content-style":"default","site-sidebar-style":"default","ast-global-header-display":"","ast-banner-title-visibility":"","ast-main-header-display":"","ast-hfb-above-header-display":"","ast-hfb-below-header-display":"","ast-hfb-mobile-header-display":"","site-post-title":"","ast-breadcrumbs-content":"","ast-featured-img":"","footer-sml-layout":"","theme-transparent-header-meta":"","adv-header-id-meta":"","stick-header-meta":"","header-above-stick-meta":"","header-main-stick-meta":"","header-below-stick-meta":"","astra-migrate-meta-layouts":"default","ast-page-background-enabled":"default","ast-page-background-meta":{"desktop":{"background-color":"var(--ast-global-color-4)","background-image":"","background-repeat":"repeat","background-position":"center center","background-size":"auto","background-attachment":"scroll","background-type":"","background-media":"","overlay-type":"","overlay-color":"","overlay-opacity":"","overlay-gradient":""},"tablet":{"background-color":"","background-image":"","background-repeat":"repeat","background-position":"center center","background-size":"auto","background-attachment":"scroll","background-type":"","background-media":"","overlay-type":"","overlay-color":"","overlay-opacity":"","overlay-gradient":""},"mobile":{"background-color":"","background-image":"","background-repeat":"repeat","background-position":"center center","background-size":"auto","background-attachment":"scroll","background-type":"","background-media":"","overlay-type":"","overlay-color":"","overlay-opacity":"","overlay-gradient":""}},"ast-content-background-meta":{"desktop":{"background-color":"var(--ast-global-color-5)","background-image":"","background-repeat":"repeat","background-position":"center center","background-size":"auto","background-attachment":"scroll","background-type":"","background-media":"","overlay-type":"","overlay-color":"","overlay-opacity":"","overlay-gradient":""},"tablet":{"background-color":"var(--ast-global-color-5)","background-image":"","background-repeat":"repeat","background-position":"center center","background-size":"auto","background-attachment":"scroll","background-type":"","background-media":"","overlay-type":"","overlay-color":"","overlay-opacity":"","overlay-gradient":""},"mobile":{"background-color":"var(--ast-global-color-5)","background-image":"","background-repeat":"repeat","background-position":"center center","background-size":"auto","background-attachment":"scroll","background-type":"","background-media":"","overlay-type":"","overlay-color":"","overlay-opacity":"","overlay-gradient":""}},"footnotes":""},"class_list":["post-3241","page","type-page","status-publish","hentry"],"post_mailing_queue_ids":[],"_links":{"self":[{"href":"https:\/\/agora.xtec.cat\/ceip-marcel-li-moragas\/wp-json\/wp\/v2\/pages\/3241","targetHints":{"allow":["GET"]}}],"collection":[{"href":"https:\/\/agora.xtec.cat\/ceip-marcel-li-moragas\/wp-json\/wp\/v2\/pages"}],"about":[{"href":"https:\/\/agora.xtec.cat\/ceip-marcel-li-moragas\/wp-json\/wp\/v2\/types\/page"}],"author":[{"embeddable":true,"href":"https:\/\/agora.xtec.cat\/ceip-marcel-li-moragas\/wp-json\/wp\/v2\/users\/1"}],"replies":[{"embeddable":true,"href":"https:\/\/agora.xtec.cat\/ceip-marcel-li-moragas\/wp-json\/wp\/v2\/comments?post=3241"}],"version-history":[{"count":6,"href":"https:\/\/agora.xtec.cat\/ceip-marcel-li-moragas\/wp-json\/wp\/v2\/pages\/3241\/revisions"}],"predecessor-version":[{"id":3366,"href":"https:\/\/agora.xtec.cat\/ceip-marcel-li-moragas\/wp-json\/wp\/v2\/pages\/3241\/revisions\/3366"}],"up":[{"embeddable":true,"href":"https:\/\/agora.xtec.cat\/ceip-marcel-li-moragas\/wp-json\/wp\/v2\/pages\/64"}],"wp:attachment":[{"href":"https:\/\/agora.xtec.cat\/ceip-marcel-li-moragas\/wp-json\/wp\/v2\/media?parent=3241"}],"curies":[{"name":"wp","href":"https:\/\/api.w.org\/{rel}","templated":true}]}}