{"id":3181,"date":"2025-01-30T10:05:37","date_gmt":"2025-01-30T09:05:37","guid":{"rendered":"https:\/\/agora.xtec.cat\/ceip-marcel-li-moragas\/?page_id=3181"},"modified":"2025-10-27T09:16:19","modified_gmt":"2025-10-27T08:16:19","slug":"articles","status":"publish","type":"page","link":"https:\/\/agora.xtec.cat\/ceip-marcel-li-moragas\/educacio-i-families\/articles\/","title":{"rendered":"Articles"},"content":{"rendered":"<p>&nbsp;<\/p>\n<table style=\"border-collapse: collapse; width: 99.9411%; height: 52px;\">\n<tbody>\n<tr style=\"height: 32px;\">\n<td style=\"width: 33.1473%; height: 32px; text-align: center;\"><span style=\"text-decoration: underline;\"><strong><a href=\"https:\/\/drive.google.com\/file\/d\/1lfUAL78dtgmPEdDGDcGV3nct3QmtbvLd\/view?usp=sharing\" target=\"_blank\" rel=\"noopener\">Una estona a l&#8217;escola<\/a><\/strong><\/span><\/p>\n<p><a href=\"https:\/\/drive.google.com\/file\/d\/1lfUAL78dtgmPEdDGDcGV3nct3QmtbvLd\/view?usp=sharing\" target=\"_blank\" rel=\"noopener\"><img loading=\"lazy\" decoding=\"async\" class=\"alignnone wp-image-3020\" src=\"https:\/\/agora.xtec.cat\/ceip-marcel-li-moragas\/wp-content\/uploads\/usu2333\/2025\/01\/dsdsds-1.png\" alt=\"\" width=\"173\" height=\"128\" srcset=\"https:\/\/agora.xtec.cat\/ceip-marcel-li-moragas\/wp-content\/uploads\/usu2333\/2025\/01\/dsdsds-1.png 844w, https:\/\/agora.xtec.cat\/ceip-marcel-li-moragas\/wp-content\/uploads\/usu2333\/2025\/01\/dsdsds-1-300x221.png 300w, https:\/\/agora.xtec.cat\/ceip-marcel-li-moragas\/wp-content\/uploads\/usu2333\/2025\/01\/dsdsds-1-768x566.png 768w\" sizes=\"auto, (max-width: 173px) 100vw, 173px\" \/><\/a><\/td>\n<td style=\"width: 33.5193%; height: 32px; text-align: center;\"><span style=\"text-decoration: underline;\"><strong><a href=\"https:\/\/drive.google.com\/file\/d\/1rOtLPYq3wlm2mj7q_08drTXTY0PlAQeO\/view?usp=sharing\" target=\"_blank\" rel=\"noopener\">L&#8217;acollida a la bressol, un proc\u00e9s per a tots<\/a><\/strong><\/span><\/p>\n<p><a href=\"https:\/\/drive.google.com\/file\/d\/1rOtLPYq3wlm2mj7q_08drTXTY0PlAQeO\/view?usp=sharing\" target=\"_blank\" rel=\"noopener\"><img loading=\"lazy\" decoding=\"async\" class=\"alignnone wp-image-3023\" src=\"https:\/\/agora.xtec.cat\/ceip-marcel-li-moragas\/wp-content\/uploads\/usu2333\/2025\/01\/Lacollida-a-la-bressol-un-proces-per-a-tots-2-1-2.png\" alt=\"\" width=\"218\" height=\"124\" srcset=\"https:\/\/agora.xtec.cat\/ceip-marcel-li-moragas\/wp-content\/uploads\/usu2333\/2025\/01\/Lacollida-a-la-bressol-un-proces-per-a-tots-2-1-2.png 836w, https:\/\/agora.xtec.cat\/ceip-marcel-li-moragas\/wp-content\/uploads\/usu2333\/2025\/01\/Lacollida-a-la-bressol-un-proces-per-a-tots-2-1-2-300x172.png 300w, https:\/\/agora.xtec.cat\/ceip-marcel-li-moragas\/wp-content\/uploads\/usu2333\/2025\/01\/Lacollida-a-la-bressol-un-proces-per-a-tots-2-1-2-768x439.png 768w\" sizes=\"auto, (max-width: 218px) 100vw, 218px\" \/><\/a><\/td>\n<td style=\"width: 33.3333%; height: 32px; text-align: center;\"><strong><span style=\"text-decoration: underline;\"><a href=\"https:\/\/drive.google.com\/file\/d\/1ou-1yhN_sRvMHizMROdvugOY6ocyyc-F\/view?usp=sharing\" target=\"_blank\" rel=\"noopener\">L&#8217;acollida d&#8217;infants i fam\u00edlies al parvulari<\/a><\/span><\/strong><\/p>\n<p><a href=\"https:\/\/drive.google.com\/file\/d\/1ou-1yhN_sRvMHizMROdvugOY6ocyyc-F\/view?usp=sharing\" target=\"_blank\" rel=\"noopener\"><img loading=\"lazy\" decoding=\"async\" class=\"alignnone wp-image-3016\" src=\"https:\/\/agora.xtec.cat\/ceip-marcel-li-moragas\/wp-content\/uploads\/usu2333\/2025\/01\/L_acollida-d_infants-1.png\" alt=\"\" width=\"188\" height=\"124\" \/><\/a><\/td>\n<\/tr>\n<tr style=\"height: 32px;\">\n<td style=\"width: 33.1473%; height: 10px; text-align: center;\"><span style=\"text-decoration: underline;\"><strong><a href=\"https:\/\/eduscopi.com\/heusaquilaciencia\/?utm_source=newsletter&amp;utm_medium=email&amp;utm_term=2025-02-11&amp;utm_campaign=+Heus+aqu%C3%AD+la+ci%C3%A8ncia+-+Nou+p%C3%B2dcast+de+contes+cient%C3%ADfics\" target=\"_blank\" rel=\"noopener\">Podcast de contes cient\u00edfics<\/a><\/strong><\/span><\/p>\n<p><a href=\"https:\/\/eduscopi.com\/heusaquilaciencia\/?utm_source=newsletter&amp;utm_medium=email&amp;utm_term=2025-02-11&amp;utm_campaign=+Heus+aqu%C3%AD+la+ci%C3%A8ncia+-+Nou+p%C3%B2dcast+de+contes+cient%C3%ADfics\" target=\"_blank\" rel=\"noopener\"><img loading=\"lazy\" decoding=\"async\" class=\"alignnone wp-image-3283\" src=\"https:\/\/agora.xtec.cat\/ceip-marcel-li-moragas\/wp-content\/uploads\/usu2333\/2025\/02\/unnamed-2-1.png\" alt=\"\" width=\"252\" height=\"142\" srcset=\"https:\/\/agora.xtec.cat\/ceip-marcel-li-moragas\/wp-content\/uploads\/usu2333\/2025\/02\/unnamed-2-1.png 1600w, https:\/\/agora.xtec.cat\/ceip-marcel-li-moragas\/wp-content\/uploads\/usu2333\/2025\/02\/unnamed-2-1-300x169.png 300w, https:\/\/agora.xtec.cat\/ceip-marcel-li-moragas\/wp-content\/uploads\/usu2333\/2025\/02\/unnamed-2-1-1024x576.png 1024w, https:\/\/agora.xtec.cat\/ceip-marcel-li-moragas\/wp-content\/uploads\/usu2333\/2025\/02\/unnamed-2-1-768x432.png 768w, https:\/\/agora.xtec.cat\/ceip-marcel-li-moragas\/wp-content\/uploads\/usu2333\/2025\/02\/unnamed-2-1-1536x864.png 1536w\" sizes=\"auto, (max-width: 252px) 100vw, 252px\" \/><\/a><\/td>\n<td style=\"width: 33.5193%; height: 10px; text-align: center;\"><span style=\"text-decoration: underline;\"><strong><a href=\"https:\/\/drive.google.com\/file\/d\/17FSiOUxAI_BAbaDyU9qajBWZ644b1nYf\/view?usp=sharing\" target=\"_blank\" rel=\"noopener\">Les fam\u00edlies. Al davant o al seu costat.<\/a><\/strong><\/span><\/p>\n<p><span style=\"text-decoration: underline;\"><strong><a href=\"https:\/\/drive.google.com\/file\/d\/17FSiOUxAI_BAbaDyU9qajBWZ644b1nYf\/view?usp=sharing\" target=\"_blank\" rel=\"noopener\"><img loading=\"lazy\" decoding=\"async\" class=\"alignnone wp-image-3018\" src=\"https:\/\/agora.xtec.cat\/ceip-marcel-li-moragas\/wp-content\/uploads\/usu2333\/2025\/01\/Les-families-1.png\" alt=\"\" width=\"252\" height=\"167\" srcset=\"https:\/\/agora.xtec.cat\/ceip-marcel-li-moragas\/wp-content\/uploads\/usu2333\/2025\/01\/Les-families-1.png 654w, https:\/\/agora.xtec.cat\/ceip-marcel-li-moragas\/wp-content\/uploads\/usu2333\/2025\/01\/Les-families-1-300x198.png 300w\" sizes=\"auto, (max-width: 252px) 100vw, 252px\" \/><\/a><\/strong><\/span><\/td>\n<td style=\"width: 33.3333%; height: 10px; text-align: center;\"><span style=\"text-decoration: underline;\"><strong><a href=\"https:\/\/drive.google.com\/file\/d\/13Mmcd4vzFdX5aDKTn5tWOBXfbogn2hal\/view?usp=sharing\" target=\"_blank\" rel=\"noopener\">Comen\u00e7a l&#8217;escola bressol, un proc\u00e9s de familiaritzaci\u00f3<\/a><\/strong><\/span><\/p>\n<p><span style=\"text-decoration: underline;\"><strong><a href=\"https:\/\/drive.google.com\/file\/d\/13Mmcd4vzFdX5aDKTn5tWOBXfbogn2hal\/view?usp=sharing\" target=\"_blank\" rel=\"noopener\"><img loading=\"lazy\" decoding=\"async\" class=\"alignnone wp-image-3019\" src=\"https:\/\/agora.xtec.cat\/ceip-marcel-li-moragas\/wp-content\/uploads\/usu2333\/2025\/01\/comenca-l_escola-al-bressol-1.png\" alt=\"\" width=\"289\" height=\"188\" srcset=\"https:\/\/agora.xtec.cat\/ceip-marcel-li-moragas\/wp-content\/uploads\/usu2333\/2025\/01\/comenca-l_escola-al-bressol-1.png 709w, https:\/\/agora.xtec.cat\/ceip-marcel-li-moragas\/wp-content\/uploads\/usu2333\/2025\/01\/comenca-l_escola-al-bressol-1-300x195.png 300w\" sizes=\"auto, (max-width: 289px) 100vw, 289px\" \/><\/a><\/strong><\/span><\/td>\n<\/tr>\n<tr style=\"height: 10px;\">\n<td style=\"width: 33.1473%; text-align: center; height: 10px;\"><\/td>\n<td style=\"width: 33.5193%; text-align: center; height: 10px;\"><\/td>\n<td style=\"width: 33.3333%; text-align: center; height: 10px;\"><\/td>\n<\/tr>\n<\/tbody>\n<\/table>\n","protected":false},"excerpt":{"rendered":"<p>&nbsp; Una estona a l&#8217;escola L&#8217;acollida a la bressol, un proc\u00e9s per a tots L&#8217;acollida d&#8217;infants i fam\u00edlies al parvulari Podcast de contes cient\u00edfics Les fam\u00edlies. Al davant o al seu costat. Comen\u00e7a l&#8217;escola bressol, un proc\u00e9s de familiaritzaci\u00f3<\/p>\n","protected":false},"author":1,"featured_media":0,"parent":1997,"menu_order":1,"comment_status":"closed","ping_status":"closed","template":"","meta":{"_bbp_topic_count":0,"_bbp_reply_count":0,"_bbp_total_topic_count":0,"_bbp_total_reply_count":0,"_bbp_voice_count":0,"_bbp_anonymous_reply_count":0,"_bbp_topic_count_hidden":0,"_bbp_reply_count_hidden":0,"_bbp_forum_subforum_count":0,"site-sidebar-layout":"default","site-content-layout":"","ast-site-content-layout":"default","site-content-style":"default","site-sidebar-style":"default","ast-global-header-display":"","ast-banner-title-visibility":"","ast-main-header-display":"","ast-hfb-above-header-display":"","ast-hfb-below-header-display":"","ast-hfb-mobile-header-display":"","site-post-title":"","ast-breadcrumbs-content":"","ast-featured-img":"","footer-sml-layout":"","theme-transparent-header-meta":"default","adv-header-id-meta":"","stick-header-meta":"","header-above-stick-meta":"","header-main-stick-meta":"","header-below-stick-meta":"","astra-migrate-meta-layouts":"set","ast-page-background-enabled":"default","ast-page-background-meta":{"desktop":{"background-color":"var(--ast-global-color-4)","background-image":"","background-repeat":"repeat","background-position":"center center","background-size":"auto","background-attachment":"scroll","background-type":"","background-media":"","overlay-type":"","overlay-color":"","overlay-opacity":"","overlay-gradient":""},"tablet":{"background-color":"","background-image":"","background-repeat":"repeat","background-position":"center center","background-size":"auto","background-attachment":"scroll","background-type":"","background-media":"","overlay-type":"","overlay-color":"","overlay-opacity":"","overlay-gradient":""},"mobile":{"background-color":"","background-image":"","background-repeat":"repeat","background-position":"center center","background-size":"auto","background-attachment":"scroll","background-type":"","background-media":"","overlay-type":"","overlay-color":"","overlay-opacity":"","overlay-gradient":""}},"ast-content-background-meta":{"desktop":{"background-color":"var(--ast-global-color-5)","background-image":"","background-repeat":"repeat","background-position":"center center","background-size":"auto","background-attachment":"scroll","background-type":"","background-media":"","overlay-type":"","overlay-color":"","overlay-opacity":"","overlay-gradient":""},"tablet":{"background-color":"var(--ast-global-color-5)","background-image":"","background-repeat":"repeat","background-position":"center center","background-size":"auto","background-attachment":"scroll","background-type":"","background-media":"","overlay-type":"","overlay-color":"","overlay-opacity":"","overlay-gradient":""},"mobile":{"background-color":"var(--ast-global-color-5)","background-image":"","background-repeat":"repeat","background-position":"center center","background-size":"auto","background-attachment":"scroll","background-type":"","background-media":"","overlay-type":"","overlay-color":"","overlay-opacity":"","overlay-gradient":""}},"footnotes":""},"class_list":["post-3181","page","type-page","status-publish","hentry"],"post_mailing_queue_ids":[],"_links":{"self":[{"href":"https:\/\/agora.xtec.cat\/ceip-marcel-li-moragas\/wp-json\/wp\/v2\/pages\/3181","targetHints":{"allow":["GET"]}}],"collection":[{"href":"https:\/\/agora.xtec.cat\/ceip-marcel-li-moragas\/wp-json\/wp\/v2\/pages"}],"about":[{"href":"https:\/\/agora.xtec.cat\/ceip-marcel-li-moragas\/wp-json\/wp\/v2\/types\/page"}],"author":[{"embeddable":true,"href":"https:\/\/agora.xtec.cat\/ceip-marcel-li-moragas\/wp-json\/wp\/v2\/users\/1"}],"replies":[{"embeddable":true,"href":"https:\/\/agora.xtec.cat\/ceip-marcel-li-moragas\/wp-json\/wp\/v2\/comments?post=3181"}],"version-history":[{"count":6,"href":"https:\/\/agora.xtec.cat\/ceip-marcel-li-moragas\/wp-json\/wp\/v2\/pages\/3181\/revisions"}],"predecessor-version":[{"id":3961,"href":"https:\/\/agora.xtec.cat\/ceip-marcel-li-moragas\/wp-json\/wp\/v2\/pages\/3181\/revisions\/3961"}],"up":[{"embeddable":true,"href":"https:\/\/agora.xtec.cat\/ceip-marcel-li-moragas\/wp-json\/wp\/v2\/pages\/1997"}],"wp:attachment":[{"href":"https:\/\/agora.xtec.cat\/ceip-marcel-li-moragas\/wp-json\/wp\/v2\/media?parent=3181"}],"curies":[{"name":"wp","href":"https:\/\/api.w.org\/{rel}","templated":true}]}}