{"id":2971,"date":"2025-01-20T10:03:06","date_gmt":"2025-01-20T09:03:06","guid":{"rendered":"https:\/\/agora.xtec.cat\/ceip-marcel-li-moragas\/?page_id=2971"},"modified":"2026-05-08T11:25:01","modified_gmt":"2026-05-08T09:25:01","slug":"beques-i-ajuts","status":"publish","type":"page","link":"https:\/\/agora.xtec.cat\/ceip-marcel-li-moragas\/secretaria\/beques-i-ajuts\/","title":{"rendered":"Beques i ajuts"},"content":{"rendered":"<h4 style=\"text-align: center;\"><strong>Curs 2026-2027<\/strong><\/h4>\n<ul>\n<li>\n<h5><span style=\"color: #000000;\">Ajuts Menjador Consell Comarcal***<\/span><\/h5>\n<\/li>\n<\/ul>\n<p>Atorgades pel Consell Comarcal del Baix Llobregat a l\u2019alumnat d\u2019ensenyaments obligatoris.<\/p>\n<p>Sol\u00b7licitud del 25 de maig al 5 de juny de 2026.<\/p>\n<p><strong><a href=\"https:\/\/www.elbaixllobregat.cat\/ajuts-menjador\">M\u00e9s informaci\u00f3<\/a><\/strong><\/p>\n<ul>\n<li>\n<h5><span style=\"color: #000000;\">Ajuts per a alumnes amb necessitat espec\u00edfica de suport educatiu (NEE)***<\/span><\/h5>\n<\/li>\n<\/ul>\n<p>Ajuts individualitzats convocats pel Ministeri d\u2019Educaci\u00f3 i Formaci\u00f3 Professional pe a alumnat amb necessitat espec\u00edfica de suport educatiu.<\/p>\n<p>Sol\u00b7licitud del 30 d&#8217;abril fins al 11 de setembre 2025.<\/p>\n<p><strong><a href=\"https:\/\/tramits.gencat.cat\/ca\/tramits\/tramits-temes\/ajuts-nee\">M\u00e9s informaci\u00f3<\/a><\/strong><\/p>\n<ul>\n<li>\n<h5><span style=\"color: #000000;\">Beques CASAL d&#8217;ESTIU Ajuntament de Gav\u00e0<\/span><\/h5>\n<\/li>\n<\/ul>\n<p>Subvencions per a activitats i casals d&#8217;estiu (l\u00ednia 5 i 6).<\/p>\n<p>Termini del 01 al 31 de maig 2026.<\/p>\n<p><strong><a href=\"https:\/\/cido.diba.cat\/subvencions\/21447802\/subvencions-per-a-la-igualtat-doportunitats-de-la-infancia-en-lentorn-escolar-linia-6-activitats-destiu-2026-ajuntament-de-gava\">M\u00e9s informaci\u00f3<\/a><\/strong><\/p>\n<ul>\n<li>\n<h5><span style=\"color: #000000;\">Beques Ajuntament de Gav\u00e0<\/span><\/h5>\n<\/li>\n<\/ul>\n<p>Subvencions de suport a la inf\u00e0ncia (l\u00ednies 1 a 4) Llibres, activitats extraescolars (una \u00fanica activitat), sortides escolars curriculars, menjador llar d&#8217;infants.<\/p>\n<p>Termini del 15 de setembre al 30 d&#8217;octubre 2025.<\/p>\n<p><strong><a href=\"https:\/\/eseu.gava.cat\/sta\/CarpetaPublic\/doEvent?APP_CODE=STA&amp;PAGE_CODE=CATALOGO&amp;DETALLE=6269000011572626299500&amp;lang=CA\">M\u00e9s informaci\u00f3\u00a0<\/a><\/strong><\/p>\n<p>***Aquestes beques no s\u00f3n acumulatives.<\/p>\n<p>&nbsp;<\/p>\n","protected":false},"excerpt":{"rendered":"<p>Curs 2026-2027 Ajuts Menjador Consell Comarcal*** Atorgades pel Consell Comarcal del Baix Llobregat a l\u2019alumnat d\u2019ensenyaments obligatoris. Sol\u00b7licitud del 25 de maig al 5 de juny de 2026. M\u00e9s informaci\u00f3 Ajuts per a alumnes amb necessitat espec\u00edfica de suport educatiu (NEE)*** Ajuts individualitzats convocats pel Ministeri d\u2019Educaci\u00f3 i Formaci\u00f3 Professional pe a alumnat amb necessitat [&hellip;]<\/p>\n","protected":false},"author":1,"featured_media":0,"parent":2897,"menu_order":6,"comment_status":"closed","ping_status":"closed","template":"","meta":{"_bbp_topic_count":0,"_bbp_reply_count":0,"_bbp_total_topic_count":0,"_bbp_total_reply_count":0,"_bbp_voice_count":0,"_bbp_anonymous_reply_count":0,"_bbp_topic_count_hidden":0,"_bbp_reply_count_hidden":0,"_bbp_forum_subforum_count":0,"site-sidebar-layout":"default","site-content-layout":"","ast-site-content-layout":"default","site-content-style":"default","site-sidebar-style":"default","ast-global-header-display":"","ast-banner-title-visibility":"","ast-main-header-display":"","ast-hfb-above-header-display":"","ast-hfb-below-header-display":"","ast-hfb-mobile-header-display":"","site-post-title":"","ast-breadcrumbs-content":"","ast-featured-img":"","footer-sml-layout":"","theme-transparent-header-meta":"default","adv-header-id-meta":"","stick-header-meta":"","header-above-stick-meta":"","header-main-stick-meta":"","header-below-stick-meta":"","astra-migrate-meta-layouts":"set","ast-page-background-enabled":"default","ast-page-background-meta":{"desktop":{"background-color":"var(--ast-global-color-4)","background-image":"","background-repeat":"repeat","background-position":"center center","background-size":"auto","background-attachment":"scroll","background-type":"","background-media":"","overlay-type":"","overlay-color":"","overlay-opacity":"","overlay-gradient":""},"tablet":{"background-color":"","background-image":"","background-repeat":"repeat","background-position":"center center","background-size":"auto","background-attachment":"scroll","background-type":"","background-media":"","overlay-type":"","overlay-color":"","overlay-opacity":"","overlay-gradient":""},"mobile":{"background-color":"","background-image":"","background-repeat":"repeat","background-position":"center center","background-size":"auto","background-attachment":"scroll","background-type":"","background-media":"","overlay-type":"","overlay-color":"","overlay-opacity":"","overlay-gradient":""}},"ast-content-background-meta":{"desktop":{"background-color":"var(--ast-global-color-5)","background-image":"","background-repeat":"repeat","background-position":"center center","background-size":"auto","background-attachment":"scroll","background-type":"","background-media":"","overlay-type":"","overlay-color":"","overlay-opacity":"","overlay-gradient":""},"tablet":{"background-color":"var(--ast-global-color-5)","background-image":"","background-repeat":"repeat","background-position":"center center","background-size":"auto","background-attachment":"scroll","background-type":"","background-media":"","overlay-type":"","overlay-color":"","overlay-opacity":"","overlay-gradient":""},"mobile":{"background-color":"var(--ast-global-color-5)","background-image":"","background-repeat":"repeat","background-position":"center center","background-size":"auto","background-attachment":"scroll","background-type":"","background-media":"","overlay-type":"","overlay-color":"","overlay-opacity":"","overlay-gradient":""}},"footnotes":""},"class_list":["post-2971","page","type-page","status-publish","hentry"],"post_mailing_queue_ids":[],"_links":{"self":[{"href":"https:\/\/agora.xtec.cat\/ceip-marcel-li-moragas\/wp-json\/wp\/v2\/pages\/2971","targetHints":{"allow":["GET"]}}],"collection":[{"href":"https:\/\/agora.xtec.cat\/ceip-marcel-li-moragas\/wp-json\/wp\/v2\/pages"}],"about":[{"href":"https:\/\/agora.xtec.cat\/ceip-marcel-li-moragas\/wp-json\/wp\/v2\/types\/page"}],"author":[{"embeddable":true,"href":"https:\/\/agora.xtec.cat\/ceip-marcel-li-moragas\/wp-json\/wp\/v2\/users\/1"}],"replies":[{"embeddable":true,"href":"https:\/\/agora.xtec.cat\/ceip-marcel-li-moragas\/wp-json\/wp\/v2\/comments?post=2971"}],"version-history":[{"count":6,"href":"https:\/\/agora.xtec.cat\/ceip-marcel-li-moragas\/wp-json\/wp\/v2\/pages\/2971\/revisions"}],"predecessor-version":[{"id":4462,"href":"https:\/\/agora.xtec.cat\/ceip-marcel-li-moragas\/wp-json\/wp\/v2\/pages\/2971\/revisions\/4462"}],"up":[{"embeddable":true,"href":"https:\/\/agora.xtec.cat\/ceip-marcel-li-moragas\/wp-json\/wp\/v2\/pages\/2897"}],"wp:attachment":[{"href":"https:\/\/agora.xtec.cat\/ceip-marcel-li-moragas\/wp-json\/wp\/v2\/media?parent=2971"}],"curies":[{"name":"wp","href":"https:\/\/api.w.org\/{rel}","templated":true}]}}