{"id":2970,"date":"2025-01-20T10:03:06","date_gmt":"2025-01-20T09:03:06","guid":{"rendered":"https:\/\/agora.xtec.cat\/ceip-marcel-li-moragas\/?page_id=2970"},"modified":"2025-11-13T09:03:22","modified_gmt":"2025-11-13T08:03:22","slug":"atencio-al-public","status":"publish","type":"page","link":"https:\/\/agora.xtec.cat\/ceip-marcel-li-moragas\/secretaria\/atencio-al-public\/","title":{"rendered":"Atenci\u00f3 al p\u00fablic"},"content":{"rendered":"<p><span style=\"color: #000000;\"><strong>Horari durant el curs escolar (des de l\u2019inici de curs fins al 4 de juny):<\/strong><\/span><\/p>\n<p><em>De dilluns a divendres de 9:00 h a 12:30 h i de 15:00 h a 16:30 h.<\/em><\/p>\n<p><span style=\"color: #000000;\"><strong>Horari durant el mes de juny i juliol (jornada intensiva). <u>A l\u2019agost el centre romana tancat<\/u>:<\/strong><\/span><\/p>\n<p><em>De dilluns a divendres de 8:00 h a 15:00 h.<\/em><\/p>\n<p><span style=\"color: #008080;\"><strong>L\u2019horari d\u2019atenci\u00f3 al p\u00fablic durant el setembre \u00e9s nom\u00e9s de matins.<\/strong><\/span><\/p>\n<p>Podeu trucar de dilluns a divendres de 8.30 a 13.30h i de 15.00 a 16.30h. Tot i aix\u00f2, \u00e9s convenient concertar una visita abans de venir a l\u2019escola. El <span style=\"color: #008080;\"><strong>tel\u00e8fon de contacte<\/strong><\/span>\u00a0\u00e9s 93 662 82 51.<\/p>\n<p>L\u2019<span style=\"color: #008080;\"><strong>adre\u00e7a electr\u00f2nica de l\u2019escola<\/strong><\/span> \u00e9s: a8037991@xtec.cat<\/p>\n<p>Per qualsevol tema\u00a0<span style=\"color: #008080;\"><b>administratiu o econ\u00f2mic<\/b><\/span> us podeu adre\u00e7ar via telef\u00f2nica, per clickedu, correu del centre o per la web a l&#8217;apartat Secretaria (tr\u00e0mits i gestions)<\/p>\n<p>&nbsp;<\/p>\n<p>&nbsp;<\/p>\n","protected":false},"excerpt":{"rendered":"<p>Horari durant el curs escolar (des de l\u2019inici de curs fins al 4 de juny): De dilluns a divendres de 9:00 h a 12:30 h i de 15:00 h a 16:30 h. Horari durant el mes de juny i juliol (jornada intensiva). A l\u2019agost el centre romana tancat: De dilluns a divendres de 8:00 h [&hellip;]<\/p>\n","protected":false},"author":1,"featured_media":0,"parent":2897,"menu_order":1,"comment_status":"closed","ping_status":"closed","template":"","meta":{"_bbp_topic_count":0,"_bbp_reply_count":0,"_bbp_total_topic_count":0,"_bbp_total_reply_count":0,"_bbp_voice_count":0,"_bbp_anonymous_reply_count":0,"_bbp_topic_count_hidden":0,"_bbp_reply_count_hidden":0,"_bbp_forum_subforum_count":0,"site-sidebar-layout":"default","site-content-layout":"","ast-site-content-layout":"default","site-content-style":"default","site-sidebar-style":"default","ast-global-header-display":"","ast-banner-title-visibility":"","ast-main-header-display":"","ast-hfb-above-header-display":"","ast-hfb-below-header-display":"","ast-hfb-mobile-header-display":"","site-post-title":"","ast-breadcrumbs-content":"","ast-featured-img":"","footer-sml-layout":"","theme-transparent-header-meta":"default","adv-header-id-meta":"","stick-header-meta":"","header-above-stick-meta":"","header-main-stick-meta":"","header-below-stick-meta":"","astra-migrate-meta-layouts":"set","ast-page-background-enabled":"default","ast-page-background-meta":{"desktop":{"background-color":"var(--ast-global-color-4)","background-image":"","background-repeat":"repeat","background-position":"center center","background-size":"auto","background-attachment":"scroll","background-type":"","background-media":"","overlay-type":"","overlay-color":"","overlay-opacity":"","overlay-gradient":""},"tablet":{"background-color":"","background-image":"","background-repeat":"repeat","background-position":"center center","background-size":"auto","background-attachment":"scroll","background-type":"","background-media":"","overlay-type":"","overlay-color":"","overlay-opacity":"","overlay-gradient":""},"mobile":{"background-color":"","background-image":"","background-repeat":"repeat","background-position":"center center","background-size":"auto","background-attachment":"scroll","background-type":"","background-media":"","overlay-type":"","overlay-color":"","overlay-opacity":"","overlay-gradient":""}},"ast-content-background-meta":{"desktop":{"background-color":"var(--ast-global-color-5)","background-image":"","background-repeat":"repeat","background-position":"center center","background-size":"auto","background-attachment":"scroll","background-type":"","background-media":"","overlay-type":"","overlay-color":"","overlay-opacity":"","overlay-gradient":""},"tablet":{"background-color":"var(--ast-global-color-5)","background-image":"","background-repeat":"repeat","background-position":"center center","background-size":"auto","background-attachment":"scroll","background-type":"","background-media":"","overlay-type":"","overlay-color":"","overlay-opacity":"","overlay-gradient":""},"mobile":{"background-color":"var(--ast-global-color-5)","background-image":"","background-repeat":"repeat","background-position":"center center","background-size":"auto","background-attachment":"scroll","background-type":"","background-media":"","overlay-type":"","overlay-color":"","overlay-opacity":"","overlay-gradient":""}},"footnotes":""},"class_list":["post-2970","page","type-page","status-publish","hentry"],"post_mailing_queue_ids":[],"_links":{"self":[{"href":"https:\/\/agora.xtec.cat\/ceip-marcel-li-moragas\/wp-json\/wp\/v2\/pages\/2970","targetHints":{"allow":["GET"]}}],"collection":[{"href":"https:\/\/agora.xtec.cat\/ceip-marcel-li-moragas\/wp-json\/wp\/v2\/pages"}],"about":[{"href":"https:\/\/agora.xtec.cat\/ceip-marcel-li-moragas\/wp-json\/wp\/v2\/types\/page"}],"author":[{"embeddable":true,"href":"https:\/\/agora.xtec.cat\/ceip-marcel-li-moragas\/wp-json\/wp\/v2\/users\/1"}],"replies":[{"embeddable":true,"href":"https:\/\/agora.xtec.cat\/ceip-marcel-li-moragas\/wp-json\/wp\/v2\/comments?post=2970"}],"version-history":[{"count":6,"href":"https:\/\/agora.xtec.cat\/ceip-marcel-li-moragas\/wp-json\/wp\/v2\/pages\/2970\/revisions"}],"predecessor-version":[{"id":4055,"href":"https:\/\/agora.xtec.cat\/ceip-marcel-li-moragas\/wp-json\/wp\/v2\/pages\/2970\/revisions\/4055"}],"up":[{"embeddable":true,"href":"https:\/\/agora.xtec.cat\/ceip-marcel-li-moragas\/wp-json\/wp\/v2\/pages\/2897"}],"wp:attachment":[{"href":"https:\/\/agora.xtec.cat\/ceip-marcel-li-moragas\/wp-json\/wp\/v2\/media?parent=2970"}],"curies":[{"name":"wp","href":"https:\/\/api.w.org\/{rel}","templated":true}]}}