{"id":2897,"date":"2025-01-16T09:40:37","date_gmt":"2025-01-16T08:40:37","guid":{"rendered":"https:\/\/agora.xtec.cat\/ceip-marcel-li-moragas\/?page_id=2897"},"modified":"2025-01-20T14:57:27","modified_gmt":"2025-01-20T13:57:27","slug":"secretaria","status":"publish","type":"page","link":"https:\/\/agora.xtec.cat\/ceip-marcel-li-moragas\/secretaria\/","title":{"rendered":"Secretaria"},"content":{"rendered":"<p>La secretaria de l&#8217;escola desenvolupa la tasca administrativa i custodia tota la documentaci\u00f3 oficial. Us podeu dirigir a secretaria quan tingueu qualsevol dubte administratiu amb cita pr\u00e8via per tel\u00e8fon o per correu electr\u00f2nic.<\/p>\n<h4><strong>Contacte<\/strong><\/h4>\n<p><a href=\"https:\/\/agora.xtec.cat\/ceip-marcel-li-moragas\/wp-content\/uploads\/usu2333\/2025\/01\/Icono-ubicacion.png\"><img loading=\"lazy\" decoding=\"async\" class=\"alignnone wp-image-2983\" src=\"https:\/\/agora.xtec.cat\/ceip-marcel-li-moragas\/wp-content\/uploads\/usu2333\/2025\/01\/Icono-ubicacion.png\" alt=\"\" width=\"19\" height=\"24\" \/><\/a> Carrer Joan I, 5 08850 Gav\u00e0<\/p>\n<p><a href=\"https:\/\/agora.xtec.cat\/ceip-marcel-li-moragas\/wp-content\/uploads\/usu2333\/2025\/01\/Icono_de_correo-removebg-preview.png\"><img loading=\"lazy\" decoding=\"async\" class=\"alignnone wp-image-2985\" src=\"https:\/\/agora.xtec.cat\/ceip-marcel-li-moragas\/wp-content\/uploads\/usu2333\/2025\/01\/Icono_de_correo-removebg-preview.png\" alt=\"\" width=\"20\" height=\"16\" srcset=\"https:\/\/agora.xtec.cat\/ceip-marcel-li-moragas\/wp-content\/uploads\/usu2333\/2025\/01\/Icono_de_correo-removebg-preview.png 464w, https:\/\/agora.xtec.cat\/ceip-marcel-li-moragas\/wp-content\/uploads\/usu2333\/2025\/01\/Icono_de_correo-removebg-preview-300x250.png 300w, https:\/\/agora.xtec.cat\/ceip-marcel-li-moragas\/wp-content\/uploads\/usu2333\/2025\/01\/Icono_de_correo-removebg-preview-200x150.png 200w\" sizes=\"auto, (max-width: 20px) 100vw, 20px\" \/><\/a> a8037991@xtec.cat<\/p>\n<p><a href=\"https:\/\/agora.xtec.cat\/ceip-marcel-li-moragas\/wp-content\/uploads\/usu2333\/2025\/01\/Publicacion_de_Instagram_de_Motivacion_Diaria__3_-removebg-preview-1-1.png\"><img loading=\"lazy\" decoding=\"async\" class=\"alignnone wp-image-2991\" src=\"https:\/\/agora.xtec.cat\/ceip-marcel-li-moragas\/wp-content\/uploads\/usu2333\/2025\/01\/Publicacion_de_Instagram_de_Motivacion_Diaria__3_-removebg-preview-1-1.png\" alt=\"\" width=\"20\" height=\"21\" \/><\/a> Tel. 93 662 82 51<\/p>\n<p>A l&#8217;espai de SECRETARIA podreu fer tr\u00e0mits com:<\/p>\n<ul>\n<li>Atenci\u00f3 al p\u00fablic<\/li>\n<li>Autoritzacions<\/li>\n<li>Circulars<\/li>\n<li>Preinscripci\u00f3 i matr\u00edcula<\/li>\n<li>Tr\u00e0mits i gestions\n<ul>\n<li>Certificats<\/li>\n<li>Sol\u00b7licitud de baixa<\/li>\n<\/ul>\n<\/li>\n<li>Beques i ajuts<\/li>\n<\/ul>\n<p>&nbsp;<\/p>\n<pre><\/pre>\n<pre><a href=\"https:\/\/agora.xtec.cat\/ceip-marcel-li-moragas\/lescola\/on-som\/\"><img loading=\"lazy\" decoding=\"async\" class=\"alignnone wp-image-3026\" src=\"https:\/\/agora.xtec.cat\/ceip-marcel-li-moragas\/wp-content\/uploads\/usu2333\/2025\/01\/mail.png\" alt=\"\" width=\"37\" height=\"37\" srcset=\"https:\/\/agora.xtec.cat\/ceip-marcel-li-moragas\/wp-content\/uploads\/usu2333\/2025\/01\/mail.png 512w, https:\/\/agora.xtec.cat\/ceip-marcel-li-moragas\/wp-content\/uploads\/usu2333\/2025\/01\/mail-300x300.png 300w, https:\/\/agora.xtec.cat\/ceip-marcel-li-moragas\/wp-content\/uploads\/usu2333\/2025\/01\/mail-150x150.png 150w\" sizes=\"auto, (max-width: 37px) 100vw, 37px\" \/><\/a> <a href=\"https:\/\/www.instagram.com\/escolamarcel.limoragas\/?hl=es\"><img loading=\"lazy\" decoding=\"async\" class=\"alignnone wp-image-3027\" src=\"https:\/\/agora.xtec.cat\/ceip-marcel-li-moragas\/wp-content\/uploads\/usu2333\/2025\/01\/Instagram_icon.png_1.png\" alt=\"\" width=\"31\" height=\"31\" srcset=\"https:\/\/agora.xtec.cat\/ceip-marcel-li-moragas\/wp-content\/uploads\/usu2333\/2025\/01\/Instagram_icon.png_1.png 640w, https:\/\/agora.xtec.cat\/ceip-marcel-li-moragas\/wp-content\/uploads\/usu2333\/2025\/01\/Instagram_icon.png_1-300x300.png 300w, https:\/\/agora.xtec.cat\/ceip-marcel-li-moragas\/wp-content\/uploads\/usu2333\/2025\/01\/Instagram_icon.png_1-150x150.png 150w\" sizes=\"auto, (max-width: 31px) 100vw, 31px\" \/><\/a>\r\n<\/pre>\n","protected":false},"excerpt":{"rendered":"<p>La secretaria de l&#8217;escola desenvolupa la tasca administrativa i custodia tota la documentaci\u00f3 oficial. Us podeu dirigir a secretaria quan tingueu qualsevol dubte administratiu amb cita pr\u00e8via per tel\u00e8fon o per correu electr\u00f2nic. Contacte Carrer Joan I, 5 08850 Gav\u00e0 a8037991@xtec.cat Tel. 93 662 82 51 A l&#8217;espai de SECRETARIA podreu fer tr\u00e0mits com: Atenci\u00f3 [&hellip;]<\/p>\n","protected":false},"author":1,"featured_media":0,"parent":0,"menu_order":0,"comment_status":"closed","ping_status":"closed","template":"page-templates\/side-menu.php","meta":{"_bbp_topic_count":0,"_bbp_reply_count":0,"_bbp_total_topic_count":0,"_bbp_total_reply_count":0,"_bbp_voice_count":0,"_bbp_anonymous_reply_count":0,"_bbp_topic_count_hidden":0,"_bbp_reply_count_hidden":0,"_bbp_forum_subforum_count":0,"site-sidebar-layout":"default","site-content-layout":"","ast-site-content-layout":"","site-content-style":"default","site-sidebar-style":"default","ast-global-header-display":"","ast-banner-title-visibility":"","ast-main-header-display":"","ast-hfb-above-header-display":"","ast-hfb-below-header-display":"","ast-hfb-mobile-header-display":"","site-post-title":"","ast-breadcrumbs-content":"","ast-featured-img":"","footer-sml-layout":"","theme-transparent-header-meta":"","adv-header-id-meta":"","stick-header-meta":"","header-above-stick-meta":"","header-main-stick-meta":"","header-below-stick-meta":"","astra-migrate-meta-layouts":"default","ast-page-background-enabled":"default","ast-page-background-meta":{"desktop":{"background-color":"var(--ast-global-color-4)","background-image":"","background-repeat":"repeat","background-position":"center center","background-size":"auto","background-attachment":"scroll","background-type":"","background-media":"","overlay-type":"","overlay-color":"","overlay-opacity":"","overlay-gradient":""},"tablet":{"background-color":"","background-image":"","background-repeat":"repeat","background-position":"center center","background-size":"auto","background-attachment":"scroll","background-type":"","background-media":"","overlay-type":"","overlay-color":"","overlay-opacity":"","overlay-gradient":""},"mobile":{"background-color":"","background-image":"","background-repeat":"repeat","background-position":"center center","background-size":"auto","background-attachment":"scroll","background-type":"","background-media":"","overlay-type":"","overlay-color":"","overlay-opacity":"","overlay-gradient":""}},"ast-content-background-meta":{"desktop":{"background-color":"var(--ast-global-color-5)","background-image":"","background-repeat":"repeat","background-position":"center center","background-size":"auto","background-attachment":"scroll","background-type":"","background-media":"","overlay-type":"","overlay-color":"","overlay-opacity":"","overlay-gradient":""},"tablet":{"background-color":"var(--ast-global-color-5)","background-image":"","background-repeat":"repeat","background-position":"center center","background-size":"auto","background-attachment":"scroll","background-type":"","background-media":"","overlay-type":"","overlay-color":"","overlay-opacity":"","overlay-gradient":""},"mobile":{"background-color":"var(--ast-global-color-5)","background-image":"","background-repeat":"repeat","background-position":"center center","background-size":"auto","background-attachment":"scroll","background-type":"","background-media":"","overlay-type":"","overlay-color":"","overlay-opacity":"","overlay-gradient":""}},"footnotes":""},"class_list":["post-2897","page","type-page","status-publish","hentry"],"post_mailing_queue_ids":[],"_links":{"self":[{"href":"https:\/\/agora.xtec.cat\/ceip-marcel-li-moragas\/wp-json\/wp\/v2\/pages\/2897","targetHints":{"allow":["GET"]}}],"collection":[{"href":"https:\/\/agora.xtec.cat\/ceip-marcel-li-moragas\/wp-json\/wp\/v2\/pages"}],"about":[{"href":"https:\/\/agora.xtec.cat\/ceip-marcel-li-moragas\/wp-json\/wp\/v2\/types\/page"}],"author":[{"embeddable":true,"href":"https:\/\/agora.xtec.cat\/ceip-marcel-li-moragas\/wp-json\/wp\/v2\/users\/1"}],"replies":[{"embeddable":true,"href":"https:\/\/agora.xtec.cat\/ceip-marcel-li-moragas\/wp-json\/wp\/v2\/comments?post=2897"}],"version-history":[{"count":7,"href":"https:\/\/agora.xtec.cat\/ceip-marcel-li-moragas\/wp-json\/wp\/v2\/pages\/2897\/revisions"}],"predecessor-version":[{"id":4244,"href":"https:\/\/agora.xtec.cat\/ceip-marcel-li-moragas\/wp-json\/wp\/v2\/pages\/2897\/revisions\/4244"}],"wp:attachment":[{"href":"https:\/\/agora.xtec.cat\/ceip-marcel-li-moragas\/wp-json\/wp\/v2\/media?parent=2897"}],"curies":[{"name":"wp","href":"https:\/\/api.w.org\/{rel}","templated":true}]}}