{"id":26,"date":"2022-11-18T11:17:32","date_gmt":"2022-11-18T10:17:32","guid":{"rendered":"http:\/\/agora.xtec.cat\/ceip-marcel-li-moragas\/?page_id=26"},"modified":"2025-01-16T11:03:47","modified_gmt":"2025-01-16T10:03:47","slug":"historia","status":"publish","type":"page","link":"https:\/\/agora.xtec.cat\/ceip-marcel-li-moragas\/lescola\/historia\/","title":{"rendered":"Hist\u00f2ria"},"content":{"rendered":"<p>Aquesta escola est\u00e0 situada a la urbanitzaci\u00f3 de Can Tintorer, fregant la Riera de Sant Lloren\u00e7 i el cam\u00ed que porta a la barriada de Can Trias. Va ser inaugurada el mes de setembre de l&#8217;any 1983.<\/p>\n<p>El nom li fou posat en record del mestre en\u00a0<strong>Marcel\u00b7l\u00ed Moragas i Gelp\u00ed<\/strong>, fill de Premi\u00e0 de Mar, que entre els anys 1916 i 1917 va venir de mestre en propietat a l&#8217;escola mixta de la pla\u00e7a.<\/p>\n<p>Tres generacions de gavanencs van passar per la seva aula. Home bo, intel\u00b7ligent i sempre disposat a transmetre els seus coneixements al gran nombre de vailets amb que comptava la seva classe.<\/p>\n<p>D&#8217;estatura m\u00e9s aviat baixa, amb el guarda-pols que mai deixava, en Marcel\u00b7l\u00ed Moragas no tenia m\u00e9s preocupaci\u00f3 ni perseguia altra meta que enriquir com m\u00e9s millor l&#8217;intel\u00b7lecte d&#8217;aquells gavanencs menuts que li havien estat encomanats.<\/p>\n<p>El senyor Moragas ja entenia que el nen havia d&#8217;aprendre la llengua del seu pa\u00eds, \u00e9s a dir, la que es parlava a casa seva i amb els seus companys. D&#8217;aqu\u00ed la inquietud que tots sortissin coneixent el catal\u00e0. El llibre de lectura que emprava a la classe era &#8220;La Tria\u201d, recull acurat de les millors poesies i narracions de l&#8217;\u00e8poca, que a m\u00e9s de fer-lo llegir el feia copiar i explicar.<\/p>\n<p>Va tenir alguns problemes a l&#8217;hora de la depuraci\u00f3 un cop acabada la guerra civil. Malgrat tot, l&#8217;any 1942 es va jubilar i va viure encara alguns anys aclaparat per la melangia d&#8217;un temps passat que amb res s&#8217;assemblava amb el que li tocava viure.<\/p>\n<p>Va morir el dia 6 de mar\u00e7 de 1948, a l&#8217;edat de 76 anys.<\/p>\n","protected":false},"excerpt":{"rendered":"<p>Aquesta escola est\u00e0 situada a la urbanitzaci\u00f3 de Can Tintorer, fregant la Riera de Sant Lloren\u00e7 i el cam\u00ed que porta a la barriada de Can Trias. Va ser inaugurada el mes de setembre de l&#8217;any 1983. El nom li fou posat en record del mestre en\u00a0Marcel\u00b7l\u00ed Moragas i Gelp\u00ed, fill de Premi\u00e0 de Mar, [&hellip;]<\/p>\n","protected":false},"author":1,"featured_media":0,"parent":22,"menu_order":2,"comment_status":"closed","ping_status":"closed","template":"page-templates\/side-menu.php","meta":{"_bbp_topic_count":0,"_bbp_reply_count":0,"_bbp_total_topic_count":0,"_bbp_total_reply_count":0,"_bbp_voice_count":0,"_bbp_anonymous_reply_count":0,"_bbp_topic_count_hidden":0,"_bbp_reply_count_hidden":0,"_bbp_forum_subforum_count":0,"site-sidebar-layout":"default","site-content-layout":"","ast-site-content-layout":"","site-content-style":"default","site-sidebar-style":"default","ast-global-header-display":"","ast-banner-title-visibility":"","ast-main-header-display":"","ast-hfb-above-header-display":"","ast-hfb-below-header-display":"","ast-hfb-mobile-header-display":"","site-post-title":"","ast-breadcrumbs-content":"","ast-featured-img":"","footer-sml-layout":"","theme-transparent-header-meta":"","adv-header-id-meta":"","stick-header-meta":"","header-above-stick-meta":"","header-main-stick-meta":"","header-below-stick-meta":"","astra-migrate-meta-layouts":"default","ast-page-background-enabled":"default","ast-page-background-meta":{"desktop":{"background-color":"var(--ast-global-color-4)","background-image":"","background-repeat":"repeat","background-position":"center center","background-size":"auto","background-attachment":"scroll","background-type":"","background-media":"","overlay-type":"","overlay-color":"","overlay-opacity":"","overlay-gradient":""},"tablet":{"background-color":"","background-image":"","background-repeat":"repeat","background-position":"center center","background-size":"auto","background-attachment":"scroll","background-type":"","background-media":"","overlay-type":"","overlay-color":"","overlay-opacity":"","overlay-gradient":""},"mobile":{"background-color":"","background-image":"","background-repeat":"repeat","background-position":"center center","background-size":"auto","background-attachment":"scroll","background-type":"","background-media":"","overlay-type":"","overlay-color":"","overlay-opacity":"","overlay-gradient":""}},"ast-content-background-meta":{"desktop":{"background-color":"var(--ast-global-color-5)","background-image":"","background-repeat":"repeat","background-position":"center center","background-size":"auto","background-attachment":"scroll","background-type":"","background-media":"","overlay-type":"","overlay-color":"","overlay-opacity":"","overlay-gradient":""},"tablet":{"background-color":"var(--ast-global-color-5)","background-image":"","background-repeat":"repeat","background-position":"center center","background-size":"auto","background-attachment":"scroll","background-type":"","background-media":"","overlay-type":"","overlay-color":"","overlay-opacity":"","overlay-gradient":""},"mobile":{"background-color":"var(--ast-global-color-5)","background-image":"","background-repeat":"repeat","background-position":"center center","background-size":"auto","background-attachment":"scroll","background-type":"","background-media":"","overlay-type":"","overlay-color":"","overlay-opacity":"","overlay-gradient":""}},"footnotes":""},"class_list":["post-26","page","type-page","status-publish","hentry"],"post_mailing_queue_ids":[],"_links":{"self":[{"href":"https:\/\/agora.xtec.cat\/ceip-marcel-li-moragas\/wp-json\/wp\/v2\/pages\/26","targetHints":{"allow":["GET"]}}],"collection":[{"href":"https:\/\/agora.xtec.cat\/ceip-marcel-li-moragas\/wp-json\/wp\/v2\/pages"}],"about":[{"href":"https:\/\/agora.xtec.cat\/ceip-marcel-li-moragas\/wp-json\/wp\/v2\/types\/page"}],"author":[{"embeddable":true,"href":"https:\/\/agora.xtec.cat\/ceip-marcel-li-moragas\/wp-json\/wp\/v2\/users\/1"}],"replies":[{"embeddable":true,"href":"https:\/\/agora.xtec.cat\/ceip-marcel-li-moragas\/wp-json\/wp\/v2\/comments?post=26"}],"version-history":[{"count":3,"href":"https:\/\/agora.xtec.cat\/ceip-marcel-li-moragas\/wp-json\/wp\/v2\/pages\/26\/revisions"}],"predecessor-version":[{"id":599,"href":"https:\/\/agora.xtec.cat\/ceip-marcel-li-moragas\/wp-json\/wp\/v2\/pages\/26\/revisions\/599"}],"up":[{"embeddable":true,"href":"https:\/\/agora.xtec.cat\/ceip-marcel-li-moragas\/wp-json\/wp\/v2\/pages\/22"}],"wp:attachment":[{"href":"https:\/\/agora.xtec.cat\/ceip-marcel-li-moragas\/wp-json\/wp\/v2\/media?parent=26"}],"curies":[{"name":"wp","href":"https:\/\/api.w.org\/{rel}","templated":true}]}}