{"id":2208,"date":"2024-03-19T10:10:49","date_gmt":"2024-03-19T09:10:49","guid":{"rendered":"https:\/\/agora.xtec.cat\/ceip-marcel-li-moragas\/?page_id=2208"},"modified":"2026-04-29T09:08:06","modified_gmt":"2026-04-29T07:08:06","slug":"preinscripcio","status":"publish","type":"page","link":"https:\/\/agora.xtec.cat\/ceip-marcel-li-moragas\/secretaria\/preinscripcio\/","title":{"rendered":"Preinscripci\u00f3 i matr\u00edcula"},"content":{"rendered":"<p style=\"text-align: left;\"><strong>\u00a0 \u00a0 \u00a0 \u00a0 \u00a0 \u00a0 \u00a0 \u00a0 \u00a0 \u00a0 \u00a0 \u00a0 \u00a0 \u00a0 \u00a0 \u00a0 \u00a0 \u00a0 \u00a0 \u00a0 \u00a0 \u00a0 \u00a0 \u00a0 \u00a0 \u00a0 \u00a0 \u00a0 \u00a0 \u00a0 \u00a0 \u00a0 \u00a0 \u00a0 \u00a0 \u00a0 \u00a0 \u00a0 \u00a0 \u00a0 \u00a0 \u00a0 \u00a0 \u00a0 \u00a0 \u00a0 <span style=\"color: #ff9900;\">\u00a0<span style=\"color: #000000;\"> \u00a0 CALENDARI<\/span><\/span><\/strong><\/p>\n<p><a href=\"https:\/\/agora.xtec.cat\/ceip-marcel-li-moragas\/wp-content\/uploads\/usu2333\/2026\/02\/Preinscripcio_baners_Web_2026_27-e1771417155497.jpg\"><img loading=\"lazy\" decoding=\"async\" class=\"wp-image-4212 alignleft\" src=\"https:\/\/agora.xtec.cat\/ceip-marcel-li-moragas\/wp-content\/uploads\/usu2333\/2026\/02\/Preinscripcio_baners_Web_2026_27-e1771417155497.jpg\" alt=\"\" width=\"285\" height=\"199\" srcset=\"https:\/\/agora.xtec.cat\/ceip-marcel-li-moragas\/wp-content\/uploads\/usu2333\/2026\/02\/Preinscripcio_baners_Web_2026_27-e1771417155497.jpg 530w, https:\/\/agora.xtec.cat\/ceip-marcel-li-moragas\/wp-content\/uploads\/usu2333\/2026\/02\/Preinscripcio_baners_Web_2026_27-e1771417155497-300x209.jpg 300w\" sizes=\"auto, (max-width: 285px) 100vw, 285px\" \/><\/a><\/p>\n<p><b>\u2192\u00a0 3 <\/b><span style=\"font-weight: 400;\"><strong>de mar\u00e7 de 2026<\/strong>: <a href=\"https:\/\/drive.google.com\/file\/d\/16OWmKmZHsjTyBR3KQY6PtZZtGU0_aUJn\/view?usp=sharing\">Publicaci\u00f3 oferta inicial de places.<\/a><\/span><span style=\"font-weight: 400;\">\u00a0<\/span><\/p>\n<p><b>\u2192<\/b>\u00a0<span style=\"font-weight: 400;\"><strong>Del 4 al 18 de mar\u00e7 de 2026 (a partir de les 9 hores)<\/strong>: <a href=\"https:\/\/tramits.gencat.cat\/ca\/tramits\/tramits-temes\/perinscripcio-obligatoris?moda=1\">Presentaci\u00f3 i\/o modificaci\u00f3 de sol\u00b7licituds.<\/a><\/span><\/p>\n<p><span style=\"font-weight: 400;\">\u2192 <strong>Fins al 19 de mar\u00e7 de 2026:<\/strong> <a href=\"https:\/\/educacio.gencat.cat\/ca\/tramits\/tramits-temes\/perinscripcio-obligatoris?&amp;moda=1\">Presentaci\u00f3 de documentaci\u00f3.<\/a>\u00a0<\/span><\/p>\n<p>&nbsp;<\/p>\n<p><b>\u2192 15 d\u2019abril de 2026: <\/b><a href=\"https:\/\/drive.google.com\/file\/d\/1C2SmfZILheN-9lQqCR7sheypce_dpOln\/view?usp=drive_link\"><span style=\"font-weight: 400;\">Publicaci\u00f3 llista sol\u00b7licituds amb la puntuaci\u00f3 provisional.<\/span><\/a><\/p>\n<p><span style=\"font-weight: 400;\">\u2192 <strong>Del 15 al 20 d\u2019abril de 2026:<\/strong> <a href=\"https:\/\/preinscripcio.gencat.cat\/ca\/estudis\/infantil-3-6\/preinscriute\/seguiment-sollicitud\/llista-sollicituds-puntuacio\/\">Presentaci\u00f3 de reclamacions.<\/a> En cas de fer reclamaci\u00f3 s&#8217;ha d&#8217;adjuntar el <a href=\"https:\/\/drive.google.com\/file\/d\/11RaRIlaRKcNTJntqA54APcXfXTmPkWYV\/view?usp=drive_link\">model de reclamaci\u00f3.<\/a><\/span><\/p>\n<p><span style=\"font-weight: 400;\">\u2192 <strong>23 d&#8217;abril de 2026:<\/strong> <a href=\"https:\/\/drive.google.com\/file\/d\/1_JI0ntgi_SVRkCN3ZYJFUmCxDeJYerFt\/view?usp=sharing\">Publicaci\u00f3 de la llista sol\u00b7licituds amb la puntuaci\u00f3 resoltes les reclamacions.<\/a><\/span><span style=\"font-weight: 400;\"><br \/>\n<\/span><\/p>\n<p><span style=\"font-weight: 400;\">\u2192 <strong>28 d&#8217;abril de 2026 a les 11.00 hores:<\/strong> <a href=\"https:\/\/drive.google.com\/file\/d\/1GYom663avQOPjUVkAFrJx3gkUM9pco57\/view?usp=drive_link\">Sorteig per resoldre les sol\u00b7licituds de preinscripci\u00f3 empatades en punts.<\/a><\/span><\/p>\n<p style=\"text-align: center;\"><strong>N\u00daMERO DE DESEMPAT<\/strong><\/p>\n<h2 style=\"text-align: center;\"><strong>42129<\/strong><\/h2>\n<p><span style=\"font-weight: 400;\">\u2192 <strong>29 d&#8217;abril de 2026:<\/strong> <a href=\"https:\/\/drive.google.com\/file\/d\/1A6Gzz-jLzJOetM3RHFoaenCaY_GFdbCN\/view?usp=sharing\">Publicaci\u00f3 de la llista ordenada.<\/a><\/span><\/p>\n<p><span style=\"font-weight: 400;\">\u2192 <strong>10 de juny de 2026:<\/strong> Publicaci\u00f3 de l\u2019oferta final.<\/span><\/p>\n<p><span style=\"font-weight: 400;\">\u2192 <strong>10 de juny de 2026:<\/strong> Publicaci\u00f3 llista d\u2019admesos i llista d\u2019espera.\u00a0<\/span><\/p>\n<p><span style=\"font-weight: 400;\">\u2192 <strong>Del 10 al 12 de juny de 2026:<\/strong> <a href=\"https:\/\/educacio.gencat.cat\/ca\/tramits\/tramits-temes\/reclamacio-preinscripcio-obligatoris?moda=1\">Presentaci\u00f3 de reclamacions<\/a> online i \u00e9s necess\u00e0ria la identificaci\u00f3 digital. L&#8217;Ajuntament de Gav\u00e0 obre punts d&#8217;informaci\u00f3 de l&#8217;OME en horari de 09:30 a 12:30 matins, tardes de Dimarts i Dijous de 16:30 a 18:30. Cal demanar <a href=\"https:\/\/eseu.gava.cat\/sta\/CarpetaPublic\/doEvent?APP_CODE=STA&amp;PAGE_CODE=PTS_CITAPREVIA\"><strong>cita pr\u00e8via<\/strong><\/a> .<\/span><\/p>\n<p>______________________________________________________________________________________________________________________________________<\/p>\n<p><a href=\"https:\/\/agora.xtec.cat\/ceip-marcel-li-moragas\/wp-content\/uploads\/usu2333\/2025\/02\/preins-2526-construim-futur.jpg\"><img loading=\"lazy\" decoding=\"async\" class=\"wp-image-3441 size-thumbnail alignright\" src=\"https:\/\/agora.xtec.cat\/ceip-marcel-li-moragas\/wp-content\/uploads\/usu2333\/2025\/02\/preins-2526-construim-futur-150x150.jpg\" alt=\"\" width=\"150\" height=\"150\" \/><\/a><\/p>\n<p><b>En aquests\u00a0ENLLA\u00c7OS\u00a0trobareu tota la informaci\u00f3\u00a0<\/b><b>del proc\u00e9s:<\/b><\/p>\n<p>1.<a href=\"https:\/\/preinscripcio.gencat.cat\/ca\/estudis\/infantil-3-6\/informat\/\"><span style=\"font-weight: 400;\">Informa\u2019t i prepara\u2019t abans que comenci la preinscripci\u00f3.<\/span><\/a><\/p>\n<p>2.<a href=\"https:\/\/preinscripcio.gencat.cat\/ca\/estudis\/infantil-3-6\/preinscriute\/\"><span style=\"font-weight: 400;\">Presenta la sol\u00b7licitud de pr<\/span><span style=\"font-weight: 400;\">einscri<\/span><span style=\"font-weight: 400;\">pci\u00f3 i fes-ne el seguiment.<\/span><\/a><\/p>\n<p>3.<a href=\"https:\/\/www.idcatmobil.cat\/\"><span style=\"font-weight: 400;\">Com donar-se d&#8217;alta a l&#8217;\u00a0idCAT M\u00f2bil (identificaci\u00f3 digital).<\/span><\/a><\/p>\n<p>4.<a href=\"https:\/\/educacio.gencat.cat\/ca\/tramits\/tramits-temes\/identificador-alumne\">On consultar l&#8217;IDALU o identificador de l&#8217;alumne.<\/a><\/p>\n<p>5.<a href=\"https:\/\/youtu.be\/A6Ru3PwTvPc?si=PXWQv8adX1lbe6sp\"><span style=\"font-weight: 400;\">V\u00eddeo explicatiu de com pots digitalitzar documents per als tr\u00e0mits.<\/span><\/a><\/p>\n<p>6.<a class=\"\" title=\"Com presentar una reclamaci\u00f3 si no est\u00e0s d'acord amb la llista de la puntuaci\u00f3 provisional\" href=\"https:\/\/youtu.be\/Y1HTJ25ueeY\" target=\"_blank\" rel=\"noopener\">Com presentar una reclamaci\u00f3 si no est\u00e0s d&#8217;acord amb la llista de la puntuaci\u00f3 provisional<\/a><\/p>\n","protected":false},"excerpt":{"rendered":"<p>\u00a0 \u00a0 \u00a0 \u00a0 \u00a0 \u00a0 \u00a0 \u00a0 \u00a0 \u00a0 \u00a0 \u00a0 \u00a0 \u00a0 \u00a0 \u00a0 \u00a0 \u00a0 \u00a0 \u00a0 \u00a0 \u00a0 \u00a0 \u00a0 \u00a0 \u00a0 \u00a0 \u00a0 \u00a0 \u00a0 \u00a0 \u00a0 \u00a0 \u00a0 \u00a0 \u00a0 \u00a0 \u00a0 \u00a0 \u00a0 \u00a0 \u00a0 \u00a0 \u00a0 \u00a0 \u00a0 \u00a0 \u00a0 CALENDARI \u2192\u00a0 3 de mar\u00e7 de 2026: [&hellip;]<\/p>\n","protected":false},"author":1,"featured_media":0,"parent":2897,"menu_order":4,"comment_status":"closed","ping_status":"closed","template":"","meta":{"_bbp_topic_count":0,"_bbp_reply_count":0,"_bbp_total_topic_count":0,"_bbp_total_reply_count":0,"_bbp_voice_count":0,"_bbp_anonymous_reply_count":0,"_bbp_topic_count_hidden":0,"_bbp_reply_count_hidden":0,"_bbp_forum_subforum_count":0,"site-sidebar-layout":"default","site-content-layout":"","ast-site-content-layout":"default","site-content-style":"default","site-sidebar-style":"default","ast-global-header-display":"","ast-banner-title-visibility":"","ast-main-header-display":"","ast-hfb-above-header-display":"","ast-hfb-below-header-display":"","ast-hfb-mobile-header-display":"","site-post-title":"","ast-breadcrumbs-content":"","ast-featured-img":"","footer-sml-layout":"","theme-transparent-header-meta":"default","adv-header-id-meta":"","stick-header-meta":"","header-above-stick-meta":"","header-main-stick-meta":"","header-below-stick-meta":"","astra-migrate-meta-layouts":"set","ast-page-background-enabled":"default","ast-page-background-meta":{"desktop":{"background-color":"var(--ast-global-color-4)","background-image":"","background-repeat":"repeat","background-position":"center center","background-size":"auto","background-attachment":"scroll","background-type":"","background-media":"","overlay-type":"","overlay-color":"","overlay-opacity":"","overlay-gradient":""},"tablet":{"background-color":"","background-image":"","background-repeat":"repeat","background-position":"center center","background-size":"auto","background-attachment":"scroll","background-type":"","background-media":"","overlay-type":"","overlay-color":"","overlay-opacity":"","overlay-gradient":""},"mobile":{"background-color":"","background-image":"","background-repeat":"repeat","background-position":"center center","background-size":"auto","background-attachment":"scroll","background-type":"","background-media":"","overlay-type":"","overlay-color":"","overlay-opacity":"","overlay-gradient":""}},"ast-content-background-meta":{"desktop":{"background-color":"var(--ast-global-color-5)","background-image":"","background-repeat":"repeat","background-position":"center center","background-size":"auto","background-attachment":"scroll","background-type":"","background-media":"","overlay-type":"","overlay-color":"","overlay-opacity":"","overlay-gradient":""},"tablet":{"background-color":"var(--ast-global-color-5)","background-image":"","background-repeat":"repeat","background-position":"center center","background-size":"auto","background-attachment":"scroll","background-type":"","background-media":"","overlay-type":"","overlay-color":"","overlay-opacity":"","overlay-gradient":""},"mobile":{"background-color":"var(--ast-global-color-5)","background-image":"","background-repeat":"repeat","background-position":"center center","background-size":"auto","background-attachment":"scroll","background-type":"","background-media":"","overlay-type":"","overlay-color":"","overlay-opacity":"","overlay-gradient":""}},"footnotes":""},"class_list":["post-2208","page","type-page","status-publish","hentry"],"post_mailing_queue_ids":[],"_links":{"self":[{"href":"https:\/\/agora.xtec.cat\/ceip-marcel-li-moragas\/wp-json\/wp\/v2\/pages\/2208","targetHints":{"allow":["GET"]}}],"collection":[{"href":"https:\/\/agora.xtec.cat\/ceip-marcel-li-moragas\/wp-json\/wp\/v2\/pages"}],"about":[{"href":"https:\/\/agora.xtec.cat\/ceip-marcel-li-moragas\/wp-json\/wp\/v2\/types\/page"}],"author":[{"embeddable":true,"href":"https:\/\/agora.xtec.cat\/ceip-marcel-li-moragas\/wp-json\/wp\/v2\/users\/1"}],"replies":[{"embeddable":true,"href":"https:\/\/agora.xtec.cat\/ceip-marcel-li-moragas\/wp-json\/wp\/v2\/comments?post=2208"}],"version-history":[{"count":7,"href":"https:\/\/agora.xtec.cat\/ceip-marcel-li-moragas\/wp-json\/wp\/v2\/pages\/2208\/revisions"}],"predecessor-version":[{"id":4447,"href":"https:\/\/agora.xtec.cat\/ceip-marcel-li-moragas\/wp-json\/wp\/v2\/pages\/2208\/revisions\/4447"}],"up":[{"embeddable":true,"href":"https:\/\/agora.xtec.cat\/ceip-marcel-li-moragas\/wp-json\/wp\/v2\/pages\/2897"}],"wp:attachment":[{"href":"https:\/\/agora.xtec.cat\/ceip-marcel-li-moragas\/wp-json\/wp\/v2\/media?parent=2208"}],"curies":[{"name":"wp","href":"https:\/\/api.w.org\/{rel}","templated":true}]}}