{"id":2041,"date":"2024-02-15T10:35:09","date_gmt":"2024-02-15T09:35:09","guid":{"rendered":"https:\/\/agora.xtec.cat\/ceip-marcel-li-moragas\/?page_id=2041"},"modified":"2025-01-24T09:31:49","modified_gmt":"2025-01-24T08:31:49","slug":"radio-pares","status":"publish","type":"page","link":"https:\/\/agora.xtec.cat\/ceip-marcel-li-moragas\/radio-pares\/","title":{"rendered":"R\u00e0dio Escola"},"content":{"rendered":"<p>Com ja sabeu, els alumnes d&#8217;ara de 6\u00e8 van iniciar un projecte de r\u00e0dio a l&#8217;escola el curs passat 2023-2024 i ara l&#8217;actual curs de 5\u00e8 s\u00f3n els encarregats de continuar aquesta iniciativa. La setmana passada vam acabar tot el proc\u00e9s formatiu i pr\u00e0ctic, coincidint amb la celebraci\u00f3 del dia Mundial de la R\u00e0dio. En breu trobareu a aquest apartat la producci\u00f3 final de la situaci\u00f3 d&#8217;aprenentatge.<\/p>\n<p>Mentrestant us deixem un article que resumeix breument la hist\u00f2ria de la r\u00e0dio.<a href=\"https:\/\/agora.xtec.cat\/ceip-marcel-li-moragas\/wp-content\/uploads\/usu2333\/2025\/01\/PNG-RADIO.png\"><img loading=\"lazy\" decoding=\"async\" class=\" wp-image-2966 alignright\" src=\"https:\/\/agora.xtec.cat\/ceip-marcel-li-moragas\/wp-content\/uploads\/usu2333\/2025\/01\/PNG-RADIO.png\" alt=\"\" width=\"340\" height=\"310\" \/><\/a><\/p>\n<p><a href=\"https:\/\/www.rtve.es\/television\/20240213\/historia-radio-catalunya-radio-barcelona-podcasts\/15967903.shtml\">Article, 13 de febrer, rtve.<\/a><\/p>\n<p>Els Podcast de la nostra radio:<\/p>\n<p><a href=\"https:\/\/agora.xtec.cat\/ceip-marcel-li-moragas\/wp-content\/uploads\/usu2333\/2024\/06\/Cascos-musica.jpg\"><img loading=\"lazy\" decoding=\"async\" class=\"alignnone wp-image-2711\" src=\"https:\/\/agora.xtec.cat\/ceip-marcel-li-moragas\/wp-content\/uploads\/usu2333\/2024\/06\/Cascos-musica.jpg\" alt=\"\" width=\"30\" height=\"23\" srcset=\"https:\/\/agora.xtec.cat\/ceip-marcel-li-moragas\/wp-content\/uploads\/usu2333\/2024\/06\/Cascos-musica.jpg 256w, https:\/\/agora.xtec.cat\/ceip-marcel-li-moragas\/wp-content\/uploads\/usu2333\/2024\/06\/Cascos-musica-200x150.jpg 200w\" sizes=\"auto, (max-width: 30px) 100vw, 30px\" \/><\/a>\u00a0<a href=\"https:\/\/drive.google.com\/file\/d\/1XbSTTVAXLgfG_ne7SaQjNy6nsaP2ddAf\/view?usp=sharing\">Primer<\/a> podcast radio cinc.<\/p>\n<p><a href=\"https:\/\/agora.xtec.cat\/ceip-marcel-li-moragas\/wp-content\/uploads\/usu2333\/2024\/06\/Cascos-musica.jpg\"><img loading=\"lazy\" decoding=\"async\" class=\"alignnone wp-image-2711\" src=\"https:\/\/agora.xtec.cat\/ceip-marcel-li-moragas\/wp-content\/uploads\/usu2333\/2024\/06\/Cascos-musica.jpg\" alt=\"\" width=\"30\" height=\"23\" srcset=\"https:\/\/agora.xtec.cat\/ceip-marcel-li-moragas\/wp-content\/uploads\/usu2333\/2024\/06\/Cascos-musica.jpg 256w, https:\/\/agora.xtec.cat\/ceip-marcel-li-moragas\/wp-content\/uploads\/usu2333\/2024\/06\/Cascos-musica-200x150.jpg 200w\" sizes=\"auto, (max-width: 30px) 100vw, 30px\" \/><\/a><a href=\"https:\/\/drive.google.com\/file\/d\/1h7XSIh3s79G9jqkz4enyjayTOe6Kudy6\/view?usp=sharing\"> Segon<\/a> podcast radio cinc.<\/p>\n","protected":false},"excerpt":{"rendered":"<p>Com ja sabeu, els alumnes d&#8217;ara de 6\u00e8 van iniciar un projecte de r\u00e0dio a l&#8217;escola el curs passat 2023-2024 i ara l&#8217;actual curs de 5\u00e8 s\u00f3n els encarregats de continuar aquesta iniciativa. La setmana passada vam acabar tot el proc\u00e9s formatiu i pr\u00e0ctic, coincidint amb la celebraci\u00f3 del dia Mundial de la R\u00e0dio. En [&hellip;]<\/p>\n","protected":false},"author":1,"featured_media":0,"parent":0,"menu_order":0,"comment_status":"closed","ping_status":"closed","template":"page-templates\/side-menu.php","meta":{"_bbp_topic_count":0,"_bbp_reply_count":0,"_bbp_total_topic_count":0,"_bbp_total_reply_count":0,"_bbp_voice_count":0,"_bbp_anonymous_reply_count":0,"_bbp_topic_count_hidden":0,"_bbp_reply_count_hidden":0,"_bbp_forum_subforum_count":0,"site-sidebar-layout":"default","site-content-layout":"","ast-site-content-layout":"","site-content-style":"default","site-sidebar-style":"default","ast-global-header-display":"","ast-banner-title-visibility":"","ast-main-header-display":"","ast-hfb-above-header-display":"","ast-hfb-below-header-display":"","ast-hfb-mobile-header-display":"","site-post-title":"","ast-breadcrumbs-content":"","ast-featured-img":"","footer-sml-layout":"","theme-transparent-header-meta":"","adv-header-id-meta":"","stick-header-meta":"","header-above-stick-meta":"","header-main-stick-meta":"","header-below-stick-meta":"","astra-migrate-meta-layouts":"default","ast-page-background-enabled":"default","ast-page-background-meta":{"desktop":{"background-color":"var(--ast-global-color-4)","background-image":"","background-repeat":"repeat","background-position":"center center","background-size":"auto","background-attachment":"scroll","background-type":"","background-media":"","overlay-type":"","overlay-color":"","overlay-opacity":"","overlay-gradient":""},"tablet":{"background-color":"","background-image":"","background-repeat":"repeat","background-position":"center center","background-size":"auto","background-attachment":"scroll","background-type":"","background-media":"","overlay-type":"","overlay-color":"","overlay-opacity":"","overlay-gradient":""},"mobile":{"background-color":"","background-image":"","background-repeat":"repeat","background-position":"center center","background-size":"auto","background-attachment":"scroll","background-type":"","background-media":"","overlay-type":"","overlay-color":"","overlay-opacity":"","overlay-gradient":""}},"ast-content-background-meta":{"desktop":{"background-color":"var(--ast-global-color-5)","background-image":"","background-repeat":"repeat","background-position":"center center","background-size":"auto","background-attachment":"scroll","background-type":"","background-media":"","overlay-type":"","overlay-color":"","overlay-opacity":"","overlay-gradient":""},"tablet":{"background-color":"var(--ast-global-color-5)","background-image":"","background-repeat":"repeat","background-position":"center center","background-size":"auto","background-attachment":"scroll","background-type":"","background-media":"","overlay-type":"","overlay-color":"","overlay-opacity":"","overlay-gradient":""},"mobile":{"background-color":"var(--ast-global-color-5)","background-image":"","background-repeat":"repeat","background-position":"center center","background-size":"auto","background-attachment":"scroll","background-type":"","background-media":"","overlay-type":"","overlay-color":"","overlay-opacity":"","overlay-gradient":""}},"footnotes":""},"class_list":["post-2041","page","type-page","status-publish","hentry"],"post_mailing_queue_ids":[],"_links":{"self":[{"href":"https:\/\/agora.xtec.cat\/ceip-marcel-li-moragas\/wp-json\/wp\/v2\/pages\/2041","targetHints":{"allow":["GET"]}}],"collection":[{"href":"https:\/\/agora.xtec.cat\/ceip-marcel-li-moragas\/wp-json\/wp\/v2\/pages"}],"about":[{"href":"https:\/\/agora.xtec.cat\/ceip-marcel-li-moragas\/wp-json\/wp\/v2\/types\/page"}],"author":[{"embeddable":true,"href":"https:\/\/agora.xtec.cat\/ceip-marcel-li-moragas\/wp-json\/wp\/v2\/users\/1"}],"replies":[{"embeddable":true,"href":"https:\/\/agora.xtec.cat\/ceip-marcel-li-moragas\/wp-json\/wp\/v2\/comments?post=2041"}],"version-history":[{"count":6,"href":"https:\/\/agora.xtec.cat\/ceip-marcel-li-moragas\/wp-json\/wp\/v2\/pages\/2041\/revisions"}],"predecessor-version":[{"id":3102,"href":"https:\/\/agora.xtec.cat\/ceip-marcel-li-moragas\/wp-json\/wp\/v2\/pages\/2041\/revisions\/3102"}],"wp:attachment":[{"href":"https:\/\/agora.xtec.cat\/ceip-marcel-li-moragas\/wp-json\/wp\/v2\/media?parent=2041"}],"curies":[{"name":"wp","href":"https:\/\/api.w.org\/{rel}","templated":true}]}}