{"id":1997,"date":"2024-02-02T09:33:57","date_gmt":"2024-02-02T08:33:57","guid":{"rendered":"https:\/\/agora.xtec.cat\/ceip-marcel-li-moragas\/?page_id=1997"},"modified":"2025-02-14T08:56:42","modified_gmt":"2025-02-14T07:56:42","slug":"educacio-i-families","status":"publish","type":"page","link":"https:\/\/agora.xtec.cat\/ceip-marcel-li-moragas\/educacio-i-families\/","title":{"rendered":"Educaci\u00f3 i fam\u00edlies"},"content":{"rendered":"<p style=\"text-align: justify;\">En aquest espai podreu trobar una diversitat d&#8217;<span style=\"color: #008080;\"><strong>articles<\/strong><\/span> d&#8217;inter\u00e8s educatiu, recomanacions, a fi que fam\u00edlies i escola sumin en la tasca compartida de l&#8217;educaci\u00f3 dels nostres infants.<\/p>\n<p style=\"text-align: justify;\">Tamb\u00e9 teniu disponible la <span style=\"color: #008080;\"><strong>Marcelina<\/strong><\/span> on mostrem algunes de les activitats que fan els fills i filles en la vida escolar durant el curs. Aix\u00ed poder fer part\u00edcip a les fam\u00edlies de totes les experi\u00e8ncies que els infants COMPARTEIXEN, no nom\u00e9s amb les persones que tenim m\u00e9s a prop, sin\u00f3 tamb\u00e9 amb el nostre entorn social i natural immediat que considerem imprescindibles en una educaci\u00f3 integral.<\/p>\n<p>&nbsp;<\/p>\n","protected":false},"excerpt":{"rendered":"<p>En aquest espai podreu trobar una diversitat d&#8217;articles d&#8217;inter\u00e8s educatiu, recomanacions, a fi que fam\u00edlies i escola sumin en la tasca compartida de l&#8217;educaci\u00f3 dels nostres infants. Tamb\u00e9 teniu disponible la Marcelina on mostrem algunes de les activitats que fan els fills i filles en la vida escolar durant el curs. Aix\u00ed poder fer part\u00edcip [&hellip;]<\/p>\n","protected":false},"author":1,"featured_media":0,"parent":0,"menu_order":0,"comment_status":"closed","ping_status":"closed","template":"page-templates\/side-menu.php","meta":{"_bbp_topic_count":0,"_bbp_reply_count":0,"_bbp_total_topic_count":0,"_bbp_total_reply_count":0,"_bbp_voice_count":0,"_bbp_anonymous_reply_count":0,"_bbp_topic_count_hidden":0,"_bbp_reply_count_hidden":0,"_bbp_forum_subforum_count":0,"site-sidebar-layout":"default","site-content-layout":"","ast-site-content-layout":"","site-content-style":"default","site-sidebar-style":"default","ast-global-header-display":"","ast-banner-title-visibility":"","ast-main-header-display":"","ast-hfb-above-header-display":"","ast-hfb-below-header-display":"","ast-hfb-mobile-header-display":"","site-post-title":"","ast-breadcrumbs-content":"","ast-featured-img":"","footer-sml-layout":"","theme-transparent-header-meta":"","adv-header-id-meta":"","stick-header-meta":"","header-above-stick-meta":"","header-main-stick-meta":"","header-below-stick-meta":"","astra-migrate-meta-layouts":"default","ast-page-background-enabled":"default","ast-page-background-meta":{"desktop":{"background-color":"var(--ast-global-color-4)","background-image":"","background-repeat":"repeat","background-position":"center center","background-size":"auto","background-attachment":"scroll","background-type":"","background-media":"","overlay-type":"","overlay-color":"","overlay-opacity":"","overlay-gradient":""},"tablet":{"background-color":"","background-image":"","background-repeat":"repeat","background-position":"center center","background-size":"auto","background-attachment":"scroll","background-type":"","background-media":"","overlay-type":"","overlay-color":"","overlay-opacity":"","overlay-gradient":""},"mobile":{"background-color":"","background-image":"","background-repeat":"repeat","background-position":"center center","background-size":"auto","background-attachment":"scroll","background-type":"","background-media":"","overlay-type":"","overlay-color":"","overlay-opacity":"","overlay-gradient":""}},"ast-content-background-meta":{"desktop":{"background-color":"var(--ast-global-color-5)","background-image":"","background-repeat":"repeat","background-position":"center center","background-size":"auto","background-attachment":"scroll","background-type":"","background-media":"","overlay-type":"","overlay-color":"","overlay-opacity":"","overlay-gradient":""},"tablet":{"background-color":"var(--ast-global-color-5)","background-image":"","background-repeat":"repeat","background-position":"center center","background-size":"auto","background-attachment":"scroll","background-type":"","background-media":"","overlay-type":"","overlay-color":"","overlay-opacity":"","overlay-gradient":""},"mobile":{"background-color":"var(--ast-global-color-5)","background-image":"","background-repeat":"repeat","background-position":"center center","background-size":"auto","background-attachment":"scroll","background-type":"","background-media":"","overlay-type":"","overlay-color":"","overlay-opacity":"","overlay-gradient":""}},"footnotes":""},"class_list":["post-1997","page","type-page","status-publish","hentry"],"post_mailing_queue_ids":[],"_links":{"self":[{"href":"https:\/\/agora.xtec.cat\/ceip-marcel-li-moragas\/wp-json\/wp\/v2\/pages\/1997","targetHints":{"allow":["GET"]}}],"collection":[{"href":"https:\/\/agora.xtec.cat\/ceip-marcel-li-moragas\/wp-json\/wp\/v2\/pages"}],"about":[{"href":"https:\/\/agora.xtec.cat\/ceip-marcel-li-moragas\/wp-json\/wp\/v2\/types\/page"}],"author":[{"embeddable":true,"href":"https:\/\/agora.xtec.cat\/ceip-marcel-li-moragas\/wp-json\/wp\/v2\/users\/1"}],"replies":[{"embeddable":true,"href":"https:\/\/agora.xtec.cat\/ceip-marcel-li-moragas\/wp-json\/wp\/v2\/comments?post=1997"}],"version-history":[{"count":5,"href":"https:\/\/agora.xtec.cat\/ceip-marcel-li-moragas\/wp-json\/wp\/v2\/pages\/1997\/revisions"}],"predecessor-version":[{"id":3402,"href":"https:\/\/agora.xtec.cat\/ceip-marcel-li-moragas\/wp-json\/wp\/v2\/pages\/1997\/revisions\/3402"}],"wp:attachment":[{"href":"https:\/\/agora.xtec.cat\/ceip-marcel-li-moragas\/wp-json\/wp\/v2\/media?parent=1997"}],"curies":[{"name":"wp","href":"https:\/\/api.w.org\/{rel}","templated":true}]}}