{"id":1663,"date":"2023-10-17T08:51:54","date_gmt":"2023-10-17T06:51:54","guid":{"rendered":"https:\/\/agora.xtec.cat\/ceip-marcel-li-moragas\/?page_id=1663"},"modified":"2026-04-23T09:30:40","modified_gmt":"2026-04-23T07:30:40","slug":"innovamat-explicat-a-les-families","status":"publish","type":"page","link":"https:\/\/agora.xtec.cat\/ceip-marcel-li-moragas\/projecte-educatiu\/innovamat-explicat-a-les-families\/","title":{"rendered":"Innovamat"},"content":{"rendered":"<p>&nbsp;<\/p>\n<p><img loading=\"lazy\" decoding=\"async\" class=\"alignright\" src=\"https:\/\/agora.xtec.cat\/ceip-marcel-li-moragas\/wp-content\/uploads\/usu2333\/2023\/10\/inno.png\" alt=\"\" width=\"159\" height=\"40\" \/><\/p>\n<p>\u201cBmath \u2013 Les matem\u00e0tiques et faran pensar\u201d \u00e9s un programa matem\u00e0tic que estimula el pensament i consolida l\u2019aprenentatge.<\/p>\n<p style=\"text-align: justify;\">A la nostra escola ja fa uns cursos que s\u2019utilitza la plataforma Innovamat i actualment la utilitzen des de infantil I3 fins a 6\u00e8 de prim\u00e0ria.<\/p>\n<p style=\"text-align: justify;\">Apostem per aquest projecte innovador i diferent alhora de fer l\u2019assignatura de matem\u00e0tiques on es crean experi\u00e8ncies d&#8217;aprenentatge basada en desenvolupar les habilitats de resoluci\u00f3 de problemes, agilitat en el c\u00e0lcul mental i raonament dels alumnes amb material manipulatiu, quaderns i altres recursos com guies did\u00e0ctiques.<\/p>\n<hr \/>\n<p>Podeu descarregar l\u2019app :<\/p>\n<p><a class=\"customize-unpreviewable\" href=\"https:\/\/play.google.com\/store\/apps\/details?id=com.innovamat.bmath&amp;hl=es\" target=\"_blank\" rel=\"noopener\"><img loading=\"lazy\" decoding=\"async\" class=\"wp-image-3216 alignleft\" src=\"https:\/\/agora.xtec.cat\/ceip-marcel-li-moragas\/wp-content\/uploads\/usu2333\/2023\/10\/disponible-en-google-play-badge-1.png\" sizes=\"auto, (max-width: 179px) 100vw, 179px\" srcset=\"https:\/\/agora.xtec.cat\/ceip-marcel-li-moragas\/wp-content\/uploads\/usu2333\/2023\/10\/disponible-en-google-play-badge-1.png 2100w, https:\/\/agora.xtec.cat\/ceip-marcel-li-moragas\/wp-content\/uploads\/usu2333\/2023\/10\/disponible-en-google-play-badge-1-300x89.png 300w, https:\/\/agora.xtec.cat\/ceip-marcel-li-moragas\/wp-content\/uploads\/usu2333\/2023\/10\/disponible-en-google-play-badge-1-1024x303.png 1024w, https:\/\/agora.xtec.cat\/ceip-marcel-li-moragas\/wp-content\/uploads\/usu2333\/2023\/10\/disponible-en-google-play-badge-1-768x227.png 768w, https:\/\/agora.xtec.cat\/ceip-marcel-li-moragas\/wp-content\/uploads\/usu2333\/2023\/10\/disponible-en-google-play-badge-1-1536x455.png 1536w, https:\/\/agora.xtec.cat\/ceip-marcel-li-moragas\/wp-content\/uploads\/usu2333\/2023\/10\/disponible-en-google-play-badge-1-2048x607.png 2048w\" alt=\"\" width=\"179\" height=\"53\" \/><\/a><\/p>\n<p>&nbsp;<\/p>\n<p>&nbsp;<\/p>\n<p><a class=\"customize-unpreviewable\" href=\"https:\/\/apps.apple.com\/es\/app\/bmath-matem%C3%A1ticas-para-ni%C3%B1os\/id1479835577\" target=\"_blank\" rel=\"noopener\"><img loading=\"lazy\" decoding=\"async\" class=\"alignnone wp-image-3217\" src=\"https:\/\/agora.xtec.cat\/ceip-marcel-li-moragas\/wp-content\/uploads\/usu2333\/2023\/10\/disponible-app-store-rtt.png\" sizes=\"auto, (max-width: 179px) 100vw, 179px\" srcset=\"https:\/\/agora.xtec.cat\/ceip-marcel-li-moragas\/wp-content\/uploads\/usu2333\/2023\/10\/disponible-app-store-rtt.png 1178w, https:\/\/agora.xtec.cat\/ceip-marcel-li-moragas\/wp-content\/uploads\/usu2333\/2023\/10\/disponible-app-store-rtt-300x103.png 300w, https:\/\/agora.xtec.cat\/ceip-marcel-li-moragas\/wp-content\/uploads\/usu2333\/2023\/10\/disponible-app-store-rtt-1024x353.png 1024w, https:\/\/agora.xtec.cat\/ceip-marcel-li-moragas\/wp-content\/uploads\/usu2333\/2023\/10\/disponible-app-store-rtt-768x265.png 768w\" alt=\"\" width=\"179\" height=\"62\" \/><\/a><\/p>\n<p>\u2192 <a href=\"https:\/\/drive.google.com\/file\/d\/1f9oyquyt1XZARa3uah1LNSzWDBQnPHjT\/view?usp=drive_link\" target=\"_blank\" rel=\"noopener\">Manual d\u2019usuari<\/a>.<\/p>\n<p>&nbsp;<\/p>\n<p>Qu\u00e8 tenen en com\u00fa la\u00a0<b>flexibilitat<\/b>,\u00a0<b>l&#8217;efici\u00e8ncia<\/b>\u00a0i la\u00a0<b>precisi\u00f3<\/b>\u00a0en matem\u00e0tiques?<\/p>\n<p>Que tots aquests aspectes formen part de la <b><i>flu\u00efdesa<\/i><\/b>, un tema al qual, \u00faltimament, li hem donat moltes voltes.<\/p>\n<p>Podem resoldre operacions de moltes maneres (utilitzant l\u2019algorisme escrit, fent un c\u00e0lcul mental, deduint el resultat a partir de fets coneguts\u2026).<\/p>\n<p>Per\u00f2 cal <b>comprendre el significat de les operacions i dominar diverses estrat\u00e8gies<\/b>\u00a0per poder ser flexibles i\u00a0<b>triar la m\u00e9s adequada en cada cas.<\/b><\/p>\n<p>Per aix\u00f2,\u00a0<b>hem sintetitzat de manera visual les estrat\u00e8gies m\u00e9s comunes de les operacions b\u00e0siques<\/b> i la manera de construir-les amb l\u2019alumnat, en un recurs descarregable. Descobreix una traject\u00f2ria per a l\u2019aprenentatge de la suma, la resta, la multiplicaci\u00f3 i la divisi\u00f3: <strong><a href=\"https:\/\/blog.innovamat.com\/wp-content\/uploads\/2025\/06\/ebook-CAT.pdf\">Ebook<\/a><\/strong><\/p>\n<div class=\"ast-oembed-container \" style=\"height: 100%;\"><iframe loading=\"lazy\" title=\"Fam\u00edlies que sumen! Entrem a l&#039;aula de Prim\u00e0ria 2025\" width=\"500\" height=\"281\" src=\"https:\/\/www.youtube.com\/embed\/fXlmoioecSg?feature=oembed\" frameborder=\"0\" allow=\"accelerometer; autoplay; clipboard-write; encrypted-media; gyroscope; picture-in-picture; web-share\" referrerpolicy=\"strict-origin-when-cross-origin\" allowfullscreen><\/iframe><\/div>\n<p data-start=\"132\" data-end=\"395\">El v\u00eddeo <strong><em data-start=\"141\" data-end=\"196\">\u201cFam\u00edlies que sumen! Entrem a l\u2019aula d\u2019Infantil 2025\u201d<\/em><\/strong> ens convida a entrar a l\u2019aula i descobrir com aprenen els infants en el seu dia a dia. Hi podem veure com exploren, juguen, comparteixen i experimenten en un ambient acollidor i ple de curiositat.<\/p>\n<p data-start=\"397\" data-end=\"579\">L\u2019objectiu \u00e9s mostrar la import\u00e0ncia de la <strong>col\u00b7laboraci\u00f3 entre escola i fam\u00edlia:<\/strong> junts fem cr\u00e9ixer els aprenentatges i ajudem els nens i nenes a desenvolupar-se de manera integral.<\/p>\n<div class=\"ast-oembed-container \" style=\"height: 100%;\"><iframe loading=\"lazy\" title=\"Fam\u00edlies que sumen! Entrem a l&#039;aula d&#039;Infantil 2025\" width=\"500\" height=\"281\" src=\"https:\/\/www.youtube.com\/embed\/BAVeQIJO3_g?feature=oembed\" frameborder=\"0\" allow=\"accelerometer; autoplay; clipboard-write; encrypted-media; gyroscope; picture-in-picture; web-share\" referrerpolicy=\"strict-origin-when-cross-origin\" allowfullscreen><\/iframe><\/div>\n<p data-start=\"240\" data-end=\"370\">L\u2019<strong data-start=\"242\" data-end=\"261\">Atles Matem\u00e0tic<\/strong> \u00e9s molt m\u00e9s que una eina per aprendre: \u00e9s una manera de <strong data-start=\"318\" data-end=\"367\">viure les matem\u00e0tiques amb sentit i motivaci\u00f3<\/strong>.<\/p>\n<p data-start=\"377\" data-end=\"602\">En aquest v\u00eddeo descobrireu com, a trav\u00e9s de la <strong data-start=\"425\" data-end=\"445\">zona de flu\u00efdesa<\/strong>, els infants consoliden les taules de multiplicar aplicant estrat\u00e8gies basades en la <strong data-start=\"531\" data-end=\"569\">psicologia cognitiva de la mem\u00f2ria<\/strong>: evocar, espaiar i intercalar.<\/p>\n<div class=\"ast-oembed-container \" style=\"height: 100%;\"><iframe loading=\"lazy\" title=\"Atles Matem\u00e0tic: L\u2019evoluci\u00f3 de la pr\u00e0ctica individualitzada\" width=\"500\" height=\"281\" src=\"https:\/\/www.youtube.com\/embed\/BSZOc03pqoQ?feature=oembed\" frameborder=\"0\" allow=\"accelerometer; autoplay; clipboard-write; encrypted-media; gyroscope; picture-in-picture; web-share\" referrerpolicy=\"strict-origin-when-cross-origin\" allowfullscreen><\/iframe><\/div>\n<h2 class=\"elementor-heading-title elementor-size-default\">Descobrim les operacions combinades<\/h2>\n<p>En les activitats d\u2019Innovamat, el treball amb les operacions combinades no \u00e9s un objectiu a\u00efllat: s\u2019organitza com\u00a0<strong>una petita seq\u00fc\u00e8ncia intensiva dins d\u2019una traject\u00f2ria m\u00e9s \u00e0mplia<\/strong>, en la qual els alumnes tornaran una i altra vegada per seguir aprofundint.<\/p>\n<div class=\"ast-oembed-container \" style=\"height: 100%;\"><iframe loading=\"lazy\" title=\"Entrem a una aula de prim\u00e0ria: Practiquem operacions combinades\" width=\"500\" height=\"281\" src=\"https:\/\/www.youtube.com\/embed\/ZEF0grPznHM?feature=oembed\" frameborder=\"0\" allow=\"accelerometer; autoplay; clipboard-write; encrypted-media; gyroscope; picture-in-picture; web-share\" referrerpolicy=\"strict-origin-when-cross-origin\" allowfullscreen><\/iframe><\/div>\n<div class=\"elementor-element elementor-element-28b5d4a elementor-widget elementor-widget-heading\" data-id=\"28b5d4a\" data-element_type=\"widget\" data-widget_type=\"heading.default\">\n<div class=\"elementor-widget-container\">\n<h2 class=\"elementor-heading-title elementor-size-default\">Entrem a les aules<\/h2>\n<\/div>\n<\/div>\n<div class=\"elementor-element elementor-element-eab37fb elementor-widget elementor-widget-text-editor\" data-id=\"eab37fb\" data-element_type=\"widget\" data-widget_type=\"text-editor.default\">\n<div class=\"elementor-widget-container\">\n<p>I apareix la gran pregunta:\u00a0<b>el que imaginem abans de comen\u00e7ar s\u2019assembla al que acaba passant de deb\u00f2?\u00a0<\/b>Doncs vegem aquesta sessi\u00f3 que vaig dur a terme:<\/p>\n<div class=\"ast-oembed-container \" style=\"height: 100%;\"><iframe loading=\"lazy\" title=\"Entrem a una aula de prim\u00e0ria: Mesurem amb unitats no convencionals\" width=\"500\" height=\"281\" src=\"https:\/\/www.youtube.com\/embed\/V0dT39EJKM4?feature=oembed\" frameborder=\"0\" allow=\"accelerometer; autoplay; clipboard-write; encrypted-media; gyroscope; picture-in-picture; web-share\" referrerpolicy=\"strict-origin-when-cross-origin\" allowfullscreen><\/iframe><\/div>\n<p>Recursos per a fam\u00edlies:<\/p>\n<div class=\"ast-oembed-container \" style=\"height: 100%;\"><iframe loading=\"lazy\" title=\"Fam\u00edlies que sumen: matem\u00e0tiques a infantil\" width=\"500\" height=\"281\" src=\"https:\/\/www.youtube.com\/embed\/iSxonsWuyxo?feature=oembed\" frameborder=\"0\" allow=\"accelerometer; autoplay; clipboard-write; encrypted-media; gyroscope; picture-in-picture; web-share\" referrerpolicy=\"strict-origin-when-cross-origin\" allowfullscreen><\/iframe><\/div>\n<p>Entrem en una aula de 2n de prim\u00e0ria per observar una sessi\u00f3 de matem\u00e0tiques centrada en la resta per descomposici\u00f3:<\/p>\n<div class=\"ast-oembed-container \" style=\"height: 100%;\"><iframe loading=\"lazy\" title=\"Entrem a una aula de prim\u00e0ra: Restem descomponent\" width=\"500\" height=\"281\" src=\"https:\/\/www.youtube.com\/embed\/3PGDMIM9Ho4?feature=oembed\" frameborder=\"0\" allow=\"accelerometer; autoplay; clipboard-write; encrypted-media; gyroscope; picture-in-picture; web-share\" referrerpolicy=\"strict-origin-when-cross-origin\" allowfullscreen><\/iframe><\/div>\n<p>As\u00ed ser\u00e1 primaria\u2026 y lo \u00faltimo en estudios de eficacia<\/p>\n<div class=\"ast-oembed-container \" style=\"height: 100%;\"><iframe loading=\"lazy\" title=\"Entramos en un aula de secundaria: Suma y resta de fracciones\" width=\"500\" height=\"281\" src=\"https:\/\/www.youtube.com\/embed\/7P5kO-F6pOQ?feature=oembed\" frameborder=\"0\" allow=\"accelerometer; autoplay; clipboard-write; encrypted-media; gyroscope; picture-in-picture; web-share\" referrerpolicy=\"strict-origin-when-cross-origin\" allowfullscreen><\/iframe><\/div>\n<p>Un D\u00eda del Libro lleno de geometr\u00eda<\/p>\n<p>Os imagin\u00e1is sacar a los personajes de los cuentos usando las matem\u00e1ticas?<\/p>\n<p>Para celebrar el D\u00eda del Libro de una forma \u00fanica, os retamos a dar vida a algunos personajes.\u00a0Recorta, encaja las piezas del Tangram y&#8230; \u00a1que empiece la aventura!<\/p>\n<p><a href=\"https:\/\/links.innovamat.com\/u\/click?_t=702c5da10e6447948ef881ef0527b56b&amp;_m=230463daa21046358b349056adee5b0c&amp;_e=ga5IJ2BPxHS3o17wd4qFo1cDzNPbz27-CYBdcPUS9bNBV_0JwE2HvoNegTqq5srHNfVPluAjYPDyvo-4IyAB1vOug45_-__bHTwJ0mBSVxNoEnxyILzHY210pbguje-3_MPZIBwmEnsDnI6y25-yxsox6-Z7MCsi1XYui3pXHNRGrCBP0MYoKg6cxAfAodD_K1xAeceY7o1aoYZLTULVB93GdAYSz4lSd_xq6KgdMzURKaEq5uytG7nVI6S07EF0exJCOsIeTQrIZLd8mygrzxTbz5UNKElVNO6pFM1MlaZydZUGdjlYSsPGKV-j0YEJZu7B_N7S4n0gzyGmijEqHrcRjQSbY90uNaOsBstsFFhYhGEERswj6GXZR64BhxVLZVzbLjcgI-8vCAQAHB-AYV7o2fAd3ki3f1t3C1EDygQ3IprgjQ6qQtuzdDsNMTD-PvLwj5nlhpu8l3PxiOlsQTIJNU7abGSKRJoyFXE_5HEvnWGz1zx2ME9qMamlvZ7HwyjnvCtQuOvO8si7FPqkWg%3D%3D\" target=\"_blank\" rel=\"noopener\" data-saferedirecturl=\"https:\/\/www.google.com\/url?q=https:\/\/links.innovamat.com\/u\/click?_t%3D702c5da10e6447948ef881ef0527b56b%26_m%3D230463daa21046358b349056adee5b0c%26_e%3Dga5IJ2BPxHS3o17wd4qFo1cDzNPbz27-CYBdcPUS9bNBV_0JwE2HvoNegTqq5srHNfVPluAjYPDyvo-4IyAB1vOug45_-__bHTwJ0mBSVxNoEnxyILzHY210pbguje-3_MPZIBwmEnsDnI6y25-yxsox6-Z7MCsi1XYui3pXHNRGrCBP0MYoKg6cxAfAodD_K1xAeceY7o1aoYZLTULVB93GdAYSz4lSd_xq6KgdMzURKaEq5uytG7nVI6S07EF0exJCOsIeTQrIZLd8mygrzxTbz5UNKElVNO6pFM1MlaZydZUGdjlYSsPGKV-j0YEJZu7B_N7S4n0gzyGmijEqHrcRjQSbY90uNaOsBstsFFhYhGEERswj6GXZR64BhxVLZVzbLjcgI-8vCAQAHB-AYV7o2fAd3ki3f1t3C1EDygQ3IprgjQ6qQtuzdDsNMTD-PvLwj5nlhpu8l3PxiOlsQTIJNU7abGSKRJoyFXE_5HEvnWGz1zx2ME9qMamlvZ7HwyjnvCtQuOvO8si7FPqkWg%253D%253D&amp;source=gmail&amp;ust=1777015496645000&amp;usg=AOvVaw0-rLVeZMeibbhna2Bylfck\">\u00a1Descarga la actividad aqu\u00ed!<\/a><\/p>\n<p>&nbsp;<\/p>\n<\/div>\n<\/div>\n","protected":false},"excerpt":{"rendered":"<p>&nbsp; \u201cBmath \u2013 Les matem\u00e0tiques et faran pensar\u201d \u00e9s un programa matem\u00e0tic que estimula el pensament i consolida l\u2019aprenentatge. A la nostra escola ja fa uns cursos que s\u2019utilitza la plataforma Innovamat i actualment la utilitzen des de infantil I3 fins a 6\u00e8 de prim\u00e0ria. Apostem per aquest projecte innovador i diferent alhora de fer [&hellip;]<\/p>\n","protected":false},"author":1,"featured_media":0,"parent":64,"menu_order":5,"comment_status":"closed","ping_status":"closed","template":"","meta":{"_bbp_topic_count":0,"_bbp_reply_count":0,"_bbp_total_topic_count":0,"_bbp_total_reply_count":0,"_bbp_voice_count":0,"_bbp_anonymous_reply_count":0,"_bbp_topic_count_hidden":0,"_bbp_reply_count_hidden":0,"_bbp_forum_subforum_count":0,"site-sidebar-layout":"default","site-content-layout":"","ast-site-content-layout":"default","site-content-style":"default","site-sidebar-style":"default","ast-global-header-display":"","ast-banner-title-visibility":"","ast-main-header-display":"","ast-hfb-above-header-display":"","ast-hfb-below-header-display":"","ast-hfb-mobile-header-display":"","site-post-title":"","ast-breadcrumbs-content":"","ast-featured-img":"","footer-sml-layout":"","theme-transparent-header-meta":"default","adv-header-id-meta":"","stick-header-meta":"","header-above-stick-meta":"","header-main-stick-meta":"","header-below-stick-meta":"","astra-migrate-meta-layouts":"set","ast-page-background-enabled":"default","ast-page-background-meta":{"desktop":{"background-color":"var(--ast-global-color-4)","background-image":"","background-repeat":"repeat","background-position":"center center","background-size":"auto","background-attachment":"scroll","background-type":"","background-media":"","overlay-type":"","overlay-color":"","overlay-opacity":"","overlay-gradient":""},"tablet":{"background-color":"","background-image":"","background-repeat":"repeat","background-position":"center center","background-size":"auto","background-attachment":"scroll","background-type":"","background-media":"","overlay-type":"","overlay-color":"","overlay-opacity":"","overlay-gradient":""},"mobile":{"background-color":"","background-image":"","background-repeat":"repeat","background-position":"center center","background-size":"auto","background-attachment":"scroll","background-type":"","background-media":"","overlay-type":"","overlay-color":"","overlay-opacity":"","overlay-gradient":""}},"ast-content-background-meta":{"desktop":{"background-color":"var(--ast-global-color-5)","background-image":"","background-repeat":"repeat","background-position":"center center","background-size":"auto","background-attachment":"scroll","background-type":"","background-media":"","overlay-type":"","overlay-color":"","overlay-opacity":"","overlay-gradient":""},"tablet":{"background-color":"var(--ast-global-color-5)","background-image":"","background-repeat":"repeat","background-position":"center center","background-size":"auto","background-attachment":"scroll","background-type":"","background-media":"","overlay-type":"","overlay-color":"","overlay-opacity":"","overlay-gradient":""},"mobile":{"background-color":"var(--ast-global-color-5)","background-image":"","background-repeat":"repeat","background-position":"center center","background-size":"auto","background-attachment":"scroll","background-type":"","background-media":"","overlay-type":"","overlay-color":"","overlay-opacity":"","overlay-gradient":""}},"footnotes":""},"class_list":["post-1663","page","type-page","status-publish","hentry"],"post_mailing_queue_ids":[],"_links":{"self":[{"href":"https:\/\/agora.xtec.cat\/ceip-marcel-li-moragas\/wp-json\/wp\/v2\/pages\/1663","targetHints":{"allow":["GET"]}}],"collection":[{"href":"https:\/\/agora.xtec.cat\/ceip-marcel-li-moragas\/wp-json\/wp\/v2\/pages"}],"about":[{"href":"https:\/\/agora.xtec.cat\/ceip-marcel-li-moragas\/wp-json\/wp\/v2\/types\/page"}],"author":[{"embeddable":true,"href":"https:\/\/agora.xtec.cat\/ceip-marcel-li-moragas\/wp-json\/wp\/v2\/users\/1"}],"replies":[{"embeddable":true,"href":"https:\/\/agora.xtec.cat\/ceip-marcel-li-moragas\/wp-json\/wp\/v2\/comments?post=1663"}],"version-history":[{"count":6,"href":"https:\/\/agora.xtec.cat\/ceip-marcel-li-moragas\/wp-json\/wp\/v2\/pages\/1663\/revisions"}],"predecessor-version":[{"id":4429,"href":"https:\/\/agora.xtec.cat\/ceip-marcel-li-moragas\/wp-json\/wp\/v2\/pages\/1663\/revisions\/4429"}],"up":[{"embeddable":true,"href":"https:\/\/agora.xtec.cat\/ceip-marcel-li-moragas\/wp-json\/wp\/v2\/pages\/64"}],"wp:attachment":[{"href":"https:\/\/agora.xtec.cat\/ceip-marcel-li-moragas\/wp-json\/wp\/v2\/media?parent=1663"}],"curies":[{"name":"wp","href":"https:\/\/api.w.org\/{rel}","templated":true}]}}