{"id":1059,"date":"2023-02-09T10:13:16","date_gmt":"2023-02-09T09:13:16","guid":{"rendered":"https:\/\/agora.xtec.cat\/ceip-marcel-li-moragas\/?page_id=1059"},"modified":"2025-01-20T10:08:40","modified_gmt":"2025-01-20T09:08:40","slug":"autoritzacions","status":"publish","type":"page","link":"https:\/\/agora.xtec.cat\/ceip-marcel-li-moragas\/secretaria\/autoritzacions\/","title":{"rendered":"Autoritzacions"},"content":{"rendered":"<p>En aquest apartat trobareu autoritzacions que podreu necessitar en algun moment.<\/p>\n<ol>\n<li><a href=\"https:\/\/drive.google.com\/file\/d\/1p8hKUUENxbcM5Mkot2sMR7iPDggk-EL7\/view?usp=sharing\">Autoritzaci\u00f3 de recollida dels vostres fills per infants menors d&#8217;edat.<\/a><\/li>\n<li><a href=\"https:\/\/drive.google.com\/file\/d\/1DN-DX7dDI5IVUju3X2gyYmpGwDtGCRaz\/view?usp=sharing\">Autoritzaci\u00f3 de recollida de l&#8217;escola (comunitat petits i mitjans).<\/a><\/li>\n<li><a href=\"https:\/\/drive.google.com\/file\/d\/1gRt6Eas7AiZuaf5FWFJxj85GaFs6fPwi\/view?usp=sharing\">Autoritzaci\u00f3 per marxar sols de l&#8217;escola (a partir de 4t de prim\u00e0ria).<\/a><\/li>\n<li><a href=\"https:\/\/agora.xtec.cat\/ceip-marcel-li-moragas\/wp-content\/uploads\/usu2333\/2024\/01\/Autoritzacio-imatges-menors-1.pdf\">Autoritzaci\u00f3 del dret d&#8217;\u00fas d&#8217;imatge.<\/a><\/li>\n<li><a href=\"https:\/\/drive.google.com\/file\/d\/14fLva9HbMoigmV0N1Vxfs-ZB6bR_al0T\/view?usp=sharing\">Comunicat de vacances de llarga durada.<\/a><\/li>\n<li><a href=\"https:\/\/drive.google.com\/file\/d\/1gsYvihFlOHTHpM_cMMys7WkmzqVtQ3RM\/view?usp=sharing\">Autoritzaci\u00f3 d&#8217;Administraci\u00f3 de Medicaci\u00f3<\/a>.<\/li>\n<\/ol>\n","protected":false},"excerpt":{"rendered":"<p>En aquest apartat trobareu autoritzacions que podreu necessitar en algun moment. Autoritzaci\u00f3 de recollida dels vostres fills per infants menors d&#8217;edat. Autoritzaci\u00f3 de recollida de l&#8217;escola (comunitat petits i mitjans). Autoritzaci\u00f3 per marxar sols de l&#8217;escola (a partir de 4t de prim\u00e0ria). Autoritzaci\u00f3 del dret d&#8217;\u00fas d&#8217;imatge. Comunicat de vacances de llarga durada. Autoritzaci\u00f3 d&#8217;Administraci\u00f3 [&hellip;]<\/p>\n","protected":false},"author":1,"featured_media":0,"parent":2897,"menu_order":2,"comment_status":"closed","ping_status":"closed","template":"page-templates\/side-menu.php","meta":{"_bbp_topic_count":0,"_bbp_reply_count":0,"_bbp_total_topic_count":0,"_bbp_total_reply_count":0,"_bbp_voice_count":0,"_bbp_anonymous_reply_count":0,"_bbp_topic_count_hidden":0,"_bbp_reply_count_hidden":0,"_bbp_forum_subforum_count":0,"site-sidebar-layout":"default","site-content-layout":"","ast-site-content-layout":"","site-content-style":"default","site-sidebar-style":"default","ast-global-header-display":"","ast-banner-title-visibility":"","ast-main-header-display":"","ast-hfb-above-header-display":"","ast-hfb-below-header-display":"","ast-hfb-mobile-header-display":"","site-post-title":"","ast-breadcrumbs-content":"","ast-featured-img":"","footer-sml-layout":"","theme-transparent-header-meta":"","adv-header-id-meta":"","stick-header-meta":"","header-above-stick-meta":"","header-main-stick-meta":"","header-below-stick-meta":"","astra-migrate-meta-layouts":"default","ast-page-background-enabled":"default","ast-page-background-meta":{"desktop":{"background-color":"var(--ast-global-color-4)","background-image":"","background-repeat":"repeat","background-position":"center center","background-size":"auto","background-attachment":"scroll","background-type":"","background-media":"","overlay-type":"","overlay-color":"","overlay-opacity":"","overlay-gradient":""},"tablet":{"background-color":"","background-image":"","background-repeat":"repeat","background-position":"center center","background-size":"auto","background-attachment":"scroll","background-type":"","background-media":"","overlay-type":"","overlay-color":"","overlay-opacity":"","overlay-gradient":""},"mobile":{"background-color":"","background-image":"","background-repeat":"repeat","background-position":"center center","background-size":"auto","background-attachment":"scroll","background-type":"","background-media":"","overlay-type":"","overlay-color":"","overlay-opacity":"","overlay-gradient":""}},"ast-content-background-meta":{"desktop":{"background-color":"var(--ast-global-color-5)","background-image":"","background-repeat":"repeat","background-position":"center center","background-size":"auto","background-attachment":"scroll","background-type":"","background-media":"","overlay-type":"","overlay-color":"","overlay-opacity":"","overlay-gradient":""},"tablet":{"background-color":"var(--ast-global-color-5)","background-image":"","background-repeat":"repeat","background-position":"center center","background-size":"auto","background-attachment":"scroll","background-type":"","background-media":"","overlay-type":"","overlay-color":"","overlay-opacity":"","overlay-gradient":""},"mobile":{"background-color":"var(--ast-global-color-5)","background-image":"","background-repeat":"repeat","background-position":"center center","background-size":"auto","background-attachment":"scroll","background-type":"","background-media":"","overlay-type":"","overlay-color":"","overlay-opacity":"","overlay-gradient":""}},"footnotes":""},"class_list":["post-1059","page","type-page","status-publish","hentry"],"post_mailing_queue_ids":[],"_links":{"self":[{"href":"https:\/\/agora.xtec.cat\/ceip-marcel-li-moragas\/wp-json\/wp\/v2\/pages\/1059","targetHints":{"allow":["GET"]}}],"collection":[{"href":"https:\/\/agora.xtec.cat\/ceip-marcel-li-moragas\/wp-json\/wp\/v2\/pages"}],"about":[{"href":"https:\/\/agora.xtec.cat\/ceip-marcel-li-moragas\/wp-json\/wp\/v2\/types\/page"}],"author":[{"embeddable":true,"href":"https:\/\/agora.xtec.cat\/ceip-marcel-li-moragas\/wp-json\/wp\/v2\/users\/1"}],"replies":[{"embeddable":true,"href":"https:\/\/agora.xtec.cat\/ceip-marcel-li-moragas\/wp-json\/wp\/v2\/comments?post=1059"}],"version-history":[{"count":6,"href":"https:\/\/agora.xtec.cat\/ceip-marcel-li-moragas\/wp-json\/wp\/v2\/pages\/1059\/revisions"}],"predecessor-version":[{"id":2246,"href":"https:\/\/agora.xtec.cat\/ceip-marcel-li-moragas\/wp-json\/wp\/v2\/pages\/1059\/revisions\/2246"}],"up":[{"embeddable":true,"href":"https:\/\/agora.xtec.cat\/ceip-marcel-li-moragas\/wp-json\/wp\/v2\/pages\/2897"}],"wp:attachment":[{"href":"https:\/\/agora.xtec.cat\/ceip-marcel-li-moragas\/wp-json\/wp\/v2\/media?parent=1059"}],"curies":[{"name":"wp","href":"https:\/\/api.w.org\/{rel}","templated":true}]}}