{"id":8169,"date":"2019-04-12T09:43:49","date_gmt":"2019-04-12T07:43:49","guid":{"rendered":"http:\/\/agora.xtec.cat\/ceip-mallorca\/?page_id=8169"},"modified":"2025-08-28T12:23:10","modified_gmt":"2025-08-28T10:23:10","slug":"documents-pedagogics-de-centre","status":"publish","type":"page","link":"https:\/\/agora.xtec.cat\/ceip-mallorca\/lescola\/documents-pedagogics-de-centre\/","title":{"rendered":"Documents de gesti\u00f3 de centre"},"content":{"rendered":"<p>Podeu consultar els diferents documents, fent clic a sobre de cada document:<\/p>\n<ul>\n<li><strong>Dossier fam\u00edlies 25 -26\u00a0<\/strong>(\ud83d\udd17)<strong>\u00a0<\/strong><\/li>\n<li><strong><span style=\"text-decoration: underline;\">Carta de Comprom\u00eds<\/span><\/strong> \ud83d\udd17: La carta de comprom\u00eds educatiu \u00e9s un document que t\u00e9 com a finalitat potenciar la comunicaci\u00f3, la participaci\u00f3, la implicaci\u00f3, el comprom\u00eds i la corresponsabilitat entre els centres i les fam\u00edlies en l&#8217;educaci\u00f3 dels infants.<\/li>\n<\/ul>\n<hr \/>\n<p><span style=\"text-decoration: underline;\"><strong>DOCUMENTS DE GESTI\u00d3 DE CENTRE:<\/strong><\/span><\/p>\n<ul>\n<li>\n<h6><span style=\"text-decoration: underline;\"><strong>PdD:<\/strong><\/span> <a style=\"font-family: inherit; font-size: 1em; font-weight: normal;\" href=\"https:\/\/agora.xtec.cat\/ceip-mallorca\/wp-content\/uploads\/usu816\/2021\/01\/PdD-Escola-Mallorca-2020-2024.pdf\" target=\"_blank\" rel=\"noopener\"><strong><span style=\"color: #000000;\">P<\/span><\/strong>rojecte<strong> <span style=\"color: #000000;\">d<\/span><\/strong>e<strong> <span style=\"color: #000000;\">D<\/span><\/strong>irecci\u00f3\u00a0(2020-2024) \ud83d\udd17<\/a><\/h6>\n<\/li>\n<li>\n<h6><span style=\"text-decoration: underline;\"><strong style=\"font-family: inherit; font-size: 1em;\">PEC<\/strong><\/span><strong style=\"font-family: inherit; font-size: 1em;\"> (<\/strong><a style=\"font-family: inherit; font-size: 1em;\" href=\"https:\/\/drive.google.com\/open?id=1XZBRF0G5KBnZLMHDEsQJbnfzpdLyyxmt\" target=\"_blank\" rel=\"noopener\"><span style=\"color: #000000;\"><strong>P<\/strong><\/span>rojecte <span style=\"color: #000000;\"><strong>E<\/strong><\/span>ducatiu de <span style=\"color: #000000;\"><strong>C<\/strong><\/span>entre \ud83d\udd17)<\/a><span style=\"font-family: inherit; font-size: 1em; font-weight: normal;\">\u00a0determina la identitat i car\u00e0cter propi del centre, l\u2019organitzaci\u00f3, la gesti\u00f3 i el funcionament del centre.<\/span><\/h6>\n<\/li>\n<li>\n<h6><span style=\"text-decoration: underline;\"><strong style=\"font-family: inherit; font-size: 1em;\">PLC<\/strong><\/span> (<a style=\"font-family: inherit; font-size: 1em;\" href=\"https:\/\/drive.google.com\/file\/d\/1JUC7NiRugmKAZSR7MfMQ3l5gO2kMVLFv\/view?usp=sharing\" target=\"_blank\" rel=\"noopener\"><span style=\"color: #000000;\"><strong>P<\/strong><\/span>rojecte <span style=\"color: #000000;\"><strong>L<\/strong><\/span>ing\u00fc\u00edstic de <span style=\"color: #000000;\"><strong>C<\/strong><\/span>entre \ud83d\udd17)\u00a0<\/a><span style=\"font-family: inherit; font-size: 1em; font-weight: normal;\">recull els aspectes relatius a l\u2019<\/span><wbr style=\"font-family: inherit; font-size: 1em; font-weight: normal;\" \/><span style=\"font-family: inherit; font-size: 1em; font-weight: normal;\">ensenyament i a l\u2019\u00fas de les lleng\u00fces a l\u2019escola.<\/span><\/h6>\n<\/li>\n<li>\n<h6><span style=\"text-decoration: underline;\"><strong>PdC<\/strong><\/span><a style=\"font-family: inherit; font-size: 1em; font-weight: normal;\" href=\"https:\/\/agora.xtec.cat\/ceip-mallorca\/wp-content\/uploads\/usu816\/2021\/09\/Projecte-de-convivencia..pdf\" target=\"_blank\" rel=\"noopener\"> (<span style=\"color: #000000;\"><strong>P<\/strong><\/span>rojecte<span style=\"color: #000000;\"> <strong>d<\/strong><\/span>e <span style=\"color: #000000;\"><strong>C<\/strong><\/span>onviv\u00e8ncia \ud83d\udd17<\/a><span style=\"font-family: inherit; font-size: 1em; font-weight: normal;\">) recull les accions que el centre educatiu desenvolupa per capacitar tot l\u2019alumnat\u00a0 i la resta de la comunitat escolar per a la conviv\u00e8ncia i la gesti\u00f3 positiva dels conflictes. Aqu\u00ed teniu les l\u00ednies de treball implementades pel claustre, s\u00f3n algunes de les activitats portades a terme durant el curs<\/span><a style=\"font-family: inherit; font-size: 1em; font-weight: normal;\" href=\"https:\/\/agora.xtec.cat\/ceip-mallorca\/projecte-educatiu\/projecte-pedagogic\/documents-pedagogics-de-centre\/projecte-de-convivencia-curs-2021-2022\/\" target=\"_blank\" rel=\"noopener\"> 21-22.<\/a><\/h6>\n<\/li>\n<li>\n<h6><span style=\"text-decoration: underline;\"><strong style=\"font-family: inherit; font-size: 1em;\">NOFC<\/strong><\/span> (<span style=\"font-family: inherit; font-size: 1em;\"><a href=\"https:\/\/agora.xtec.cat\/ceip-mallorca\/wp-content\/uploads\/usu816\/2022\/01\/NOFC-definitiu.pdf\" target=\"_blank\" rel=\"noopener\"><span style=\"color: #000000;\"><strong>N<\/strong><\/span>ormes d&#8217;<span style=\"color: #000000;\"><strong>O<\/strong><\/span>rganitzaci\u00f3 i <span style=\"color: #000000;\"><strong>F<\/strong><\/span>uncionament de <span style=\"color: #000000;\"><strong>C<\/strong><\/span>entre <\/a><\/span>\ud83d\udd17)<span style=\"font-family: inherit; font-size: 1em; font-weight: normal;\">\u00a0recull el conjunt d\u2019acords i decisions d\u2019organitzaci\u00f3 i funcionament que s\u2019adopten per fer possible, en el dia a dia, el treball educatiu i de gesti\u00f3 que permeti assolir els objectius proposats en el PEC.<\/span><\/h6>\n<\/li>\n<li><span style=\"text-decoration: underline;\"><strong>ANNEX NOFC -&gt; NOFC Digitals<\/strong><\/span> <a href=\"https:\/\/drive.google.com\/file\/d\/1U6b5Vv5n9YEOq6tLdRZlRKFtRQmjXsIP\/view?usp=sharing\" target=\"_blank\" rel=\"noopener\">(<span style=\"font-family: inherit; font-size: 1em; font-weight: bold;\">PDF <\/span>\ud83d\udd17<\/a><span style=\"font-size: 1em; font-weight: bold;\"><span style=\"font-size: 1em; font-weight: bold;\">) <\/span><\/span>recull el conjunt d\u2019acords i decisions d\u2019organitzaci\u00f3 i funcionament que s\u2019adopten per fer possible, en el dia a dia, el treball educatiu i de gesti\u00f3 que permeti assolir els objectius suggerits en el PEC.<\/li>\n<li><span style=\"text-decoration: underline;\"><strong>EDC<\/strong><\/span><a href=\"https:\/\/sites.google.com\/escolamallorca.cat\/edc-escola-mallorca\/p%C3%A0gina-principal\" target=\"_blank\" rel=\"noopener\"> (Sites <strong>E<\/strong>strat\u00e8gia<strong> D<\/strong>igital de <strong>C<\/strong>entre)\u00a0<\/a><\/li>\n<\/ul>\n<p><!--a=1--><\/p>\n","protected":false},"excerpt":{"rendered":"<p>Podeu consultar els diferents documents, fent clic a sobre de cada document:<\/p>\n<ul>\n<li>Dossier fam\u00edlies 25 -26\u00a0(\ud83d\udd17)\u00a0<\/li>\n<li>Carta de Comprom\u00eds \ud83d\udd17: La carta de comprom\u00eds educatiu \u00e9s un document que t\u00e9 com a finalitat potenciar la comunicaci\u00f3, la participaci\u00f3, la implicaci\u00f3, el comprom\u00eds i la corresponsabilitat entre els&hellip;  <a href=\"https:\/\/agora.xtec.cat\/ceip-mallorca\/lescola\/documents-pedagogics-de-centre\/\" title=\"Read Documents de gesti\u00f3 de centre\">Llegeix m\u00e9s\u00bb<\/a><br \/>\n","protected":false},"author":1,"featured_media":0,"parent":22,"menu_order":3,"comment_status":"closed","ping_status":"closed","template":"page-templates\/side-menu.php","meta":{"_bbp_topic_count":0,"_bbp_reply_count":0,"_bbp_total_topic_count":0,"_bbp_total_reply_count":0,"_bbp_voice_count":0,"_bbp_anonymous_reply_count":0,"_bbp_topic_count_hidden":0,"_bbp_reply_count_hidden":0,"_bbp_forum_subforum_count":0,"footnotes":""},"class_list":["post-8169","page","type-page","status-publish","hentry"],"post_mailing_queue_ids":[],"_links":{"self":[{"href":"https:\/\/agora.xtec.cat\/ceip-mallorca\/wp-json\/wp\/v2\/pages\/8169","targetHints":{"allow":["GET"]}}],"collection":[{"href":"https:\/\/agora.xtec.cat\/ceip-mallorca\/wp-json\/wp\/v2\/pages"}],"about":[{"href":"https:\/\/agora.xtec.cat\/ceip-mallorca\/wp-json\/wp\/v2\/types\/page"}],"author":[{"embeddable":true,"href":"https:\/\/agora.xtec.cat\/ceip-mallorca\/wp-json\/wp\/v2\/users\/1"}],"replies":[{"embeddable":true,"href":"https:\/\/agora.xtec.cat\/ceip-mallorca\/wp-json\/wp\/v2\/comments?post=8169"}],"version-history":[{"count":5,"href":"https:\/\/agora.xtec.cat\/ceip-mallorca\/wp-json\/wp\/v2\/pages\/8169\/revisions"}],"predecessor-version":[{"id":16108,"href":"https:\/\/agora.xtec.cat\/ceip-mallorca\/wp-json\/wp\/v2\/pages\/8169\/revisions\/16108"}],"up":[{"embeddable":true,"href":"https:\/\/agora.xtec.cat\/ceip-mallorca\/wp-json\/wp\/v2\/pages\/22"}],"wp:attachment":[{"href":"https:\/\/agora.xtec.cat\/ceip-mallorca\/wp-json\/wp\/v2\/media?parent=8169"}],"curies":[{"name":"wp","href":"https:\/\/api.w.org\/{rel}","templated":true}]}}