{"id":64,"date":"2014-09-18T12:39:08","date_gmt":"2014-09-18T11:39:08","guid":{"rendered":"http:\/\/agora.xtec.cat\/ceip-mallorca\/?page_id=64"},"modified":"2023-06-02T13:56:24","modified_gmt":"2023-06-02T11:56:24","slug":"projecte-educatiu","status":"publish","type":"page","link":"https:\/\/agora.xtec.cat\/ceip-mallorca\/projecte-educatiu\/","title":{"rendered":"Projectes"},"content":{"rendered":"<p>Per con\u00e8ixer la nostra l\u00ednia pedag\u00f2gica, podeu clicar a les diferents seccions del men\u00fa:<\/p>\n<table style=\"border-collapse: collapse; width: 45.0434%; height: 448px;\">\n<tbody>\n<tr>\n<td style=\"width: 100%;\">\n<h5><strong><a class=\"menu-link sub-menu-link\" href=\"https:\/\/agora.xtec.cat\/ceip-mallorca\/categoria\/projectes-escola\/erasmus-coedu\/\" target=\"_blank\" rel=\"noopener\">Erasmus + Coedu <\/a><\/strong><strong><img loading=\"lazy\" decoding=\"async\" class=\"alignnone\" src=\"https:\/\/s.w.org\/images\/core\/emoji\/13.0.1\/svg\/1f517.svg\" alt=\"\ud83d\udd17\" width=\"22\" height=\"22\" \/><\/strong><\/h5>\n<\/td>\n<\/tr>\n<tr>\n<td style=\"width: 100%;\">\n<h5><strong><a class=\"menu-link sub-menu-link\" href=\"https:\/\/agora.xtec.cat\/ceip-mallorca\/projectes-singulars\/projecte-escoles-mes-sostenibles\/escoles-sostenibles\/\">\u00a0Escoles + sostenibles <img loading=\"lazy\" decoding=\"async\" class=\"alignnone\" src=\"https:\/\/s.w.org\/images\/core\/emoji\/13.0.1\/svg\/1f517.svg\" alt=\"\ud83d\udd17\" width=\"22\" height=\"22\" \/><\/a><\/strong><\/h5>\n<\/td>\n<\/tr>\n<tr>\n<td style=\"width: 100%;\">\n<h5><strong><a class=\"menu-link sub-menu-link\" href=\"https:\/\/agora.xtec.cat\/ceip-mallorca\/projectes-singulars\/projecte-tots-som-1\/\">\u00a0Tots som 1 <img loading=\"lazy\" decoding=\"async\" class=\"alignnone\" src=\"https:\/\/s.w.org\/images\/core\/emoji\/13.0.1\/svg\/1f517.svg\" alt=\"\ud83d\udd17\" width=\"22\" height=\"22\" \/>:<\/a><\/strong><\/h5>\n<ul>\n<li style=\"list-style-type: none;\">\n<ul>\n<li>\n<h5><a class=\"menu-link sub-menu-link\" href=\"https:\/\/agora.xtec.cat\/ceip-mallorca\/categoria\/projectes-escola\/apadrinament-lector\/\">\u00a0Apadrinament Lector <strong><img loading=\"lazy\" decoding=\"async\" class=\"alignnone\" src=\"https:\/\/s.w.org\/images\/core\/emoji\/13.0.1\/svg\/1f517.svg\" alt=\"\ud83d\udd17\" width=\"22\" height=\"22\" \/><\/strong><\/a><\/h5>\n<\/li>\n<li>\n<h5><a class=\"menu-link sub-menu-link\" href=\"https:\/\/agora.xtec.cat\/ceip-mallorca\/projectes-singulars\/projecte-tots-som-1\/colonies\/\">Col\u00f2nies<\/a> <strong><img loading=\"lazy\" decoding=\"async\" class=\"alignnone\" src=\"https:\/\/s.w.org\/images\/core\/emoji\/13.0.1\/svg\/1f517.svg\" alt=\"\ud83d\udd17\" width=\"22\" height=\"22\" \/><\/strong><\/h5>\n<\/li>\n<\/ul>\n<\/li>\n<\/ul>\n<\/td>\n<\/tr>\n<tr>\n<td style=\"width: 100%;\">\n<h5><strong><a class=\"menu-link sub-menu-link\" href=\"https:\/\/agora.xtec.cat\/ceip-mallorca\/projectes-singulars\/a-lescola-mengem-mes-fruita\/\">\u00a0Mengem m\u00e9s fruita <img loading=\"lazy\" decoding=\"async\" class=\"alignnone\" src=\"https:\/\/s.w.org\/images\/core\/emoji\/13.0.1\/svg\/1f517.svg\" alt=\"\ud83d\udd17\" width=\"22\" height=\"22\" \/><\/a><\/strong><\/h5>\n<\/td>\n<\/tr>\n<tr>\n<td style=\"width: 100%;\">\n<h5><strong><a class=\"menu-link sub-menu-link\" href=\"https:\/\/agora.xtec.cat\/ceip-mallorca\/projectes-singulars\/projecte-bips\/\">Som entorn: BIPS <img loading=\"lazy\" decoding=\"async\" class=\"alignnone\" src=\"https:\/\/s.w.org\/images\/core\/emoji\/13.0.1\/svg\/1f517.svg\" alt=\"\ud83d\udd17\" width=\"22\" height=\"22\" \/><\/a><\/strong><\/h5>\n<\/td>\n<\/tr>\n<tr>\n<td style=\"width: 100%;\">\n<h5><strong><a class=\"menu-link sub-menu-link\" href=\"https:\/\/agora.xtec.cat\/ceip-mallorca\/projectes-singulars\/projecte-bips\/\">\u00a0<\/a><\/strong><strong><a class=\"menu-link sub-menu-link\" href=\"https:\/\/agora.xtec.cat\/ceip-mallorca\/projectes-singulars\/projecte-3-llengues\/\">\u00a03 lleng\u00fces <img loading=\"lazy\" decoding=\"async\" class=\"alignnone\" src=\"https:\/\/s.w.org\/images\/core\/emoji\/13.0.1\/svg\/1f517.svg\" alt=\"\ud83d\udd17\" width=\"22\" height=\"22\" \/><\/a><\/strong><\/h5>\n<\/td>\n<\/tr>\n<tr>\n<td style=\"width: 100%;\">\n<h5><strong><a class=\"menu-link sub-menu-link\" href=\"https:\/\/agora.xtec.cat\/ceip-mallorca\/categoria\/projectes-escola\/mallorcart\/\">\u00a0Mallorc\u2019art <img loading=\"lazy\" decoding=\"async\" class=\"alignnone\" src=\"https:\/\/s.w.org\/images\/core\/emoji\/13.0.1\/svg\/1f517.svg\" alt=\"\ud83d\udd17\" width=\"22\" height=\"22\" \/><\/a><\/strong><\/h5>\n<\/td>\n<\/tr>\n<tr>\n<td style=\"width: 100%;\">\n<h5><strong><a href=\"https:\/\/agora.xtec.cat\/ceip-mallorca\/projecte-educatiu\/projecte-de-convivencia-curs-2021-2022\/?preview_id=11902&amp;preview_nonce=7654490d4d&amp;preview=true\" target=\"_blank\" rel=\"noopener\">Conviv\u00e8ncia<\/a>\u00a0 <\/strong><strong><a class=\"menu-link sub-menu-link\" href=\"https:\/\/agora.xtec.cat\/ceip-mallorca\/categoria\/projectes-escola\/mallorcart\/\"><img loading=\"lazy\" decoding=\"async\" class=\"alignnone\" src=\"https:\/\/s.w.org\/images\/core\/emoji\/13.0.1\/svg\/1f517.svg\" alt=\"\ud83d\udd17\" width=\"22\" height=\"22\" \/><\/a><\/strong><\/h5>\n<\/td>\n<\/tr>\n<\/tbody>\n<\/table>\n<h5><\/h5>\n<h5><\/h5>\n<h5><\/h5>\n<h5><\/h5>\n","protected":false},"excerpt":{"rendered":"<p>Per con\u00e8ixer la nostra l\u00ednia pedag\u00f2gica, podeu clicar a les diferents seccions del men\u00fa:<\/p>\n<p><a class=\"menu-link sub-menu-link\" href=\"https:\/\/agora.xtec.cat\/ceip-mallorca\/categoria\/projectes-escola\/erasmus-coedu\/\" target=\"_blank\" rel=\"noopener\">Erasmus + Coedu <\/a><\/p>\n<p><a class=\"menu-link sub-menu-link\" href=\"https:\/\/agora.xtec.cat\/ceip-mallorca\/projectes-singulars\/projecte-escoles-mes-sostenibles\/escoles-sostenibles\/\">\u00a0Escoles + sostenibles <\/a><\/p>\n<p><a class=\"menu-link sub-menu-link\" href=\"https:\/\/agora.xtec.cat\/ceip-mallorca\/projectes-singulars\/projecte-tots-som-1\/\">\u00a0Tots som 1 :<\/a><\/p>\n<ul>\n<li style=\"list-style-type: none;\">\n<ul>\n<li>\n<a class=\"menu-link sub-menu-link\" href=\"https:\/\/agora.xtec.cat\/ceip-mallorca\/categoria\/projectes-escola\/apadrinament-lector\/\">\u00a0Apadrinament Lector <\/a>\n<\/li>\n<li>\n<a class=\"menu-link sub-menu-link\" href=\"https:\/\/agora.xtec.cat\/ceip-mallorca\/projectes-singulars\/projecte-tots-som-1\/colonies\/\">Col\u00f2nies<\/a>\n<\/li>\n<\/ul>\n<\/li>\n<\/ul>\n<p><a&hellip;  <a href=\"https:\/\/agora.xtec.cat\/ceip-mallorca\/projecte-educatiu\/\" title=\"Read Projectes\">Llegeix m\u00e9s\u00bb<\/a><\/p>\n","protected":false},"author":1,"featured_media":0,"parent":0,"menu_order":3,"comment_status":"closed","ping_status":"closed","template":"","meta":{"_bbp_topic_count":0,"_bbp_reply_count":0,"_bbp_total_topic_count":0,"_bbp_total_reply_count":0,"_bbp_voice_count":0,"_bbp_anonymous_reply_count":0,"_bbp_topic_count_hidden":0,"_bbp_reply_count_hidden":0,"_bbp_forum_subforum_count":0,"footnotes":""},"class_list":["post-64","page","type-page","status-publish","hentry"],"post_mailing_queue_ids":[],"_links":{"self":[{"href":"https:\/\/agora.xtec.cat\/ceip-mallorca\/wp-json\/wp\/v2\/pages\/64","targetHints":{"allow":["GET"]}}],"collection":[{"href":"https:\/\/agora.xtec.cat\/ceip-mallorca\/wp-json\/wp\/v2\/pages"}],"about":[{"href":"https:\/\/agora.xtec.cat\/ceip-mallorca\/wp-json\/wp\/v2\/types\/page"}],"author":[{"embeddable":true,"href":"https:\/\/agora.xtec.cat\/ceip-mallorca\/wp-json\/wp\/v2\/users\/1"}],"replies":[{"embeddable":true,"href":"https:\/\/agora.xtec.cat\/ceip-mallorca\/wp-json\/wp\/v2\/comments?post=64"}],"version-history":[{"count":3,"href":"https:\/\/agora.xtec.cat\/ceip-mallorca\/wp-json\/wp\/v2\/pages\/64\/revisions"}],"predecessor-version":[{"id":13908,"href":"https:\/\/agora.xtec.cat\/ceip-mallorca\/wp-json\/wp\/v2\/pages\/64\/revisions\/13908"}],"wp:attachment":[{"href":"https:\/\/agora.xtec.cat\/ceip-mallorca\/wp-json\/wp\/v2\/media?parent=64"}],"curies":[{"name":"wp","href":"https:\/\/api.w.org\/{rel}","templated":true}]}}