{"id":5309,"date":"2017-09-08T21:17:02","date_gmt":"2017-09-08T19:17:02","guid":{"rendered":"http:\/\/agora.xtec.cat\/ceip-mallorca\/?page_id=5309"},"modified":"2025-09-08T12:26:16","modified_gmt":"2025-09-08T10:26:16","slug":"calendari-del-curs","status":"publish","type":"page","link":"https:\/\/agora.xtec.cat\/ceip-mallorca\/curs-25-26\/calendari-del-curs\/","title":{"rendered":"Calendari del curs"},"content":{"rendered":"<p><a href=\"https:\/\/agora.xtec.cat\/ceip-mallorca\/lescola\/sortides\/\" target=\"_blank\" rel=\"noopener\"><span style=\"text-decoration: underline;\"><strong>CALENDARI DIGITAL (Google Calendar Mallorca)<\/strong><\/span><\/a>: Podeu consultar el Calendari de sortides i activitats complement\u00e0ries (Google Calendar distingit per comunitats que pots afegir als teus dispositius m\u00f2bils, fent nom\u00e9s dos clics\u2026)<\/p>\n<hr \/>\n<p>Aqu\u00ed teniu el calendari escolar d&#8217;aquest curs 2025-2026, segons Resoluci\u00f3 del Departament d\u2019Ensenyament de la Generalitat de Catalunya, pel que fa al calendari escolar ratificat i aprovat pel Consell Escolar de l&#8217;escola. <strong>ELS DIES FESTIUS MARCATS <\/strong>s\u00f3n els que determina el <a href=\"https:\/\/treball.gencat.cat\/ca\/ambits\/relacions_laborals\/ci\/calendari_laboral\/\" target=\"_blank\" rel=\"noopener noreferrer\">Departament de Treball<\/a>, m\u00e9s les festes locals de la localitat de Barcelona que dicta l\u2019<a href=\"https:\/\/ajuntament.barcelona.cat\/dretsidiversitat\/es\/detail\/festes-estatals-i-autonomiques-a-catalunya-i-locals-a-barcelona-al-2025_99400735671\" target=\"_blank\" rel=\"noopener noreferrer\">Ajuntament<\/a>.<\/p>\n<p>El calendari del curs escolar 2025-2026 \u00e9s el seg\u00fcent:<\/p>\n<p><img loading=\"lazy\" decoding=\"async\" class=\"aligncenter wp-image-16094 size-large\" src=\"https:\/\/agora.xtec.cat\/ceip-mallorca\/wp-content\/uploads\/usu816\/2025\/06\/Captura-de-pantalla-2025-06-26-a-les-19.47.18-1024x661.png\" alt=\"\" width=\"1024\" height=\"661\" srcset=\"https:\/\/agora.xtec.cat\/ceip-mallorca\/wp-content\/uploads\/usu816\/2025\/06\/Captura-de-pantalla-2025-06-26-a-les-19.47.18-1024x661.png 1024w, https:\/\/agora.xtec.cat\/ceip-mallorca\/wp-content\/uploads\/usu816\/2025\/06\/Captura-de-pantalla-2025-06-26-a-les-19.47.18-300x194.png 300w, https:\/\/agora.xtec.cat\/ceip-mallorca\/wp-content\/uploads\/usu816\/2025\/06\/Captura-de-pantalla-2025-06-26-a-les-19.47.18-768x496.png 768w, https:\/\/agora.xtec.cat\/ceip-mallorca\/wp-content\/uploads\/usu816\/2025\/06\/Captura-de-pantalla-2025-06-26-a-les-19.47.18.png 1518w\" sizes=\"auto, (max-width: 1024px) 100vw, 1024px\" \/><\/p>\n<h6 class=\"Estilo1\" align=\"center\"><a href=\"https:\/\/drive.google.com\/file\/d\/1oclq0b4SMMKgqDWqWnm7YcDGo7JwvtwY\/view?usp=sharing\" target=\"_blank\" rel=\"noopener\">CALENDARI ESCOLAR 2025 &#8211; 2026 ( pdf)<\/a><a href=\"https:\/\/drive.google.com\/file\/d\/1oclq0b4SMMKgqDWqWnm7YcDGo7JwvtwY\/view?usp=sharing\" target=\"_blank\" rel=\"noopener\"><img loading=\"lazy\" decoding=\"async\" class=\"alignnone\" src=\"https:\/\/s.w.org\/images\/core\/emoji\/13.0.1\/svg\/1f517.svg\" alt=\"\ud83d\udd17\" width=\"22\" height=\"22\" \/><\/a><\/h6>\n<hr \/>\n<h3 class=\"Estilo1\" style=\"text-align: left;\" align=\"center\">HORARI ESCOLAR<\/h3>\n<table style=\"width: 54.751%; height: 109px;\">\n<tbody>\n<tr>\n<td style=\"width: 67.5003%;\">\n<h6 style=\"text-align: left;\">\ud83d\udd50 <span class=\"Estilo26\">HORARI LECTIU<\/span><\/h6>\n<\/td>\n<td style=\"width: 49.6458%;\">\u00a09h a 16:30h<\/td>\n<\/tr>\n<tr>\n<td style=\"width: 67.5003%;\">\n<h6 style=\"text-align: left;\">\ud83d\udd50 <span class=\"Estilo26\">HORARI MENJADOR<\/span><\/h6>\n<\/td>\n<td style=\"width: 49.6458%;\">\u00a012:30h a 15:00h<\/td>\n<\/tr>\n<\/tbody>\n<\/table>\n<hr \/>\n<h3 class=\"Estilo1\" style=\"text-align: left;\" align=\"center\">JORNADA INTENSIVA<\/h3>\n<table style=\"width: 99.6488%; height: 55px;\">\n<tbody>\n<tr style=\"height: 53px;\">\n<td style=\"width: 47.2321%; height: 35px; text-align: center;\" colspan=\"2\">21 DE DESEMBRE DEL 2025<\/td>\n<td style=\"height: 35px; width: 174.45%; text-align: center;\" colspan=\"2\">8 DE JUNY FINS AL 19 DE JUNY\u00a0 DEL 2026 (jornada intensiva)<\/td>\n<\/tr>\n<tr style=\"height: 10px;\">\n<td style=\"width: 23.2558%; height: 10px; vertical-align: middle; text-align: center;\">\ud83d\udd50 <span class=\"Estilo26\">HORARI LECTIU<\/span><\/td>\n<td style=\"width: 23.9763%; height: 10px; vertical-align: middle; text-align: center;\">\ud83d\udd50 <span class=\"Estilo26\">HORARI MENJADOR<\/span><\/td>\n<td style=\"width: 26.5592%; height: 10px; vertical-align: middle; text-align: center;\">\ud83d\udd50 <span class=\"Estilo26\">HORARI LECTIU<\/span><\/td>\n<td style=\"width: 147.891%; height: 10px; vertical-align: middle; text-align: center;\">\ud83d\udd50 <span class=\"Estilo26\">HORARI MENJADOR<\/span><\/td>\n<\/tr>\n<tr style=\"height: 10px;\">\n<td style=\"width: 23.2558%; text-align: center; vertical-align: middle; height: 10px;\">\u00a09h a 13h<\/td>\n<td style=\"width: 23.9763%; text-align: center; vertical-align: middle; height: 10px;\">\u00a013h a 15:30h<\/td>\n<td style=\"width: 26.5592%; text-align: center; vertical-align: middle; height: 10px;\">\u00a09h a 13h<\/td>\n<td style=\"width: 147.891%; text-align: center; vertical-align: middle; height: 10px;\">\u00a013h a 15:30h<\/td>\n<\/tr>\n<\/tbody>\n<\/table>\n<p>&nbsp;<\/p>\n<p><!--a=1--><\/p>\n","protected":false},"excerpt":{"rendered":"<p><a href=\"https:\/\/agora.xtec.cat\/ceip-mallorca\/lescola\/sortides\/\" target=\"_blank\" rel=\"noopener\">CALENDARI DIGITAL (Google Calendar Mallorca)<\/a>: Podeu consultar el Calendari de sortides i activitats complement\u00e0ries (Google Calendar distingit per comunitats que pots afegir als teus dispositius m\u00f2bils, fent nom\u00e9s dos clics\u2026)<\/p>\n<p>Aqu\u00ed teniu el calendari escolar d&#8217;aquest curs 2025-2026, segons Resoluci\u00f3 del Departament d\u2019Ensenyament&hellip;  <a href=\"https:\/\/agora.xtec.cat\/ceip-mallorca\/curs-25-26\/calendari-del-curs\/\" title=\"Read Calendari del curs\">Llegeix m\u00e9s\u00bb<\/a><\/p>\n","protected":false},"author":1,"featured_media":0,"parent":12370,"menu_order":2,"comment_status":"closed","ping_status":"closed","template":"page-templates\/side-menu.php","meta":{"_bbp_topic_count":0,"_bbp_reply_count":0,"_bbp_total_topic_count":0,"_bbp_total_reply_count":0,"_bbp_voice_count":0,"_bbp_anonymous_reply_count":0,"_bbp_topic_count_hidden":0,"_bbp_reply_count_hidden":0,"_bbp_forum_subforum_count":0,"footnotes":""},"class_list":["post-5309","page","type-page","status-publish","hentry"],"post_mailing_queue_ids":[],"_links":{"self":[{"href":"https:\/\/agora.xtec.cat\/ceip-mallorca\/wp-json\/wp\/v2\/pages\/5309","targetHints":{"allow":["GET"]}}],"collection":[{"href":"https:\/\/agora.xtec.cat\/ceip-mallorca\/wp-json\/wp\/v2\/pages"}],"about":[{"href":"https:\/\/agora.xtec.cat\/ceip-mallorca\/wp-json\/wp\/v2\/types\/page"}],"author":[{"embeddable":true,"href":"https:\/\/agora.xtec.cat\/ceip-mallorca\/wp-json\/wp\/v2\/users\/1"}],"replies":[{"embeddable":true,"href":"https:\/\/agora.xtec.cat\/ceip-mallorca\/wp-json\/wp\/v2\/comments?post=5309"}],"version-history":[{"count":6,"href":"https:\/\/agora.xtec.cat\/ceip-mallorca\/wp-json\/wp\/v2\/pages\/5309\/revisions"}],"predecessor-version":[{"id":16125,"href":"https:\/\/agora.xtec.cat\/ceip-mallorca\/wp-json\/wp\/v2\/pages\/5309\/revisions\/16125"}],"up":[{"embeddable":true,"href":"https:\/\/agora.xtec.cat\/ceip-mallorca\/wp-json\/wp\/v2\/pages\/12370"}],"wp:attachment":[{"href":"https:\/\/agora.xtec.cat\/ceip-mallorca\/wp-json\/wp\/v2\/media?parent=5309"}],"curies":[{"name":"wp","href":"https:\/\/api.w.org\/{rel}","templated":true}]}}