{"id":429,"date":"2016-03-17T20:21:38","date_gmt":"2016-03-17T19:21:38","guid":{"rendered":"http:\/\/agora.xtec.cat\/ceip-mallorca\/?page_id=429"},"modified":"2024-11-18T12:02:12","modified_gmt":"2024-11-18T11:02:12","slug":"projecte-3-llengues","status":"publish","type":"page","link":"https:\/\/agora.xtec.cat\/ceip-mallorca\/projectes-singulars\/projecte-3-llengues\/","title":{"rendered":"3 lleng\u00fces"},"content":{"rendered":"<h2 style=\"text-align: center;\"><a href=\"http:\/\/agora.xtec.cat\/ceip-mallorca\/wp-content\/uploads\/usu816\/2016\/03\/3lcca.gif\"><img loading=\"lazy\" decoding=\"async\" class=\" size-full wp-image-430 aligncenter\" src=\"http:\/\/agora.xtec.cat\/ceip-mallorca\/wp-content\/uploads\/usu816\/2016\/03\/3lcca.gif\" alt=\"3lcca\" width=\"309\" height=\"243\" \/><\/a><span style=\"color: #ff9900;\">PROJECTE TRES LLENG\u00dcES<\/span><\/h2>\n<p>&nbsp;<\/p>\n<h5 style=\"text-align: justify;\">Dins del nostre marc metodol\u00f2gic volem incloure l\u2019actual <span style=\"color: #0000ff;\">PROJECTE 3 LLENG\u00dcES<\/span>, en el que ens proposem com a principal objectiu que l&#8217;infant adquireixi una <span style=\"color: #993366;\">COMPET\u00c8NCIA COMUNICATIVA <\/span>b\u00e0sica en les <span style=\"color: #993366;\">3 lleng\u00fces<\/span> que li permeti comunicar-se en qualsevol context.<\/h5>\n<p>&nbsp;<\/p>\n<p style=\"text-align: center;\"><strong>JUSTIFICACI\u00d3<\/strong><\/p>\n<p>L\u2019escola Mallorca va iniciar un PILE (Projecte Integrat de Lleng\u00fces Estrangeres) el curs 2012-2013, amb una durada de 2 cursos, en el qual va augmentar l\u2019horari de l\u2019\u00e0rea d\u2019angl\u00e8s a tota l\u2019educaci\u00f3 infantil i prim\u00e0ria i va introduir l\u2019aprenentatge de part d\u2019una \u00e0rea curricular en angl\u00e8s. A m\u00e9s, tamb\u00e9 va incorporar <em>linguistic assistants<\/em> (speakers) en horari lectiu, i va impulsar altres activitats en llengua anglesa (English Day, Daily Routines &#8230;) amb la voluntat de millorar el domini de la llengua oral.<\/p>\n<p style=\"text-align: center;\"><strong>INCLUSI\u00d3 EN EL PROJECTE EDUCATIU DEL CENTRE<\/strong><\/p>\n<p>El nostre projecte educatiu preveu el tractament de les lleng\u00fces amb una metodologia que parteix de l\u2019aprenentatge significatiu, de la necessitat de comunicar-nos i de fer-ho amb els recursos i la correcci\u00f3 adequats.<\/p>\n<p>Pel que fa a l&#8217;ensenyament-aprenentatge de l&#8217;angl\u00e8s les actuacions s\u00f3n les seg\u00fcents:<\/p>\n<ul>\n<li><strong><em>Un augment en l\u2019horari<\/em><\/strong> de les lleng\u00fces estrangeres a l\u2019educaci\u00f3 infantil i a l\u2019educaci\u00f3 prim\u00e0ria.<\/li>\n<\/ul>\n<p>L\u2019horari actual \u00e9s:<\/p>\n<p>A<strong> I3 <\/strong>una sessi\u00f3 amb el mestre d\u2019angl\u00e8s i el\/la Linguistic assistant<\/p>\n<p>De<strong> I4 a 2n<\/strong>: una sessi\u00f3 amb l&#8217;especialista d\u2019angl\u00e8s el\/la Linguistic assistant i una sessi\u00f3 amb l&#8217;especialista d\u2019angl\u00e8s.<\/p>\n<p>De<strong> 3r a 6\u00e8 <\/strong>de Prim\u00e0ria: Una sessi\u00f3 amb l&#8217;especialista d&#8217;angl\u00e8s i el\/la Linguistic assistant i dues sessions amb l&#8217;especialista.<\/p>\n<p>A <strong>3r i 5\u00e8 <\/strong>de Prim\u00e0ria es fa una sessi\u00f3 de Science en angl\u00e8s.<\/p>\n<p>&nbsp;<\/p>\n<ul>\n<li><strong><em>Aplicaci\u00f3 de les tecnologies <\/em><\/strong>en la metodologia del treball de les lleng\u00fces i espec\u00edficament en l\u2019angl\u00e8s.<\/li>\n<li><strong><em>Introducci\u00f3 d&#8217;un repte <\/em><\/strong>en angl\u00e8s.<\/li>\n<li><strong><em>Mantenir les activitats<\/em><\/strong> ja iniciades en el centre:\n<ul>\n<li>L\u2019\u201c<em>English Day\u201d<\/em>, un dia en el qual desenvolupem diferents jocs i activitats de lleure per a tota la Prim\u00e0ria i tot Infantil en tots els \u00e0mbits escolars i en el que l\u2019objectiu primordial \u00e9s, a part de passar-ho b\u00e9, practicar la llengua anglesa en tots els \u00e0mbits.<\/li>\n<li>L\u2019assist\u00e8ncia al teatre d\u2019obres en angl\u00e8s des de I4 fins a 6\u00e8.<\/li>\n<\/ul>\n<\/li>\n<li><strong><em>Activitat extraescolar d&#8217;angl\u00e8s<\/em><\/strong> per tot l\u2019alumnat del centre a partir d&#8217;I4 que hi vulgui participar.<\/li>\n<\/ul>\n<p>&nbsp;<\/p>\n<p>&nbsp;<\/p>\n<p>&nbsp;<\/p>\n","protected":false},"excerpt":{"rendered":"<p><a href=\"http:\/\/agora.xtec.cat\/ceip-mallorca\/wp-content\/uploads\/usu816\/2016\/03\/3lcca.gif\"><\/a>PROJECTE TRES LLENG\u00dcES<br \/>\n&nbsp;<br \/>\nDins del nostre marc metodol\u00f2gic volem incloure l\u2019actual PROJECTE 3 LLENG\u00dcES, en el que ens proposem com a principal objectiu que l&#8217;infant adquireixi una COMPET\u00c8NCIA COMUNICATIVA b\u00e0sica en les 3 lleng\u00fces que li permeti comunicar-se en qualsevol context.<br \/>\n&nbsp;<br \/>\nJUSTIFICACI\u00d3<br \/>\nL\u2019escola Mallorca va iniciar un&hellip;  <a href=\"https:\/\/agora.xtec.cat\/ceip-mallorca\/projectes-singulars\/projecte-3-llengues\/\" title=\"Read 3 lleng\u00fces\">Llegeix m\u00e9s\u00bb<\/a><\/p>\n","protected":false},"author":1,"featured_media":0,"parent":392,"menu_order":4,"comment_status":"closed","ping_status":"closed","template":"","meta":{"_bbp_topic_count":0,"_bbp_reply_count":0,"_bbp_total_topic_count":0,"_bbp_total_reply_count":0,"_bbp_voice_count":0,"_bbp_anonymous_reply_count":0,"_bbp_topic_count_hidden":0,"_bbp_reply_count_hidden":0,"_bbp_forum_subforum_count":0,"footnotes":""},"class_list":["post-429","page","type-page","status-publish","hentry"],"post_mailing_queue_ids":[],"_links":{"self":[{"href":"https:\/\/agora.xtec.cat\/ceip-mallorca\/wp-json\/wp\/v2\/pages\/429","targetHints":{"allow":["GET"]}}],"collection":[{"href":"https:\/\/agora.xtec.cat\/ceip-mallorca\/wp-json\/wp\/v2\/pages"}],"about":[{"href":"https:\/\/agora.xtec.cat\/ceip-mallorca\/wp-json\/wp\/v2\/types\/page"}],"author":[{"embeddable":true,"href":"https:\/\/agora.xtec.cat\/ceip-mallorca\/wp-json\/wp\/v2\/users\/1"}],"replies":[{"embeddable":true,"href":"https:\/\/agora.xtec.cat\/ceip-mallorca\/wp-json\/wp\/v2\/comments?post=429"}],"version-history":[{"count":6,"href":"https:\/\/agora.xtec.cat\/ceip-mallorca\/wp-json\/wp\/v2\/pages\/429\/revisions"}],"predecessor-version":[{"id":15605,"href":"https:\/\/agora.xtec.cat\/ceip-mallorca\/wp-json\/wp\/v2\/pages\/429\/revisions\/15605"}],"up":[{"embeddable":true,"href":"https:\/\/agora.xtec.cat\/ceip-mallorca\/wp-json\/wp\/v2\/pages\/392"}],"wp:attachment":[{"href":"https:\/\/agora.xtec.cat\/ceip-mallorca\/wp-json\/wp\/v2\/media?parent=429"}],"curies":[{"name":"wp","href":"https:\/\/api.w.org\/{rel}","templated":true}]}}