{"id":423,"date":"2016-03-17T20:07:19","date_gmt":"2016-03-17T19:07:19","guid":{"rendered":"http:\/\/agora.xtec.cat\/ceip-mallorca\/?page_id=423"},"modified":"2023-01-12T20:55:08","modified_gmt":"2023-01-12T19:55:08","slug":"projecte-bips","status":"publish","type":"page","link":"https:\/\/agora.xtec.cat\/ceip-mallorca\/projectes-singulars\/projecte-bips\/","title":{"rendered":"Som entorn: BIPS"},"content":{"rendered":"<h3 style=\"text-align: center;\">RELACI\u00d3 DE L&#8217;ESCOLA MALLORCA AMB ALTRES ENTITATS DEL NOSTRE ENTORN<\/h3>\n<p><a href=\"http:\/\/agora.xtec.cat\/ceip-mallorca\/wp-content\/uploads\/usu816\/2016\/03\/BIPS.gif\"><img loading=\"lazy\" decoding=\"async\" class=\" wp-image-424 aligncenter\" src=\"http:\/\/agora.xtec.cat\/ceip-mallorca\/wp-content\/uploads\/usu816\/2016\/03\/BIPS.gif\" alt=\"BIPS\" width=\"314\" height=\"57\" \/><\/a><\/p>\n<p style=\"text-align: justify;\">Considerem que \u00e9s fonamental l&#8217;acompanyament del nostre alumnat i de les seves fam\u00edlies des del mateix instant en qu\u00e8 entra en contacte amb nosaltres fins que est\u00e0 ben adaptat al seu nou dest\u00ed, l&#8217;institut.<\/p>\n<p style=\"text-align: justify;\">\u00c9s per aix\u00f2 que hem dissenyat un acurat acompanyament que en l\u00ednies generals consta de les seg\u00fcents etapes:<\/p>\n<p style=\"padding-left: 60px; text-align: justify;\"><strong>1.<\/strong> Col\u00b7laboraci\u00f3 Escola Bressol Londres \u2013 Escola Mallorca<\/p>\n<p style=\"padding-left: 60px; text-align: justify;\"><strong>2.<\/strong> Preinscripci\u00f3 i matriculaci\u00f3 Escola Mallorca<\/p>\n<p style=\"padding-left: 60px; text-align: justify;\"><strong>3.<\/strong> Pas d\u2019Educaci\u00f3 Infantil a Educaci\u00f3 Prim\u00e0ria<\/p>\n<p style=\"padding-left: 60px; text-align: justify;\"><strong>4.<\/strong> Pas d\u2019Educaci\u00f3 Prim\u00e0ria a Educaci\u00f3 Secund\u00e0ria<\/p>\n<p>Fem un acompanyament als infants de 6\u00e8 perqu\u00e8 puguin visitar i con\u00e8ixer els instituts adscrits al centre: Institut Viladomat, Institut Ernest Lluch i Institut Poeta Maragall.<\/p>\n<table style=\"border-collapse: collapse; width: 100%;\">\n<tbody>\n<tr>\n<td style=\"width: 100%;\"><em><strong>PROPERAMENT<\/strong><\/em><\/p>\n<p>El curs 2025-2026 els infants de l&#8217;escola Mallorca iniciaran l&#8217;ESO al nostre centre, l&#8217;institut escola Mallorca.<\/td>\n<\/tr>\n<\/tbody>\n<\/table>\n<h3><\/h3>\n<h3 style=\"text-align: justify;\"><span style=\"color: #ff6600;\">ACTIVITATS EN COM\u00da AMB L&#8217;ESCOLA BRESSOL MUNICIPAL LONDRES<\/span><\/h3>\n<p>L&#8217;Escola Bressol Municipal Londres es troba compartint edifici amb l&#8217;Escola Mallorca i aix\u00f2 fa que tinguem molta relaci\u00f3 i que els infants de les nostres escoles es trobin i facin activitats junts.<\/p>\n<p>Els nens i nenes de 5\u00e8 i 6\u00e8 fan un petit concert el 22 de novembre, amb motiu de la <a href=\"https:\/\/agora.xtec.cat\/ceip-mallorca\/?s=santa+cecilia\" target=\"_blank\" rel=\"noopener\">celebraci\u00f3 de Santa Cec\u00edlia,<\/a>\u00a0 \ud83c\udfb5 \ud83c\udfb6 \ud83c\udfbc , la patrona de la m\u00fasica. Aix\u00ed mateix, els infants de P2 baixen a veure la decoraci\u00f3 de Nadal del vest\u00edbul i passen una estona en companyia de les seves mestres i l&#8217;Equip Directiu. De la mateixa manera, en diferents moments del curs, els infants de P2 i P3 comparteixen activitats i espais, tant a l&#8217;Escola Bressol com a l&#8217;ala d&#8217;infantil de l&#8217;Escola Mallorca.<\/p>\n","protected":false},"excerpt":{"rendered":"<p>RELACI\u00d3 DE L&#8217;ESCOLA MALLORCA AMB ALTRES ENTITATS DEL NOSTRE ENTORN<br \/>\n<a href=\"http:\/\/agora.xtec.cat\/ceip-mallorca\/wp-content\/uploads\/usu816\/2016\/03\/BIPS.gif\"><\/a><br \/>\nConsiderem que \u00e9s fonamental l&#8217;acompanyament del nostre alumnat i de les seves fam\u00edlies des del mateix instant en qu\u00e8 entra en contacte amb nosaltres fins que est\u00e0 ben adaptat al seu nou dest\u00ed, l&#8217;institut.<br \/>\n\u00c9s per&hellip;  <a href=\"https:\/\/agora.xtec.cat\/ceip-mallorca\/projectes-singulars\/projecte-bips\/\" title=\"Read Som entorn: BIPS\">Llegeix m\u00e9s\u00bb<\/a><\/p>\n","protected":false},"author":1,"featured_media":0,"parent":392,"menu_order":3,"comment_status":"closed","ping_status":"closed","template":"","meta":{"_bbp_topic_count":0,"_bbp_reply_count":0,"_bbp_total_topic_count":0,"_bbp_total_reply_count":0,"_bbp_voice_count":0,"_bbp_anonymous_reply_count":0,"_bbp_topic_count_hidden":0,"_bbp_reply_count_hidden":0,"_bbp_forum_subforum_count":0,"footnotes":""},"class_list":["post-423","page","type-page","status-publish","hentry"],"post_mailing_queue_ids":[],"_links":{"self":[{"href":"https:\/\/agora.xtec.cat\/ceip-mallorca\/wp-json\/wp\/v2\/pages\/423","targetHints":{"allow":["GET"]}}],"collection":[{"href":"https:\/\/agora.xtec.cat\/ceip-mallorca\/wp-json\/wp\/v2\/pages"}],"about":[{"href":"https:\/\/agora.xtec.cat\/ceip-mallorca\/wp-json\/wp\/v2\/types\/page"}],"author":[{"embeddable":true,"href":"https:\/\/agora.xtec.cat\/ceip-mallorca\/wp-json\/wp\/v2\/users\/1"}],"replies":[{"embeddable":true,"href":"https:\/\/agora.xtec.cat\/ceip-mallorca\/wp-json\/wp\/v2\/comments?post=423"}],"version-history":[{"count":3,"href":"https:\/\/agora.xtec.cat\/ceip-mallorca\/wp-json\/wp\/v2\/pages\/423\/revisions"}],"predecessor-version":[{"id":13330,"href":"https:\/\/agora.xtec.cat\/ceip-mallorca\/wp-json\/wp\/v2\/pages\/423\/revisions\/13330"}],"up":[{"embeddable":true,"href":"https:\/\/agora.xtec.cat\/ceip-mallorca\/wp-json\/wp\/v2\/pages\/392"}],"wp:attachment":[{"href":"https:\/\/agora.xtec.cat\/ceip-mallorca\/wp-json\/wp\/v2\/media?parent=423"}],"curies":[{"name":"wp","href":"https:\/\/api.w.org\/{rel}","templated":true}]}}