{"id":415,"date":"2016-03-17T19:43:55","date_gmt":"2016-03-17T18:43:55","guid":{"rendered":"http:\/\/agora.xtec.cat\/ceip-mallorca\/?page_id=415"},"modified":"2023-01-04T21:15:21","modified_gmt":"2023-01-04T20:15:21","slug":"projecte-tots-som-1","status":"publish","type":"page","link":"https:\/\/agora.xtec.cat\/ceip-mallorca\/projectes-singulars\/projecte-tots-som-1\/","title":{"rendered":"Tots som 1"},"content":{"rendered":"<h4 style=\"text-align: center;\"><\/h4>\n<table class=\" aligncenter\" style=\"border-collapse: collapse; width: 60.2757%; height: 208px;\">\n<tbody>\n<tr>\n<td style=\"width: 100%;\"><div style=\"width: 640px;\" class=\"wp-video\"><!--[if lt IE 9]><script>document.createElement('video');<\/script><![endif]-->\n<video class=\"wp-video-shortcode\" id=\"video-415-1\" width=\"640\" height=\"360\" preload=\"metadata\" controls=\"controls\"><source type=\"video\/mp4\" src=\"https:\/\/agora.xtec.cat\/ceip-mallorca\/wp-content\/uploads\/usu816\/2023\/01\/Logo-Partculas-Brillantes_720p.mp4?_=1\" \/><a href=\"https:\/\/agora.xtec.cat\/ceip-mallorca\/wp-content\/uploads\/usu816\/2023\/01\/Logo-Partculas-Brillantes_720p.mp4\">https:\/\/agora.xtec.cat\/ceip-mallorca\/wp-content\/uploads\/usu816\/2023\/01\/Logo-Partculas-Brillantes_720p.mp4<\/a><\/video><\/div><\/td>\n<\/tr>\n<\/tbody>\n<\/table>\n<p>&nbsp;<\/p>\n<p>&nbsp;<\/p>\n<p>&nbsp;<\/p>\n<p>&nbsp;<\/p>\n<h4 style=\"text-align: justify;\">\u201cTots som 1\u201d \u00e9s un projecte que vol posar de relleu que som un equip indivisible i que estem units en el proc\u00e9s ensenyament-aprenentatge.<\/h4>\n<h5 style=\"text-align: justify;\">Volem que el nostre alumnat estigui unit i que no es formin diferents grups per motius externs als seus propis interessos.<\/h5>\n<p><strong>OBJECTIU ESPEC\u00cdFICS:<\/strong><\/p>\n<ul style=\"text-align: justify;\">\n<li>\n<h5>Fomentar relacions positives en el si de la comunitat educativa.<\/h5>\n<\/li>\n<li>\n<h5>Potenciar activitats de treball cooperatiu entre els alumnes dels\u00a0 diferents nivells o cicles i les interrelacions on l\u2019alumne sigui realment el protagonista del seu aprenentatge<\/h5>\n<\/li>\n<li>\n<h5>Potenciar l\u2019intercanvi, la interrelaci\u00f3 i l\u2019enriquiment personal.<\/h5>\n<\/li>\n<\/ul>\n<h5 style=\"text-align: justify;\">Per aconseguir aquests objectius hem dissenyat activitats i diferents tipus d&#8217;agrupacions que permetin la relaci\u00f3 entre tots els alumnes de l&#8217;escola.<\/h5>\n<ul>\n<li style=\"text-align: justify;\">\n<h5>Agrupar els dos grups d&#8217;un mateix nivell a l&#8217;hora d&#8217;educaci\u00f3 f\u00edsica que alhora permet treballar amb mig grup l&#8217;expressi\u00f3 escrita.<\/h5>\n<\/li>\n<li style=\"text-align: justify;\">\n<h5>Activitats conjuntes dels dos grups d&#8217;un mateix nivell.<\/h5>\n<\/li>\n<li style=\"text-align: justify;\">\n<h5>Apadrinament de la lectura, d&#8217;alumnes de sis\u00e8 amb alumnes de primer.<\/h5>\n<\/li>\n<li style=\"text-align: justify;\">\n<h5>Activitats intercicle, en les que alumnes d&#8217;un cicle col\u00b7laboren amb altre m\u00e9s petits explicant contes, fent representacions teatrals&#8230;<\/h5>\n<\/li>\n<li style=\"text-align: justify;\">\n<h5>Fent diferents combinacions de l&#8217;alumnat al canviar de cicle.<\/h5>\n<\/li>\n<li style=\"text-align: justify;\">\n<h5>Organitzar actes conjunts com el dia de la Pau, els Jocs Florals, l&#8217;English Day&#8230;<\/h5>\n<\/li>\n<li style=\"text-align: justify;\">\n<h5>Celebrar les festes tradicionals com la castanyada, el Nadal amb la Cantada de Nadales, el carnestoltes&#8230;<\/h5>\n<\/li>\n<\/ul>\n","protected":false},"excerpt":{"rendered":"<p><a href=\"https:\/\/agora.xtec.cat\/ceip-mallorca\/wp-content\/uploads\/usu816\/2023\/01\/Logo-Partculas-Brillantes_720p.mp4\">https:\/\/agora.xtec.cat\/ceip-mallorca\/wp-content\/uploads\/usu816\/2023\/01\/Logo-Partculas-Brillantes_720p.mp4<\/a><\/p>\n<p>&nbsp;<br \/>\n&nbsp;<br \/>\n&nbsp;<br \/>\n&nbsp;<br \/>\n\u201cTots som 1\u201d \u00e9s un projecte que vol posar de relleu que som un equip indivisible i que estem units en el proc\u00e9s ensenyament-aprenentatge.<br \/>\nVolem que el nostre alumnat estigui unit i que no es formin diferents grups per motius externs als seus propis interessos.<br \/>\nOBJECTIU&hellip;  <a href=\"https:\/\/agora.xtec.cat\/ceip-mallorca\/projectes-singulars\/projecte-tots-som-1\/\" title=\"Read Tots som 1\">Llegeix m\u00e9s\u00bb<\/a><\/p>\n","protected":false},"author":1,"featured_media":0,"parent":392,"menu_order":6,"comment_status":"closed","ping_status":"closed","template":"","meta":{"_bbp_topic_count":0,"_bbp_reply_count":0,"_bbp_total_topic_count":0,"_bbp_total_reply_count":0,"_bbp_voice_count":0,"_bbp_anonymous_reply_count":0,"_bbp_topic_count_hidden":0,"_bbp_reply_count_hidden":0,"_bbp_forum_subforum_count":0,"footnotes":""},"class_list":["post-415","page","type-page","status-publish","hentry"],"post_mailing_queue_ids":[],"_links":{"self":[{"href":"https:\/\/agora.xtec.cat\/ceip-mallorca\/wp-json\/wp\/v2\/pages\/415","targetHints":{"allow":["GET"]}}],"collection":[{"href":"https:\/\/agora.xtec.cat\/ceip-mallorca\/wp-json\/wp\/v2\/pages"}],"about":[{"href":"https:\/\/agora.xtec.cat\/ceip-mallorca\/wp-json\/wp\/v2\/types\/page"}],"author":[{"embeddable":true,"href":"https:\/\/agora.xtec.cat\/ceip-mallorca\/wp-json\/wp\/v2\/users\/1"}],"replies":[{"embeddable":true,"href":"https:\/\/agora.xtec.cat\/ceip-mallorca\/wp-json\/wp\/v2\/comments?post=415"}],"version-history":[{"count":4,"href":"https:\/\/agora.xtec.cat\/ceip-mallorca\/wp-json\/wp\/v2\/pages\/415\/revisions"}],"predecessor-version":[{"id":13269,"href":"https:\/\/agora.xtec.cat\/ceip-mallorca\/wp-json\/wp\/v2\/pages\/415\/revisions\/13269"}],"up":[{"embeddable":true,"href":"https:\/\/agora.xtec.cat\/ceip-mallorca\/wp-json\/wp\/v2\/pages\/392"}],"wp:attachment":[{"href":"https:\/\/agora.xtec.cat\/ceip-mallorca\/wp-json\/wp\/v2\/media?parent=415"}],"curies":[{"name":"wp","href":"https:\/\/api.w.org\/{rel}","templated":true}]}}