{"id":412,"date":"2016-03-17T19:39:15","date_gmt":"2016-03-17T18:39:15","guid":{"rendered":"http:\/\/agora.xtec.cat\/ceip-mallorca\/?page_id=412"},"modified":"2022-07-21T01:01:48","modified_gmt":"2022-07-20T23:01:48","slug":"projecte-escoles-mes-sostenibles","status":"publish","type":"page","link":"https:\/\/agora.xtec.cat\/ceip-mallorca\/projectes-singulars\/projecte-escoles-mes-sostenibles\/","title":{"rendered":"Escoles m\u00e9s sostenibles"},"content":{"rendered":"<h3 class=\"post-title entry-title\"><span style=\"color: #99cc00;\"><a style=\"color: #2795b6;\" href=\"http:\/\/agenda21mallorca.blogspot.com.es\/\"><img loading=\"lazy\" decoding=\"async\" class=\"wp-image-198 alignnone\" src=\"http:\/\/agora.xtec.cat\/ceip-mallorca\/wp-content\/uploads\/usu816\/2016\/02\/AG21.jpg\" alt=\"AG21\" width=\"136\" height=\"114\" \/>\u00a0 <\/a><\/span><span style=\"color: #339966;\"><strong>A les plantes les redre\u00e7a el cultiu, als homes, l&#8217;educaci\u00f3. (Jean J. Barth\u00e9lemy)<\/strong><\/span><\/h3>\n<p>&nbsp;<\/p>\n<h3 class=\"post-title entry-title\"><span style=\"color: #99cc00;\">El nostre granet de sorra<\/span><\/h3>\n<div id=\"post-body-1181930157149702044\" class=\"post-body entry-content\">\n<p class=\"Estilo2\">L&#8217;escola Mallorca volem posar el nostre granet de sorra en la gran tasca de fer un m\u00f3n m\u00e9s sostenible i respectu\u00f3s amb el medi ambient.<\/p>\n<p class=\"Estilo2\">Estem conven\u00e7uts que \u00e9s amb les petites accions amb les que s&#8217;aconsegueixen les grans fites.<\/p>\n<hr \/>\n<h3>\u00a0<span style=\"color: #339966;\">Signatura Comprom\u00eds<\/span><\/h3>\n<div id=\"post-body-5626907803628296708\" class=\"post-body entry-content\">\n<p class=\"Estilo3\" style=\"text-align: left;\" align=\"center\">El dia 11 d&#8217;octubre de 2009 vem assistir a l&#8217;acte de signatura del <strong><em>&#8220;Comprom\u00eds Ciutad\u00e0 per la Sostenibilitat&#8221; <\/em><\/strong>al Sal\u00f3 de Cent de l&#8217;Ajuntament de Barcelona.<\/p>\n<div class=\"separator\">\n<p><a href=\"http:\/\/2.bp.blogspot.com\/-1qJ5lAmGLUM\/Tw3hroald2I\/AAAAAAAAAmQ\/kR-aMmk48Os\/s1600\/1.jpg\"><img loading=\"lazy\" decoding=\"async\" class=\"alignleft\" src=\"http:\/\/2.bp.blogspot.com\/-1qJ5lAmGLUM\/Tw3hroald2I\/AAAAAAAAAmQ\/kR-aMmk48Os\/s320\/1.jpg\" alt=\"\" width=\"359\" height=\"269\" border=\"0\" \/><\/a><\/p>\n<p><img loading=\"lazy\" decoding=\"async\" class=\"alignleft\" src=\"http:\/\/2.bp.blogspot.com\/-YKubkt470JQ\/Tw3huBdSIgI\/AAAAAAAAAmk\/nKWXWIXm3-g\/s320\/4.jpg\" alt=\"\" width=\"371\" height=\"278\" border=\"0\" \/><\/p>\n<\/div>\n<\/div>\n<\/div>\n<div class=\"separator\"><\/div>\n<h3 class=\"separator\"><\/h3>\n<h3><\/h3>\n<h3><\/h3>\n<h3><\/h3>\n<h3><\/h3>\n<h3><\/h3>\n<hr \/>\n<h3 class=\"separator\"><span style=\"color: #339966;\">Cada curs ens visita el <span style=\"color: #008000;\">punt verd m\u00f2bil.<\/span><b><br \/>\n<\/b><\/span><\/h3>\n<div class=\"separator\"><\/div>\n<p><iframe loading=\"lazy\" src=\"https:\/\/www.youtube.com\/embed\/donyNSJXy-o\" width=\"420\" height=\"315\" frameborder=\"0\"><\/iframe><\/p>\n<hr \/>\n<div class=\"separator\" style=\"text-align: justify;\">\n<h3 class=\"separator\">L&#8217;alumnat del Mallorca\u00a0 hem posat en marxa<span style=\"color: #339966;\"> els hortets de l&#8217;escola.<\/span><\/h3>\n<h6 class=\"separator\">Cada any esperem la collita amb molta il\u00b7lusi\u00f3.<\/h6>\n<p class=\"separator\" style=\"text-align: center;\"><object id=\"BLOG_video-17bde5bbe868a897\" class=\"BLOG_video_class\" width=\"320\" height=\"266\" classid=\"clsid:D27CDB6E-AE6D-11cf-96B8-444553540000\" codebase=\"http:\/\/download.macromedia.com\/pub\/shockwave\/cabs\/flash\/swflash.cab#version=6,0,40,0\"><embed src=\"http:\/\/www.youtube.com\/get_player\" type=\"application\/x-shockwave-flash\" bgcolor=\"#FFFFFF\" flashvars=\"flvurl=http:\/\/redirector.googlevideo.com\/videoplayback?id%3D17bde5bbe868a897%26itag%3D5%26source%3Dblogger%26app%3Dblogger%26cmo%3Dsensitive_content%253Dyes%26ip%3D0.0.0.0%26ipbits%3D0%26expire%3D1461853907%26sparams%3Did,itag,source,ip,ipbits,expire%26signature%3D71F342090DA4FA2875CAC2A2EA38F02A11E4B286.39BAAED2D66415456FD2E5EF5BA096ABC5D874E4%26key%3Dck2&amp;iurl=http:\/\/video.google.com\/ThumbnailServer2?app%3Dblogger%26contentid%3D17bde5bbe868a897%26offsetms%3D5000%26itag%3Dw160%26sigh%3DbQ9-RcL4sgGFo2QbOuzwGI4ro2I&amp;autoplay=0&amp;ps=blogger\" allowfullscreen=\"allowfullscreen\" height=\"266\" width=\"320\" \/><\/object>\u00a0 \u00a0 <object id=\"BLOG_video-b01e7ff3b64e6ee7\" class=\"BLOG_video_class\" width=\"320\" height=\"266\" classid=\"clsid:D27CDB6E-AE6D-11cf-96B8-444553540000\" codebase=\"http:\/\/download.macromedia.com\/pub\/shockwave\/cabs\/flash\/swflash.cab#version=6,0,40,0\"><\/object><\/p>\n<div id=\"post-body-4055234739087277323\" class=\"post-body entry-content\"><\/div>\n<h6 style=\"text-align: center;\">Hem volgut fer que el nostre pati sigui m\u00e9s acollidor. Per aix\u00f2 hem fet aquest projecte, que anirem ampliant en propers cursos.<\/h6>\n<div class=\"separator\"><a href=\"http:\/\/2.bp.blogspot.com\/-NV82wGDZ590\/Uel1bGz8KJI\/AAAAAAAABKY\/qoZq8-lgD4c\/s1600\/projecte.jpg\" target=\"_blank\" rel=\"noopener\"><img loading=\"lazy\" decoding=\"async\" class=\"alignleft\" src=\"http:\/\/2.bp.blogspot.com\/-NV82wGDZ590\/Uel1bGz8KJI\/AAAAAAAABKY\/qoZq8-lgD4c\/s400\/projecte.jpg\" alt=\"\" width=\"582\" height=\"392\" border=\"0\" \/><\/a><\/div>\n<div class=\"separator\"><a href=\"http:\/\/1.bp.blogspot.com\/-1ENFa72N3EU\/Uel1elg2v7I\/AAAAAAAABKg\/4hf0n7wUjJk\/s1600\/quequicom.jpg\" target=\"_blank\" rel=\"noopener\"><img loading=\"lazy\" decoding=\"async\" class=\"aligncenter\" src=\"http:\/\/1.bp.blogspot.com\/-1ENFa72N3EU\/Uel1elg2v7I\/AAAAAAAABKg\/4hf0n7wUjJk\/s400\/quequicom.jpg\" alt=\"\" width=\"546\" height=\"356\" border=\"0\" \/><\/a><\/div>\n<div><\/div>\n<div><\/div>\n<\/div>\n<div><\/div>\n<div><span style=\"text-align: justify;\">Aqu\u00ed podeu veure com hem treballat per aconseguir-ho:<\/span><\/div>\n<div class=\"separator\" style=\"text-align: justify;\">\n<div><\/div>\n<div><\/div>\n<div><iframe loading=\"lazy\" src=\"http:\/\/www.youtube.com\/embed\/sT9MSOH-jvQ?rel=0\" width=\"420\" height=\"315\" frameborder=\"0\"><\/iframe><\/div>\n<\/div>\n","protected":false},"excerpt":{"rendered":"<p><a style=\"color: #2795b6;\" href=\"http:\/\/agenda21mallorca.blogspot.com.es\/\">\u00a0 <\/a>A les plantes les redre\u00e7a el cultiu, als homes, l&#8217;educaci\u00f3. (Jean J. Barth\u00e9lemy)<br \/>\n&nbsp;<br \/>\nEl nostre granet de sorra<\/p>\n<p>L&#8217;escola Mallorca volem posar el nostre granet de sorra en la gran tasca de fer un m\u00f3n m\u00e9s sostenible i respectu\u00f3s amb el medi ambient.<br \/>\nEstem&hellip;  <a href=\"https:\/\/agora.xtec.cat\/ceip-mallorca\/projectes-singulars\/projecte-escoles-mes-sostenibles\/\" title=\"Read Escoles m\u00e9s sostenibles\">Llegeix m\u00e9s\u00bb<\/a><\/p>\n","protected":false},"author":1,"featured_media":0,"parent":392,"menu_order":1,"comment_status":"closed","ping_status":"closed","template":"page-templates\/side-menu.php","meta":{"_bbp_topic_count":0,"_bbp_reply_count":0,"_bbp_total_topic_count":0,"_bbp_total_reply_count":0,"_bbp_voice_count":0,"_bbp_anonymous_reply_count":0,"_bbp_topic_count_hidden":0,"_bbp_reply_count_hidden":0,"_bbp_forum_subforum_count":0,"footnotes":""},"class_list":["post-412","page","type-page","status-publish","hentry"],"post_mailing_queue_ids":[],"_links":{"self":[{"href":"https:\/\/agora.xtec.cat\/ceip-mallorca\/wp-json\/wp\/v2\/pages\/412","targetHints":{"allow":["GET"]}}],"collection":[{"href":"https:\/\/agora.xtec.cat\/ceip-mallorca\/wp-json\/wp\/v2\/pages"}],"about":[{"href":"https:\/\/agora.xtec.cat\/ceip-mallorca\/wp-json\/wp\/v2\/types\/page"}],"author":[{"embeddable":true,"href":"https:\/\/agora.xtec.cat\/ceip-mallorca\/wp-json\/wp\/v2\/users\/1"}],"replies":[{"embeddable":true,"href":"https:\/\/agora.xtec.cat\/ceip-mallorca\/wp-json\/wp\/v2\/comments?post=412"}],"version-history":[{"count":3,"href":"https:\/\/agora.xtec.cat\/ceip-mallorca\/wp-json\/wp\/v2\/pages\/412\/revisions"}],"predecessor-version":[{"id":12493,"href":"https:\/\/agora.xtec.cat\/ceip-mallorca\/wp-json\/wp\/v2\/pages\/412\/revisions\/12493"}],"up":[{"embeddable":true,"href":"https:\/\/agora.xtec.cat\/ceip-mallorca\/wp-json\/wp\/v2\/pages\/392"}],"wp:attachment":[{"href":"https:\/\/agora.xtec.cat\/ceip-mallorca\/wp-json\/wp\/v2\/media?parent=412"}],"curies":[{"name":"wp","href":"https:\/\/api.w.org\/{rel}","templated":true}]}}