{"id":385,"date":"2016-03-16T20:13:39","date_gmt":"2016-03-16T19:13:39","guid":{"rendered":"http:\/\/agora.xtec.cat\/ceip-mallorca\/?page_id=385"},"modified":"2022-07-21T01:25:09","modified_gmt":"2022-07-20T23:25:09","slug":"projecte-pedagogic","status":"publish","type":"page","link":"https:\/\/agora.xtec.cat\/ceip-mallorca\/projecte-pedagogic\/","title":{"rendered":"Projecte pedag\u00f2gic"},"content":{"rendered":"<div class=\"content\" data-section-content=\"\">\n<p style=\"text-align: justify;\">El nostre <span style=\"color: #ff6600;\"><strong>projecte pedag\u00f2gic <\/strong><\/span>es basa en <strong>desvetllar i potenciar<\/strong> en cada alumne diferents processos d\u2019aprenentatge, capacitats de treball i compet\u00e8ncies que l\u2019ajudin en el \u00a0seu desenvolupament\u00a0 com a persona individual i com a membre d\u2019una societat plural i canviant.<\/p>\n<p style=\"text-align: justify;\">T\u00e9 com a<span style=\"color: #ff6600;\"> trets d\u2019identitat\u00a0<\/span> :<\/p>\n<ul style=\"text-align: justify;\">\n<li><span style=\"color: #ff00ff;\"><strong>El pluralisme<\/strong><\/span>: \u00a0L\u2019Escola respecta les diferents maneres de pensar dels\u00a0 alumnes, pares i professors. Aix\u00ed com les diverses cultures que s\u2019hi apleguen.<strong>\u00a0<\/strong><\/li>\n<\/ul>\n<ul style=\"text-align: justify;\">\n<li><span style=\"color: #ff9900;\"><strong>La catalanitat<\/strong><\/span> : At\u00e8s que l\u2019escola t\u00e9 com a marc\u00a0 de refer\u00e8ncia la societat en la qual s\u2019insereix, en fa l\u2019\u00fas de la seva\u00a0 llengua com a llengua\u00a0 vehicular, \u00a0es treballa els costums de la cultura catalana \u00a0i els valors que la caracteritzen.<strong>\u00a0<\/strong><\/li>\n<\/ul>\n<ul style=\"text-align: justify;\">\n<li><span style=\"color: #99cc00;\"><strong>L\u2019activitat renovadora<\/strong>:<\/span> El treball diari de l\u2019escola ens\u00a0 porta a obrir-nos\u00a0 a totes \u00a0les iniciatives \u00a0i projectes que puguin complementar els objectius pedag\u00f2gics del centre.<strong>\u00a0<\/strong><\/li>\n<\/ul>\n<ul style=\"text-align: justify;\">\n<li><span style=\"color: #cc99ff;\"><strong>Els valors socials<\/strong>:<\/span> L\u2019escola potencia i fomenta en tots els \u00e0mbits de l\u2019activitat educativa, el di\u00e0leg, la conviv\u00e8ncia, el respecte, la toler\u00e0ncia,\u00a0 els valors c\u00edvics\u00a0 i el respecte envers els altres.<strong>\u00a0<\/strong><\/li>\n<\/ul>\n<ul style=\"text-align: justify;\">\n<li><span style=\"color: #0000ff;\"><strong>La formaci\u00f3 integral<\/strong>:<\/span> Una escola compromesa en la formaci\u00f3 de les persones i en fomentar les relacions socials. L\u2019escola t\u00e9 la voluntat de mantenir\u00a0 un ambient tranquil, acollidor i familiar on els nens i les nens se sentin segurs per poder aprendre.<strong>\u00a0<\/strong><\/li>\n<\/ul>\n<ul>\n<li>\n<p style=\"text-align: justify;\"><span style=\"color: #993366;\"><strong>L\u2019aprenentatge significatiu<\/strong>:<\/span> Potenciant la motivaci\u00f3, la creativitat i l\u2019autonomia personal, per aconseguir un nivell \u00f2ptim, al acabar la Prim\u00e0ria i que els permeti afrontar amb tranquil\u00b7litat i excel\u00b7l\u00e8ncia els estudis de Secund\u00e0ria.<\/p>\n<\/li>\n<\/ul>\n<p>&nbsp;<\/p>\n<p><a href=\"http:\/\/agora.xtec.cat\/ceip-mallorca\/wp-content\/uploads\/usu816\/2016\/03\/construccio.jpg\"><img loading=\"lazy\" decoding=\"async\" class=\"wp-image-359 aligncenter\" src=\"http:\/\/agora.xtec.cat\/ceip-mallorca\/wp-content\/uploads\/usu816\/2016\/03\/construccio-1024x682.jpg\" alt=\"construccio\" width=\"706\" height=\"470\" srcset=\"https:\/\/agora.xtec.cat\/ceip-mallorca\/wp-content\/uploads\/usu816\/2016\/03\/construccio-1024x682.jpg 1024w, https:\/\/agora.xtec.cat\/ceip-mallorca\/wp-content\/uploads\/usu816\/2016\/03\/construccio-300x200.jpg 300w, https:\/\/agora.xtec.cat\/ceip-mallorca\/wp-content\/uploads\/usu816\/2016\/03\/construccio.jpg 1600w\" sizes=\"auto, (max-width: 706px) 100vw, 706px\" \/><\/a><\/p>\n<p><b><u>Acci\u00f3 tutorial<\/u><\/b><\/p>\n<p>A l\u2019escola Mallorca considerem l\u2019acci\u00f3 tutorial una tasca fonamental per al\u00a0 correcte desenvolupament personal i el bon funcionament del centre com a primera unitat social en la que es troben els nostres infants.<\/p>\n<p>A EDUCACI\u00d3 INFANTIL, l\u2019<strong>acci\u00f3 tutorial<\/strong> va molt lligada a les<strong> situacions quotidianes, <\/strong>\u00e9s per aix\u00f2 que cada dia els tutors reben i acomiaden els nens i nenes fent una <strong>rotllana <\/strong>on es posen en com\u00fa el que els ha passat i en treuen conclusions.<\/p>\n<hr \/>\n<p>A EDUCACI\u00d3 PRIM\u00c0RIA tamb\u00e9 es dedica un temps setmanal a la tutoria seguint el cam\u00ed iniciat a educaci\u00f3 infantil. Els tutors reben cada dia els seus alumnes <strong>iniciant la jornada <\/strong>amb mitj\u00e0 hora de lectura. Tot i fer una <strong>tutoria continuada<\/strong> en el dia a dia, tamb\u00e9 es dedica una <strong>sessi\u00f3 setmanal <\/strong>per a treballar aspectes m\u00e9s concrets.<\/p>\n<hr \/>\n<p><strong>Educaci\u00f3 en valors<\/strong>: al llarg del curs es realitzen activitats per facilitar l\u2019autoconeixement.<\/p>\n<p>Tamb\u00e9 es treballa espec\u00edficament la<strong> mediaci\u00f3 i de resoluci\u00f3 de conflictes quan sorgeix la necessitat<\/strong>.<\/p>\n<p>A partir de 3r s\u2019inicia l\u2019aprenentatge dels<strong> h\u00e0bits d\u2019estudi<\/strong> com presentaci\u00f3 de treballs, realitzaci\u00f3 de deures, autonomia i responsabilitat en les tasques, etc.<\/p>\n<p>Els tutors realitzen <strong>tutories individuals<\/strong> per assessorar els alumnes i solucionar problemes puntuals quan ho necessiten.<\/p>\n<p>Un altre aspecte de l\u2019acci\u00f3 tutorial desvetllar en els alumnes la idea de <strong>pertinen\u00e7a a un grup<\/strong> i la <strong>responsabilitat <\/strong>que aix\u00f2 comporta. En aquest sentit cada alumne \u00e9s responsable d\u2019una tasca.<\/p>\n<hr \/>\n<p>Tots els delegats de grup, formen la <strong>Junta de Delegats<\/strong> que, es reuneix peri\u00f2dicament per compartir la marxa del curs, aportant noves propostes i avaluant les que ja s\u2019han portat a terme.<\/p>\n<p>&nbsp;<\/p>\n<ul class=\"side-nav\">\n<li><\/li>\n<\/ul>\n<\/div>\n","protected":false},"excerpt":{"rendered":"<p>El nostre projecte pedag\u00f2gic es basa en desvetllar i potenciar en cada alumne diferents processos d\u2019aprenentatge, capacitats de treball i compet\u00e8ncies que l\u2019ajudin en el \u00a0seu desenvolupament\u00a0 com a persona individual i com a membre d\u2019una societat plural i canviant.<br \/>\nT\u00e9 com a trets d\u2019identitat\u00a0 :\n<ul&hellip;  <a href=\"https:\/\/agora.xtec.cat\/ceip-mallorca\/projecte-pedagogic\/\" title=\"Read Projecte pedag\u00f2gic\">Llegeix m\u00e9s\u00bb<\/a><\/p>\n","protected":false},"author":1,"featured_media":0,"parent":0,"menu_order":0,"comment_status":"closed","ping_status":"closed","template":"page-templates\/side-menu.php","meta":{"_bbp_topic_count":0,"_bbp_reply_count":0,"_bbp_total_topic_count":0,"_bbp_total_reply_count":0,"_bbp_voice_count":0,"_bbp_anonymous_reply_count":0,"_bbp_topic_count_hidden":0,"_bbp_reply_count_hidden":0,"_bbp_forum_subforum_count":0,"footnotes":""},"class_list":["post-385","page","type-page","status-publish","hentry"],"post_mailing_queue_ids":[],"_links":{"self":[{"href":"https:\/\/agora.xtec.cat\/ceip-mallorca\/wp-json\/wp\/v2\/pages\/385","targetHints":{"allow":["GET"]}}],"collection":[{"href":"https:\/\/agora.xtec.cat\/ceip-mallorca\/wp-json\/wp\/v2\/pages"}],"about":[{"href":"https:\/\/agora.xtec.cat\/ceip-mallorca\/wp-json\/wp\/v2\/types\/page"}],"author":[{"embeddable":true,"href":"https:\/\/agora.xtec.cat\/ceip-mallorca\/wp-json\/wp\/v2\/users\/1"}],"replies":[{"embeddable":true,"href":"https:\/\/agora.xtec.cat\/ceip-mallorca\/wp-json\/wp\/v2\/comments?post=385"}],"version-history":[{"count":4,"href":"https:\/\/agora.xtec.cat\/ceip-mallorca\/wp-json\/wp\/v2\/pages\/385\/revisions"}],"predecessor-version":[{"id":8171,"href":"https:\/\/agora.xtec.cat\/ceip-mallorca\/wp-json\/wp\/v2\/pages\/385\/revisions\/8171"}],"wp:attachment":[{"href":"https:\/\/agora.xtec.cat\/ceip-mallorca\/wp-json\/wp\/v2\/media?parent=385"}],"curies":[{"name":"wp","href":"https:\/\/api.w.org\/{rel}","templated":true}]}}