{"id":362,"date":"2016-03-15T21:37:11","date_gmt":"2016-03-15T20:37:11","guid":{"rendered":"http:\/\/agora.xtec.cat\/ceip-mallorca\/?page_id=362"},"modified":"2022-07-15T17:02:56","modified_gmt":"2022-07-15T15:02:56","slug":"prioritats-educatives","status":"publish","type":"page","link":"https:\/\/agora.xtec.cat\/ceip-mallorca\/projecte-pedagogic\/prioritats-educatives\/","title":{"rendered":"Prioritats Educatives"},"content":{"rendered":"<h5><\/h5>\n<p style=\"text-align: justify;\">L\u2019entorn escolar \u00e9s l\u2019espai adient pel\u00a0<strong>creixement<\/strong>\u00a0i\u00a0<strong>desenvolupament<\/strong>\u00a0dels nens i nenes, on se sentin\u00a0<strong>reconeguts<\/strong>\u00a0i\u00a0<strong>valorats<\/strong>, que s\u2019hi trobin\u00a0<strong>segurs<\/strong>\u00a0per poder desenvolupar<strong>\u00a0les seves capacitats<\/strong>, i\u00a0<strong>promoure la seva autonomia<\/strong>\u00a0i exigir-los l\u2019<strong>esfor\u00e7<\/strong>\u00a0i la\u00a0<strong>responsabilitat<\/strong>\u00a0que necessitaran en el seu futur.<\/p>\n<hr \/>\n<h5><a href=\"http:\/\/agora.xtec.cat\/ceip-mallorca\/wp-content\/uploads\/usu816\/2016\/03\/grup.jpg\"><img loading=\"lazy\" decoding=\"async\" class=\"wp-image-363 alignright\" src=\"http:\/\/agora.xtec.cat\/ceip-mallorca\/wp-content\/uploads\/usu816\/2016\/03\/grup-682x1024.jpg\" alt=\"grup\" width=\"386\" height=\"579\" srcset=\"https:\/\/agora.xtec.cat\/ceip-mallorca\/wp-content\/uploads\/usu816\/2016\/03\/grup-682x1024.jpg 682w, https:\/\/agora.xtec.cat\/ceip-mallorca\/wp-content\/uploads\/usu816\/2016\/03\/grup-200x300.jpg 200w, https:\/\/agora.xtec.cat\/ceip-mallorca\/wp-content\/uploads\/usu816\/2016\/03\/grup.jpg 1066w\" sizes=\"auto, (max-width: 386px) 100vw, 386px\" \/><\/a><\/h5>\n<p style=\"text-align: justify;\">Per aconseguir aquests reptes fomentem els seg\u00fcents aspectes:<\/p>\n<ul>\n<li style=\"list-style-type: none;\">\n<ul style=\"list-style-type: square;\">\n<li style=\"text-align: justify;\">El treball en l\u2019<strong>educaci\u00f3 en valors<\/strong> i el treball cooperatiu.<\/li>\n<li style=\"text-align: justify;\">La integraci\u00f3 de les noves<strong> tecnologies en l\u2019aprenentatge diari<\/strong>.<\/li>\n<\/ul>\n<\/li>\n<li style=\"list-style-type: none;\">\n<ul style=\"list-style-type: square;\">\n<li style=\"text-align: justify;\">L\u2019<strong>aprenentatge i l\u2019\u00fas indistint de les lleng\u00fces catalana, castellana i anglesa, <\/strong>prioritzant les <strong>compet\u00e8ncies comunicatives orals i escrites<\/strong>.<\/li>\n<\/ul>\n<\/li>\n<li style=\"list-style-type: none;\">\n<ul style=\"list-style-type: square;\">\n<li style=\"text-align: justify;\">La participaci\u00f3 en <strong>programes d\u2019innovaci\u00f3<\/strong> m\u00e9s enll\u00e0 de l\u2019entorn escolar i en cooperaci\u00f3 amb d\u2019altres institucions o escoles.<\/li>\n<\/ul>\n<\/li>\n<li style=\"list-style-type: none;\">\n<ul style=\"list-style-type: square;\">\n<li style=\"text-align: justify;\">El desenvolupament d\u2019activitats d\u2019<strong>educaci\u00f3 ambiental<\/strong> que contribueixin a sensibilitzar els alumnes i fer-los actius en la presa d\u2019iniciatives per tenir cura del nostre entorn.<\/li>\n<\/ul>\n<\/li>\n<li style=\"list-style-type: none;\">\n<ul style=\"list-style-type: square;\">\n<li>\n<p style=\"text-align: justify;\">La<strong> formaci\u00f3 integral<\/strong> dels nostres alumnes combinant \u00a0les activitats de coneixement amb l\u00fadiques, creatives musicals i pl\u00e0stiques aix\u00ed com <strong>activitats f\u00edsiques<\/strong> a trav\u00e9s de l\u2019educaci\u00f3 f\u00edsica i la iniciaci\u00f3 a la nataci\u00f3.<\/p>\n<\/li>\n<\/ul>\n<\/li>\n<\/ul>\n","protected":false},"excerpt":{"rendered":"<p>L\u2019entorn escolar \u00e9s l\u2019espai adient pel\u00a0creixement\u00a0i\u00a0desenvolupament\u00a0dels nens i nenes, on se sentin\u00a0reconeguts\u00a0i\u00a0valorats, que s\u2019hi trobin\u00a0segurs\u00a0per poder desenvolupar\u00a0les seves capacitats, i\u00a0promoure la seva autonomia\u00a0i exigir-los l\u2019esfor\u00e7\u00a0i la\u00a0responsabilitat\u00a0que necessitaran en el seu futur.<\/p>\n<p><a href=\"http:\/\/agora.xtec.cat\/ceip-mallorca\/wp-content\/uploads\/usu816\/2016\/03\/grup.jpg\"><\/a><br \/>\nPer aconseguir aquests reptes fomentem els seg\u00fcents aspectes:<\/p>\n<ul>\n<li style=\"list-style-type: none;\">\n<ul style=\"list-style-type: square;\">\n<li style=\"text-align: justify;\">El&hellip;  <a href=\"https:\/\/agora.xtec.cat\/ceip-mallorca\/projecte-pedagogic\/prioritats-educatives\/\" title=\"Read Prioritats Educatives\">Llegeix m\u00e9s\u00bb<\/a><br \/>\n","protected":false},"author":1,"featured_media":0,"parent":385,"menu_order":1,"comment_status":"closed","ping_status":"closed","template":"page-templates\/side-menu.php","meta":{"_bbp_topic_count":0,"_bbp_reply_count":0,"_bbp_total_topic_count":0,"_bbp_total_reply_count":0,"_bbp_voice_count":0,"_bbp_anonymous_reply_count":0,"_bbp_topic_count_hidden":0,"_bbp_reply_count_hidden":0,"_bbp_forum_subforum_count":0,"footnotes":""},"class_list":["post-362","page","type-page","status-publish","hentry"],"post_mailing_queue_ids":[],"_links":{"self":[{"href":"https:\/\/agora.xtec.cat\/ceip-mallorca\/wp-json\/wp\/v2\/pages\/362","targetHints":{"allow":["GET"]}}],"collection":[{"href":"https:\/\/agora.xtec.cat\/ceip-mallorca\/wp-json\/wp\/v2\/pages"}],"about":[{"href":"https:\/\/agora.xtec.cat\/ceip-mallorca\/wp-json\/wp\/v2\/types\/page"}],"author":[{"embeddable":true,"href":"https:\/\/agora.xtec.cat\/ceip-mallorca\/wp-json\/wp\/v2\/users\/1"}],"replies":[{"embeddable":true,"href":"https:\/\/agora.xtec.cat\/ceip-mallorca\/wp-json\/wp\/v2\/comments?post=362"}],"version-history":[{"count":3,"href":"https:\/\/agora.xtec.cat\/ceip-mallorca\/wp-json\/wp\/v2\/pages\/362\/revisions"}],"predecessor-version":[{"id":12062,"href":"https:\/\/agora.xtec.cat\/ceip-mallorca\/wp-json\/wp\/v2\/pages\/362\/revisions\/12062"}],"up":[{"embeddable":true,"href":"https:\/\/agora.xtec.cat\/ceip-mallorca\/wp-json\/wp\/v2\/pages\/385"}],"wp:attachment":[{"href":"https:\/\/agora.xtec.cat\/ceip-mallorca\/wp-json\/wp\/v2\/media?parent=362"}],"curies":[{"name":"wp","href":"https:\/\/api.w.org\/{rel}","templated":true}]}}