{"id":294,"date":"2016-03-13T11:50:13","date_gmt":"2016-03-13T10:50:13","guid":{"rendered":"http:\/\/agora.xtec.cat\/ceip-mallorca\/?page_id=294"},"modified":"2025-09-18T10:31:00","modified_gmt":"2025-09-18T08:31:00","slug":"llibres","status":"publish","type":"page","link":"https:\/\/agora.xtec.cat\/ceip-mallorca\/curs-25-26\/llibres\/","title":{"rendered":"Llibres i material educatiu"},"content":{"rendered":"<table style=\"border-collapse: collapse; width: 100%; height: 380px;\">\n<tbody>\n<tr style=\"height: 314px;\">\n<td style=\"width: 50%; height: 314px;\">\n<h4><img loading=\"lazy\" decoding=\"async\" class=\"aligncenter wp-image-12312\" src=\"https:\/\/agora.xtec.cat\/ceip-mallorca\/wp-content\/uploads\/usu816\/2022\/07\/Llistat-dels-llibres-1024x512.jpg\" alt=\"\" width=\"560\" height=\"280\" srcset=\"https:\/\/agora.xtec.cat\/ceip-mallorca\/wp-content\/uploads\/usu816\/2022\/07\/Llistat-dels-llibres-1024x512.jpg 1024w, https:\/\/agora.xtec.cat\/ceip-mallorca\/wp-content\/uploads\/usu816\/2022\/07\/Llistat-dels-llibres-300x150.jpg 300w, https:\/\/agora.xtec.cat\/ceip-mallorca\/wp-content\/uploads\/usu816\/2022\/07\/Llistat-dels-llibres-768x384.jpg 768w, https:\/\/agora.xtec.cat\/ceip-mallorca\/wp-content\/uploads\/usu816\/2022\/07\/Llistat-dels-llibres-1536x768.jpg 1536w, https:\/\/agora.xtec.cat\/ceip-mallorca\/wp-content\/uploads\/usu816\/2022\/07\/Llistat-dels-llibres-2048x1024.jpg 2048w\" sizes=\"auto, (max-width: 560px) 100vw, 560px\" \/><\/h4>\n<\/td>\n<td style=\"width: 50%; height: 314px;\">\n<h4 style=\"text-align: center;\"><img loading=\"lazy\" decoding=\"async\" class=\"aligncenter wp-image-12551\" src=\"https:\/\/agora.xtec.cat\/ceip-mallorca\/wp-content\/uploads\/usu816\/2022\/07\/Llistat-dels-llibres-1-1024x512.jpg\" alt=\"\" width=\"545\" height=\"272\" srcset=\"https:\/\/agora.xtec.cat\/ceip-mallorca\/wp-content\/uploads\/usu816\/2022\/07\/Llistat-dels-llibres-1-1024x512.jpg 1024w, https:\/\/agora.xtec.cat\/ceip-mallorca\/wp-content\/uploads\/usu816\/2022\/07\/Llistat-dels-llibres-1-300x150.jpg 300w, https:\/\/agora.xtec.cat\/ceip-mallorca\/wp-content\/uploads\/usu816\/2022\/07\/Llistat-dels-llibres-1-768x384.jpg 768w, https:\/\/agora.xtec.cat\/ceip-mallorca\/wp-content\/uploads\/usu816\/2022\/07\/Llistat-dels-llibres-1-1536x768.jpg 1536w, https:\/\/agora.xtec.cat\/ceip-mallorca\/wp-content\/uploads\/usu816\/2022\/07\/Llistat-dels-llibres-1-2048x1024.jpg 2048w\" sizes=\"auto, (max-width: 545px) 100vw, 545px\" \/><\/h4>\n<\/td>\n<\/tr>\n<tr style=\"height: 66px;\">\n<td style=\"width: 50%; height: 66px;\" colspan=\"2\">\n<p style=\"text-align: center;\"><em>Caldr\u00e0 que TOTS els materials estiguin marcats amb el nom i cognom de l&#8217;infant.<\/em><\/p>\n<p style=\"text-align: center;\"><em>Si calgu\u00e9s algun material puntual per alguna activitat \/ sortida ja us avisarem a trav\u00e9s dels mitjans establerts: agenda o Dinantia<\/em><\/p>\n<\/td>\n<\/tr>\n<\/tbody>\n<\/table>\n<table style=\"border-collapse: collapse; width: 100%;\">\n<tbody>\n<tr>\n<td style=\"width: 33.3333%; text-align: center;\"><strong>COMUNITAT DE PETITS (I3, I4 i I5)<\/strong><\/td>\n<td style=\"width: 33.3333%; text-align: center;\"><strong>COMUNITAT DE MITJANS (1r, 2n i 3r)<\/strong><\/td>\n<td style=\"width: 33.3333%; text-align: center;\"><strong>COMUNITAT DE GRANS (4t, 5\u00e8 i 6\u00e8)<\/strong><\/td>\n<\/tr>\n<tr>\n<td style=\"width: 33.3333%; text-align: center;\">\n<h5><a href=\"https:\/\/drive.google.com\/file\/d\/1hDPlGy9P0Ub-bd5TLDR9GgimwM6nE4D1\/view?usp=drive_link\" target=\"_blank\" rel=\"noopener\"><strong>I3<\/strong> (materials) &#8211; curs 25-26<\/a><\/h5>\n<h5><a href=\"https:\/\/drive.google.com\/file\/d\/1TAtvZiWyUJG-A5xqR9JUhzcMkC5YJ9b9\/view?usp=drive_link\" target=\"_blank\" rel=\"noopener\"><strong>I4<\/strong> (materials) &#8211; curs 25-26<\/a><\/h5>\n<h5><a href=\"https:\/\/drive.google.com\/file\/d\/1cf_bBPbJgA8XCL9jYi0-u77tLuP5NeKa\/view?usp=drive_link\" target=\"_blank\" rel=\"noopener\"><strong>I5<\/strong> (materials) &#8211; curs 25-26<\/a><\/h5>\n<\/td>\n<td style=\"width: 33.3333%; text-align: center;\">\n<h5><a href=\"https:\/\/drive.google.com\/file\/d\/1DtV_cNVkaJdB4kmhYjOI25Xmivf-2IQc\/view?usp=sharing\" target=\"_blank\" rel=\"noopener\"><strong>1r<\/strong> (llibres i materials) &#8211; curs 25-26<\/a><\/h5>\n<h5><a href=\"https:\/\/drive.google.com\/file\/d\/1-MaMbRIJNCa-yo8Ej0LQTEpiG32mskwm\/view?usp=drive_link\" target=\"_blank\" rel=\"noopener\"><strong>2n<\/strong> (llibres i materials) &#8211; curs 25-26<\/a><\/h5>\n<h5><a href=\"https:\/\/drive.google.com\/file\/d\/1BhZdrJQUTc8OsBeRYVtKBi117ucnn_Xy\/view?usp=drive_link\" target=\"_blank\" rel=\"noopener\"><strong>3r<\/strong> (llibres i materials) &#8211; curs 25-26<\/a><\/h5>\n<\/td>\n<td style=\"width: 33.3333%; text-align: center;\">\n<h5><a href=\"https:\/\/drive.google.com\/file\/d\/1tdQNoKlMmP_7RHhTX-dcnjjcYwLVcFNL\/view?usp=drive_link\" target=\"_blank\" rel=\"noopener\"><strong>4t<\/strong> (llibres i materials) &#8211; curs 25-26<\/a><\/h5>\n<h5><a href=\"https:\/\/drive.google.com\/file\/d\/15zUAWHkSTL1aq-IKLllmyYY1TYxCNlj7\/view?usp=drive_link\" target=\"_blank\" rel=\"noopener\"><strong>5\u00e8<\/strong> (llibres i materials) &#8211; curs 25-26<\/a><\/h5>\n<h5><a href=\"https:\/\/drive.google.com\/file\/d\/1ReKqjoPKbFcTVdtSZfU7tR6evW7o1Dec\/view?usp=drive_link\" target=\"_blank\" rel=\"noopener\"><strong>6\u00e8<\/strong> (llibres i materials) &#8211; curs 25-26<\/a><\/h5>\n<\/td>\n<\/tr>\n<\/tbody>\n<\/table>\n<hr \/>\n<h4 style=\"text-align: center;\"><strong>AFA:\u00a0 <a href=\"http:\/\/afamallorca.cat\/socialitzacio\" target=\"_blank\" rel=\"noopener\">Projecte de socialitzaci\u00f3<\/a> de llibres<\/strong><\/h4>\n<p><em><strong><span style=\"text-decoration: underline;\">Informaci\u00f3 relacionada amb els llibres de text:<\/span><\/strong><\/em><\/p>\n<p>Us demanem que mantingueu adequadament el folre dels llibres i que insistiu als vostres fills\/es perqu\u00e8 en facin un bon \u00fas (que \u00e9s tamb\u00e9 un gran valor educatiu).<\/p>\n<p><strong>NO es poden guixar.<\/strong><\/p>\n<p>L\u2019equip docent transmetr\u00e0 reflexions als alumnes per tal de fer un \u00fas acurat d\u2019aquests materials, una tasca que cal continuar a casa.<\/p>\n<p>Totes les fam\u00edlies que vulguin participar-hi s\u2019hauran d\u2019adre\u00e7ar a l\u2019AFA.<\/p>\n<p>L\u2019alumnat que no s\u2019ha acollit al programa RE-PASSA\u2019L, portaran els llibres, el primer dia de curs.<\/p>\n<table style=\"width: 100%; border-collapse: collapse; border-color: #0a0909; background-color: #faf5e1; border-style: solid;\">\n<tbody>\n<tr>\n<td style=\"width: 1345px;\">\n<h5>RE-PASSA\u2019L: PROJECTE PER A LA REUTILITZACI\u00d3 DE LLIBRES DE TEXT<\/h5>\n<p style=\"font-family: 'Helvetica Neue', Helvetica, Helvetica, Arial, sans-serif; font-size: 16px;\">El projecte RE-PASSA\u2019L \u00e9s un programa de reutilitzaci\u00f3 de llibres de text. Promou els valors de la solidaritat, la responsabilitat, el respecte al b\u00e9 com\u00fa, la cooperaci\u00f3 i la sostenibilitat. A m\u00e9s a m\u00e9s, t\u00e9 com a objectiu reduir la despesa familiar, amb un estalvi per a les fam\u00edlies.<\/p>\n<p style=\"font-family: 'Helvetica Neue', Helvetica, Helvetica, Arial, sans-serif; font-size: 16px;\">Consisteix a reutilitzar els llibres que a final de curs es trobin en bon estat i obtenir\u00a0els llibres de text i els quaderns d\u2019exercicis nous a preus m\u00e9s redu\u00efts pel fet de\u00a0comprar-los en grup. Els quaderns d\u2019exercicis s\u2019adquireixen nous cada any perqu\u00e8 no\u00a0es poden reutilitzar.<\/p>\n<p style=\"font-family: 'Helvetica Neue', Helvetica, Helvetica, Arial, sans-serif; font-size: 16px;\">L\u2019adhesi\u00f3 a aquest projecte \u00e9s totalment volunt\u00e0ria, tot i que cal ser membre de\u00a0l\u2019AFA per poder beneficiar-se\u2019n.<\/p>\n<\/td>\n<\/tr>\n<\/tbody>\n<\/table>\n<h5 style=\"text-align: center;\"><\/h5>\n","protected":false},"excerpt":{"rendered":"<p>Caldr\u00e0 que TOTS els materials estiguin marcats amb el nom i cognom de l&#8217;infant.<br \/>\nSi calgu\u00e9s algun material puntual per alguna activitat \/ sortida ja us avisarem a trav\u00e9s dels mitjans establerts: agenda o Dinantia<\/p>\n<p>COMUNITAT DE PETITS (I3, I4 i I5)<br \/>\nCOMUNITAT DE MITJANS (1r, 2n i&hellip;  <a href=\"https:\/\/agora.xtec.cat\/ceip-mallorca\/curs-25-26\/llibres\/\" title=\"Read Llibres i material educatiu\">Llegeix m\u00e9s\u00bb<\/a><\/p>\n","protected":false},"author":1,"featured_media":0,"parent":12370,"menu_order":4,"comment_status":"closed","ping_status":"closed","template":"page-templates\/side-menu.php","meta":{"_bbp_topic_count":0,"_bbp_reply_count":0,"_bbp_total_topic_count":0,"_bbp_total_reply_count":0,"_bbp_voice_count":0,"_bbp_anonymous_reply_count":0,"_bbp_topic_count_hidden":0,"_bbp_reply_count_hidden":0,"_bbp_forum_subforum_count":0,"footnotes":""},"class_list":["post-294","page","type-page","status-publish","hentry"],"post_mailing_queue_ids":[],"_links":{"self":[{"href":"https:\/\/agora.xtec.cat\/ceip-mallorca\/wp-json\/wp\/v2\/pages\/294","targetHints":{"allow":["GET"]}}],"collection":[{"href":"https:\/\/agora.xtec.cat\/ceip-mallorca\/wp-json\/wp\/v2\/pages"}],"about":[{"href":"https:\/\/agora.xtec.cat\/ceip-mallorca\/wp-json\/wp\/v2\/types\/page"}],"author":[{"embeddable":true,"href":"https:\/\/agora.xtec.cat\/ceip-mallorca\/wp-json\/wp\/v2\/users\/1"}],"replies":[{"embeddable":true,"href":"https:\/\/agora.xtec.cat\/ceip-mallorca\/wp-json\/wp\/v2\/comments?post=294"}],"version-history":[{"count":6,"href":"https:\/\/agora.xtec.cat\/ceip-mallorca\/wp-json\/wp\/v2\/pages\/294\/revisions"}],"predecessor-version":[{"id":16137,"href":"https:\/\/agora.xtec.cat\/ceip-mallorca\/wp-json\/wp\/v2\/pages\/294\/revisions\/16137"}],"up":[{"embeddable":true,"href":"https:\/\/agora.xtec.cat\/ceip-mallorca\/wp-json\/wp\/v2\/pages\/12370"}],"wp:attachment":[{"href":"https:\/\/agora.xtec.cat\/ceip-mallorca\/wp-json\/wp\/v2\/media?parent=294"}],"curies":[{"name":"wp","href":"https:\/\/api.w.org\/{rel}","templated":true}]}}