{"id":2201,"date":"2016-10-23T17:57:30","date_gmt":"2016-10-23T15:57:30","guid":{"rendered":"http:\/\/agora.xtec.cat\/ceip-mallorca\/?page_id=2201"},"modified":"2025-06-25T20:42:37","modified_gmt":"2025-06-25T18:42:37","slug":"promocions","status":"publish","type":"page","link":"https:\/\/agora.xtec.cat\/ceip-mallorca\/promocions\/","title":{"rendered":"Promocions Mallorquines"},"content":{"rendered":"<h4><\/h4>\n<h4 style=\"text-align: center;\">Aqu\u00ed trobareu les not\u00edcies dels vostres fills i\u00a0 filles, durant el pas per la nostra escola.<\/h4>\n<table class=\" aligncenter\" style=\"height: 615px; width: 71.8851%; border-collapse: collapse; border-style: solid; border-color: #050404;\">\n<tbody>\n<tr style=\"height: 32px;\">\n<td style=\"width: 25.3112%; height: 312px;\" rowspan=\"9\">\n<h4 style=\"text-align: center;\"><span style=\"color: #000000;\">PROMOCI\u00d3 D&#8217;ALUMNAT NASCUT L&#8217;ANY &#8230;<\/span><\/h4>\n<p>&nbsp;<\/p>\n<p><img decoding=\"async\" src=\"https:\/\/www.jaumefornaris.es\/wp-content\/uploads\/2020\/07\/emocional.png\" alt=\"Educaci\u00f3 Emocional \u2013 CEIP JAUME FORNARIS I TALTAVULL\" \/><\/td>\n<td style=\"width: 18.77%; height: 32px; border-style: solid; border-color: #050404; background-color: #f5eaa6;\">\n<h4 style=\"text-align: center;\"><span style=\"color: #000000;\"><a href=\"https:\/\/agora.xtec.cat\/ceip-mallorca\/categoria\/promocions-dalumnat\/promocio-del-2020\/\" target=\"_blank\" rel=\"noopener\"><span style=\"color: #0000ff;\">2022<\/span><\/a> \ud83d\udd17<\/span><\/h4>\n<\/td>\n<td style=\"width: 4.77956%; height: 32px; border-style: solid; border-color: #050404; background-color: #f5eaa6;\">\n<h4 style=\"text-align: center;\"><span style=\"color: #000000;\">I3<\/span><\/h4>\n<\/td>\n<td style=\"width: 4.77956%; border-style: solid; border-color: #050404; background-color: #f5eaa6; height: 78px;\" rowspan=\"3\">\n<h4 style=\"text-align: center;\"><span style=\"color: #000000;\">COMUNITAT DE <\/span><\/h4>\n<h4 style=\"text-align: center;\"><span style=\"color: #000000;\">PETITS<\/span><\/h4>\n<\/td>\n<\/tr>\n<tr style=\"height: 14px;\">\n<td style=\"width: 18.77%; height: 14px; border-style: solid; border-color: #050404; background-color: #f5eaa6;\">\n<h4 style=\"text-align: center;\"><span style=\"color: #000000;\"><a href=\"https:\/\/agora.xtec.cat\/ceip-mallorca\/categoria\/promocions-dalumnat\/promocio-del-2021\/\" target=\"_blank\" rel=\"noopener\"><span style=\"color: #0000ff;\">2021<\/span><\/a> \ud83d\udd17<\/span><\/h4>\n<\/td>\n<td style=\"width: 4.77956%; height: 14px; border-style: solid; border-color: #050404; background-color: #f5eaa6;\">\n<h4 style=\"text-align: center;\"><span style=\"color: #000000;\">I4<\/span><\/h4>\n<\/td>\n<\/tr>\n<tr style=\"height: 32px;\">\n<td style=\"width: 18.77%; height: 32px; border-style: solid; border-color: #050404; background-color: #f5eaa6;\">\n<h4 style=\"text-align: center;\"><span style=\"color: #000000;\"><span style=\"color: #0000ff;\"><a style=\"color: #0000ff;\" href=\"https:\/\/agora.xtec.cat\/ceip-mallorca\/categoria\/promocions-dalumnat\/promocio-del-2020\/\" target=\"_blank\" rel=\"noopener\">2020<\/a><\/span> \ud83d\udd17<\/span><\/h4>\n<\/td>\n<td style=\"width: 4.77956%; height: 32px; border-style: solid; border-color: #050404; background-color: #f5eaa6;\">\n<h4 style=\"text-align: center;\"><span style=\"color: #000000;\">I5<\/span><\/h4>\n<\/td>\n<\/tr>\n<tr style=\"height: 32px;\">\n<td style=\"width: 18.77%; height: 32px; border-style: solid; border-color: #050404; background-color: #a9fc72;\">\n<h4 style=\"text-align: center;\"><span style=\"color: #000000;\"><span style=\"color: #0000ff;\"><a style=\"color: #0000ff;\" href=\"https:\/\/agora.xtec.cat\/ceip-mallorca\/categoria\/promocions-dalumnat\/promocio_del_2019\/\" target=\"_blank\" rel=\"noopener\">2019<\/a> <\/span>\ud83d\udd17<\/span><\/h4>\n<\/td>\n<td style=\"width: 4.77956%; height: 32px; border-style: solid; border-color: #050404; background-color: #a9fc72;\">\n<h4 style=\"text-align: center;\"><span style=\"color: #000000;\">1r<\/span><\/h4>\n<\/td>\n<td style=\"width: 4.77956%; border-style: solid; border-color: #050404; background-color: #a9fc72; height: 96px;\" rowspan=\"3\">\n<h4 style=\"text-align: center;\"><span style=\"color: #000000;\">COMUNITAT DE <\/span><\/h4>\n<h4 style=\"text-align: center;\"><span style=\"color: #000000;\">MITJANS<\/span><\/h4>\n<\/td>\n<\/tr>\n<tr style=\"height: 32px;\">\n<td style=\"width: 18.77%; height: 32px; border-style: solid; border-color: #050404; background-color: #a9fc72;\">\n<h4 style=\"text-align: center;\"><span style=\"color: #000000;\"><a href=\"http:\/\/agora.xtec.cat\/ceip-mallorca\/categoria\/promocio-del-2018\/\" target=\"_blank\" rel=\"noopener\"><span style=\"text-decoration: underline;\"><span style=\"color: #0000ff; text-decoration: underline;\">2018<\/span><\/span><\/a><\/span><span style=\"color: #000000;\">\u00a0<a style=\"color: #000000;\" href=\"https:\/\/agora.xtec.cat\/ceip-mallorca\/projecte-educatiu\/projecte-pedagogic\/infantil\/\" target=\"_blank\" rel=\"noopener\">\ud83d\udd17<\/a><\/span><\/h4>\n<\/td>\n<td style=\"width: 4.77956%; height: 32px; border-style: solid; border-color: #050404; background-color: #a9fc72;\">\n<h4 style=\"text-align: center;\"><span style=\"color: #000000;\">2n<\/span><\/h4>\n<\/td>\n<\/tr>\n<tr style=\"height: 32px;\">\n<td style=\"width: 18.77%; height: 32px; border-style: solid; border-color: #050404; background-color: #a9fc72;\">\n<h4 style=\"text-align: center;\"><span style=\"color: #000000;\"><span style=\"text-decoration: underline;\"><span style=\"color: #0000ff; text-decoration: underline;\"><a href=\"http:\/\/agora.xtec.cat\/ceip-mallorca\/categoria\/promocio-del-2017\/\" target=\"_blank\" rel=\"noopener\"><span style=\"color: #0000ff; text-decoration: underline;\">2017<\/span><\/a><\/span><\/span><\/span><span style=\"color: #000000; font-size: 1.125em;\">\u00a0<\/span><a style=\"color: #000000;\" href=\"https:\/\/agora.xtec.cat\/ceip-mallorca\/projecte-educatiu\/projecte-pedagogic\/infantil\/\" target=\"_blank\" rel=\"noopener\">\ud83d\udd17<\/a><\/h4>\n<\/td>\n<td style=\"width: 4.77956%; height: 32px; border-style: solid; border-color: #050404; background-color: #a9fc72;\">\n<h4 style=\"text-align: center;\"><span style=\"color: #000000;\">3r<\/span><\/h4>\n<\/td>\n<\/tr>\n<tr style=\"height: 46px;\">\n<td style=\"width: 18.77%; border-style: solid; border-color: #050404; background-color: #11aebf; height: 46px;\">\n<h4 style=\"text-align: center;\"><span style=\"color: #0000ff;\"><span style=\"text-decoration: underline;\"><a style=\"color: #0000ff; text-decoration: underline;\" href=\"https:\/\/agora.xtec.cat\/ceip-mallorca\/categoria\/promocio-2016\/\" target=\"_blank\" rel=\"noopener\">2016<\/a><\/span><span style=\"font-size: 1.125em;\">\u00a0<\/span><a style=\"color: #0000ff;\" href=\"https:\/\/agora.xtec.cat\/ceip-mallorca\/projecte-educatiu\/projecte-pedagogic\/infantil\/\" target=\"_blank\" rel=\"noopener\">\ud83d\udd17<\/a><\/span><\/h4>\n<\/td>\n<td style=\"width: 4.77956%; border-style: solid; border-color: #050404; background-color: #11aebf; height: 46px;\">\n<h4 style=\"text-align: center;\"><span style=\"color: #000000;\">\u00a04t<\/span><\/h4>\n<\/td>\n<td style=\"width: 4.77956%; border-style: solid; border-color: #050404; background-color: #11aebf; height: 138px;\" rowspan=\"3\">\n<h4 style=\"text-align: center;\"><span style=\"color: #000000;\">COMUNITAT DE <\/span><\/h4>\n<h4 style=\"text-align: center;\"><span style=\"color: #000000;\">GRANS<\/span><\/h4>\n<\/td>\n<\/tr>\n<tr style=\"height: 46px;\">\n<td style=\"width: 18.77%; border-style: solid; border-color: #050404; background-color: #11aebf; height: 46px;\">\n<h4 style=\"text-align: center;\"><span style=\"color: #000000;\"><span style=\"text-decoration: underline;\"><span style=\"color: #0000ff; text-decoration: underline;\"><a href=\"http:\/\/agora.xtec.cat\/ceip-mallorca\/categoria\/promocio-del-2015\/\" target=\"_blank\" rel=\"noopener\"><span style=\"color: #0000ff; text-decoration: underline;\">2015<\/span><\/a><\/span><\/span><\/span><span style=\"color: #000000; font-size: 1.125em;\">\u00a0<\/span><a style=\"color: #000000;\" href=\"https:\/\/agora.xtec.cat\/ceip-mallorca\/projecte-educatiu\/projecte-pedagogic\/infantil\/\" target=\"_blank\" rel=\"noopener\">\ud83d\udd17<\/a><\/h4>\n<\/td>\n<td style=\"width: 4.77956%; border-style: solid; border-color: #050404; background-color: #11aebf; height: 46px;\">\n<h4 style=\"text-align: center;\"><span style=\"color: #000000;\">\u00a05\u00e8<\/span><\/h4>\n<\/td>\n<\/tr>\n<tr style=\"height: 46px;\">\n<td style=\"width: 18.77%; border-style: solid; border-color: #050404; background-color: #11aebf; height: 46px;\">\n<h4 style=\"text-align: center;\"><span style=\"color: #000000;\"><a href=\"http:\/\/agora.xtec.cat\/ceip-mallorca\/categoria\/promocio-del-2014\/\" target=\"_blank\" rel=\"noopener\"><span style=\"text-decoration: underline;\"><span style=\"color: #0000ff; text-decoration: underline;\">2014<\/span><\/span><\/a><\/span><span style=\"color: #000000;\"><span class=\"Estilo37\"><a style=\"color: #000000;\" href=\"https:\/\/agora.xtec.cat\/ceip-mallorca\/projecte-educatiu\/projecte-pedagogic\/infantil\/\" target=\"_blank\" rel=\"noopener\"> \ud83d\udd17<\/a><\/span><\/span><\/h4>\n<\/td>\n<td style=\"width: 4.77956%; border-style: solid; border-color: #050404; background-color: #11aebf; height: 46px;\">\n<h4 style=\"text-align: center;\"><span style=\"color: #000000;\">6\u00e8<\/span><\/h4>\n<\/td>\n<\/tr>\n<\/tbody>\n<\/table>\n<p>&nbsp;<\/p>\n<hr \/>\n<h6 style=\"text-align: left;\"><\/h6>\n<h3 style=\"text-align: left;\">\u00a0<span style=\"text-decoration: underline;\">EX ALUMNES MALLORQUINS:<\/span><\/h3>\n<p>En aquest apartat anirem acumulant els enlla\u00e7os de les promocions que van acabant el seu cam\u00ed en el nostre centre.<\/p>\n<p>Perqu\u00e8 sense ells i elles la web no estaria completa, perqu\u00e8 la mem\u00f2ria ens fa m\u00e9s grans!<\/p>\n<ul>\n<li style=\"list-style-type: none;\">\n<ul>\n<li style=\"list-style-type: none;\">\n<ul>\n<li style=\"list-style-type: none;\">\n<ul>\n<li style=\"list-style-type: none;\">\n<ul>\n<li>\n<h6><span style=\"color: #ff0000;\"><span style=\"color: #000000;\">Promoci\u00f3 d&#8217;alumnat nascut l&#8217;any <\/span><\/span><span style=\"color: #008080;\"><span style=\"text-decoration: underline;\"><a style=\"color: #008080; text-decoration: underline;\" href=\"http:\/\/agora.xtec.cat\/ceip-mallorca\/categoria\/promocio-del-2013\/\" target=\"_blank\" rel=\"noopener\">2013 <\/a><\/span><\/span><span class=\"Estilo37\">\ud83d\udd17<\/span><\/h6>\n<\/li>\n<li>\n<h6><span style=\"color: #ff0000;\"><span style=\"color: #000000;\">Promoci\u00f3 d&#8217;alumnat nascut l&#8217;any <\/span><\/span><span style=\"color: #008080;\"><span style=\"text-decoration: underline;\"><a style=\"color: #008080; text-decoration: underline;\" href=\"http:\/\/agora.xtec.cat\/ceip-mallorca\/categoria\/promocio-del-2012\/\" target=\"_blank\" rel=\"noopener\">2012 <\/a><\/span><\/span><span class=\"Estilo37\">\ud83d\udd17<\/span><\/h6>\n<\/li>\n<li style=\"text-align: left;\">\n<h6><span style=\"color: #ff0000;\"><span style=\"color: #000000;\">Promoci\u00f3 d&#8217;alumnat nascut l&#8217;any <\/span><\/span><span style=\"color: #000000;\"><span style=\"color: #0000ff;\"><a style=\"color: #0000ff; text-decoration: underline;\" href=\"http:\/\/agora.xtec.cat\/ceip-mallorca\/categoria\/promocio-del-2011\/\" target=\"_blank\" rel=\"noopener\"><span style=\"color: #008080;\">2011<\/span><\/a><\/span><\/span><span class=\"Estilo37\">\ud83d\udd17<\/span><\/h6>\n<\/li>\n<li style=\"text-align: left;\">\n<h6><span style=\"color: #ff0000;\"><span style=\"color: #000000;\">Promoci\u00f3 d&#8217;alumnat nascut l&#8217;any<\/span>\u00a0<a href=\"http:\/\/agora.xtec.cat\/ceip-mallorca\/categoria\/promocio-del-2010\/\" target=\"_blank\" rel=\"noopener\">2010<\/a>\u00a0<\/span><span class=\"Estilo37\">\ud83d\udd17<br \/>\n<\/span><\/h6>\n<\/li>\n<li style=\"text-align: left;\">\n<h6><span style=\"color: #ff0000;\"><span style=\"color: #000000;\">Promoci\u00f3 d&#8217;alumnat nascut l&#8217;any<\/span>\u00a0<a href=\"http:\/\/agora.xtec.cat\/ceip-mallorca\/categoria\/promocio-del-2009\/\" target=\"_blank\" rel=\"noopener\">2009 <\/a><\/span><span class=\"Estilo37\" style=\"font-size: 1em;\">\ud83d\udd17<\/span><\/h6>\n<\/li>\n<li style=\"text-align: left;\">\n<h6><span style=\"color: #ff0000;\"><span style=\"color: #000000;\"> Promoci\u00f3 d&#8217;alumnat nascut l&#8217;any<\/span><\/span><span style=\"color: #cc99ff;\"><a href=\"http:\/\/agora.xtec.cat\/ceip-mallorca\/categoria\/promocio-del-2008\/\" target=\"_blank\" rel=\"noopener\"> 2008 <\/a><\/span><span class=\"Estilo37\">\ud83d\udd17<\/span><\/h6>\n<\/li>\n<li style=\"text-align: left;\">\n<h6><span style=\"color: #ff0000;\"><span style=\"color: #000000;\">Promoci\u00f3 d&#8217;alumnat nascut l&#8217;any <\/span><\/span><span style=\"color: #ffcc00;\"><a href=\"http:\/\/agora.xtec.cat\/ceip-mallorca\/categoria\/promocio-del-2007\/\" target=\"_blank\" rel=\"noopener\">2007<\/a><\/span><span class=\"Estilo37\"> \ud83d\udd17<\/span><\/h6>\n<\/li>\n<li style=\"text-align: left;\">\n<h6><span style=\"color: #ff0000;\"><span style=\"color: #000000;\">Promoci\u00f3 d&#8217;alumnat nascut l&#8217;any <\/span><\/span><span style=\"color: #ffcc00;\"><a href=\"https:\/\/agora.xtec.cat\/ceip-mallorca\/categoria\/promocio-del-2006\/\" target=\"_blank\" rel=\"noopener\">2006<\/a><\/span><span class=\"Estilo37\"> \ud83d\udd17<\/span><\/h6>\n<\/li>\n<li style=\"text-align: left;\">\n<h6><span style=\"color: #ff0000;\"><span style=\"color: #000000;\">Promoci\u00f3 d&#8217;alumnat nascut l&#8217;any <\/span><\/span><span style=\"color: #ffcc00;\"><a href=\"http:\/\/agora.xtec.cat\/ceip-mallorca\/categoria\/promocio-del-2005\/\" target=\"_blank\" rel=\"noopener\">2005<\/a><\/span><span class=\"Estilo37\"> \ud83d\udd17<\/span><\/h6>\n<\/li>\n<li style=\"text-align: left;\">\n<h6><span style=\"color: #ff0000;\"><span style=\"color: #000000;\">Promoci\u00f3 d&#8217;alumnat nascut l&#8217;any <\/span><\/span><span style=\"color: #ffcc00;\"><a href=\"http:\/\/agora.xtec.cat\/ceip-mallorca\/categoria\/promocio-del-2004\/\" target=\"_blank\" rel=\"noopener\">2004<\/a><\/span><span class=\"Estilo37\"> \ud83d\udd17<\/span><\/h6>\n<\/li>\n<li style=\"text-align: left;\">\n<h6><span style=\"color: #ff0000;\"><span style=\"color: #000000;\">Promoci\u00f3 d&#8217;alumnat nascut l&#8217;any <\/span><\/span><span style=\"color: #ffcc00;\"><a href=\"http:\/\/agora.xtec.cat\/ceip-mallorca\/categoria\/promocio-del-2003\/\" target=\"_blank\" rel=\"noopener\">2003<\/a><\/span><span class=\"Estilo37\"> \ud83d\udd17<\/span><\/h6>\n<\/li>\n<li style=\"text-align: left;\">\n<h6><span style=\"color: #ff0000;\"><span style=\"color: #000000;\">Promoci\u00f3 d&#8217;alumnat nascut l&#8217;any <\/span><\/span><span style=\"color: #ffcc00;\"><a href=\"http:\/\/agora.xtec.cat\/ceip-mallorca\/categoria\/promocio-del-2002\/\" target=\"_blank\" rel=\"noopener\">2002<\/a><\/span><span class=\"Estilo37\"> \ud83d\udd17<\/span><\/h6>\n<\/li>\n<li style=\"text-align: left;\">\n<h6><span style=\"color: #ff0000;\"><span style=\"color: #000000;\">Promoci\u00f3 d&#8217;alumnat nascut l&#8217;any <\/span><\/span><span style=\"color: #ffcc00;\"><a href=\"http:\/\/agora.xtec.cat\/ceip-mallorca\/categoria\/promocio-del-2001\/\" target=\"_blank\" rel=\"noopener\">2001<\/a><\/span><span class=\"Estilo37\"> \ud83d\udd17<\/span><\/h6>\n<\/li>\n<\/ul>\n<\/li>\n<\/ul>\n<\/li>\n<\/ul>\n<\/li>\n<\/ul>\n<\/li>\n<\/ul>\n","protected":false},"excerpt":{"rendered":"<p>Aqu\u00ed trobareu les not\u00edcies dels vostres fills i\u00a0 filles, durant el pas per la nostra escola.<\/p>\n<p>PROMOCI\u00d3 D&#8217;ALUMNAT NASCUT L&#8217;ANY &#8230;<br \/>\n&nbsp;<\/p>\n<p><a href=\"https:\/\/agora.xtec.cat\/ceip-mallorca\/categoria\/promocions-dalumnat\/promocio-del-2020\/\" target=\"_blank\" rel=\"noopener\">2022<\/a> \ud83d\udd17<\/p>\n<p>I3<\/p>\n<p>COMUNITAT DE<br \/>\nPETITS<\/p>\n<p><a href=\"https:\/\/agora.xtec.cat\/ceip-mallorca\/categoria\/promocions-dalumnat\/promocio-del-2021\/\" target=\"_blank\" rel=\"noopener\">2021<\/a> \ud83d\udd17<\/p>\n<p>I4<\/p>\n<p><a style=\"color: #0000ff;\" href=\"https:\/\/agora.xtec.cat\/ceip-mallorca\/categoria\/promocions-dalumnat\/promocio-del-2020\/\" target=\"_blank\" rel=\"noopener\">2020<\/a> \ud83d\udd17<\/p>\n<p>I5<\/p>\n<p><a style=\"color: #0000ff;\" href=\"https:\/\/agora.xtec.cat\/ceip-mallorca\/categoria\/promocions-dalumnat\/promocio_del_2019\/\" target=\"_blank\" rel=\"noopener\">2019<\/a> \ud83d\udd17<\/p>\n<p>1r<\/p>\n<p>COMUNITAT DE<br \/>\nMITJANS<\/p>\n<p><a href=\"http:\/\/agora.xtec.cat\/ceip-mallorca\/categoria\/promocio-del-2018\/\"&hellip;  <a href=\"https:\/\/agora.xtec.cat\/ceip-mallorca\/promocions\/\" title=\"Read Promocions Mallorquines\">Llegeix m\u00e9s\u00bb<\/a><\/p>\n","protected":false},"author":1,"featured_media":0,"parent":0,"menu_order":0,"comment_status":"closed","ping_status":"closed","template":"","meta":{"_bbp_topic_count":0,"_bbp_reply_count":0,"_bbp_total_topic_count":0,"_bbp_total_reply_count":0,"_bbp_voice_count":0,"_bbp_anonymous_reply_count":0,"_bbp_topic_count_hidden":0,"_bbp_reply_count_hidden":0,"_bbp_forum_subforum_count":0,"footnotes":""},"class_list":["post-2201","page","type-page","status-publish","hentry"],"post_mailing_queue_ids":[],"_links":{"self":[{"href":"https:\/\/agora.xtec.cat\/ceip-mallorca\/wp-json\/wp\/v2\/pages\/2201","targetHints":{"allow":["GET"]}}],"collection":[{"href":"https:\/\/agora.xtec.cat\/ceip-mallorca\/wp-json\/wp\/v2\/pages"}],"about":[{"href":"https:\/\/agora.xtec.cat\/ceip-mallorca\/wp-json\/wp\/v2\/types\/page"}],"author":[{"embeddable":true,"href":"https:\/\/agora.xtec.cat\/ceip-mallorca\/wp-json\/wp\/v2\/users\/1"}],"replies":[{"embeddable":true,"href":"https:\/\/agora.xtec.cat\/ceip-mallorca\/wp-json\/wp\/v2\/comments?post=2201"}],"version-history":[{"count":6,"href":"https:\/\/agora.xtec.cat\/ceip-mallorca\/wp-json\/wp\/v2\/pages\/2201\/revisions"}],"predecessor-version":[{"id":16089,"href":"https:\/\/agora.xtec.cat\/ceip-mallorca\/wp-json\/wp\/v2\/pages\/2201\/revisions\/16089"}],"wp:attachment":[{"href":"https:\/\/agora.xtec.cat\/ceip-mallorca\/wp-json\/wp\/v2\/media?parent=2201"}],"curies":[{"name":"wp","href":"https:\/\/api.w.org\/{rel}","templated":true}]}}