{"id":22,"date":"2014-09-18T12:19:57","date_gmt":"2014-09-18T11:19:57","guid":{"rendered":"http:\/\/agora.xtec.cat\/ceip-mallorca\/?page_id=22"},"modified":"2025-09-15T14:05:28","modified_gmt":"2025-09-15T12:05:28","slug":"lescola","status":"publish","type":"page","link":"https:\/\/agora.xtec.cat\/ceip-mallorca\/lescola\/","title":{"rendered":"Escola Mallorca"},"content":{"rendered":"<h5><span style=\"color: #333333;\"><img loading=\"lazy\" decoding=\"async\" class=\"aligncenter wp-image-11572\" src=\"https:\/\/agora.xtec.cat\/ceip-mallorca\/wp-content\/uploads\/usu816\/2022\/03\/dossier-informatiu-e1646942526183-300x178.jpg\" alt=\"Dossier de fami\u0301lies del curs 2021-2022\u00a0 (pdf)\u00a0\" width=\"231\" height=\"137\" srcset=\"https:\/\/agora.xtec.cat\/ceip-mallorca\/wp-content\/uploads\/usu816\/2022\/03\/dossier-informatiu-e1646942526183-300x178.jpg 300w, https:\/\/agora.xtec.cat\/ceip-mallorca\/wp-content\/uploads\/usu816\/2022\/03\/dossier-informatiu-e1646942526183.jpg 390w\" sizes=\"auto, (max-width: 231px) 100vw, 231px\" \/><\/span><\/h5>\n<h5 style=\"text-align: center;\"><strong>Dossier fam\u00edlies del curs 25-26 (<a href=\"https:\/\/agora.xtec.cat\/ceip-mallorca\/wp-content\/uploads\/usu816\/2025\/09\/Dossier-families-25-26.docx.pdf\" target=\"_blank\" rel=\"noopener\">\ud83d\udd17enlla\u00e7<\/a>)<\/strong><\/h5>\n<h5 style=\"text-align: center;\"><\/h5>\n<hr \/>\n<p>L\u2019escola MALLORCA som una escola p\u00fablica, catalana i laica de dues l\u00ednies, que impartim els nivells d\u2019<a href=\"https:\/\/agora.xtec.cat\/ceip-mallorca\/projecte-educatiu\/projecte-pedagogic\/primaria\/\" target=\"_blank\" rel=\"noopener\">educaci\u00f3 infantil<\/a> i <a href=\"https:\/\/agora.xtec.cat\/ceip-mallorca\/projecte-educatiu\/projecte-pedagogic\/primaria\/\" target=\"_blank\" rel=\"noopener\">prim\u00e0ria<\/a>. Mantenim unes din\u00e0miques de treball i de relaci\u00f3 entre els membres de la comunitat educativa molt valuoses. S\u00f3n trets d\u2019identitat \u00a0que caracteritzen la nostra escola i que potenciem en el dia a dia:<\/p>\n<ul>\n<li>El <strong>seguiment personalitzat<\/strong> de l\u2019evoluci\u00f3 d&#8217;alumnat al llarg de la seva escolaritat.<\/li>\n<li>Les situacions de <a href=\"https:\/\/agora.xtec.cat\/ceip-mallorca\/projecte-educatiu\/projectes-singulars\/projecte-tots-som-1\/\" target=\"_blank\" rel=\"noopener\">col\u00b7laboraci\u00f3 entre infants de diferents cursos<\/a>.<\/li>\n<li>El <b>tracte individualitzat<\/b>\u00a0per\u00a0 cada infant.<\/li>\n<li>L\u2019<b>acompanyament<\/b> dels alumnes en el <a href=\"https:\/\/agora.xtec.cat\/ceip-mallorca\/projecte-educatiu\/projectes-singulars\/projecte-bips\/\" target=\"_blank\" rel=\"noopener\">canvi d\u2019etapa<\/a>.<\/li>\n<li>El <b>suport i assessorament a les fam\u00edlies<\/b>, amb les quals mantenim un contacte fluid i constant.<a href=\"https:\/\/agora.xtec.cat\/ceip-mallorca\/lescola\/atencio-a-les-families\/\" target=\"_blank\" rel=\"noopener\">mantenim un contacte fluid i constant.<\/a><\/li>\n<\/ul>\n<p>Aqu\u00ed pots consultar:<\/p>\n<ul>\n<li><a href=\"https:\/\/agora.xtec.cat\/ceip-mallorca\/projecte-educatiu\/projecte-pedagogic\/prioritats-educatives\/\" target=\"_blank\" rel=\"noopener\"><span style=\"color: #0000ff;\">Prioritats educatives<\/span><\/a> <a style=\"color: #2795b6;\" href=\"https:\/\/agora.xtec.cat\/ceip-mallorca\/wp-content\/uploads\/usu816\/2021\/09\/Dossier-fami\u0301lies-21-22-.pdf\">\ud83d\udd17<\/a><\/li>\n<li><span style=\"color: #0000ff;\"><a style=\"color: #0000ff;\" href=\"https:\/\/agora.xtec.cat\/ceip-mallorca\/projecte-educatiu\/projecte-pedagogic\/\" target=\"_blank\" rel=\"noopener\">Projecte pedag\u00f2gic <\/a><\/span><strong><a style=\"color: #2795b6;\" href=\"https:\/\/agora.xtec.cat\/ceip-mallorca\/wp-content\/uploads\/usu816\/2021\/09\/Dossier-fami\u0301lies-21-22-.pdf\">\ud83d\udd17.<\/a><\/strong><\/li>\n<\/ul>\n<h5 style=\"text-align: center;\"><\/h5>\n<h3 style=\"text-align: center;\"><img loading=\"lazy\" decoding=\"async\" class=\"aligncenter wp-image-9660 \" src=\"https:\/\/agora.xtec.cat\/ceip-mallorca\/wp-content\/uploads\/usu816\/2020\/09\/Dossier-fam\u00edlies.jpg\" alt=\"\" width=\"570\" height=\"268\" srcset=\"https:\/\/agora.xtec.cat\/ceip-mallorca\/wp-content\/uploads\/usu816\/2020\/09\/Dossier-fam\u00edlies.jpg 749w, https:\/\/agora.xtec.cat\/ceip-mallorca\/wp-content\/uploads\/usu816\/2020\/09\/Dossier-fam\u00edlies-300x141.jpg 300w\" sizes=\"auto, (max-width: 570px) 100vw, 570px\" \/><\/h3>\n","protected":false},"excerpt":{"rendered":"<p>Dossier fam\u00edlies del curs 25-26 (<a href=\"https:\/\/agora.xtec.cat\/ceip-mallorca\/wp-content\/uploads\/usu816\/2025\/09\/Dossier-families-25-26.docx.pdf\" target=\"_blank\" rel=\"noopener\">\ud83d\udd17enlla\u00e7<\/a>)<\/p>\n<p>L\u2019escola MALLORCA som una escola p\u00fablica, catalana i laica de dues l\u00ednies, que impartim els nivells d\u2019<a href=\"https:\/\/agora.xtec.cat\/ceip-mallorca\/projecte-educatiu\/projecte-pedagogic\/primaria\/\" target=\"_blank\" rel=\"noopener\">educaci\u00f3 infantil<\/a> i <a href=\"https:\/\/agora.xtec.cat\/ceip-mallorca\/projecte-educatiu\/projecte-pedagogic\/primaria\/\" target=\"_blank\" rel=\"noopener\">prim\u00e0ria<\/a>. Mantenim unes din\u00e0miques de treball i de relaci\u00f3 entre els membres&hellip;  <a href=\"https:\/\/agora.xtec.cat\/ceip-mallorca\/lescola\/\" title=\"Read Escola Mallorca\">Llegeix m\u00e9s\u00bb<\/a><\/p>\n","protected":false},"author":1,"featured_media":0,"parent":0,"menu_order":0,"comment_status":"closed","ping_status":"closed","template":"page-templates\/side-menu.php","meta":{"_bbp_topic_count":0,"_bbp_reply_count":0,"_bbp_total_topic_count":0,"_bbp_total_reply_count":0,"_bbp_voice_count":0,"_bbp_anonymous_reply_count":0,"_bbp_topic_count_hidden":0,"_bbp_reply_count_hidden":0,"_bbp_forum_subforum_count":0,"footnotes":""},"class_list":["post-22","page","type-page","status-publish","hentry"],"post_mailing_queue_ids":[],"_links":{"self":[{"href":"https:\/\/agora.xtec.cat\/ceip-mallorca\/wp-json\/wp\/v2\/pages\/22","targetHints":{"allow":["GET"]}}],"collection":[{"href":"https:\/\/agora.xtec.cat\/ceip-mallorca\/wp-json\/wp\/v2\/pages"}],"about":[{"href":"https:\/\/agora.xtec.cat\/ceip-mallorca\/wp-json\/wp\/v2\/types\/page"}],"author":[{"embeddable":true,"href":"https:\/\/agora.xtec.cat\/ceip-mallorca\/wp-json\/wp\/v2\/users\/1"}],"replies":[{"embeddable":true,"href":"https:\/\/agora.xtec.cat\/ceip-mallorca\/wp-json\/wp\/v2\/comments?post=22"}],"version-history":[{"count":7,"href":"https:\/\/agora.xtec.cat\/ceip-mallorca\/wp-json\/wp\/v2\/pages\/22\/revisions"}],"predecessor-version":[{"id":16128,"href":"https:\/\/agora.xtec.cat\/ceip-mallorca\/wp-json\/wp\/v2\/pages\/22\/revisions\/16128"}],"wp:attachment":[{"href":"https:\/\/agora.xtec.cat\/ceip-mallorca\/wp-json\/wp\/v2\/media?parent=22"}],"curies":[{"name":"wp","href":"https:\/\/api.w.org\/{rel}","templated":true}]}}