{"id":214,"date":"2016-03-04T10:19:07","date_gmt":"2016-03-04T09:19:07","guid":{"rendered":"http:\/\/agora.xtec.cat\/ceip-mallorca\/?page_id=214"},"modified":"2023-08-13T13:15:04","modified_gmt":"2023-08-13T11:15:04","slug":"a-lescola-mengem-mes-fruita","status":"publish","type":"page","link":"https:\/\/agora.xtec.cat\/ceip-mallorca\/projectes-singulars\/a-lescola-mengem-mes-fruita\/","title":{"rendered":"A l&#8217;escola mengem m\u00e9s fruita"},"content":{"rendered":"<div class=\"article-header\"><\/div>\n<div style=\"margin-left: 25%;\">\n<div style=\"width: 640px;\" class=\"wp-video\"><!--[if lt IE 9]><script>document.createElement('video');<\/script><![endif]-->\n<video class=\"wp-video-shortcode\" id=\"video-214-1\" width=\"640\" height=\"360\" preload=\"metadata\" controls=\"controls\"><source type=\"video\/mp4\" src=\"https:\/\/agora.xtec.cat\/ceip-mallorca\/wp-content\/uploads\/usu816\/2023\/01\/Kit-de-Herramientas-de-Historias-con-Mascotas_720p1.mp4?_=1\" \/><a href=\"https:\/\/agora.xtec.cat\/ceip-mallorca\/wp-content\/uploads\/usu816\/2023\/01\/Kit-de-Herramientas-de-Historias-con-Mascotas_720p1.mp4\">https:\/\/agora.xtec.cat\/ceip-mallorca\/wp-content\/uploads\/usu816\/2023\/01\/Kit-de-Herramientas-de-Historias-con-Mascotas_720p1.mp4<\/a><\/video><\/div>\n<p style=\"text-align: left;\">\n<\/div>\n<div class=\"article-content entry-content\">\n<p>Ja fa uns anys a l\u2019escola Mallorca portem a terme el Programa <strong>\u201cA la nostra escola mengem + fruita\u201d<\/strong>, el qual t\u00e9 com a objectius prioritaris promoure el consum de fruites i hortalisses entre la poblaci\u00f3 escolar i contribuir a la promoci\u00f3 d\u2019h\u00e0bits alimentaris saludables.<\/p>\n<p>Consisteix a distribuir gratu\u00eftament fruita i verdura fresca al nostre alumnat d\u2019educaci\u00f3 infantil i de prim\u00e0ria (nens i nenes de 3 a 12 anys).<\/p>\n<p>\u00c9s una iniciativa de la Uni\u00f3 Europea que a casa nostra es fa efectiva mitjan\u00e7ant una acci\u00f3 coordinada dels departaments d\u2019Agricultura, Ramaderia, Pesca i Alimentaci\u00f3, de Salut i d\u2019Ensenyament de la Generalitat de Catalunya.<\/p>\n<p>Per millorar la salut, cal menjar fruita i verdura en cada \u00e0pat, tant a casa com a l\u2019escola, i mantenir un estil de vida actiu (caminar, pujar escales, jugar, fer esport\u2026). Cal potenciar accions que afavoreixin la salut dels infants.<\/p>\n<p><a href=\"https:\/\/agora.xtec.cat\/ceip-mallorca\/?s=fruita\" target=\"_blank\" rel=\"noopener\">Aqu\u00ed teniu alguns articles d&#8217;activitats que hem anat fent relacionats amb la fruita<\/a><\/p>\n<\/div>\n<div class=\"Estilo14\"><\/div>\n","protected":false},"excerpt":{"rendered":"<p><a href=\"https:\/\/agora.xtec.cat\/ceip-mallorca\/wp-content\/uploads\/usu816\/2023\/01\/Kit-de-Herramientas-de-Historias-con-Mascotas_720p1.mp4\">https:\/\/agora.xtec.cat\/ceip-mallorca\/wp-content\/uploads\/usu816\/2023\/01\/Kit-de-Herramientas-de-Historias-con-Mascotas_720p1.mp4<\/a><\/p>\n<p>Ja fa uns anys a l\u2019escola Mallorca portem a terme el Programa \u201cA la nostra escola mengem + fruita\u201d, el qual t\u00e9 com a objectius prioritaris promoure el consum de fruites i hortalisses entre la poblaci\u00f3 escolar i contribuir a la promoci\u00f3 d\u2019h\u00e0bits alimentaris&hellip;  <a href=\"https:\/\/agora.xtec.cat\/ceip-mallorca\/projectes-singulars\/a-lescola-mengem-mes-fruita\/\" title=\"Read A l&#8217;escola mengem m\u00e9s fruita\">Llegeix m\u00e9s\u00bb<\/a><\/p>\n","protected":false},"author":1,"featured_media":0,"parent":392,"menu_order":2,"comment_status":"closed","ping_status":"closed","template":"","meta":{"_bbp_topic_count":0,"_bbp_reply_count":0,"_bbp_total_topic_count":0,"_bbp_total_reply_count":0,"_bbp_voice_count":0,"_bbp_anonymous_reply_count":0,"_bbp_topic_count_hidden":0,"_bbp_reply_count_hidden":0,"_bbp_forum_subforum_count":0,"footnotes":""},"class_list":["post-214","page","type-page","status-publish","hentry"],"post_mailing_queue_ids":[],"_links":{"self":[{"href":"https:\/\/agora.xtec.cat\/ceip-mallorca\/wp-json\/wp\/v2\/pages\/214","targetHints":{"allow":["GET"]}}],"collection":[{"href":"https:\/\/agora.xtec.cat\/ceip-mallorca\/wp-json\/wp\/v2\/pages"}],"about":[{"href":"https:\/\/agora.xtec.cat\/ceip-mallorca\/wp-json\/wp\/v2\/types\/page"}],"author":[{"embeddable":true,"href":"https:\/\/agora.xtec.cat\/ceip-mallorca\/wp-json\/wp\/v2\/users\/1"}],"replies":[{"embeddable":true,"href":"https:\/\/agora.xtec.cat\/ceip-mallorca\/wp-json\/wp\/v2\/comments?post=214"}],"version-history":[{"count":3,"href":"https:\/\/agora.xtec.cat\/ceip-mallorca\/wp-json\/wp\/v2\/pages\/214\/revisions"}],"predecessor-version":[{"id":14199,"href":"https:\/\/agora.xtec.cat\/ceip-mallorca\/wp-json\/wp\/v2\/pages\/214\/revisions\/14199"}],"up":[{"embeddable":true,"href":"https:\/\/agora.xtec.cat\/ceip-mallorca\/wp-json\/wp\/v2\/pages\/392"}],"wp:attachment":[{"href":"https:\/\/agora.xtec.cat\/ceip-mallorca\/wp-json\/wp\/v2\/media?parent=214"}],"curies":[{"name":"wp","href":"https:\/\/api.w.org\/{rel}","templated":true}]}}