{"id":1900,"date":"2016-09-04T13:42:50","date_gmt":"2016-09-04T12:42:50","guid":{"rendered":"http:\/\/agora.xtec.cat\/ceip-mallorca\/?page_id=1900"},"modified":"2025-06-30T21:18:39","modified_gmt":"2025-06-30T19:18:39","slug":"blocs","status":"publish","type":"page","link":"https:\/\/agora.xtec.cat\/ceip-mallorca\/blocs\/","title":{"rendered":"BLOGS"},"content":{"rendered":"<p style=\"text-align: center;\">En aquest apartat podreu consultar la vida di\u00e0ria de les aules de la nostra escola:<\/p>\n<table class=\" aligncenter\" style=\"height: 470px; width: 76.4937%; border-style: hidden; border-color: #ffffff;\">\n<tbody>\n<tr style=\"height: 90px;\">\n<td style=\"width: 9.69901%;\"><a href=\"https:\/\/agora.xtec.cat\/ceip-mallorca\/projecte-educatiu\/projecte-pedagogic\/infantil\/\" target=\"_blank\" rel=\"noopener\">EDUCACI\u00d3 INFANTIL<\/a><\/td>\n<td style=\"width: 12.1652%; height: 25px;\"><a href=\"https:\/\/agora.xtec.cat\/ceip-mallorca\/categoria\/comunitats\/comunitat-de-petits\/\" target=\"_blank\" rel=\"noopener\"><strong>COMUNITAT DE PETITS<\/strong><\/a><\/td>\n<td style=\"width: 8.96179%; height: 25px;\">\n<p style=\"text-align: center;\"><a href=\"http:\/\/agora.xtec.cat\/ceip-mallorca\/categoria\/infantil\/p3\/\">I3<\/a>\u00a0<strong><a style=\"color: #2795b6;\" href=\"https:\/\/agora.xtec.cat\/ceip-mallorca\/wp-content\/uploads\/usu816\/2021\/09\/Dossier-fami\u0301lies-21-22-.pdf\">\ud83d\udd17<\/a><\/strong><\/p>\n<p style=\"text-align: center;\"><a href=\"http:\/\/agora.xtec.cat\/ceip-mallorca\/categoria\/infantil\/p4\/\">I4<\/a>\u00a0<strong><a style=\"color: #2795b6;\" href=\"https:\/\/agora.xtec.cat\/ceip-mallorca\/wp-content\/uploads\/usu816\/2021\/09\/Dossier-fami\u0301lies-21-22-.pdf\">\ud83d\udd17<\/a><\/strong><\/p>\n<p style=\"text-align: center;\"><a href=\"http:\/\/agora.xtec.cat\/ceip-mallorca\/categoria\/infantil\/p5\/\">I5 <\/a><strong><a style=\"color: #2795b6;\" href=\"https:\/\/agora.xtec.cat\/ceip-mallorca\/wp-content\/uploads\/usu816\/2021\/09\/Dossier-fami\u0301lies-21-22-.pdf\">\ud83d\udd17<\/a><\/strong><\/p>\n<\/td>\n<\/tr>\n<tr style=\"height: 126px;\">\n<td style=\"width: 9.69901%;\" rowspan=\"2\"><a href=\"https:\/\/agora.xtec.cat\/ceip-mallorca\/projecte-educatiu\/projecte-pedagogic\/primaria\/\" target=\"_blank\" rel=\"noopener\">EDUCACI\u00d3 PRIM\u00c0RIA<\/a><\/td>\n<td style=\"width: 12.1652%; height: 89px;\"><a href=\"https:\/\/agora.xtec.cat\/ceip-mallorca\/categoria\/comunitats\/comunitat-de-mitjans\/\" target=\"_blank\" rel=\"noopener\"><strong>COMUNITAT DE MITJANS<\/strong><\/a><\/td>\n<td style=\"width: 8.96179%; height: 89px;\">\n<p style=\"text-align: center;\"><a href=\"http:\/\/agora.xtec.cat\/ceip-mallorca\/categoria\/primaria\/1r\/\">1r<\/a><strong><a style=\"color: #2795b6;\" href=\"https:\/\/agora.xtec.cat\/ceip-mallorca\/wp-content\/uploads\/usu816\/2021\/09\/Dossier-fami\u0301lies-21-22-.pdf\">\ud83d\udd17<\/a><\/strong><\/p>\n<p style=\"text-align: center;\"><a href=\"http:\/\/agora.xtec.cat\/ceip-mallorca\/categoria\/primaria\/2n\/\">2n<\/a>\u00a0<strong><a style=\"color: #2795b6;\" href=\"https:\/\/agora.xtec.cat\/ceip-mallorca\/wp-content\/uploads\/usu816\/2021\/09\/Dossier-fami\u0301lies-21-22-.pdf\">\ud83d\udd17<\/a><\/strong><\/p>\n<p style=\"text-align: center;\"><a href=\"http:\/\/agora.xtec.cat\/ceip-mallorca\/categoria\/primaria\/3r\/\">3r <\/a>\u00a0<strong><a style=\"color: #2795b6;\" href=\"https:\/\/agora.xtec.cat\/ceip-mallorca\/wp-content\/uploads\/usu816\/2021\/09\/Dossier-fami\u0301lies-21-22-.pdf\">\ud83d\udd17<\/a><\/strong><\/p>\n<\/td>\n<\/tr>\n<tr style=\"height: 128px;\">\n<td style=\"width: 12.1652%; height: 84px;\"><a href=\"https:\/\/agora.xtec.cat\/ceip-mallorca\/categoria\/comunitats\/comunitat-de-grans\/\" target=\"_blank\" rel=\"noopener\"><strong>COMUNITAT DE GRANS<\/strong><\/a><\/td>\n<td style=\"width: 8.96179%; height: 84px;\">\n<p style=\"text-align: center;\"><a href=\"http:\/\/agora.xtec.cat\/ceip-mallorca\/categoria\/primaria\/4t\/\">4t<\/a><strong> <a style=\"color: #2795b6;\" href=\"https:\/\/agora.xtec.cat\/ceip-mallorca\/wp-content\/uploads\/usu816\/2021\/09\/Dossier-fami\u0301lies-21-22-.pdf\">\ud83d\udd17<\/a><\/strong><\/p>\n<p style=\"text-align: center;\"><a href=\"https:\/\/agora.xtec.cat\/ceip-mallorca\/categoria\/primaria\/5e\/\" target=\"_blank\" rel=\"noopener\">5\u00e8<\/a> <strong><a style=\"color: #2795b6;\" href=\"https:\/\/agora.xtec.cat\/ceip-mallorca\/wp-content\/uploads\/usu816\/2021\/09\/Dossier-fami\u0301lies-21-22-.pdf\">\ud83d\udd17<\/a><\/strong><\/p>\n<p style=\"text-align: center;\"><a href=\"https:\/\/agora.xtec.cat\/ceip-mallorca\/categoria\/primaria\/6e\/\" target=\"_blank\" rel=\"noopener\">6\u00e8<\/a> <strong><a style=\"color: #2795b6;\" href=\"https:\/\/agora.xtec.cat\/ceip-mallorca\/wp-content\/uploads\/usu816\/2021\/09\/Dossier-fami\u0301lies-21-22-.pdf\">\ud83d\udd17<\/a><\/strong><\/p>\n<\/td>\n<\/tr>\n<\/tbody>\n<\/table>\n<p>&nbsp;<\/p>\n<hr \/>\n<h3>ESPECIALITATS<\/h3>\n<table style=\"border-collapse: collapse; width: 100%;\">\n<tbody>\n<tr>\n<td style=\"width: 25%; text-align: center;\">\n<h6><a href=\"https:\/\/agora.xtec.cat\/ceip-mallorca\/categoria\/especialitats\/english\/\" target=\"_blank\" rel=\"noopener\"><strong>LLENGUA ANGLESA<\/strong><\/a><\/h6>\n<\/td>\n<td style=\"width: 25%; text-align: center;\">\n<h6><a href=\"https:\/\/agora.xtec.cat\/ceip-mallorca\/categoria\/especialitats\/educacio-fisica\/\" target=\"_blank\" rel=\"noopener\"><strong>EDUCACI\u00d3 F\u00cdSICA<\/strong><\/a><\/h6>\n<\/td>\n<td style=\"width: 25%; text-align: center;\">\n<h6><a href=\"https:\/\/agora.xtec.cat\/ceip-mallorca\/categoria\/especialitats\/educacio-musical\/\" target=\"_blank\" rel=\"noopener\"><strong>EDUCACI\u00d3 MUSICAL<\/strong><\/a><\/h6>\n<\/td>\n<td style=\"width: 25%; text-align: center;\">\n<h6><a href=\"https:\/\/agora.xtec.cat\/ceip-mallorca\/categoria\/especialitats\/aula-acollida\/\" target=\"_blank\" rel=\"noopener\"><strong>AULA D&#8217;ACOLLIDA<\/strong><\/a><\/h6>\n<\/td>\n<\/tr>\n<tr>\n<td style=\"text-align: center; width: 25%;\">\n<h6><a href=\"https:\/\/agora.xtec.cat\/ceip-mallorca\/categoria\/especialitats\/competencia-digital\/\" target=\"_blank\" rel=\"noopener\"><strong>STEM\u00a0<\/strong><\/a><\/h6>\n<\/td>\n<td style=\"text-align: center; width: 25%;\">\n<h6><strong>EDUCACI\u00d3 VISUAL I PL\u00c0STICA<\/strong><\/h6>\n<\/td>\n<td style=\"width: 50%; text-align: center;\" colspan=\"2\">\n<h6><a href=\"https:\/\/agora.xtec.cat\/ceip-mallorca\/categoria\/especialitats\/biblioteca\/\" target=\"_blank\" rel=\"noopener\"><strong>BIBLIOTECA<\/strong><\/a><\/h6>\n<\/td>\n<\/tr>\n<\/tbody>\n<\/table>\n<p>&nbsp;<\/p>\n<hr \/>\n<h3>EX ALUMNES MALLORQUINS <strong>(<a href=\"https:\/\/agora.xtec.cat\/ceip-mallorca\/promocions\/\" target=\"_blank\" rel=\"noopener\">promocions<\/a> \ud83d\udd17)<\/strong>:<\/h3>\n<p>En aquest apartat anirem acumulant els enlla\u00e7os de les promocions que van acabant el seu cam\u00ed en el nostre centre.<\/p>\n<p>Perqu\u00e8 sense ells i elles la web no estaria completa, perqu\u00e8 la mem\u00f2ria ens fa m\u00e9s grans!<\/p>\n","protected":false},"excerpt":{"rendered":"<p>En aquest apartat podreu consultar la vida di\u00e0ria de les aules de la nostra escola:<\/p>\n<p><a href=\"https:\/\/agora.xtec.cat\/ceip-mallorca\/projecte-educatiu\/projecte-pedagogic\/infantil\/\" target=\"_blank\" rel=\"noopener\">EDUCACI\u00d3 INFANTIL<\/a><br \/>\n<a href=\"https:\/\/agora.xtec.cat\/ceip-mallorca\/categoria\/comunitats\/comunitat-de-petits\/\" target=\"_blank\" rel=\"noopener\">COMUNITAT DE PETITS<\/a><\/p>\n<p><a href=\"http:\/\/agora.xtec.cat\/ceip-mallorca\/categoria\/infantil\/p3\/\">I3<\/a>\u00a0<a style=\"color: #2795b6;\" href=\"https:\/\/agora.xtec.cat\/ceip-mallorca\/wp-content\/uploads\/usu816\/2021\/09\/Dossier-fami\u0301lies-21-22-.pdf\">\ud83d\udd17<\/a><br \/>\n<a href=\"http:\/\/agora.xtec.cat\/ceip-mallorca\/categoria\/infantil\/p4\/\">I4<\/a>\u00a0<a style=\"color: #2795b6;\" href=\"https:\/\/agora.xtec.cat\/ceip-mallorca\/wp-content\/uploads\/usu816\/2021\/09\/Dossier-fami\u0301lies-21-22-.pdf\">\ud83d\udd17<\/a><br \/>\n<a href=\"http:\/\/agora.xtec.cat\/ceip-mallorca\/categoria\/infantil\/p5\/\">I5 <\/a><a style=\"color: #2795b6;\" href=\"https:\/\/agora.xtec.cat\/ceip-mallorca\/wp-content\/uploads\/usu816\/2021\/09\/Dossier-fami\u0301lies-21-22-.pdf\">\ud83d\udd17<\/a><\/p>\n<p><a href=\"https:\/\/agora.xtec.cat\/ceip-mallorca\/projecte-educatiu\/projecte-pedagogic\/primaria\/\" target=\"_blank\" rel=\"noopener\">EDUCACI\u00d3 PRIM\u00c0RIA<\/a><br \/>\n<a href=\"https:\/\/agora.xtec.cat\/ceip-mallorca\/categoria\/comunitats\/comunitat-de-mitjans\/\" target=\"_blank\" rel=\"noopener\">COMUNITAT DE&hellip;  <a href=\"https:\/\/agora.xtec.cat\/ceip-mallorca\/blocs\/\" title=\"Read BLOGS\">Llegeix m\u00e9s\u00bb<\/a><\/p>\n","protected":false},"author":1,"featured_media":0,"parent":0,"menu_order":0,"comment_status":"closed","ping_status":"closed","template":"page-templates\/side-menu.php","meta":{"_bbp_topic_count":0,"_bbp_reply_count":0,"_bbp_total_topic_count":0,"_bbp_total_reply_count":0,"_bbp_voice_count":0,"_bbp_anonymous_reply_count":0,"_bbp_topic_count_hidden":0,"_bbp_reply_count_hidden":0,"_bbp_forum_subforum_count":0,"footnotes":""},"class_list":["post-1900","page","type-page","status-publish","hentry"],"post_mailing_queue_ids":[],"_links":{"self":[{"href":"https:\/\/agora.xtec.cat\/ceip-mallorca\/wp-json\/wp\/v2\/pages\/1900","targetHints":{"allow":["GET"]}}],"collection":[{"href":"https:\/\/agora.xtec.cat\/ceip-mallorca\/wp-json\/wp\/v2\/pages"}],"about":[{"href":"https:\/\/agora.xtec.cat\/ceip-mallorca\/wp-json\/wp\/v2\/types\/page"}],"author":[{"embeddable":true,"href":"https:\/\/agora.xtec.cat\/ceip-mallorca\/wp-json\/wp\/v2\/users\/1"}],"replies":[{"embeddable":true,"href":"https:\/\/agora.xtec.cat\/ceip-mallorca\/wp-json\/wp\/v2\/comments?post=1900"}],"version-history":[{"count":4,"href":"https:\/\/agora.xtec.cat\/ceip-mallorca\/wp-json\/wp\/v2\/pages\/1900\/revisions"}],"predecessor-version":[{"id":16100,"href":"https:\/\/agora.xtec.cat\/ceip-mallorca\/wp-json\/wp\/v2\/pages\/1900\/revisions\/16100"}],"wp:attachment":[{"href":"https:\/\/agora.xtec.cat\/ceip-mallorca\/wp-json\/wp\/v2\/media?parent=1900"}],"curies":[{"name":"wp","href":"https:\/\/api.w.org\/{rel}","templated":true}]}}