{"id":13303,"date":"2023-01-10T16:07:54","date_gmt":"2023-01-10T15:07:54","guid":{"rendered":"https:\/\/agora.xtec.cat\/ceip-mallorca\/?page_id=13303"},"modified":"2025-06-25T20:20:30","modified_gmt":"2025-06-25T18:20:30","slug":"colonies","status":"publish","type":"page","link":"https:\/\/agora.xtec.cat\/ceip-mallorca\/projectes-singulars\/projecte-tots-som-1\/colonies\/","title":{"rendered":"Col\u00f2nies"},"content":{"rendered":"<p><strong>COL\u00d2NIES QUE ES PORTARAN A TERME EL CURS 2025 &#8211; 2026:<\/strong><\/p>\n<table class=\" aligncenter\" style=\"border-collapse: collapse; width: 60.4706%; height: 187px;\">\n<tbody>\n<tr style=\"height: 36px;\">\n<td style=\"width: 8.95415%; text-align: center; height: 36px;\"><b>NIVELL<\/b><\/td>\n<td style=\"width: 41.2718%; height: 36px;\"><b>DATES<\/b><\/td>\n<td style=\"width: 32.9591%; height: 36px;\"><strong>LLOC<\/strong><\/td>\n<\/tr>\n<tr style=\"height: 36px;\">\n<td style=\"width: 8.95415%; text-align: center; height: 36px;\"><b>I5<\/b><\/td>\n<td style=\"width: 41.2718%; height: 36px;\"><\/td>\n<td style=\"width: 32.9591%; height: 36px;\"><\/td>\n<\/tr>\n<tr style=\"height: 36px;\">\n<td style=\"width: 8.95415%; text-align: center; height: 36px;\"><b>2n<\/b><\/td>\n<td style=\"width: 41.2718%; height: 36px;\"><\/td>\n<td style=\"width: 32.9591%; height: 36px;\"><\/td>\n<\/tr>\n<tr style=\"height: 36px;\">\n<td style=\"width: 8.95415%; text-align: center; height: 36px;\"><b>4t<\/b><\/td>\n<td style=\"width: 41.2718%; height: 36px;\"><\/td>\n<td style=\"width: 32.9591%; height: 36px;\"><\/td>\n<\/tr>\n<tr style=\"height: 36px;\">\n<td style=\"width: 8.95415%; text-align: center; height: 36px;\"><b>6\u00e8<\/b><\/td>\n<td style=\"width: 41.2718%; height: 36px;\"><\/td>\n<td style=\"width: 32.9591%; height: 36px;\"><\/td>\n<\/tr>\n<\/tbody>\n<\/table>\n<p><img decoding=\"async\" class=\"aligncenter\" src=\"https:\/\/www.rubi.maristes.cat\/sites\/default\/files\/content\/nodes\/noticia\/image\/10229\/colonies11.png\" alt=\"Sortides i col\u00f2nies 2020 - 2021 | Maristes Rub\u00ed\" \/><\/p>\n<hr \/>\n<p><strong>EL CURS 22-23 NEIX EL PROJECTE DE LES COL\u00d2NIES DE L&#8217;ESCOLA: <\/strong>Estem molt engrescats amb aquest nou projecte i ja podem dir que han estat un \u00e8xit. Podeu veure els articles de les diferents col\u00f2nies realitzades a l&#8217;escola, fent clic a sobre del seg\u00fcent enlla\u00e7: <a href=\"https:\/\/agora.xtec.cat\/ceip-mallorca\/?s=col%C3%B2nies\" target=\"_blank\" rel=\"noopener\">articles de col\u00f2nies de l&#8217;escola Mallorca.<\/a><\/p>\n","protected":false},"excerpt":{"rendered":"<p>COL\u00d2NIES QUE ES PORTARAN A TERME EL CURS 2025 &#8211; 2026:<\/p>\n<p>NIVELL<br \/>\nDATES<br \/>\nLLOC<\/p>\n<p>I5<\/p>\n<p>2n<\/p>\n<p>4t<\/p>\n<p>6\u00e8<\/p>\n<p>EL CURS 22-23 NEIX EL PROJECTE DE LES COL\u00d2NIES DE L&#8217;ESCOLA: Estem molt engrescats amb aquest nou projecte i ja podem dir que han estat un \u00e8xit. Podeu veure els articles de les diferents col\u00f2nies&hellip;  <a href=\"https:\/\/agora.xtec.cat\/ceip-mallorca\/projectes-singulars\/projecte-tots-som-1\/colonies\/\" title=\"Read Col\u00f2nies\">Llegeix m\u00e9s\u00bb<\/a><\/p>\n","protected":false},"author":1,"featured_media":0,"parent":415,"menu_order":2,"comment_status":"closed","ping_status":"closed","template":"","meta":{"_bbp_topic_count":0,"_bbp_reply_count":0,"_bbp_total_topic_count":0,"_bbp_total_reply_count":0,"_bbp_voice_count":0,"_bbp_anonymous_reply_count":0,"_bbp_topic_count_hidden":0,"_bbp_reply_count_hidden":0,"_bbp_forum_subforum_count":0,"footnotes":""},"class_list":["post-13303","page","type-page","status-publish","hentry"],"post_mailing_queue_ids":[],"_links":{"self":[{"href":"https:\/\/agora.xtec.cat\/ceip-mallorca\/wp-json\/wp\/v2\/pages\/13303","targetHints":{"allow":["GET"]}}],"collection":[{"href":"https:\/\/agora.xtec.cat\/ceip-mallorca\/wp-json\/wp\/v2\/pages"}],"about":[{"href":"https:\/\/agora.xtec.cat\/ceip-mallorca\/wp-json\/wp\/v2\/types\/page"}],"author":[{"embeddable":true,"href":"https:\/\/agora.xtec.cat\/ceip-mallorca\/wp-json\/wp\/v2\/users\/1"}],"replies":[{"embeddable":true,"href":"https:\/\/agora.xtec.cat\/ceip-mallorca\/wp-json\/wp\/v2\/comments?post=13303"}],"version-history":[{"count":6,"href":"https:\/\/agora.xtec.cat\/ceip-mallorca\/wp-json\/wp\/v2\/pages\/13303\/revisions"}],"predecessor-version":[{"id":16087,"href":"https:\/\/agora.xtec.cat\/ceip-mallorca\/wp-json\/wp\/v2\/pages\/13303\/revisions\/16087"}],"up":[{"embeddable":true,"href":"https:\/\/agora.xtec.cat\/ceip-mallorca\/wp-json\/wp\/v2\/pages\/415"}],"wp:attachment":[{"href":"https:\/\/agora.xtec.cat\/ceip-mallorca\/wp-json\/wp\/v2\/media?parent=13303"}],"curies":[{"name":"wp","href":"https:\/\/api.w.org\/{rel}","templated":true}]}}