{"id":12605,"date":"2022-08-03T13:52:43","date_gmt":"2022-08-03T11:52:43","guid":{"rendered":"https:\/\/agora.xtec.cat\/ceip-mallorca\/?page_id=12605"},"modified":"2025-03-02T15:06:57","modified_gmt":"2025-03-02T14:06:57","slug":"lescola-mallorca-surt-a-la-premsa","status":"publish","type":"page","link":"https:\/\/agora.xtec.cat\/ceip-mallorca\/lescola\/lescola-mallorca-surt-a-la-premsa\/","title":{"rendered":"L&#8217;escola Mallorca surt a la premsa"},"content":{"rendered":"<h5><\/h5>\n<h5><strong style=\"color: #333300; font-size: 1em;\">CURS 2021 &#8211; 2022<\/strong><\/h5>\n<ul>\n<li><em>15-11-2021<\/em> <a href=\"https:\/\/ajuntament.barcelona.cat\/eixample\/ca\/noticia\/lescola-mallorca-es-convertira-en-institut-escola-gracies-a-la-cessio-dun-edifici-municipal_1119868\" target=\"_blank\" rel=\"noopener\">L\u2019Escola Mallorca es convertir\u00e0 en institut escola gr\u00e0cies a la cessi\u00f3 d\u2019un edifici municipal<\/a>\u00a0a la web de l&#8217;Ajuntament de Barcelona<\/li>\n<li><em>15-11-2021\u00a0<\/em> <a href=\"https:\/\/www.lavanguardia.com\/local\/barcelona\/20211115\/7863061\/escuela-barcelona-equipamiento-eixample.html\" target=\"_blank\" rel=\"noopener\">Los pisos de la calle Londres servir\u00e1n para ampliar la escuela Mallorca<\/a>\u00a0a la web de La Vanguardia<\/li>\n<li><em>15-11-2021 <\/em><a href=\"https:\/\/www.ccma.cat\/tv3\/alacarta\/telenoticies-comarques\/lescola-mallorca-de-barcelona-sampliara-amb-ledifici-del-carrer-londres-en-desus-des-de-fa-15-anys\/video\/6129692\/\" target=\"_blank\" rel=\"noopener\">L&#8217;Escola Mallorca de Barcelona s&#8217;ampliar\u00e0 amb l&#8217;edifici del carrer Londres, en des\u00fas des de fa 15 anys<\/a> a la web de TV3<\/li>\n<li>17-11-2021 <a href=\"https:\/\/liniaxarxa.cat\/liniaeixample\/noticies\/escola-mallorca-tindra-per-fi-edifici-buit-carrer-londres\/\" target=\"_blank\" rel=\"noopener\">L\u2019escola Mallorca tindr\u00e0 per fi l\u2019edifici buit del carrer Londres<\/a>a la web de L\u00ednia Eixample<\/li>\n<li>17\/06\/2022 <a href=\"https:\/\/www.ccma.cat\/324\/mes-de-30-graus-a-laula-senscouenelsfills-denuncia-els-efectes-de-la-calor-a-lescola\/noticia\/3170554\/\" target=\"_blank\" rel=\"noopener\">M\u00e9s de 30 graus a l&#8217;aula: #SensCouenelsFills denuncia els efectes de la calor a l&#8217;escola<\/a> a la web de TV3<\/li>\n<\/ul>\n<hr \/>\n<h5><span style=\"color: #333300;\"><strong>CURS 2020 &#8211; 2021<\/strong><\/span><\/h5>\n<ul>\n<li><em>10-07-2020<\/em> <a href=\"https:\/\/beteve.cat\/societat\/families-escola-mallorca-bressol-londres-reclamen-edifici-municipal\/\" target=\"_blank\" rel=\"noopener\">Les fam\u00edlies de l\u2019Escola Mallorca i l\u2019Escola Bressol Londres reclamen un edifici municipal per ampliar els centres<\/a>\u00a0a la web\u00a0Betev\u00e9<\/li>\n<li>16-04-2021 <a href=\"https:\/\/ajuntament.barcelona.cat\/bombers\/ca\/noticia\/les-escoles-de-la-ciutat-planten-amb-els-jardiners-i-jardineres-2-2-2_1059138\" target=\"_blank\" rel=\"noopener\">L&#8217;escola Mallorca col\u00b7labora en la plantada de primavera als jardins Montserrat Figueres<\/a> a la web de l&#8217;Ajuntament de Barcelona<\/li>\n<li><em>27-04-2021<\/em> <a href=\"https:\/\/www.totbarcelona.cat\/societat\/ledifici-calamitos-de-lajuntament-que-dues-escoles-no-es-cansen-de-reclamar-127255\/\" target=\"_blank\" rel=\"noopener\">L\u2019edifici calamit\u00f3s de l\u2019Ajuntament que dues escoles no es cansen de reclamar<\/a> a la web Tot Barcelona<\/li>\n<\/ul>\n<hr \/>\n<h5><span style=\"color: #333300;\"><strong>CURS 2019 &#8211; 2020<\/strong><\/span><\/h5>\n<ul>\n<li><em><em>30-01-2020 <\/em><\/em><a href=\"https:\/\/www.ccma.cat\/324\/barcelona-vol-que-totes-les-escoles-tinguin-menus-amb-menys-carn-vermella-i-mes-proteina-vegetal\/noticia\/2986617\/\" target=\"_blank\" rel=\"noopener\">Barcelona vol que totes les escoles tinguin men\u00fas amb menys carn vermella i m\u00e9s prote\u00efna vegetal<\/a> a la web de TV3<\/li>\n<\/ul>\n<hr \/>\n<h5><span style=\"color: #333300;\"><strong>CURS 2018 &#8211; 2019<\/strong><\/span><\/h5>\n<ul>\n<li><em>06-2019 <\/em><a href=\"https:\/\/urbadis.com\/ca\/projecte-item\/escoles-eixample-2019\/\" target=\"_blank\" rel=\"noopener\">Zona d&#8217;espera davant de l&#8217;escola<\/a> a la web Urbadis<\/li>\n<\/ul>\n<hr \/>\n<h5><span style=\"color: #333300;\"><strong>CURS 2016 &#8211; 2017<\/strong><\/span><\/h5>\n<ul>\n<li><em>25-05-2017<\/em>\u00a0 <a href=\"https:\/\/www.lavanguardia.com\/local\/barcelona\/20170526\/422928332523\/escuela-entenca-protesta-reubicacion-ayuntamiento.html\" target=\"_blank\" rel=\"noopener\"><em>Protesta contra un colegio en un bloque once a\u00f1os \u2018gafado\u2019<\/em> <\/a>\u00a0a la web de La Vanguardia<\/li>\n<\/ul>\n<hr \/>\n<h5><span style=\"color: #333300;\"><strong>CURS 2015 &#8211; 2016<\/strong><\/span><\/h5>\n<ul>\n<li><em>23-11-2015<\/em>\u00a0 <a href=\"https:\/\/www.edubcn.cat\/ca\/noticies\/detall?46504\" target=\"_blank\" rel=\"noopener\">L\u2019Escola Mallorca inaugura la seva pintura mural \u00abVistes al Mar\u00bb<\/a>\u00a0 a la web del Consorci de Barcelona<\/li>\n<\/ul>\n<hr \/>\n<h5><span style=\"color: #333300;\"><strong>CURS 2013 &#8211; 2014<\/strong><\/span><\/h5>\n<ul>\n<li><em>03-2014<\/em> <a href=\"https:\/\/ampadiputacio.files.wordpress.com\/2014\/03\/eixample_escolar-18.pdf\" target=\"_blank\" rel=\"noopener\">Escola Mallorca. Aquest any, tampoc<\/a>\u00a0 a la revista Eixample escolar<br \/>\n<hr \/>\n<\/li>\n<\/ul>\n<h5><span style=\"color: #333300;\"><strong>CURS 2009 &#8211; 2010<\/strong><\/span><\/h5>\n<ul>\n<li>07-12-2009 <a href=\"http:\/\/www.elpuntavui.cat\/article\/112035-lescola-mallorca-demana-ampliar-se-en-uns-pisos-tancats-des-de-fa-tres-anys.html\" target=\"_blank\" rel=\"noopener\">L&#8217;escola Mallorca demana ampliar-se en uns pisos tancats des de fa tres anys<\/a> a la web del Punt Avui<\/li>\n<\/ul>\n<hr \/>\n<h5><span style=\"color: #333300;\"><strong>CURS 2008 &#8211; 2009<\/strong><\/span><\/h5>\n<ul>\n<li><em>03-2014<\/em> <a href=\"https:\/\/ampadiputacio.files.wordpress.com\/2014\/03\/eixample_escolar-27.pdf\" target=\"_blank\" rel=\"noopener\">L\u2019escola Mallorca far\u00e0 3 anys<\/a>\u00a0 a la p\u00e0gina 3 de la revista Eixample escolar<\/li>\n<\/ul>\n<hr \/>\n<h5><span style=\"color: #333300;\"><strong>CURS 2002 &#8211; 2003<\/strong><\/span><\/h5>\n<ul>\n<li>16-06-2003 <a href=\"https:\/\/www.ccma.cat\/324\/veins-duna-illa-de-leixample-reclamen-la-creacio-duna-zona-verda-al-seu-interior\/noticia\/39696\/\" target=\"_blank\" rel=\"noopener\">Ve\u00efns d&#8217;una illa de l&#8217;Eixample reclamen la creaci\u00f3 d&#8217;una zona verda al seu interior<\/a> a la web de TV3<\/li>\n<li><em>2003 -2006<\/em>\u00a0 <a href=\"https:\/\/www.arquitecturacatalana.cat\/ca\/obres\/edifici-dhabitatges-i-escola-mallorca#detail\" target=\"_blank\" rel=\"noopener\">Edifici d&#8217;Habitatges i Escola Mallorca<\/a> a la web d&#8217;Arquitectura catalana<\/li>\n<\/ul>\n","protected":false},"excerpt":{"rendered":"<p>CURS 2021 &#8211; 2022<\/p>\n<ul>\n<li>15-11-2021 <a href=\"https:\/\/ajuntament.barcelona.cat\/eixample\/ca\/noticia\/lescola-mallorca-es-convertira-en-institut-escola-gracies-a-la-cessio-dun-edifici-municipal_1119868\" target=\"_blank\" rel=\"noopener\">L\u2019Escola Mallorca es convertir\u00e0 en institut escola gr\u00e0cies a la cessi\u00f3 d\u2019un edifici municipal<\/a>\u00a0a la web de l&#8217;Ajuntament de Barcelona<\/li>\n<li>15-11-2021\u00a0 <a href=\"https:\/\/www.lavanguardia.com\/local\/barcelona\/20211115\/7863061\/escuela-barcelona-equipamiento-eixample.html\" target=\"_blank\" rel=\"noopener\">Los pisos de la calle Londres servir\u00e1n para ampliar la escuela Mallorca<\/a>\u00a0a la web de&hellip;  <a href=\"https:\/\/agora.xtec.cat\/ceip-mallorca\/lescola\/lescola-mallorca-surt-a-la-premsa\/\" title=\"Read L&#8217;escola Mallorca surt a la premsa\">Llegeix m\u00e9s\u00bb<\/a><br \/>\n","protected":false},"author":1,"featured_media":0,"parent":22,"menu_order":7,"comment_status":"closed","ping_status":"closed","template":"page-templates\/side-menu.php","meta":{"_bbp_topic_count":0,"_bbp_reply_count":0,"_bbp_total_topic_count":0,"_bbp_total_reply_count":0,"_bbp_voice_count":0,"_bbp_anonymous_reply_count":0,"_bbp_topic_count_hidden":0,"_bbp_reply_count_hidden":0,"_bbp_forum_subforum_count":0,"footnotes":""},"class_list":["post-12605","page","type-page","status-publish","hentry"],"post_mailing_queue_ids":[],"_links":{"self":[{"href":"https:\/\/agora.xtec.cat\/ceip-mallorca\/wp-json\/wp\/v2\/pages\/12605","targetHints":{"allow":["GET"]}}],"collection":[{"href":"https:\/\/agora.xtec.cat\/ceip-mallorca\/wp-json\/wp\/v2\/pages"}],"about":[{"href":"https:\/\/agora.xtec.cat\/ceip-mallorca\/wp-json\/wp\/v2\/types\/page"}],"author":[{"embeddable":true,"href":"https:\/\/agora.xtec.cat\/ceip-mallorca\/wp-json\/wp\/v2\/users\/1"}],"replies":[{"embeddable":true,"href":"https:\/\/agora.xtec.cat\/ceip-mallorca\/wp-json\/wp\/v2\/comments?post=12605"}],"version-history":[{"count":4,"href":"https:\/\/agora.xtec.cat\/ceip-mallorca\/wp-json\/wp\/v2\/pages\/12605\/revisions"}],"predecessor-version":[{"id":15837,"href":"https:\/\/agora.xtec.cat\/ceip-mallorca\/wp-json\/wp\/v2\/pages\/12605\/revisions\/15837"}],"up":[{"embeddable":true,"href":"https:\/\/agora.xtec.cat\/ceip-mallorca\/wp-json\/wp\/v2\/pages\/22"}],"wp:attachment":[{"href":"https:\/\/agora.xtec.cat\/ceip-mallorca\/wp-json\/wp\/v2\/media?parent=12605"}],"curies":[{"name":"wp","href":"https:\/\/api.w.org\/{rel}","templated":true}]}}