{"id":12399,"date":"2022-07-19T20:15:21","date_gmt":"2022-07-19T18:15:21","guid":{"rendered":"https:\/\/agora.xtec.cat\/ceip-mallorca\/?page_id=12399"},"modified":"2025-06-30T21:10:41","modified_gmt":"2025-06-30T19:10:41","slug":"atencio-a-les-families","status":"publish","type":"page","link":"https:\/\/agora.xtec.cat\/ceip-mallorca\/lescola\/atencio-a-les-families\/","title":{"rendered":"Relaci\u00f3 fam\u00edlia i escola"},"content":{"rendered":"<p>La relaci\u00f3 fam\u00edlia-escola \u00e9s per a nosaltres un dels <strong>EIXOS FONAMENTALS <\/strong>de la tasca que compartim: l\u2019educaci\u00f3.<\/p>\n<p>Potenciem que la <strong>relaci\u00f3 sigui flu\u00efda<\/strong> i ens permeti compartir els diferents moments de l\u2019evoluci\u00f3 dels nostres alumnes, els vostres fills.<\/p>\n<p>Per nosaltres \u00e9s b\u00e0sic assolir una relaci\u00f3 de<strong> confian\u00e7a entre fam\u00edlia i escola<\/strong>. L\u2019educaci\u00f3 dels nostres infants la podem consolidar \u00a0millor si compartim els mateixos <strong>criteris<\/strong>.<\/p>\n<p>A banda de determinades<a href=\"https:\/\/agora.xtec.cat\/ceip-mallorca\/curs-23-24\/festes\/\" target=\"_blank\" rel=\"noopener\"><strong> festes i jornades<\/strong><\/a> en qu\u00e8 cada any sou convidades les fam\u00edlies.<\/p>\n<p>&nbsp;<\/p>\n<h1><strong>Tenim diferents vies de comunicaci\u00f3 escola &lt;-&gt; fam\u00edlia:<\/strong><\/h1>\n<p>&nbsp;<\/p>\n<h4><span style=\"background-color: #ccffff;\"><strong>El dia a dia amb les fam\u00edlies d\u2019educaci\u00f3 infantil<\/strong><\/span><\/h4>\n<ul>\n<li>Hi ha contacte <span style=\"color: #0000ff;\"><strong>diari amb la persona referent del grup<\/strong><\/span>, en les <b>entrades i sortides<\/b> dels infants.<\/li>\n<li>Tenim l&#8217;aplicaci\u00f3 <span style=\"color: #0000ff;\"><strong>Dinantia<\/strong><\/span> on les fam\u00edlies podeu enviar notificacions, i sol\u00b7licitar entrevistes amb la persona tutora de l&#8217;infant, o b\u00e9 amb els especialistes. Cal que el reviseu peri\u00f2dicament, ja que \u00e9s un mitj\u00e0 bidireccional. Des de l&#8217;escola, tamb\u00e9 l&#8217;utilitzem per fer-vos arribar diferents informacions.<\/li>\n<li>L&#8217;\u00fas del <b>correu electr\u00f2nic @escolamallorca.cat<\/b> que teniu adjudicat cada fam\u00edlia, l&#8217;utilitzem perqu\u00e8 pugueu consultar un document titulat <strong><em><span style=\"color: #0000ff;\">&#8220;MOMENTS VISCUTS&#8221;<\/span>, <\/em><\/strong>on podeu anar veient imatges dels vostres infants. Nom\u00e9s poden accedir les fam\u00edlies del mateix nivell a trav\u00e9s del correu corporatiu assignat. Us animem que mireu les imatges amb els vostres infants.<\/li>\n<li>O b\u00e9 podeu trucar al <span style=\"color: #0000ff;\"><b>tel\u00e8fon de l&#8217;escola<\/b><\/span>: 93 444 26 82, on prendre&#8217;m nota de les informacions que ens doneu, i les atendrem tan aviat com sigui possible.<\/li>\n<li>Podeu consultar la <strong><span style=\"color: #0000ff;\">web de l&#8217;escola i Instagram<\/span>,<\/strong> on anem penjant articles on expliquem activitats, sortides que anem fent durant el curs (on no surten imatges d&#8217;alumnes identificables, nom\u00e9s imatges que mostren l&#8217;acci\u00f3 educativa).<\/li>\n<\/ul>\n<hr \/>\n<h4><span style=\"background-color: #ccffff;\"><strong>El dia a dia amb les fam\u00edlies d\u2019educaci\u00f3 prim\u00e0ria<\/strong><\/span><\/h4>\n<ul>\n<li>A prim\u00e0ria, introdu\u00efm l&#8217;\u00fas de les <span style=\"color: #0000ff;\"><b>agendes escolars<\/b><\/span>. L&#8217;han de portar sempre a la motxilla, perqu\u00e8 puguem fer \u00fas les fam\u00edlies, l&#8217;alumnat i els mestres.<\/li>\n<li>Tenim l&#8217;aplicaci\u00f3 <span style=\"color: #0000ff;\"><strong>Dinantia<\/strong><\/span> on les fam\u00edlies poden enviar notificacions, sol\u00b7licitat entrevistes amb la persona tutora de l&#8217;infant. Cal que el reviseu peri\u00f2dicament, ja que \u00e9s un mitj\u00e0 bidireccional. Des de l&#8217;escola, tamb\u00e9 l&#8217;utilitzem per fer-vos arribar diferents informacions.<\/li>\n<li>L&#8217;\u00fas del <span style=\"color: #0000ff;\"><b>correu electr\u00f2nic @escolamallorca.cat<\/b><\/span> que teniu adjudicat cada fam\u00edlia:\n<ul>\n<li>L&#8217;utilitzem perqu\u00e8 pugueu consultar un document titulat <strong><em><span style=\"text-decoration: underline;\">&#8220;MOMENTS VISCUTS&#8221;<\/span>, <\/em><\/strong>on podeu anar veient imatges dels vostres infants. Nom\u00e9s poden accedir les fam\u00edlies del mateix nivell a trav\u00e9s del correu corporatiu assignat. Us animem que mireu les imatges amb els vostres infants.<\/li>\n<li>A 1r i 2n, utilitzem el <span style=\"text-decoration: underline;\"><strong>classroom<\/strong><\/span> com a banc de recursos de les diferents \u00e0rees, perqu\u00e8 les fam\u00edlies pugueu acompanyar en els diferents aprenentatges que anem treballant a l&#8217;aula.<\/li>\n<li>A partir de 3r, continuem utilitzant el <span style=\"text-decoration: underline;\"><strong>classroom<\/strong><\/span>. L&#8217;alumnat tamb\u00e9 utilitza el correu electr\u00f2nic corporatiu per desenvolupar la compet\u00e8ncia digital a l&#8217;aula.<\/li>\n<\/ul>\n<\/li>\n<li>O b\u00e9 podeu trucar al <b><span style=\"color: #0000ff;\">tel\u00e8fon de l&#8217;escola<\/span>:<\/b> 93 444 26 82, on prendre&#8217;m nota de les informacions que ens doneu, i les atendrem tan aviat com es pugui.<\/li>\n<li>Podeu consultar la <strong><span style=\"color: #0000ff;\">web de l&#8217;escola i Instagram<\/span>,<\/strong> on anem penjant articles on expliquem activitats, sortides que anem fent durant el curs (on no surten imatges d&#8217;alumnes identificables, nom\u00e9s imatges que mostren l&#8217;acci\u00f3 educativa).<\/li>\n<\/ul>\n<hr \/>\n<h4><span style=\"background-color: #ccffff;\"><strong>Reunions d&#8217;inici de curs d&#8217;I3 a 6\u00e8 (setembre)<\/strong><\/span><\/h4>\n<p>\u00c9s molt important l&#8217;assist\u00e8ncia a les <strong>reunions amb les fam\u00edlies de cada curs<\/strong>, en les quals cada tutor\/a i mestres de l\u2019equip exposen els objectius, metodologia, activitats, criteris d\u2019avaluaci\u00f3 i altres aspectes generals de funcionament de l\u2019aula i del curs.<\/p>\n<p>Les dates de les reunions d&#8217;inici de curs les trobareu afegides als <a href=\"https:\/\/agora.xtec.cat\/ceip-mallorca\/curs-23-24\/sortides\/\" target=\"_blank\" rel=\"noopener\">calendaris de les comunitats<\/a>.<\/p>\n<hr \/>\n<h4><span style=\"background-color: #ccffff;\"><strong>Segona reuni\u00f3 de fam\u00edlies a prim\u00e0ria (comunitat de mitjans i grans)<\/strong><\/span><\/h4>\n<p>En el mes de febrer, hi ha una segona reuni\u00f3 on convidem a les fam\u00edlies que vingueu a l&#8217;aula dels vostres infants, una tarda (de 15h a 16:15h).<\/p>\n<p>L&#8217;alumnat \u00e9s el protagonista i explica en petits grups diferents aspectes, mat\u00e8ries, activitats, &#8230; del seu dia a dia a l&#8217;aula.<\/p>\n<p>Hi ha diferents estacions repartides per la mateixa planta on l&#8217;alumn@ t\u00e9 la seva aula.<\/p>\n<p>Les fam\u00edlies haureu d&#8217;anar passant per les diferents estacions que han preparat, s\u00f3n els protagonistes del seu aprenentatge. All\u00e0 podeu preguntar dubtes als mateixos infants.<\/p>\n<hr \/>\n<h4><span style=\"background-color: #ccffff;\"><strong>Document &#8220;<em>MOMENTS VISCUTS<\/em>&#8220;<\/strong><\/span><\/h4>\n<p>Teniu un document compartit a trav\u00e9s del correu d&#8217;alumne @escolamallorca.cat, que es titula <em>&#8220;MOMENTS VISCUTS&#8221;. All\u00e0 tindreu un recull de fotografies, articles web, documents,&#8230; del nivell on pertany l&#8217;infant.<\/em><\/p>\n<p>Aquest document anir\u00e0 creixent a mesura que va passant el curs. Com a fam\u00edlies teniu perm\u00eds de visualitzaci\u00f3 a trav\u00e9s del correu del vostre infant.<\/p>\n<p>Demanem que les fam\u00edlies no feu fotografies ni v\u00eddeos on surten els nens i nenes, per respectar la privacitat dels diferents infants.<\/p>\n<hr \/>\n<h4><span style=\"background-color: #ccffff;\"><strong>Segona reuni\u00f3 de fam\u00edlies a la comunitat de petits<\/strong><\/span><\/h4>\n<p>Durant el mes de febrer es convoca a les fam\u00edlies de cada nivell una tarda a les 17h a les mateixes aules dels infants.<\/p>\n<p>Les fotografies de l&#8217;esdeveniment ens encarreguem de fer-les els mateixos mestres, i us les compartim en el document <em>&#8220;MOMENTS VISCUTS&#8221;. <\/em>Demanem que les fam\u00edlies no feu fotografies ni v\u00eddeos, per respectar la privacitat dels diferents infants<\/p>\n<hr \/>\n<h4><span style=\"background-color: #ccffff;\"><strong>Entrevistes amb els docents d&#8217;infantil i prim\u00e0ria (amb cita)<\/strong><\/span><\/h4>\n<p>Cada fam\u00edlia t\u00e9, com a m\u00ednim, <strong>una entrevista personal amb el tutor\/tutora<\/strong> per comentar el seguiment acad\u00e8mic i pedag\u00f2gic i desenvolupament personal del seu fill\/a. A m\u00e9s a m\u00e9s, sempre que es consideri convenient es convoca una nova trobada.<\/p>\n<p>Els grups d&#8217;infantil podreu concertar entrevistes amb les tutores o especialistes, la primera setmana de febrer, als migdies.<\/p>\n<p>Els grups de prim\u00e0ria podreu concertar entrevistes amb les tutores o els tutors corresponents, o especialistes, la primera setmana de gener lectiva, als migdies.<\/p>\n<p>Si us cal concertar entrevista, contacteu amb el vostre tutor\/a via correu corporatiu d\u2019aula. Tamb\u00e9 podeu fer servir l\u2019agenda.<\/p>\n<table style=\"border-collapse: collapse; width: 100%;\">\n<tbody>\n<tr>\n<td style=\"width: 50%;\">Dilluns<\/td>\n<td style=\"width: 50%;\">12:30h a 13:30h<\/td>\n<\/tr>\n<\/tbody>\n<\/table>\n<hr \/>\n<h4><span style=\"background-color: #ccffff;\"><strong>Informes acad\u00e8mics<\/strong><\/span><\/h4>\n<p>Al llarg del curs escolar les fam\u00edlies anireu rebent informes en relaci\u00f3 amb ambl rendiment acad\u00e8mic, actituds, valors i altres aspectes, dels seus fills\/es.<\/p>\n<p>A <b><u>e<\/u><span style=\"text-decoration: underline;\">ducaci\u00f3 infantil<\/span><\/b>, rebreu 2 informes escrits durant el curs:<\/p>\n<ul>\n<li style=\"list-style-type: none;\">\n<ul>\n<li>El primer informe el rebreu la \u00faltima setmana de gener per Dinantia.<\/li>\n<li>El segon informe el rebreu a final de curs per Dinantia.<\/li>\n<\/ul>\n<\/li>\n<\/ul>\n<p>A <b><u>e<\/u><span style=\"text-decoration: underline;\">ducaci\u00f3 prim\u00e0ria,<\/span><\/b> rebreu 3 informes escrits durant el curs:<\/p>\n<ul>\n<li style=\"list-style-type: none;\">\n<ul>\n<li>El primer informe el rebreu al final del primer trimestre per Dinantia, abans de les vacances d&#8217;hivern.<\/li>\n<li>El segon informe el rebreu al final del segon trimestre per Dinantia, abans de Setmana Santa.<\/li>\n<li>I l&#8217;informe de final de curs (Esfera), es lliurar\u00e0, <span style=\"text-decoration: underline;\">impr\u00e8s<\/span> a l&#8217;alumnat.<\/li>\n<\/ul>\n<\/li>\n<\/ul>\n<hr \/>\n<p><span style=\"background-color: #ccffff;\"><strong>Calendari de les sortides \/ activitats \/ col\u00f2nies \/ \u2026 <em>(GOOGLE CALENDAR)<\/em><\/strong><\/span><\/p>\n<p>Les sortides i activitats complement\u00e0ries s\u00f3n molt importants per enriquir el curr\u00edculum dels nostres alumnes. Per poder saber quan les realitzaran, us podeu afegir el calendari de la comunitat a la qual formen part els vostres fills i filles.<\/p>\n<ul>\n<li><a href=\"https:\/\/calendar.google.com\/calendar\/u\/0\/embed?height=600&amp;wkst=2&amp;bgcolor=%23ffffff&amp;ctz=Europe\/Madrid&amp;src=Y19hYnA1NnNxMXF0ZmdkYjBvb3Vjamlnc2NnNEBncm91cC5jYWxlbmRhci5nb29nbGUuY29t&amp;src=MDdiZW1paDAzZzZya2g3ZjdvMmhxNWJoNWdAZ3JvdXAuY2FsZW5kYXIuZ29vZ2xlLmNvbQ&amp;color=%239e42b4&amp;color=%23F4511E%22+style%3D\" target=\"_blank\" rel=\"noopener\">COMUNITAT DE PETITS (I3, I4 i I5)<\/a><\/li>\n<li><a href=\"https:\/\/calendar.google.com\/calendar\/embed?height=600&amp;wkst=2&amp;bgcolor=%23ffffff&amp;ctz=Europe%2FMadrid&amp;src=Y19jbGFzc3Jvb21lNmUwYTlhYUBncm91cC5jYWxlbmRhci5nb29nbGUuY29t&amp;src=MDdiZW1paDAzZzZya2g3ZjdvMmhxNWJoNWdAZ3JvdXAuY2FsZW5kYXIuZ29vZ2xlLmNvbQ&amp;color=%238E24AA&amp;color=%23F4511E\" target=\"_blank\" rel=\"noopener\">COMUNITAT DE MITJANS (1r, 2n i 3r)<\/a><\/li>\n<li><a href=\"https:\/\/calendar.google.com\/calendar\/u\/0\/embed?height=600&amp;wkst=2&amp;bgcolor=%23ffffff&amp;ctz=Europe\/Madrid&amp;src=Y19jbGFzc3Jvb200OGE0NjFiNEBncm91cC5jYWxlbmRhci5nb29nbGUuY29t&amp;src=MDdiZW1paDAzZzZya2g3ZjdvMmhxNWJoNWdAZ3JvdXAuY2FsZW5kYXIuZ29vZ2xlLmNvbQ&amp;color=%2333B679&amp;color=%23F4511E\" target=\"_blank\" rel=\"noopener\">COMUNITAT DE GRANS (4t, 5\u00e8 i 6\u00e8)<\/a><\/li>\n<\/ul>\n<p>Si tens dubtes de com afegir el calendari de sortides al teu calendari personal en el teu dispositiu, <a href=\"https:\/\/agora.xtec.cat\/ceip-mallorca\/curs-22-23\/sortides\/\" target=\"_blank\" rel=\"noopener\">consulta aquesta p\u00e0gina on t&#8217;expliquem com fer-ho.<\/a><\/p>\n<hr \/>\n<p><span style=\"background-color: #ccffff;\"><strong>Compartim l&#8217;escola: AULA OBERTA<\/strong><\/span><\/p>\n<p>Cada curs les fam\u00edlies sou convidades a <strong>participar en activitats de classe <\/strong>en les que podeu aportar els vostres coneixements de la vostra professi\u00f3 o de les vostres aficions, que puguin enriquir el nostre alumnat.<\/p>\n<hr \/>\n<h4><span style=\"background-color: #ccffff;\"><strong>Atenci\u00f3 de l&#8217;equip directiu (amb cita)<\/strong><\/span><\/h4>\n<p>Si necessiteu contactar amb l\u2019Equip Directiu <strong>sempre<\/strong> podeu enviar un correu electr\u00f2nic a l\u2019escola: <a href=\"mailto:ceip-mallorca@xtec.cat\" target=\"_blank\" rel=\"noopener noreferrer\">ceip-mallorca<span class=\"\">@xtec.cat<\/span><\/a><\/p>\n<p>Si valoreu que la vostra consulta no pot ser atesa per correu electr\u00f2nic, podeu concertar una cita dintre de l\u2019horari que s\u2019indica a continuaci\u00f3:<\/p>\n<table style=\"width: 92.2228%; height: 209px;\">\n<tbody>\n<tr>\n<td style=\"width: 22.1642%;\"><\/td>\n<td style=\"width: 27.2316%;\"><\/td>\n<td style=\"width: 25.4631%;\">HORES<\/td>\n<td style=\"width: 61.1646%;\">DIES<\/td>\n<\/tr>\n<tr>\n<td style=\"width: 22.1642%;\">Director<\/td>\n<td style=\"width: 27.2316%;\">Daniel Rocandio<\/td>\n<td style=\"width: 25.4631%;\"><\/td>\n<td style=\"width: 61.1646%;\"><\/td>\n<\/tr>\n<tr>\n<td style=\"width: 22.1642%;\">Cap d&#8217;estudis<\/td>\n<td style=\"width: 27.2316%;\">Cristina Dom\u00e8nech<\/td>\n<td style=\"width: 25.4631%;\"><\/td>\n<td style=\"width: 61.1646%;\"><\/td>\n<\/tr>\n<tr>\n<td style=\"width: 22.1642%;\">Secret\u00e0ria<\/td>\n<td style=\"width: 27.2316%;\">Mai Montes<\/td>\n<td style=\"width: 25.4631%;\"><\/td>\n<td style=\"width: 61.1646%;\"><\/td>\n<\/tr>\n<\/tbody>\n<\/table>\n<p>&nbsp;<\/p>\n","protected":false},"excerpt":{"rendered":"<p>La relaci\u00f3 fam\u00edlia-escola \u00e9s per a nosaltres un dels EIXOS FONAMENTALS de la tasca que compartim: l\u2019educaci\u00f3.<br \/>\nPotenciem que la relaci\u00f3 sigui flu\u00efda i ens permeti compartir els diferents moments de l\u2019evoluci\u00f3 dels nostres alumnes, els vostres fills.<br \/>\nPer nosaltres \u00e9s b\u00e0sic assolir una relaci\u00f3 de confian\u00e7a&hellip;  <a href=\"https:\/\/agora.xtec.cat\/ceip-mallorca\/lescola\/atencio-a-les-families\/\" title=\"Read Relaci\u00f3 fam\u00edlia i escola\">Llegeix m\u00e9s\u00bb<\/a><\/p>\n","protected":false},"author":1,"featured_media":0,"parent":22,"menu_order":3,"comment_status":"closed","ping_status":"closed","template":"","meta":{"_bbp_topic_count":0,"_bbp_reply_count":0,"_bbp_total_topic_count":0,"_bbp_total_reply_count":0,"_bbp_voice_count":0,"_bbp_anonymous_reply_count":0,"_bbp_topic_count_hidden":0,"_bbp_reply_count_hidden":0,"_bbp_forum_subforum_count":0,"footnotes":""},"class_list":["post-12399","page","type-page","status-publish","hentry"],"post_mailing_queue_ids":[],"_links":{"self":[{"href":"https:\/\/agora.xtec.cat\/ceip-mallorca\/wp-json\/wp\/v2\/pages\/12399","targetHints":{"allow":["GET"]}}],"collection":[{"href":"https:\/\/agora.xtec.cat\/ceip-mallorca\/wp-json\/wp\/v2\/pages"}],"about":[{"href":"https:\/\/agora.xtec.cat\/ceip-mallorca\/wp-json\/wp\/v2\/types\/page"}],"author":[{"embeddable":true,"href":"https:\/\/agora.xtec.cat\/ceip-mallorca\/wp-json\/wp\/v2\/users\/1"}],"replies":[{"embeddable":true,"href":"https:\/\/agora.xtec.cat\/ceip-mallorca\/wp-json\/wp\/v2\/comments?post=12399"}],"version-history":[{"count":6,"href":"https:\/\/agora.xtec.cat\/ceip-mallorca\/wp-json\/wp\/v2\/pages\/12399\/revisions"}],"predecessor-version":[{"id":16099,"href":"https:\/\/agora.xtec.cat\/ceip-mallorca\/wp-json\/wp\/v2\/pages\/12399\/revisions\/16099"}],"up":[{"embeddable":true,"href":"https:\/\/agora.xtec.cat\/ceip-mallorca\/wp-json\/wp\/v2\/pages\/22"}],"wp:attachment":[{"href":"https:\/\/agora.xtec.cat\/ceip-mallorca\/wp-json\/wp\/v2\/media?parent=12399"}],"curies":[{"name":"wp","href":"https:\/\/api.w.org\/{rel}","templated":true}]}}