{"id":12370,"date":"2022-07-15T16:19:55","date_gmt":"2022-07-15T14:19:55","guid":{"rendered":"https:\/\/agora.xtec.cat\/ceip-mallorca\/?page_id=12370"},"modified":"2025-06-25T20:14:26","modified_gmt":"2025-06-25T18:14:26","slug":"curs-25-26","status":"publish","type":"page","link":"https:\/\/agora.xtec.cat\/ceip-mallorca\/curs-25-26\/","title":{"rendered":"CURS 25-26"},"content":{"rendered":"<p>En aquest apartat de la web, trobareu informaci\u00f3 referent a l&#8217;actual curs escolar:<\/p>\n<ul>\n<li><strong><a href=\"https:\/\/agora.xtec.cat\/ceip-mallorca\/curs-23-24\/equip-huma\/\">EQUIP HUM\u00c0<\/a>:<\/strong> P\u00e0gina web on hi ha una descripci\u00f3 dels professionals que treballen a l&#8217;escola.<\/li>\n<li><a href=\"https:\/\/agora.xtec.cat\/ceip-mallorca\/curs-23-24\/calendari-del-curs\/\" target=\"_blank\" rel=\"noopener\"><strong>CALENDARI DEL CURS:<\/strong><\/a> P\u00e0gina web on hi ha la relaci\u00f3 dels dies lectius i festius. Tamb\u00e9 trobareu un PDF amb el calendari per si us el voleu descarregar, o imprimir i tenir m\u00e9s a m\u00e0.<\/li>\n<li><a href=\"https:\/\/agora.xtec.cat\/ceip-mallorca\/curs-23-24\/calendari-del-curs\/\" target=\"_blank\" rel=\"noopener\"><strong>CALENDARIS DE LES COMUNITATS<\/strong>:<\/a> P\u00e0gina web on hi ha els calendaris de les tres comunitats. El podeu afegir al vostre Google Calendar per tenir les sortides, activitats complement\u00e0ries. L&#8217;anem actualitzant al llarg del curs.<\/li>\n<li><a href=\"https:\/\/agora.xtec.cat\/ceip-mallorca\/curs-23-24\/llibres\/\" target=\"_blank\" rel=\"noopener\"><strong>LLIBRES I MATERIALS<\/strong>:<\/a> P\u00e0gina web on hi ha la relaci\u00f3 de llibres que utilitzaran els alumnes en els diferents cursos, i el material que necessiten dia a dia.<\/li>\n<li><a href=\"https:\/\/agora.xtec.cat\/ceip-mallorca\/curs-23-24\/consell-escolar\/\" target=\"_blank\" rel=\"noopener\"><strong>CONSELL ESCOLAR<\/strong><\/a>: P\u00e0gina web on hi ha els components del nostre consell escolar i les convocat\u00f2ries i acords de les diferents reunions realitzades.<\/li>\n<\/ul>\n<p><img loading=\"lazy\" decoding=\"async\" class=\"aligncenter size-medium wp-image-15895\" src=\"https:\/\/agora.xtec.cat\/ceip-mallorca\/wp-content\/uploads\/usu816\/2025\/03\/PREINSCRIPCIO-2-e1720430929103-245x300.png\" alt=\"\" width=\"245\" height=\"300\" srcset=\"https:\/\/agora.xtec.cat\/ceip-mallorca\/wp-content\/uploads\/usu816\/2025\/03\/PREINSCRIPCIO-2-e1720430929103-245x300.png 245w, https:\/\/agora.xtec.cat\/ceip-mallorca\/wp-content\/uploads\/usu816\/2025\/03\/PREINSCRIPCIO-2-e1720430929103.png 282w\" sizes=\"auto, (max-width: 245px) 100vw, 245px\" \/><\/p>\n","protected":false},"excerpt":{"rendered":"<p>En aquest apartat de la web, trobareu informaci\u00f3 referent a l&#8217;actual curs escolar:<\/p>\n<ul>\n<li><a href=\"https:\/\/agora.xtec.cat\/ceip-mallorca\/curs-23-24\/equip-huma\/\">EQUIP HUM\u00c0<\/a>: P\u00e0gina web on hi ha una descripci\u00f3 dels professionals que treballen a l&#8217;escola.<\/li>\n<li><a href=\"https:\/\/agora.xtec.cat\/ceip-mallorca\/curs-23-24\/calendari-del-curs\/\" target=\"_blank\" rel=\"noopener\">CALENDARI DEL CURS:<\/a> P\u00e0gina web on hi ha la relaci\u00f3 dels dies lectius i festius.&hellip;  <a href=\"https:\/\/agora.xtec.cat\/ceip-mallorca\/curs-25-26\/\" title=\"Read CURS 25-26\">Llegeix m\u00e9s\u00bb<\/a><br \/>\n","protected":false},"author":1,"featured_media":0,"parent":0,"menu_order":0,"comment_status":"closed","ping_status":"closed","template":"page-templates\/side-menu.php","meta":{"_bbp_topic_count":0,"_bbp_reply_count":0,"_bbp_total_topic_count":0,"_bbp_total_reply_count":0,"_bbp_voice_count":0,"_bbp_anonymous_reply_count":0,"_bbp_topic_count_hidden":0,"_bbp_reply_count_hidden":0,"_bbp_forum_subforum_count":0,"footnotes":""},"class_list":["post-12370","page","type-page","status-publish","hentry"],"post_mailing_queue_ids":[],"_links":{"self":[{"href":"https:\/\/agora.xtec.cat\/ceip-mallorca\/wp-json\/wp\/v2\/pages\/12370","targetHints":{"allow":["GET"]}}],"collection":[{"href":"https:\/\/agora.xtec.cat\/ceip-mallorca\/wp-json\/wp\/v2\/pages"}],"about":[{"href":"https:\/\/agora.xtec.cat\/ceip-mallorca\/wp-json\/wp\/v2\/types\/page"}],"author":[{"embeddable":true,"href":"https:\/\/agora.xtec.cat\/ceip-mallorca\/wp-json\/wp\/v2\/users\/1"}],"replies":[{"embeddable":true,"href":"https:\/\/agora.xtec.cat\/ceip-mallorca\/wp-json\/wp\/v2\/comments?post=12370"}],"version-history":[{"count":6,"href":"https:\/\/agora.xtec.cat\/ceip-mallorca\/wp-json\/wp\/v2\/pages\/12370\/revisions"}],"predecessor-version":[{"id":16083,"href":"https:\/\/agora.xtec.cat\/ceip-mallorca\/wp-json\/wp\/v2\/pages\/12370\/revisions\/16083"}],"wp:attachment":[{"href":"https:\/\/agora.xtec.cat\/ceip-mallorca\/wp-json\/wp\/v2\/media?parent=12370"}],"curies":[{"name":"wp","href":"https:\/\/api.w.org\/{rel}","templated":true}]}}