{"id":11902,"date":"2022-05-15T17:24:31","date_gmt":"2022-05-15T15:24:31","guid":{"rendered":"https:\/\/agora.xtec.cat\/ceip-mallorca\/?page_id=11902"},"modified":"2023-06-02T13:54:54","modified_gmt":"2023-06-02T11:54:54","slug":"projecte-de-convivencia-curs-2021-2022","status":"publish","type":"page","link":"https:\/\/agora.xtec.cat\/ceip-mallorca\/projecte-educatiu\/projecte-de-convivencia-curs-2021-2022\/","title":{"rendered":"PROJECTE DE CONVIV\u00c8NCIA"},"content":{"rendered":"<table style=\"border-collapse: collapse; width: 100%;\">\n<tbody>\n<tr>\n<td style=\"width: 50%;\"><img loading=\"lazy\" decoding=\"async\" class=\"aligncenter size-medium wp-image-11903\" src=\"https:\/\/agora.xtec.cat\/ceip-mallorca\/wp-content\/uploads\/usu816\/2022\/05\/JO-SOC-EN-PAU-1-300x300.jpg\" alt=\"\" width=\"300\" height=\"300\" srcset=\"https:\/\/agora.xtec.cat\/ceip-mallorca\/wp-content\/uploads\/usu816\/2022\/05\/JO-SOC-EN-PAU-1-300x300.jpg 300w, https:\/\/agora.xtec.cat\/ceip-mallorca\/wp-content\/uploads\/usu816\/2022\/05\/JO-SOC-EN-PAU-1-1024x1024.jpg 1024w, https:\/\/agora.xtec.cat\/ceip-mallorca\/wp-content\/uploads\/usu816\/2022\/05\/JO-SOC-EN-PAU-1-150x150.jpg 150w, https:\/\/agora.xtec.cat\/ceip-mallorca\/wp-content\/uploads\/usu816\/2022\/05\/JO-SOC-EN-PAU-1-768x768.jpg 768w, https:\/\/agora.xtec.cat\/ceip-mallorca\/wp-content\/uploads\/usu816\/2022\/05\/JO-SOC-EN-PAU-1-1536x1536.jpg 1536w, https:\/\/agora.xtec.cat\/ceip-mallorca\/wp-content\/uploads\/usu816\/2022\/05\/JO-SOC-EN-PAU-1.jpg 2048w\" sizes=\"auto, (max-width: 300px) 100vw, 300px\" \/><\/td>\n<td style=\"width: 50%;\"><img loading=\"lazy\" decoding=\"async\" class=\"aligncenter size-medium wp-image-11904\" src=\"https:\/\/agora.xtec.cat\/ceip-mallorca\/wp-content\/uploads\/usu816\/2022\/05\/JO-SOC-EN-PAU-300x300.jpg\" alt=\"\" width=\"300\" height=\"300\" srcset=\"https:\/\/agora.xtec.cat\/ceip-mallorca\/wp-content\/uploads\/usu816\/2022\/05\/JO-SOC-EN-PAU-300x300.jpg 300w, https:\/\/agora.xtec.cat\/ceip-mallorca\/wp-content\/uploads\/usu816\/2022\/05\/JO-SOC-EN-PAU-1024x1024.jpg 1024w, https:\/\/agora.xtec.cat\/ceip-mallorca\/wp-content\/uploads\/usu816\/2022\/05\/JO-SOC-EN-PAU-150x150.jpg 150w, https:\/\/agora.xtec.cat\/ceip-mallorca\/wp-content\/uploads\/usu816\/2022\/05\/JO-SOC-EN-PAU-768x768.jpg 768w, https:\/\/agora.xtec.cat\/ceip-mallorca\/wp-content\/uploads\/usu816\/2022\/05\/JO-SOC-EN-PAU-1536x1536.jpg 1536w, https:\/\/agora.xtec.cat\/ceip-mallorca\/wp-content\/uploads\/usu816\/2022\/05\/JO-SOC-EN-PAU.jpg 2048w\" sizes=\"auto, (max-width: 300px) 100vw, 300px\" \/><\/p>\n<p>Imatges de l&#8217;obra de teatre &#8220;Jo s\u00f3c en Pau&#8221;<\/td>\n<\/tr>\n<\/tbody>\n<\/table>\n<h3 style=\"text-align: center;\">PROJECTE DE CONVIV\u00c8NCIA<\/h3>\n<p>Benvolgudes fam\u00edlies, estem arribant a final de curs i volem compartir amb vosaltres aquelles actuacions que es desprenen de l&#8217;aplicaci\u00f3 del nostre projecte de conviv\u00e8ncia que centra la mirada en la gesti\u00f3 i la resoluci\u00f3 positiva dels conflictes.<\/p>\n<p>Us presentem les l\u00ednies de treball implementades pel claustre:<\/p>\n<ol>\n<li>S&#8217;ha revisat el <span class=\"hiddenSpellError\">PAT<\/span> (pla d&#8217;acci\u00f3 tutorial) per millorar l&#8217;acompanyament de l&#8217;infant a l&#8217;inici de curs. Tamb\u00e9 hem millorat els mecanismes per la detecci\u00f3 de necessitats del grup classe.<\/li>\n<li>Aportacions de la comissi\u00f3 de conviv\u00e8ncia i la comissi\u00f3 de coeducaci\u00f3. Per potenciar l&#8217;acci\u00f3 tutorial s&#8217;ha portat a terme una programaci\u00f3 vertical. Les dues comissions han treballat tot el curs per oferir aquesta programaci\u00f3. Les propostes d&#8217;activitats s&#8217;han afegit a les propostes dels tutors i tutores per con\u00e8ixer els valors de la diversitat, conviv\u00e8ncia i resoluci\u00f3 de conflictes.<\/li>\n<li>Programa d&#8217;escoles per la igualtat i la diversitat (formaci\u00f3 de claustre): TALLERS amb els infants i activitats proposades pel programa.<br \/>\nAquest programa consta de dos cursos. Entre altres coses, ens ofereix la possibilitat de demanar uns tallers per portar a les aules conceptes amb relaci\u00f3 als eixos del programa. Aquests tallers els han fet diferents entitats adherides i el curs 21-22 per a P4, 1r, 3r i 5\u00e8<\/li>\n<\/ol>\n<p>Eixos del programa:<\/p>\n<ul>\n<li style=\"list-style-type: none;\">\n<ul>\n<li style=\"list-style-type: none;\">\n<ul>\n<li>Diversitat afectiva sexual i de g\u00e8nere<\/li>\n<li>Diversitat d&#8217;origen<\/li>\n<li>Diversitat funcional<\/li>\n<\/ul>\n<\/li>\n<\/ul>\n<\/li>\n<\/ul>\n<p>4.\u00a0 Espai de migdia: <span class=\"hiddenSpellError\">Alcoes<\/span>\u00a0ha format al seu equip en la resoluci\u00f3 positiva de conflictes i actualitzat els seus protocols d&#8217;informaci\u00f3 amb les fam\u00edlies.<br \/>\n5.\u00a0 Escola de fam\u00edlies: xerrada sobre resoluci\u00f3 positiva de conflictes<br \/>\n6.\u00a0 Aula oberta. Al maig s&#8217;ha representat l&#8217;obra de teatre <strong>&#8220;Jo s\u00f3c en Pau&#8221; portada a terme per &#8220;El Rampell&#8221;<\/strong> (grup de teatre de les fam\u00edlies), adre\u00e7ada a la comunitat de grans. L&#8217;obra intenta posar la mirada en el grup classe i el seu empoderament davant d&#8217;un conflicte greu a l&#8217;aula.<\/p>\n","protected":false},"excerpt":{"rendered":"<p>Imatges de l&#8217;obra de teatre &#8220;Jo s\u00f3c en Pau&#8221;<\/p>\n<p>PROJECTE DE CONVIV\u00c8NCIA<br \/>\nBenvolgudes fam\u00edlies, estem arribant a final de curs i volem compartir amb vosaltres aquelles actuacions que es desprenen de l&#8217;aplicaci\u00f3 del nostre projecte de conviv\u00e8ncia que centra la mirada en la gesti\u00f3 i la resoluci\u00f3&hellip;  <a href=\"https:\/\/agora.xtec.cat\/ceip-mallorca\/projecte-educatiu\/projecte-de-convivencia-curs-2021-2022\/\" title=\"Read PROJECTE DE CONVIV\u00c8NCIA\">Llegeix m\u00e9s\u00bb<\/a><\/p>\n","protected":false},"author":1,"featured_media":0,"parent":64,"menu_order":8,"comment_status":"closed","ping_status":"closed","template":"","meta":{"_bbp_topic_count":0,"_bbp_reply_count":0,"_bbp_total_topic_count":0,"_bbp_total_reply_count":0,"_bbp_voice_count":0,"_bbp_anonymous_reply_count":0,"_bbp_topic_count_hidden":0,"_bbp_reply_count_hidden":0,"_bbp_forum_subforum_count":0,"footnotes":""},"class_list":["post-11902","page","type-page","status-publish","hentry"],"post_mailing_queue_ids":[],"_links":{"self":[{"href":"https:\/\/agora.xtec.cat\/ceip-mallorca\/wp-json\/wp\/v2\/pages\/11902","targetHints":{"allow":["GET"]}}],"collection":[{"href":"https:\/\/agora.xtec.cat\/ceip-mallorca\/wp-json\/wp\/v2\/pages"}],"about":[{"href":"https:\/\/agora.xtec.cat\/ceip-mallorca\/wp-json\/wp\/v2\/types\/page"}],"author":[{"embeddable":true,"href":"https:\/\/agora.xtec.cat\/ceip-mallorca\/wp-json\/wp\/v2\/users\/1"}],"replies":[{"embeddable":true,"href":"https:\/\/agora.xtec.cat\/ceip-mallorca\/wp-json\/wp\/v2\/comments?post=11902"}],"version-history":[{"count":4,"href":"https:\/\/agora.xtec.cat\/ceip-mallorca\/wp-json\/wp\/v2\/pages\/11902\/revisions"}],"predecessor-version":[{"id":13907,"href":"https:\/\/agora.xtec.cat\/ceip-mallorca\/wp-json\/wp\/v2\/pages\/11902\/revisions\/13907"}],"up":[{"embeddable":true,"href":"https:\/\/agora.xtec.cat\/ceip-mallorca\/wp-json\/wp\/v2\/pages\/64"}],"wp:attachment":[{"href":"https:\/\/agora.xtec.cat\/ceip-mallorca\/wp-json\/wp\/v2\/media?parent=11902"}],"curies":[{"name":"wp","href":"https:\/\/api.w.org\/{rel}","templated":true}]}}