{"id":66,"date":"2014-09-18T12:40:47","date_gmt":"2014-09-18T11:40:47","guid":{"rendered":"http:\/\/agora.xtec.cat\/ceip-maians\/?page_id=66"},"modified":"2019-09-29T23:03:24","modified_gmt":"2019-09-29T21:03:24","slug":"serveis","status":"publish","type":"page","link":"https:\/\/agora.xtec.cat\/ceip-maians\/lescola\/serveis\/","title":{"rendered":"Serveis de l&#8217;escola"},"content":{"rendered":"<p>L\u2019AMPA \u00e9s l\u2019associaci\u00f3 de pares\u00a0 i mares\u00a0 d\u2019alumnes. Representa una possibilitat de participar en la vida escolar. L\u2019AMPA \u00e9s \u00fanica per a les dues escoles i est\u00e0 formada per tots els pares i mares, i t\u00e9 una junta que representa tot el col\u00b7lectiu.\u00a0 El seu objectiu \u00e9s potenciar, dinamitzar i promoure activitats al voltant de l\u2019\u00e0mbit escolar.<\/p>\n<p>Per posar-se en contacte amb l\u2019AMPA podeu telefonar a l\u2019escola o b\u00e9 parlar directament amb algun membre de la seva junta.<\/p>\n<p>La junta de l\u2019AMPA de Castellfollit del Boix i Maians est\u00e0 formada per:<\/p>\n<p>Presidenta: Anna Salvans<\/p>\n<p>Tresorera: Lidia Roca<\/p>\n<p>Secret\u00e0ria: \u00a0 Anna Just<\/p>\n<p>Vocals: Marta Brunet, S\u00edlvia Garcia i Marta Esclusa<\/p>\n<p><u>L\u2019AMPA gestiona el menjador escolar.<\/u><\/p>\n<p>La monitora del menjador \u00e9s\u00a0 l&#8217;Aina Casals.<\/p>\n<p>&nbsp;<\/p>\n<p><u>Funcionament del menjador<\/u><\/p>\n<p>Per tal de donar continu\u00eftat als h\u00e0bits treballats a casa i a l\u2019escola, els nens han de portar un raspall de dents, un tub de pasta de dents d\u2019 \u00fas individual i un tovall\u00f3.<\/p>\n<p>Cal recordar que el servei de menjador \u00e9s opcional, i s\u2019han de complir unes normes b\u00e0siques de comportament. En cas que s\u2019incompleixin, la comissi\u00f3 de conviv\u00e8ncia decidir\u00e0 les mesures a seguir.<\/p>\n<p>Cal recordar que els alumnes porten el dinar en <u>carmanyoles<\/u> que han d\u2019anar ben tancades i amb el nom en lloc visible. <strong>El menjar ha d\u2019arribar fred a l\u2019escola <\/strong>per seguretat aliment\u00e0ria. \u00c9s important tenir cura de la higiene de les bosses on es transporta el menjar.<\/p>\n<p><img loading=\"lazy\" decoding=\"async\" class=\" wp-image-187 alignleft\" style=\"font-family: inherit; font-size: 1em;\" src=\"http:\/\/agora.xtec.cat\/ceip-maians\/wp-content\/uploads\/usu675\/2014\/09\/ampa.png\" alt=\"ampa\" width=\"257\" height=\"259\" srcset=\"https:\/\/agora.xtec.cat\/ceip-maians\/wp-content\/uploads\/usu675\/2014\/09\/ampa.png 315w, https:\/\/agora.xtec.cat\/ceip-maians\/wp-content\/uploads\/usu675\/2014\/09\/ampa-150x150.png 150w, https:\/\/agora.xtec.cat\/ceip-maians\/wp-content\/uploads\/usu675\/2014\/09\/ampa-298x300.png 298w\" sizes=\"auto, (max-width: 257px) 100vw, 257px\" \/><\/p>\n","protected":false},"excerpt":{"rendered":"<p>L\u2019AMPA \u00e9s l\u2019associaci\u00f3 de pares\u00a0 i mares\u00a0 d\u2019alumnes. Representa una possibilitat de participar en la vida escolar. L\u2019AMPA \u00e9s \u00fanica per a les dues escoles i est\u00e0 formada per tots els pares i mares, i t\u00e9 una junta que representa tot el col\u00b7lectiu.\u00a0 El seu&hellip;  <a href=\"https:\/\/agora.xtec.cat\/ceip-maians\/lescola\/serveis\/\" title=\"Read Serveis de l&#8217;escola\">Llegeix m\u00e9s\u00bb<\/a><\/p>\n","protected":false},"author":1,"featured_media":0,"parent":22,"menu_order":0,"comment_status":"closed","ping_status":"closed","template":"page-templates\/side-menu.php","meta":{"_bbp_topic_count":0,"_bbp_reply_count":0,"_bbp_total_topic_count":0,"_bbp_total_reply_count":0,"_bbp_voice_count":0,"_bbp_anonymous_reply_count":0,"_bbp_topic_count_hidden":0,"_bbp_reply_count_hidden":0,"_bbp_forum_subforum_count":0,"footnotes":""},"class_list":["post-66","page","type-page","status-publish","hentry"],"post_mailing_queue_ids":[],"_links":{"self":[{"href":"https:\/\/agora.xtec.cat\/ceip-maians\/wp-json\/wp\/v2\/pages\/66","targetHints":{"allow":["GET"]}}],"collection":[{"href":"https:\/\/agora.xtec.cat\/ceip-maians\/wp-json\/wp\/v2\/pages"}],"about":[{"href":"https:\/\/agora.xtec.cat\/ceip-maians\/wp-json\/wp\/v2\/types\/page"}],"author":[{"embeddable":true,"href":"https:\/\/agora.xtec.cat\/ceip-maians\/wp-json\/wp\/v2\/users\/1"}],"replies":[{"embeddable":true,"href":"https:\/\/agora.xtec.cat\/ceip-maians\/wp-json\/wp\/v2\/comments?post=66"}],"version-history":[{"count":4,"href":"https:\/\/agora.xtec.cat\/ceip-maians\/wp-json\/wp\/v2\/pages\/66\/revisions"}],"predecessor-version":[{"id":1669,"href":"https:\/\/agora.xtec.cat\/ceip-maians\/wp-json\/wp\/v2\/pages\/66\/revisions\/1669"}],"up":[{"embeddable":true,"href":"https:\/\/agora.xtec.cat\/ceip-maians\/wp-json\/wp\/v2\/pages\/22"}],"wp:attachment":[{"href":"https:\/\/agora.xtec.cat\/ceip-maians\/wp-json\/wp\/v2\/media?parent=66"}],"curies":[{"name":"wp","href":"https:\/\/api.w.org\/{rel}","templated":true}]}}